{"id":2613,"date":"2020-10-15T19:04:12","date_gmt":"2020-10-15T23:04:12","guid":{"rendered":"https:\/\/www.caringinfo.org\/?page_id=2613"},"modified":"2025-04-04T12:23:29","modified_gmt":"2025-04-04T16:23:29","slug":"politica-de-privacidad","status":"publish","type":"page","link":"https:\/\/www.caringinfo.org\/es\/politica-de-privacidad\/","title":{"rendered":"Pol\u00edtica de Privacidad"},"content":{"rendered":"\n<p><a href=\"https:\/\/allianceforcareathome.org\/\"><a href=\"https:\/\/allianceforcareathome.org\/\">National Alliance for Care at Home<\/a><\/a> (Alliance) se compromete a mantener protecciones de la privacidad s\u00f3lidas para sus usuarios. Nuestra Pol\u00edtica de privacidad (Pol\u00edtica de Privacidad) est\u00e1 dise\u00f1ada para ayudarle a comprender c\u00f3mo recolectamos, usamos y protegemos la informaci\u00f3n que nos proporciona, as\u00ed como para ayudarle a tomar decisiones informadas al usar CaringInfo, un programa de Alliance.<\/p>\n\n\n\n<p>Para los fines de este Acuerdo:<\/p>\n\n\n\n<ul class=\"wp-block-list\">\n<li>\u00abSitio\u00bb o \u00abCaringInfo\u00bb se refiere a <a href=\"\/\">CaringInfo.org<\/a>, al cual puede acceder aqu\u00ed: <a href=\"https:\/\/www.caringinfo.org\/es\/\">https:\/\/www.caringinfo.org<\/a><\/li>\n\n\n\n<li>Los t\u00e9rminos \u00abnosotros\u00bb o \u00abnuestro\u00bb se refieren de Alliance.<\/li>\n\n\n\n<li>\u00abUsted\u00bb se refiere a usted, el usuario de nuestro Sitio.<\/li>\n<\/ul>\n\n\n\n<p>Al acceder a CaringInfo, usted acepta nuestra Pol\u00edtica de Privacidad y otorga su consentimiento para que recolectemos, almacenemos, usemos y divulguemos su Informaci\u00f3n Personal, tal como se describe en esta Pol\u00edtica de Privacidad.<\/p>\n\n\n\n<h2 class=\"wp-block-heading\">I. La informaci\u00f3n que recolectamos<\/h2>\n\n\n\n<p>Recolectamos \u00abInformaci\u00f3n No Personal\u00bb e \u00abInformaci\u00f3n Personal\u00bb.<\/p>\n\n\n\n<p>La Informaci\u00f3n No Personal incluye informaci\u00f3n que no puede utilizarse para identificarle personalmente a usted, como:<\/p>\n\n\n\n<ul class=\"wp-block-list\">\n<li>c\u00f3mo accedi\u00f3 a nuestro contenido (por ejemplo: resultados de b\u00fasquedas en Google, enlaces al sitio web)<\/li>\n\n\n\n<li>fecha y hora de acceso<\/li>\n\n\n\n<li>contenido al que accedi\u00f3 (por ejemplo, p\u00e1ginas web, archivos y recursos)<\/li>\n\n\n\n<li>ruta de navegaci\u00f3n por nuestro contenido<\/li>\n\n\n\n<li>volumen de datos transferidos<\/li>\n\n\n\n<li>tipo de navegador<\/li>\n\n\n\n<li>dominio de la solicitud<\/li>\n\n\n\n<li>pa\u00eds y regi\u00f3n de origen (como el estado) del dominio de la solicitud<\/li>\n\n\n\n<li>g\u00e9nero<\/li>\n\n\n\n<li>edad<\/li>\n<\/ul>\n\n\n\n<p>La Informaci\u00f3n Personal incluye su nombre y correo electr\u00f3nico, en caso de que nos env\u00ede una consulta mediante el <a href=\"https:\/\/www.caringinfo.org\/es\/?page_id=2624\">formulario Comun\u00edquese con CaringInfo<\/a>.<\/p>\n\n\n\n<h3 class=\"wp-block-heading\">1. Informaci\u00f3n recolectada mediante la tecnolog\u00eda<\/h3>\n\n\n\n<p>No necesita enviar Informaci\u00f3n Personal para usar el Sitio. Sin embargo, en un esfuerzo por mejorar la calidad de CaringInfo, rastreamos la informaci\u00f3n que nos proporciona su navegador, Google Analytics o alg\u00fan software similar cuando visita o usa el Sitio, como:<\/p>\n\n\n\n<ul class=\"wp-block-list\">\n<li>el sitio web desde el que lleg\u00f3 (conocido como el \u00abURL de referencia\u00bb)<\/li>\n\n\n\n<li>el tipo de navegador que usa<\/li>\n\n\n\n<li>el dispositivo desde el cual se conect\u00f3 al Sitio<\/li>\n\n\n\n<li>la hora y la fecha de acceso<\/li>\n\n\n\n<li>otra informaci\u00f3n que no le identifique personalmente a usted<\/li>\n<\/ul>\n\n\n\n<p>Puede conocer c\u00f3mo es que <a href=\"https:\/\/policies.google.com\/technologies\/partner-sites\">Google Analytics usa la informaci\u00f3n<\/a> y <a href=\"https:\/\/tools.google.com\/dlpage\/gaoptout\">c\u00f3mo inhabilitar Google Analytics<\/a> desde el sitio web de Google.<\/p>\n\n\n\n<p><strong>Rastreamos esta informaci\u00f3n mediante el uso de \u00abcookies\u00bb.<\/strong> Las \u00abcookies\u00bb son peque\u00f1os archivos de texto que incluyen un identificador \u00fanico an\u00f3nimo. Las \u00abcookies\u00bb se env\u00edan al navegador de un usuario desde nuestros servidores y se almacenan en el disco duro de la computadora del usuario. Enviar las \u00abcookies\u00bb al navegador de un usuario nos permite recolectar Informaci\u00f3n No Personal sobre ese usuario y mantener un registro de las preferencias del usuario al momento de utilizar el Sitio, tanto de manera individual como en conjunto.<\/p>\n\n\n\n<p>Es posible que Alliance use tanto \u00abcookies\u00bb persistentes como \u00abcookies\u00bb de sesi\u00f3n. Las persistentes permanecen en su computadora despu\u00e9s de que cierra su sesi\u00f3n y hasta que las elimina, mientras que las de sesi\u00f3n expiran una vez que cierra su navegador.<\/p>\n\n\n\n<h3 class=\"wp-block-heading\">2. Informaci\u00f3n que nos proporciona al usar el formulario Comun\u00edquese con CaringInfo<\/h3>\n\n\n\n<p>Al enviar su informaci\u00f3n, incluidos su nombre y direcci\u00f3n de correo electr\u00f3nico mediante el formulario Comun\u00edquese con CaringInfo, nos est\u00e1 autorizando a recolectar, almacenar y usar su direcci\u00f3n de correo electr\u00f3nico de conformidad con esta Pol\u00edtica de Privacidad.<\/p>\n\n\n\n<h3 class=\"wp-block-heading\">3. Privacidad de menores<\/h3>\n\n\n\n<p>El Sitio no est\u00e1 dirigido a ninguna persona menor de 13 a\u00f1os de edad. El sitio no recolecta ni solicita intencionalmente la informaci\u00f3n de ninguna persona menor de 13 a\u00f1os. Si descubrimos que recolectamos la informaci\u00f3n de cualquier persona menor de 13 a\u00f1os sin el consentimiento de un padre o tutor, eliminaremos esa informaci\u00f3n lo antes posible, Si considera que recolectamos dicha informaci\u00f3n, comun\u00edquese con nosotros en <a href=\"&#x6d;&#x61;&#105;&#108;to&#x3a;&#x63;&#x6f;&#109;mu&#x6e;&#x69;&#x63;&#97;&#116;i&#x6f;&#x6e;&#x73;&#64;&#97;l&#x6c;&#x69;&#x61;&#110;&#99;ef&#x6f;&#x72;&#x63;&#97;re&#x61;&#x74;&#x68;&#111;&#109;e&#x2e;&#x6f;&#x72;&#103;\">c&#111;&#109;&#x6d;&#x75;&#x6e;i&#99;&#97;&#x74;&#x69;&#x6f;ns&#64;&#x61;&#x6c;&#x6c;ia&#110;&#99;&#x65;&#x66;&#x6f;r&#99;&#97;&#x72;&#x65;&#x61;t&#104;&#111;&#x6d;&#x65;&#x2e;or&#103;<\/a>.<\/p>\n\n\n\n<h2 class=\"wp-block-heading\">II. C\u00f3mo usamos y compartimos la informaci\u00f3n<\/h2>\n\n\n\n<h3 class=\"wp-block-heading\">Informaci\u00f3n Personal<\/h3>\n\n\n\n<p>Salvo que se indique lo contrario en esta Pol\u00edtica de Privacidad, no vendemos, intercambiamos, rentamos ni compartimos para fines de mercadotecnia su Informaci\u00f3n Personal con terceros sin su consentimiento.<\/p>\n\n\n\n<p>En general, la Informaci\u00f3n Personal que nos proporciona se usa para ayudarnos a comunicarnos con usted. Por ejemplo, usamos la Informaci\u00f3n Personal para comunicarnos con los usuarios a fin de responder a sus preguntas, solicitarles comentarios o proporcionarles soporte t\u00e9cnico.<\/p>\n\n\n\n<p>Es posible que compartamos Informaci\u00f3n Personal con partes externas si tenemos la creencia de buena fe de que el acceso, uso, preservaci\u00f3n o divulgaci\u00f3n de la informaci\u00f3n es algo razonablemente necesario para cumplir cualquier proceso legal correspondiente o solicitud gubernamental exigible; atender las inquietudes de fraude, seguridad o t\u00e9cnicas; o proteger contra da\u00f1os los derechos, la propiedad o la seguridad de nuestros usuarios o del p\u00fablico, seg\u00fan lo exija o permita la ley.<\/p>\n\n\n\n<h3 class=\"wp-block-heading\">Informaci\u00f3n No Personal<\/h3>\n\n\n\n<p>En general, usamos la Informaci\u00f3n No Personal para ayudarnos a mejorar CaringInfo y personalizar la experiencia del usuario. Tambi\u00e9n agregamos la Informaci\u00f3n No Personal para rastrear tendencias y analizar los patrones de uso en el Sitio. Esta Pol\u00edtica de Privacidad no limita en ninguna manera nuestro uso o divulgaci\u00f3n de la Informaci\u00f3n No Personal, y nos reservamos el derecho a usar y divulgar dicha Informaci\u00f3n No Personal a nuestros socios, publicistas y otros terceros a nuestra discreci\u00f3n.<\/p>\n\n\n\n<p>Si nuestras pr\u00e1cticas de informaci\u00f3n cambian en cualquier momento en el futuro, publicaremos los cambios a la pol\u00edtica en el Sitio. Le sugerimos revisar el Sitio de manera peri\u00f3dica si tiene inquietudes sobre el uso de su informaci\u00f3n.<\/p>\n\n\n\n<h2 class=\"wp-block-heading\">III. C\u00f3mo protegemos la informaci\u00f3n<\/h2>\n\n\n\n<p>Implementamos medidas de seguridad dise\u00f1adas para proteger su informaci\u00f3n contra accesos no autorizados. Asimismo, protegemos su informaci\u00f3n de posibles violaciones de la seguridad al implementar ciertas medidas de seguridad tecnol\u00f3gicas, que incluyen tecnolog\u00eda de cifrado, cortafuegos y de capa de conexi\u00f3n segura. Sin embargo, estas medidas no garantizan que no se acceder\u00e1, divulgar\u00e1, alterar\u00e1 o destruir\u00e1 su informaci\u00f3n por una violaci\u00f3n de dicho software de cortafuegos y servidor seguro. Al usar nuestro Sitio, usted reconoce que entiende y acepta asumir estos riesgos.<\/p>\n\n\n\n<h2 class=\"wp-block-heading\">IV. Sus derechos con respecto al uso de su Informaci\u00f3n Personal<\/h2>\n\n\n\n<p>Por el momento, no usamos su informaci\u00f3n personal para fines de mercadotecnia. Si enviamos comunicaciones promocionales a un usuario en el futuro, dicho usuario podr\u00e1 darse de baja de cualquier comunicaci\u00f3n promocional subsecuente al seguir las instrucciones para cancelar la suscripci\u00f3n que se proporcionan en cada correo electr\u00f3nico promocional.<\/p>\n\n\n\n<h2 class=\"wp-block-heading\">V. Enlaces a otros sitios web<\/h2>\n\n\n\n<p>Como parte de CaringInfo, es posible que proporcionemos enlaces o compatibilidad con otros sitios web o aplicaciones. No somos responsables de las pr\u00e1cticas de privacidad empleadas por dichos sitios web, o la informaci\u00f3n o contenido que proporcionan. Esta Pol\u00edtica de Privacidad se aplica \u00fanicamente a la informaci\u00f3n que recolectamos en nuestro Sitio. Por lo tanto, esta Pol\u00edtica de Privacidad no se aplica al uso que usted haga al acceder al sitio web de un tercero mediante el seguimiento de un enlace en nuestro Sitio. En la medida en que acceda o use el Sitio mediante o en otro sitio web o aplicaci\u00f3n, la pol\u00edtica de privacidad se aplicar\u00e1 a su acceso o uso de dicho sitio o aplicaci\u00f3n. Recomendamos a nuestros usuarios leer las declaraciones de privacidad de otros sitios web antes de proceder a usarlos.<\/p>\n\n\n\n<h2 class=\"wp-block-heading\">VI. Cambios a nuestra Pol\u00edtica de Privacidad<\/h2>\n\n\n\n<p>El Alliance se reserva el derecho de cambiar esta pol\u00edtica en cualquier momento. Deber\u00e1 revisar de manera peri\u00f3dica el Sitio y esta p\u00e1gina de privacidad para conocer las actualizaciones.<\/p>\n\n\n\n<h2 class=\"wp-block-heading\">VII. Comun\u00edquese con nosotros<\/h2>\n\n\n\n<p>Si tiene alguna pregunta sobre esta Pol\u00edtica de Privacidad o las pr\u00e1cticas de este Sitio, comun\u00edquese con nosotros al enviar un correo electr\u00f3nico a <a href=\"m&#97;&#x69;&#x6c;t&#111;&#x3a;&#x63;o&#109;&#109;&#x75;&#x6e;i&#99;&#x61;&#x74;i&#111;&#x6e;&#x73;&#64;&#97;&#108;&#x6c;&#x69;a&#110;&#x63;&#x65;f&#111;&#x72;&#x63;a&#114;&#101;&#x61;&#x74;h&#111;&#x6d;&#x65;&#46;&#111;&#x72;&#x67;\">&#x63;&#111;&#x6d;&#109;u&#x6e;&#105;c&#x61;&#116;&#x69;&#x6f;n&#x73;&#64;a&#x6c;&#108;&#x69;&#x61;n&#x63;&#101;f&#x6f;&#114;c&#x61;&#114;&#x65;&#97;t&#x68;&#111;m&#x65;&#46;&#x6f;&#x72;g<\/a>.<\/p>\n\n\n\n<hr class=\"wp-block-separator has-alpha-channel-opacity\"\/>\n\n\n\n<p><em><strong>\u00daltima actualizaci\u00f3n:<\/strong> esta Pol\u00edtica de Privacidad se actualiz\u00f3 por \u00faltima vez el 4 de abril de 2025<\/em>.<\/p>\n","protected":false},"excerpt":{"rendered":"<p>National Alliance for Care at Home (Alliance) se compromete a mantener protecciones de la privacidad s\u00f3lidas para sus usuarios. Nuestra Pol\u00edtica de privacidad (Pol\u00edtica de Privacidad) est\u00e1 dise\u00f1ada para ayudarle a comprender c\u00f3mo recolectamos, usamos y protegemos la informaci\u00f3n que nos proporciona, as\u00ed como para ayudarle a tomar decisiones informadas al usar CaringInfo, un programa [&hellip;]<\/p>\n","protected":false},"author":1,"featured_media":0,"parent":0,"menu_order":10,"comment_status":"closed","ping_status":"open","template":"","meta":{"_acf_changed":false,"_genesis_hide_title":false,"_genesis_hide_breadcrumbs":false,"_genesis_hide_singular_image":false,"_genesis_hide_footer_widgets":false,"_genesis_custom_body_class":"","_genesis_custom_post_class":"","_genesis_layout":"","footnotes":""},"topic":[],"typeofcare":[],"language":[],"class_list":{"0":"post-2613","1":"page","2":"type-page","3":"status-publish","5":"entry"},"acf":[],"featured_image_src":null,"featured_image_src_square":null,"_links":{"self":[{"href":"https:\/\/www.caringinfo.org\/es\/wp-json\/wp\/v2\/pages\/2613","targetHints":{"allow":["GET"]}}],"collection":[{"href":"https:\/\/www.caringinfo.org\/es\/wp-json\/wp\/v2\/pages"}],"about":[{"href":"https:\/\/www.caringinfo.org\/es\/wp-json\/wp\/v2\/types\/page"}],"author":[{"embeddable":true,"href":"https:\/\/www.caringinfo.org\/es\/wp-json\/wp\/v2\/users\/1"}],"replies":[{"embeddable":true,"href":"https:\/\/www.caringinfo.org\/es\/wp-json\/wp\/v2\/comments?post=2613"}],"version-history":[{"count":0,"href":"https:\/\/www.caringinfo.org\/es\/wp-json\/wp\/v2\/pages\/2613\/revisions"}],"wp:attachment":[{"href":"https:\/\/www.caringinfo.org\/es\/wp-json\/wp\/v2\/media?parent=2613"}],"wp:term":[{"taxonomy":"topic","embeddable":true,"href":"https:\/\/www.caringinfo.org\/es\/wp-json\/wp\/v2\/topic?post=2613"},{"taxonomy":"typeofcare","embeddable":true,"href":"https:\/\/www.caringinfo.org\/es\/wp-json\/wp\/v2\/typeofcare?post=2613"},{"taxonomy":"language","embeddable":true,"href":"https:\/\/www.caringinfo.org\/es\/wp-json\/wp\/v2\/language?post=2613"}],"curies":[{"name":"wp","href":"https:\/\/api.w.org\/{rel}","templated":true}]}}