{"id":2618,"date":"2021-01-12T18:37:48","date_gmt":"2021-01-12T23:37:48","guid":{"rendered":"https:\/\/www.caringinfo.org\/?page_id=2618"},"modified":"2023-10-09T14:06:07","modified_gmt":"2023-10-09T18:06:07","slug":"cuidados-de-hospicio","status":"publish","type":"page","link":"https:\/\/www.caringinfo.org\/es\/tipos-de-cuidados\/cuidados-de-hospicio\/","title":{"rendered":"Cuidados de hospicio"},"content":{"rendered":"\n<p class=\"is-style-large\">El t\u00e9rmino cuidados de hospicio con frecuencia se malinterpreta y se relaciona en las mentes de muchas personas con una muerte inminente. Por el contrario, los cuidados de hospicio se centran en la calidad de vida, en los deseos del paciente y su familia, as\u00ed como en aliviar el sufrimiento al final de la vida y en los meses previos a la muerte. CaringInfo le explicar\u00e1 qu\u00e9 son en verdad los cuidados de hospicio y c\u00f3mo le pueden ayudar.<\/p>\n\n\n\n<h2 class=\"wp-block-heading\">\u00bfQu\u00e9 son los cuidados de hospicio?<\/h2>\n\n\n\n<p>Los cuidados de hospicio son un <a href=\"https:\/\/www.caringinfo.org\/es\/tipos-de-cuidados\/\">tipo de atenci\u00f3n m\u00e9dica<\/a> que se centra en el alivio del sufrimiento y los s\u00edntomas de un paciente con una enfermedad terminal, as\u00ed como en apoyar sus necesidades emocionales y espirituales durante las etapas finales de la vida. Los cuidados de hospicio priorizan el alivio y la calidad de vida al reducir el dolor y el sufrimiento. Los cuidados de hospicio proporcionan una alternativa a las terapias centradas en medidas para prolongar la vida que pueden ser dif\u00edciles, tener m\u00e1s probabilidades de causar m\u00e1s s\u00edntomas o que no se alinean con los objetivos de una persona.<\/p>\n\n\n\n<p>Los cuidados de hospicio se brindan a las personas donde viven. Aunque algunos cuidados de hospicio se proporcionan en hospitales, centros de hospicio o de cuidados, la mayor\u00eda de los pacientes recibe los cuidados en el lugar al que llama hogar, que es donde la mayor\u00eda de las personas prefiere estar. Los cuidados de hospicio proporcionan todos los medicamentos, servicios y equipo necesarios. Los cuidados de hospicio tambi\u00e9n ofrecen <a href=\"https:\/\/www.caringinfo.org\/es\/tipos-de-cuidados\/cuidados-para-el-duelo\/\">cuidados para el duelo (apoyo para el duelo)<\/a> hasta durante 13 meses.<\/p>\n\n\n\n<h2 class=\"wp-block-heading\">\u00bfCu\u00e1l es la filosof\u00eda de los cuidados de hospicio?<\/h2>\n\n\n\n<p>Los cuidados de hospicio proporcionan una atenci\u00f3n compasiva para las personas en las \u00faltimas etapas de una enfermedad incurable o del envejecimiento, de tal forma que puedan vivir de la manera m\u00e1s plena y c\u00f3moda posible. La filosof\u00eda de los cuidados de hospicio acepta la muerte como la \u00faltima etapa de la vida: afirma la vida, pero no intenta acelerar ni posponer la muerte. Se centra en proporcionar a la persona y su familia el apoyo y las opciones que permitan que todos puedan estar completamente presentes.<\/p>\n\n\n\n<p>Citando a Dame Cicely Saunders, la fundadora de los cuidados de hospicio modernos, \u201cUsted importa por ser quien es. Usted importa hasta el \u00faltimo momento de su vida y haremos todo lo que podamos no solo para ayudarle a morir en paz, sino a que viva hasta que muera\u201d.<\/p>\n\n\n\n<h2 class=\"wp-block-heading\">\u00bfQui\u00e9n puede beneficiarse de los cuidados de hospicio?<\/h2>\n\n\n\n<p>Dado que todos somos mortales, eventualmente la mayor\u00eda de nosotros nos enfrentaremos a esto. Los cuidados de hospicio se centran en un paciente y su familia para proporcionarles apoyo durante momentos dif\u00edciles y confusos. La mayor\u00eda de nosotros nunca hemos estado presentes hasta el final de la vida de una persona, mucho menos en el momento justo de su muerte. El personal de los cuidados de hospicio puede explicar lo que est\u00e1 sucediendo, c\u00f3mo cuidar de la persona y qu\u00e9 esperar. Los hospicios certificados de Medicare deben tener una l\u00ednea telef\u00f3nica disponible las 24 horas del d\u00eda, los 7 d\u00edas de la semana, a la que se pueda llamar cuando surjan crisis o preguntas, de tal forma que nadie est\u00e9 solo intentando averiguar qu\u00e9 hacer o si debe llamar al 911. Los hospicios pueden recomendar y proporcionar medicamentos para que el paciente est\u00e9 m\u00e1s c\u00f3modo, y ense\u00f1ar a los cuidadores c\u00f3mo administrarlos.<\/p>\n\n\n\n<h2 class=\"wp-block-heading\">\u00bfAceptar los cuidados de hospicio significa darse por vencido?<\/h2>\n\n\n\n<p>Parece que esto es lo que interpreta la mayor\u00eda de las personas. Sin embargo, hay otra forma de verlo.<\/p>\n\n\n\n<p>En muchas formas, elegir los cuidados de hospicio es lo contrario a darse por vencido. Elegir los cuidados de hospicio es elegir activamente tener voz y algo de control durante las \u00faltimas etapas de la vida. En lugar de dejarse llevar por los procesos y procedimientos del sistema de atenci\u00f3n m\u00e9dica, podemos elegir una atenci\u00f3n que se alinee con nuestros valores y prioridades. Las personas que quieren que se haga todo lo posible pueden y deben recibir esa atenci\u00f3n, pero muchas personas prefieren elegir un camino menos intrusivo.<\/p>\n\n\n\n<h2 class=\"wp-block-heading\">\u00bfQu\u00e9 servicios se ofrecen con los cuidados de hospicio?<\/h2>\n\n\n\n<p>Los cuidados de hospicio los proporciona un equipo que trabaja en conjunto centr\u00e1ndose en las necesidades del paciente, ya sean f\u00edsicas, emocionales o espirituales. El objetivo es mantener al paciente con el menor dolor posible, cerca de sus seres queridos.<\/p>\n\n\n\n<p>Por lo general, el equipo lo conforman las siguientes personas:<\/p>\n\n\n\n<ul class=\"wp-block-list\">\n<li>un cl\u00e9rigo u otros consejeros<\/li>\n\n\n\n<li>ayudantes de atenci\u00f3n m\u00e9dica en el hogar<\/li>\n\n\n\n<li>m\u00e9dico de hospicio (o director m\u00e9dico)<\/li>\n\n\n\n<li>enfermeros<\/li>\n\n\n\n<li>trabajadores sociales<\/li>\n\n\n\n<li>voluntarios capacitados<\/li>\n\n\n\n<li>terapeutas del lenguaje, f\u00edsicos y ocupacionales, de ser necesarios<\/li>\n\n\n\n<li>Tambi\u00e9n se puede incluir el m\u00e9dico personal de un paciente.<\/li>\n<\/ul>\n\n\n\n<p>Con frecuencia, las personas eligen que su m\u00e9dico primario participe en su atenci\u00f3n m\u00e9dica. Tanto el m\u00e9dico primario como el director m\u00e9dico de hospicio pueden trabajar juntos para coordinar la atenci\u00f3n m\u00e9dica del paciente, en especial cuando los s\u00edntomas son dif\u00edciles de manejar.<\/p>\n\n\n\n<p>Entre sus responsabilidades principales, el equipo de hospicio interdisciplinario se encarga de lo siguiente:<\/p>\n\n\n\n<ul class=\"wp-block-list\">\n<li>Maneja el dolor y los s\u00edntomas del paciente.<\/li>\n\n\n\n<li>Proporciona apoyo emocional.<\/li>\n\n\n\n<li>Proporciona medicamentos, suministros y equipo m\u00e9dicos.<\/li>\n\n\n\n<li>Asesora a los cuidadores sobre c\u00f3mo brindarle cuidados al paciente.<\/li>\n\n\n\n<li>Ofrece servicios especiales, como terapia del lenguaje y f\u00edsica, cuando son necesarios.<\/li>\n\n\n\n<li>Pone a disposici\u00f3n la atenci\u00f3n para pacientes internos a corto plazo cuando el dolor o los s\u00edntomas se vuelven demasiado dif\u00edciles de manejar en el hogar o cuando los cuidadores necesitan un relevo para descansar.<\/li>\n\n\n\n<li>Proporciona cuidados para el duelo, tambi\u00e9n llamado apoyo para el duelo.<\/li>\n<\/ul>\n\n\n\n<p>Aunque los cuidados de hospicio proporcionan bastante apoyo, la atenci\u00f3n diaria de una persona que recibe cuidados de hospicio la proporcionan la familia, los amigos, su c\u00edrculo cercano o los ayudantes de atenci\u00f3n m\u00e9dica en el hogar contratados. El equipo de cuidados de hospicio asesora a los cuidadores <a href=\"https:\/\/www.caringinfo.org\/es\/planificar\/como-brindar-cuidados\/actividades-tareas-y-responsabilidades-de-los-cuidadores\/\">sobre c\u00f3mo brindarle cuidados al paciente<\/a> e incluso proporciona cuidados de relevo cuando los cuidadores necesitan un descanso. Los cuidados de relevo pueden durar solo unas cuantas horas o incluso varios d\u00edas. Medicare cubre hasta 5 d\u00edas de cuidados de relevo a la vez.<\/p>\n\n\n\n<h2 class=\"wp-block-heading\">\u00bfQu\u00e9 significa el requisito de 6 meses de los cuidados de hospicio?<\/h2>\n\n\n\n<p>Algunas personas piensan que la sugerencia de su m\u00e9dico de considerar los cuidados de hospicio significa que la muerte est\u00e1 muy cerca, pero no siempre es el caso. Con frecuencia, las personas no comienzan los cuidados de hospicio con suficiente antelaci\u00f3n para aprovechar al m\u00e1ximo la ayuda que ofrecen.<\/p>\n\n\n\n<p>En EE. UU., las personas inscritas en Medicare pueden recibir cuidados de hospicio si su m\u00e9dico considera que tienen menos de 6 meses de vida en caso de que la enfermedad tome su curso habitual. Los m\u00e9dicos tienen dificultades para predecir cu\u00e1nto tiempo vivir\u00e1 una persona. Por lo general, la salud decae poco a poco y algunas personas podr\u00edan necesitar mucha ayuda en su vida diaria durante m\u00e1s de seis meses antes de morir.<\/p>\n\n\n\n<p><a href=\"https:\/\/www.caringinfo.org\/es\/planificar\/como-hablar-sobre-enfermedades-graves-y-cuidados\/como-hablar-con-sus-medicos-y-otros-proveedores-de-atencion-medica\/\">Hable con su m\u00e9dico<\/a> si piensa que el programa de cuidados de hospicio podr\u00eda serle de ayuda. Si est\u00e1 de acuerdo, pero considera que es muy pronto para que Medicare cubra los servicios, entonces, puede investigar otras formas de pagar los servicios.<\/p>\n\n\n\n<h2 class=\"wp-block-heading\">\u00bfQu\u00e9 sucede si una persona que recibe cuidados de hospicio vive m\u00e1s de 6 meses?<\/h2>\n\n\n\n<p>Si el m\u00e9dico contin\u00faa certificando que la persona a\u00fan es elegible, Medicare puede continuar pagando los servicios de cuidados de hospicio. Tambi\u00e9n es posible suspender los cuidados de hospicio por un tiempo y reanudarlos m\u00e1s tarde si su m\u00e9dico considera de nuevo que usted es elegible.<\/p>\n\n\n\n<p>Despu\u00e9s, puede obtener m\u00e1s informaci\u00f3n sobre c\u00f3mo <a href=\"https:\/\/www.caringinfo.org\/es\/tipos-de-cuidados\/cuidados-de-hospicio\/encontrar-y-elegir-de-cuidados-de-hospicio\/\">elegir cuidados de hospicio<\/a>.<\/p>\n","protected":false},"excerpt":{"rendered":"<p>El t\u00e9rmino cuidados de hospicio con frecuencia se malinterpreta y se relaciona en las mentes de muchas personas con una muerte inminente. Por el contrario, los cuidados de hospicio se centran en la calidad de vida, en los deseos del paciente y su familia, as\u00ed como en aliviar el sufrimiento al final de la vida [&hellip;]<\/p>\n","protected":false},"author":6721,"featured_media":0,"parent":2614,"menu_order":3,"comment_status":"closed","ping_status":"closed","template":"","meta":{"_acf_changed":false,"_genesis_hide_title":false,"_genesis_hide_breadcrumbs":false,"_genesis_hide_singular_image":false,"_genesis_hide_footer_widgets":false,"_genesis_custom_body_class":"","_genesis_custom_post_class":"","_genesis_layout":"","footnotes":""},"topic":[],"typeofcare":[],"language":[],"class_list":{"0":"post-2618","1":"page","2":"type-page","3":"status-publish","5":"entry"},"acf":[],"featured_image_src":null,"featured_image_src_square":null,"_links":{"self":[{"href":"https:\/\/www.caringinfo.org\/es\/wp-json\/wp\/v2\/pages\/2618","targetHints":{"allow":["GET"]}}],"collection":[{"href":"https:\/\/www.caringinfo.org\/es\/wp-json\/wp\/v2\/pages"}],"about":[{"href":"https:\/\/www.caringinfo.org\/es\/wp-json\/wp\/v2\/types\/page"}],"author":[{"embeddable":true,"href":"https:\/\/www.caringinfo.org\/es\/wp-json\/wp\/v2\/users\/6721"}],"replies":[{"embeddable":true,"href":"https:\/\/www.caringinfo.org\/es\/wp-json\/wp\/v2\/comments?post=2618"}],"version-history":[{"count":0,"href":"https:\/\/www.caringinfo.org\/es\/wp-json\/wp\/v2\/pages\/2618\/revisions"}],"up":[{"embeddable":true,"href":"https:\/\/www.caringinfo.org\/es\/wp-json\/wp\/v2\/pages\/2614"}],"wp:attachment":[{"href":"https:\/\/www.caringinfo.org\/es\/wp-json\/wp\/v2\/media?parent=2618"}],"wp:term":[{"taxonomy":"topic","embeddable":true,"href":"https:\/\/www.caringinfo.org\/es\/wp-json\/wp\/v2\/topic?post=2618"},{"taxonomy":"typeofcare","embeddable":true,"href":"https:\/\/www.caringinfo.org\/es\/wp-json\/wp\/v2\/typeofcare?post=2618"},{"taxonomy":"language","embeddable":true,"href":"https:\/\/www.caringinfo.org\/es\/wp-json\/wp\/v2\/language?post=2618"}],"curies":[{"name":"wp","href":"https:\/\/api.w.org\/{rel}","templated":true}]}}