{"id":2619,"date":"2021-01-12T18:38:38","date_gmt":"2021-01-12T23:38:38","guid":{"rendered":"https:\/\/www.caringinfo.org\/?page_id=2619"},"modified":"2024-05-29T10:38:02","modified_gmt":"2024-05-29T14:38:02","slug":"necesito-ayuda-ahora","status":"publish","type":"page","link":"https:\/\/www.caringinfo.org\/es\/necesito-ayuda-ahora\/","title":{"rendered":"Necesito ayuda ahora"},"content":{"rendered":"\n<div class=\"wp-block-genesis-blocks-gb-columns ci-section ci-section-topic-intro gb-layout-columns-2 gb-2-col-equal alignwide\"><div class=\"gb-layout-column-wrap gb-block-layout-column-gap-2 gb-is-responsive-column\">\n<div class=\"wp-block-genesis-blocks-gb-column gb-block-layout-column\"><div class=\"gb-block-layout-column-inner\">\n<p class=\"is-style-large\">Es posible que se sienta abrumado y no sepa qu\u00e9 hacer primero si usted o un ser querido acaba de enterarse de que tiene una enfermedad grave o si experiment\u00f3 una crisis de salud. Podemos ayudarle a comprender la situaci\u00f3n y lidiar con lo que sea que se enfrente. A continuaci\u00f3n, le presentamos algunas situaciones comunes, preguntas y sugerencias sobre c\u00f3mo manejarlas.<\/p>\n<\/div><\/div>\n\n\n\n<div class=\"wp-block-genesis-blocks-gb-column topic-intro-image gb-block-layout-column\"><div class=\"gb-block-layout-column-inner\">\n<figure class=\"wp-block-image size-large\"><img loading=\"lazy\" decoding=\"async\" width=\"1024\" height=\"728\" src=\"https:&#x2f;\/&#x77;&#119;&#x77;&#46;c&#x61;r&#x69;&#110;&#x67;&#105;n&#x66;&#111;&#x2e;&#111;r&#x67;\/&#x77;&#112;&#x2d;&#99;o&#x6e;t&#x65;&#110;&#x74;&#x2f;u&#x70;&#108;&#x6f;&#97;d&#x73;\/&#x6e;&#101;&#x65;&#100;h&#x65;&#108;&#x70;&#110;&#x6f;&#x77;&#64;&#x32;&#120;&#x2d;&#49;0&#x32;4&#x78;&#55;&#x32;&#56;&#46;&#x70;&#110;&#x67;\" alt=\"Una persona estresada considera sus cuentas y que no hay suficiente tiempo.\" class=\"wp-image-2224\" srcset=\"https:\/\/www&#46;&#99;&#97;&#114;&#105;&#110;&#103;&#105;&#x6e;&#x66;&#x6f;&#x2e;&#x6f;&#x72;&#x67;&#x2f;&#x77;&#x70;&#x2d;&#x63;ontent&#47;&#117;&#112;&#108;&#111;&#97;&#100;&#x73;&#x2f;&#x6e;&#x65;&#x65;&#x64;&#x68;&#x65;&#x6c;&#x70;&#x6e;&#x6f;w&#64;2x-1&#48;&#50;&#52;&#120;&#55;&#50;&#56;&#x2e;&#x70;&#x6e;&#x67; 1024w, https:&#x2f;\/&#x77;&#119;w&#x2e;&#99;&#x61;&#x72;i&#x6e;&#103;i&#x6e;&#102;&#x6f;&#46;o&#x72;&#103;\/&#x77;&#112;&#x2d;&#99;o&#x6e;&#116;&#x65;&#x6e;t&#x2f;&#117;p&#x6c;&#111;&#x61;&#x64;s&#x2f;&#110;e&#x65;&#100;&#x68;&#101;l&#x70;&#110;&#x6f;&#x77;&#64;&#x32;&#120;-&#x33;&#48;&#x30;&#x78;2&#x31;&#51;&#46;&#x70;&#110;&#x67; 300w, https:\/&#47;&#x77;&#x77;&#x77;&#46;&#99;&#97;&#x72;&#x69;n&#103;&#105;&#x6e;&#x66;o&#46;&#111;&#x72;&#x67;&#x2f;w&#112;&#x2d;&#x63;&#x6f;n&#116;&#101;&#x6e;&#x74;\/&#117;&#112;&#x6c;&#x6f;ad&#115;&#x2f;&#x6e;&#x65;e&#100;&#104;&#x65;&#x6c;p&#110;&#111;&#x77;&#x40;2&#120;&#45;&#x31;&#x32;7x&#57;&#x30;&#x2e;&#x70;n&#103; 127w, https:&#47;&#x2f;&#119;&#x77;&#119;&#x2e;&#99;&#x61;&#114;&#x69;&#110;&#x67;i&#x6e;f&#x6f;&#46;&#x6f;r&#x67;\/&#x77;p&#45;&#x63;&#111;&#x6e;&#116;&#x65;&#110;&#x74;&#47;&#x75;&#112;&#x6c;&#111;&#x61;d&#x73;\/&#x6e;e&#x65;d&#x68;e&#x6c;p&#110;&#x6f;&#119;&#x40;&#50;&#x78;&#45;&#x37;&#54;&#x38;&#120;&#x35;&#52;&#x36;&#46;&#x70;n&#x67; 768w, https:&#x2f;&#47;w&#x77;&#x77;&#46;c&#x61;&#114;i&#x6e;&#x67;&#105;n&#x66;&#111;&#46;&#x6f;&#x72;&#103;\/&#x77;&#x70;&#45;&#x63;&#x6f;&#110;t&#x65;&#x6e;&#116;\/&#x75;&#112;l&#x6f;&#x61;&#100;s&#x2f;&#110;e&#x65;&#x64;&#104;e&#x6c;&#x70;&#110;&#x6f;&#x77;&#64;2&#x78;&#x2d;&#49;5&#x33;&#54;x&#x31;&#x30;&#57;2&#x2e;&#112;n&#x67; 1536w, https:\/&#47;&#x77;&#x77;&#x77;&#46;&#99;&#97;&#x72;&#x69;n&#103;&#105;&#x6e;&#x66;o&#46;&#111;&#x72;&#x67;&#x2f;w&#112;&#x2d;&#x63;&#x6f;n&#116;&#101;&#x6e;&#x74;\/&#117;&#112;&#x6c;&#x6f;ad&#115;&#x2f;&#x6e;&#x65;e&#100;&#104;&#x65;&#x6c;p&#110;&#111;&#x77;&#x40;2&#120;&#46;&#x70;&#x6e;g 1800w\" sizes=\"auto, (max-width: 1024px) 100vw, 1024px\" \/><\/figure>\n<\/div><\/div>\n<\/div><\/div>\n\n\n\n<h2 class=\"wp-block-heading\">Usted es el paciente y le acaban de diagnosticar una enfermedad o afecci\u00f3n m\u00e9dica grave<\/h2>\n\n\n\n<p>Det\u00e9ngase un momento y asimile la informaci\u00f3n si le es posible. Hay cosas que hacer, pero tomarse un tiempo solo para estar con las noticias le <a href=\"https:\/\/www.caringinfo.org\/es\/tipos-de-cuidados\/cuidados-curativos-o-terapeuticos\/#opciones-de-cuidados-curativos\">ayudar\u00e1 a tomar buenas decisiones para recibir cuidados<\/a>.<\/p>\n\n\n\n<p>Si es posible, t\u00f3mese el tiempo para aprender sobre su afecci\u00f3n y los tratamientos disponibles. Con frecuencia, puede haber varias opciones de tratamiento y, mientras mejor conozca los beneficios y los riesgos, podr\u00e1 tomar mejores decisiones para usted. La <a href=\"https:\/\/theconversationproject.org\/wp-content\/uploads\/2020\/12\/WhatMattersToMeWorkbook.pdf\" target=\"_blank\" rel=\"noreferrer noopener\">Gu\u00eda para tener conversaciones sobre enfermedades graves<\/a> del Proyecto de Conversaciones puede ayudarle a pensar y prepararse a fin de hablar sobre los cuidados que quiere recibir para su enfermedad grave.<\/p>\n\n\n\n<h3 class=\"wp-block-heading\">\u00bfC\u00f3mo puede informar sus deseos?<\/h3>\n\n\n\n<p>CaringInfo ha creado una descripci\u00f3n general de los diferentes <a href=\"https:\/\/www.caringinfo.org\/es\/blog\/tipos-de-documentos-para-dar-a-conocer-los-deseos-de-atencion-medica\/\">tipos de documentos de atenci\u00f3n m\u00e9dica<\/a> que dan a conocer sus deseos en momentos en los que no puede abogar por s\u00ed mismo.<\/p>\n\n\n\n<p><strong>Si ya cuenta por escrito con sus <a href=\"https:\/\/www.caringinfo.org\/es\/planificar\/instrucciones-anticipadas\/\">instrucciones anticipadas<\/a>, \u00f3rdenes m\u00e9dicas para el tratamiento de soporte vital (Physician Orders for Life Sustaining Treatment, <a href=\"https:\/\/www.caringinfo.org\/es\/planificar\/instrucciones-anticipadas\/las-polst-son-las-ordenes-medicas-para-el-tratamiento-de-soporte-vital\/\">POLST<\/a>) u \u00f3rdenes de no reanimar (Do-not-resucitate, DNR)<\/strong>, ya sea en formato <a href=\"https:\/\/www.caringinfo.org\/es\/planificar\/instrucciones-anticipadas\/instrucciones-anticipadas-digitales-y-en-video\/\">digital<\/a> o en papel, aseg\u00farese de que est\u00e9n disponibles para las personas que design\u00f3 para representarle, su c\u00edrculo cercano, sus m\u00e9dicos y el hospital, si corresponde.<\/p>\n\n\n\n<p><strong>Si no tiene ning\u00fan tipo de instrucciones anticipadas<\/strong> y <a href=\"https:\/\/www.caringinfo.org\/es\/blog\/como-dar-a-conocer-sus-deseos-de-atencion-medica-y-opciones-medicas\/\">es urgente que especifique qu\u00e9 quiere y qu\u00e9 no<\/a>, puede hacer lo siguiente:<br><\/p>\n\n\n\n<ul class=\"wp-block-list\">\n<li>Grabe un video donde mencione sus deseos, gu\u00e1rdelo en su tel\u00e9fono y env\u00edelo a su c\u00edrculo cercano, a su m\u00e9dico y a cualquier persona que podr\u00eda acompa\u00f1arle.<\/li>\n\n\n\n<li><a href=\"https:\/\/www.caringinfo.org\/es\/planificar\/como-hablar-sobre-enfermedades-graves-y-cuidados\/como-hablar-con-su-circulo-cercano\/\">Informe a su c\u00edrculo cercano<\/a> qu\u00e9 quiere, d\u00edgale a su m\u00e9dico qu\u00e9 quiere y qui\u00e9n puede representarle si usted no puede hablar por s\u00ed mismo.<\/li>\n\n\n\n<li>Incluso una declaraci\u00f3n escrita a mano en la que exprese sus deseos, fechada y firmada por usted, podr\u00eda ser de ayuda para guiar a aquellos a su alrededor.<\/li>\n<\/ul>\n\n\n\n<p>Una vez que pase la crisis, <a href=\"https:\/\/www.caringinfo.org\/es\/planificar\/instrucciones-anticipadas\/como-crear-sus-instrucciones-anticipadas\/\">haga sus instrucciones anticipadas<\/a>, en donde designe a las personas que quiere que le representen y declare sus deseos.<\/p>\n\n\n\n<h3 class=\"wp-block-heading\">\u00bfQu\u00e9 sucede si no puede hablar por s\u00ed mismo y no ha informado sus deseos?<\/h3>\n\n\n\n<p>Algunos estados especifican por ley qui\u00e9n est\u00e1 designado para representar a una persona que no puede hablar por s\u00ed misma y no ha dejado ninguna instrucci\u00f3n, mientras que otros no mencionan nada. <a href=\"https:\/\/www.caringinfo.org\/es\/planificar\/instrucciones-anticipadas\/por-estado\/\">Elija su estado<\/a> para averiguar qu\u00e9 aplica para usted. Tambi\u00e9n encontrar\u00e1 un enlace para un poder notarial de atenci\u00f3n m\u00e9dica que es v\u00e1lido en casi todos los estados (excepto en 5). Aunque los m\u00e9dicos y las personas que cuidan de usted har\u00e1n su mejor esfuerzo, es m\u00e1s probable que obtenga el tratamiento que quiere y evite el que no quiere si habla mientras pueda hacerlo.<\/p>\n\n\n\n<h3 class=\"wp-block-heading\">\u00bfQu\u00e9 otras cosas deber\u00eda saber?<\/h3>\n\n\n\n<p>Es \u00fatil <a href=\"https:\/\/www.caringinfo.org\/es\/planificar\/sus-derechos\/\">entender sus derechos<\/a> y saber <a href=\"https:\/\/www.caringinfo.org\/es\/tipos-de-cuidados\/cuidados-de-hospicio\/como-se-pagan-los-cuidados-de-hospicio\/\">qui\u00e9n paga los cuidados de hospicio<\/a> o <a href=\"https:\/\/www.caringinfo.org\/es\/tipos-de-cuidados\/los-cuidados-paliativos\/\">qui\u00e9n paga los cuidados paliativos<\/a>.<\/p>\n\n\n\n<p>Seg\u00fan se lo permita el tiempo, aprenda todo lo que pueda sobre su afecci\u00f3n para saber c\u00f3mo afectar\u00e1 su vida y a qu\u00e9 opciones se enfrenta. Tenemos sugerencias que podr\u00edan ayudarle a <a href=\"https:\/\/www.caringinfo.org\/es\/planificar\/como-hablar-sobre-enfermedades-graves-y-cuidados\/como-hablar-con-sus-medicos-y-otros-proveedores-de-atencion-medica\/\">hablar con su m\u00e9dico<\/a>.<\/p>\n\n\n\n<p>Considere crear sus instrucciones anticipadas sobre c\u00f3mo quiere manejar sus finanzas y designe a una persona que las maneje si usted no puede. Asimismo, comparta sus nombres de usuario y contrase\u00f1as de los sitios web importantes con una persona de confianza.<\/p>\n\n\n\n<h2 class=\"wp-block-heading\">Usted no es el paciente, pero quiere y tiene que ayudar<\/h2>\n\n\n\n<p>Lo m\u00e1s importante es saber qu\u00e9 quiere el paciente y estar facultado para hablar en su nombre si es necesario. Lo mejor que puede hacer inicialmente es escuchar: permita que el paciente exprese sus emociones. Puede brindarle un lugar seguro al paciente. Tendr\u00e1 que manejar sus propias emociones para que pueda centrarse en el paciente y no en usted. <a href=\"https:\/\/www.caringinfo.org\/es\/planificar\/como-hablar-sobre-enfermedades-graves-y-cuidados\/como-hablar-con-los-demas-sobre-sus-deseos-para-el-final-de-la-vida\/\">Tenemos sugerencias sobre c\u00f3mo hablar con el paciente sobre sus deseos.<\/a><\/p>\n\n\n\n<p>Puede ayudarle al paciente a <a href=\"https:\/\/www.caringinfo.org\/es\/planificar\/instrucciones-anticipadas\/como-crear-sus-instrucciones-anticipadas\/\">crear sus instrucciones anticipadas<\/a>, o incluso <a href=\"https:\/\/www.caringinfo.org\/es\/planificar\/instrucciones-anticipadas\/instrucciones-anticipadas-digitales-y-en-video\/\">un video<\/a> si ya no hay tiempo.<\/p>\n\n\n\n<p>A veces, es dif\u00edcil tener conversaciones sobre las enfermedades graves y los deseos para los cuidados futuros, sin importar cu\u00e1nto nos importe una persona. De hecho, a veces, mientras m\u00e1s nos importa, m\u00e1s dif\u00edcil es. <a href=\"https:\/\/www.caringinfo.org\/es\/planificar\/como-hablar-sobre-enfermedades-graves-y-cuidados\/como-hablar-con-su-circulo-cercano\/\">Tenemos algunas sugerencias sobre c\u00f3mo facilitar estas conversaciones.<\/a><\/p>\n\n\n\n<p>Tambi\u00e9n puede comenzar aprendiendo m\u00e1s sobre c\u00f3mo <a href=\"https:\/\/www.caringinfo.org\/es\/planificar\/como-brindar-cuidados\/como-prepararse-y-organizarse-para-convertirse-en-cuidador\/\">prepararse y organizarse para brindar atenci\u00f3n<\/a>, y <a href=\"https:\/\/www.caringinfo.org\/es\/planificar\/sus-derechos\/\">cu\u00e1les son sus derechos en esta situaci\u00f3n.<\/a><\/p>\n","protected":false},"excerpt":{"rendered":"<p>Es posible que se sienta abrumado y no sepa qu\u00e9 hacer primero si usted o un ser querido acaba de enterarse de que tiene una enfermedad grave o si experiment\u00f3 una crisis. Obtenga enlaces a \u00e1reas para aprender m\u00e1s y organizarse.<\/p>\n","protected":false},"author":6721,"featured_media":0,"parent":0,"menu_order":7,"comment_status":"closed","ping_status":"closed","template":"","meta":{"_acf_changed":false,"_genesis_hide_title":false,"_genesis_hide_breadcrumbs":false,"_genesis_hide_singular_image":false,"_genesis_hide_footer_widgets":false,"_genesis_custom_body_class":"","_genesis_custom_post_class":"","_genesis_layout":"","footnotes":""},"topic":[],"typeofcare":[],"language":[],"class_list":{"0":"post-2619","1":"page","2":"type-page","3":"status-publish","5":"entry"},"acf":[],"featured_image_src":null,"featured_image_src_square":null,"_links":{"self":[{"href":"https:\/\/www.caringinfo.org\/es\/wp-json\/wp\/v2\/pages\/2619","targetHints":{"allow":["GET"]}}],"collection":[{"href":"https:\/\/www.caringinfo.org\/es\/wp-json\/wp\/v2\/pages"}],"about":[{"href":"https:\/\/www.caringinfo.org\/es\/wp-json\/wp\/v2\/types\/page"}],"author":[{"embeddable":true,"href":"https:\/\/www.caringinfo.org\/es\/wp-json\/wp\/v2\/users\/6721"}],"replies":[{"embeddable":true,"href":"https:\/\/www.caringinfo.org\/es\/wp-json\/wp\/v2\/comments?post=2619"}],"version-history":[{"count":0,"href":"https:\/\/www.caringinfo.org\/es\/wp-json\/wp\/v2\/pages\/2619\/revisions"}],"wp:attachment":[{"href":"https:\/\/www.caringinfo.org\/es\/wp-json\/wp\/v2\/media?parent=2619"}],"wp:term":[{"taxonomy":"topic","embeddable":true,"href":"https:\/\/www.caringinfo.org\/es\/wp-json\/wp\/v2\/topic?post=2619"},{"taxonomy":"typeofcare","embeddable":true,"href":"https:\/\/www.caringinfo.org\/es\/wp-json\/wp\/v2\/typeofcare?post=2619"},{"taxonomy":"language","embeddable":true,"href":"https:\/\/www.caringinfo.org\/es\/wp-json\/wp\/v2\/language?post=2619"}],"curies":[{"name":"wp","href":"https:\/\/api.w.org\/{rel}","templated":true}]}}