{"id":2620,"date":"2021-01-12T18:38:58","date_gmt":"2021-01-12T23:38:58","guid":{"rendered":"https:\/\/www.caringinfo.org\/?page_id=2620"},"modified":"2026-04-27T08:15:24","modified_gmt":"2026-04-27T12:15:24","slug":"los-cuidados-paliativos","status":"publish","type":"page","link":"https:\/\/www.caringinfo.org\/es\/tipos-de-cuidados\/los-cuidados-paliativos\/","title":{"rendered":"\u00bfQu\u00e9 son los cuidados paliativos?"},"content":{"rendered":"\n<p class=\"is-style-large\">Los cuidados paliativos se enfocan en aliviar el dolor y la incomodidad, reducir el estr\u00e9s, y ayudar a las personas a tener la mejor calidad de vida posible. Son aptos para cualquier edad y para cualquier fase de una enfermedad grave, no solo al final de la vida. Los cuidados paliativos suelen describirse como una \u00abcapa adicional de apoyo\u00bb que trata los s\u00edntomas de una enfermedad y brinda apoyo a toda la familia.  <\/p>\n\n<h2 class=\"wp-block-heading\" id=\"goals\">\u00bfQu\u00e9 son los cuidados paliativos y cu\u00e1les son sus objetivos?<\/h2>\n\n<p>Los cuidados paliativos son cuidados m\u00e9dicos especializados que reducen las molestias f\u00edsicas, mejoran la calidad de vida y facilitan la convivencia con una enfermedad grave. Los cuidados paliativos ayudan a la persona que padece la enfermedad y a todos los que ayudan a cuidarla. Un beneficio de los cuidados paliativos es que pueden ayudar a las personas con enfermedades graves a no tener que acudir a urgencias o al hospital para recibir tratamiento.  <\/p>\n\n<p>Los cuidados paliativos ofrecen los siguientes beneficios y servicios:<\/p>\n\n<ul class=\"wp-block-list\">\n<li>Los cuidados paliativos proporcionan una capa adicional de apoyo. Puede tener una buena calidad de vida mientras recibe tratamiento para una enfermedad grave. Esto significa que puede pasar m\u00e1s tiempo en casa sin dejar de recibir la mejor atenci\u00f3n m\u00e9dica.  <\/li>\n\n\n\n<li>Los cuidados paliativos ayudan a sus m\u00e9dicos a hablar entre ellos; si alguna vez ha recibido mensajes diferentes de sus m\u00e9dicos, los cuidados paliativos pueden ayudarlo.<\/li>\n\n\n\n<li>Los cuidados paliativos est\u00e1n a su disposici\u00f3n en cualquier fase de una enfermedad grave, desde el diagn\u00f3stico hasta las fases avanzadas de la enfermedad. Si tiene alguna duda o se siente abrumado, siempre puede preguntar por los cuidados paliativos. <\/li>\n\n\n\n<li>Los cuidados paliativos ofrecen un equipo para todas sus preocupaciones.<\/li>\n<\/ul>\n\n<p>Tanto los cuidados paliativos como <a href=\"https:\/\/www.caringinfo.org\/es\/tipos-de-cuidados\/cuidados-de-hospicio\/\">los cuidados para enfermos terminales se centran<\/a> en las necesidades del paciente y su calidad de vida, pero los cuidados para enfermos terminales se centran espec\u00edficamente en el per\u00edodo m\u00e1s cercano a la muerte. <a href=\"https:\/\/www.caringinfo.org\/es\/tipos-de-cuidados\/cual-es-la-diferencia-entre-los-cuidados-paliativos-y-los-cuidados-de-hospicio\/\">Obtenga m\u00e1s informaci\u00f3n sobre sus diferencias.<\/a><\/p>\n\n<h2 class=\"wp-block-heading\" id=\"concept-and-practice\">Cuidados paliativos: Concepto y pr\u00e1ctica<\/h2>\n\n<p>La filosof\u00eda de los cuidados paliativos consiste en mejorar la calidad de vida tanto de los pacientes como de sus familias, centr\u00e1ndose en la comodidad, la dignidad y el respeto durante la enfermedad. Bajo esta definici\u00f3n, los cuidados paliativos ayudan en cualquier situaci\u00f3n de tratamiento, incluida la atenci\u00f3n primaria. Los cuidados paliativos especializados ofrecen un nivel adicional de apoyo necesario en determinadas situaciones y suelen ser el tipo de atenci\u00f3n en la que pensamos cuando hablamos de enfermedades graves.  <\/p>\n\n<p>Los cuidados paliativos especializados se prestan a trav\u00e9s de un enfoque integral basado en el trabajo en equipo en diversos entornos, como hospitales, cl\u00ednicas de atenci\u00f3n ambulatoria y el domicilio. Enfatiza el alivio de los s\u00edntomas, la comunicaci\u00f3n, la coordinaci\u00f3n de los cuidados y el apoyo, tanto al paciente como a su familia, adapt\u00e1ndose a medida que las necesidades del paciente cambian con el tiempo. El enfoque del equipo interdisciplinario garantiza que todos los aspectos de la salud del paciente \u2014incluidos los aspectos f\u00edsico, emocional, social y espiritual\u2014 se aborden de forma integral.  <\/p>\n\n<h3 class=\"wp-block-heading\">\u00bfPara qui\u00e9n son los cuidados paliativos? <\/h3>\n\n<p>Los cuidados paliativos pueden ayudar a cualquier persona que padezca una enfermedad grave, a cualquier edad o en cualquier fase de la enfermedad, ya que se basan en la necesidad, no en la esperanza de vida. Es mejor empezar los cuidados paliativos lo antes posible para el beneficio tanto del paciente como de su familia. <\/p>\n\n<p>Los cuidados paliativos tambi\u00e9n son valiosos para los ni\u00f1os que viven con una enfermedad grave. Como en el caso de los adultos, los cuidados paliativos pedi\u00e1tricos abordan enfermedades graves, como trastornos gen\u00e9ticos, c\u00e1ncer, nacimiento prematuro, trastornos neurol\u00f3gicos, afecciones card\u00edacas y pulmonares, y m\u00e1s. Alivian los s\u00edntomas de estas enfermedades, como el dolor, la dificultad respiratoria, la fatiga, el estre\u00f1imiento, las n\u00e1useas, la p\u00e9rdida de apetito, la dificultad para dormir, la ansiedad y la depresi\u00f3n. En resumen, ayuda al ni\u00f1o y la familia a mejorar su calidad de vida.   <\/p>\n\n<p>Los cuidados paliativos pedi\u00e1tricos se centran en la familia. Ayudan a la comunicaci\u00f3n y a la coordinaci\u00f3n de los cuidados. Gracias a la estrecha comunicaci\u00f3n que proporcionan los cuidados paliativos, las familias pueden elegir mejor las opciones que est\u00e1n en consonancia con sus valores, creencias, tradiciones y cultura. Esto mejora el bienestar de toda la familia.   <\/p>\n\n<h2 class=\"wp-block-heading\" id=\"pays\">\u00bfQui\u00e9n paga los cuidados paliativos?<\/h2>\n\n<p><a href=\"https:\/\/www.caringinfo.org\/es\/planificar\/asuntos-financieros\/medicare\/\">Medicare<\/a>, <a href=\"https:\/\/www.caringinfo.org\/es\/planificar\/asuntos-financieros\/medicaid\/\">Medicaid<\/a>, muchas aseguradoras y planes de atenci\u00f3n m\u00e9dica cubrir\u00e1n las partes m\u00e9dicas (servicios m\u00e9dicos y de enfermer\u00eda) de los cuidados paliativos. Sin embargo, el paciente ser\u00e1 responsable de los copagos o del coseguro si forman parte de su plan. Dependiendo del lugar donde viva, es posible que su estado tambi\u00e9n cuente con un programa de cuidados paliativos.   <a href=\"https:\/\/getpalliativecare.org\/howtoget\/find-a-palliative-care-team\/\" target=\"_blank\" rel=\"noreferrer noopener\">Visite getpalliativecare.org para encontrar un programa de cuidados paliativos cerca de usted<\/a><\/p>\n\n<p>Los veteranos pueden recibir cuidados paliativos a trav\u00e9s <a href=\"https:\/\/www.va.gov\/\" target=\"_blank\" rel=\"noreferrer noopener\">del Departamento de Asuntos de los Veteranos<\/a>. <a href=\"https:\/\/www.caringinfo.org\/es\/planificar\/como-hablar-sobre-enfermedades-graves-y-cuidados\/como-hablar-con-sus-medicos-y-otros-proveedores-de-atencion-medica\/\">Consulte con su m\u00e9dico<\/a> y su plan de atenci\u00f3n m\u00e9dica para ver qu\u00e9 cubre el seguro en su situaci\u00f3n particular.<\/p>\n\n<p><a href=\"https:\/\/www.caringinfo.org\/es\/tipos-de-cuidados\/los-cuidados-paliativos\/como-elegir-y-buscar-cuidados-paliativos\/\">Obtenga consejos sobre c\u00f3mo elegir y encontrar el socio de cuidados paliativos adecuado para sus necesidades.<\/a><\/p>\n","protected":false},"excerpt":{"rendered":"<p>\u00bfQu\u00e9 son los cuidados paliativos y c\u00f3mo funcionan? Inf\u00f3rmese sobre los tratamientos paliativos, los objetivos de los cuidados paliativos, c\u00f3mo se pueden financiar y mucho m\u00e1s. <\/p>\n","protected":false},"author":6721,"featured_media":0,"parent":2614,"menu_order":2,"comment_status":"closed","ping_status":"closed","template":"","meta":{"_acf_changed":false,"_genesis_hide_title":false,"_genesis_hide_breadcrumbs":false,"_genesis_hide_singular_image":false,"_genesis_hide_footer_widgets":false,"_genesis_custom_body_class":"","_genesis_custom_post_class":"","_genesis_layout":"","footnotes":""},"topic":[],"typeofcare":[],"language":[],"class_list":{"0":"post-2620","1":"page","2":"type-page","3":"status-publish","5":"entry"},"acf":[],"featured_image_src":null,"featured_image_src_square":null,"_links":{"self":[{"href":"https:\/\/www.caringinfo.org\/es\/wp-json\/wp\/v2\/pages\/2620","targetHints":{"allow":["GET"]}}],"collection":[{"href":"https:\/\/www.caringinfo.org\/es\/wp-json\/wp\/v2\/pages"}],"about":[{"href":"https:\/\/www.caringinfo.org\/es\/wp-json\/wp\/v2\/types\/page"}],"author":[{"embeddable":true,"href":"https:\/\/www.caringinfo.org\/es\/wp-json\/wp\/v2\/users\/6721"}],"replies":[{"embeddable":true,"href":"https:\/\/www.caringinfo.org\/es\/wp-json\/wp\/v2\/comments?post=2620"}],"version-history":[{"count":0,"href":"https:\/\/www.caringinfo.org\/es\/wp-json\/wp\/v2\/pages\/2620\/revisions"}],"up":[{"embeddable":true,"href":"https:\/\/www.caringinfo.org\/es\/wp-json\/wp\/v2\/pages\/2614"}],"wp:attachment":[{"href":"https:\/\/www.caringinfo.org\/es\/wp-json\/wp\/v2\/media?parent=2620"}],"wp:term":[{"taxonomy":"topic","embeddable":true,"href":"https:\/\/www.caringinfo.org\/es\/wp-json\/wp\/v2\/topic?post=2620"},{"taxonomy":"typeofcare","embeddable":true,"href":"https:\/\/www.caringinfo.org\/es\/wp-json\/wp\/v2\/typeofcare?post=2620"},{"taxonomy":"language","embeddable":true,"href":"https:\/\/www.caringinfo.org\/es\/wp-json\/wp\/v2\/language?post=2620"}],"curies":[{"name":"wp","href":"https:\/\/api.w.org\/{rel}","templated":true}]}}