{"id":2621,"date":"2021-01-14T18:17:44","date_gmt":"2021-01-14T23:17:44","guid":{"rendered":"https:\/\/www.caringinfo.org\/?page_id=2621"},"modified":"2023-10-24T17:59:34","modified_gmt":"2023-10-24T21:59:34","slug":"como-hablar-sobre-enfermedades-graves-y-cuidados","status":"publish","type":"page","link":"https:\/\/www.caringinfo.org\/es\/planificar\/como-hablar-sobre-enfermedades-graves-y-cuidados\/","title":{"rendered":"C\u00f3mo hablar sobre enfermedades graves y cuidados"},"content":{"rendered":"\n<div class=\"wp-block-genesis-blocks-gb-columns ci-section ci-section-topic-intro gb-layout-columns-2 gb-2-col-equal aligncenter\"><div class=\"gb-layout-column-wrap gb-block-layout-column-gap-2 gb-is-responsive-column\">\n<div class=\"wp-block-genesis-blocks-gb-column gb-block-layout-column\"><div class=\"gb-block-layout-column-inner\">\n<p class=\"is-style-large\">Las enfermedades graves representan un desaf\u00edo de comunicaci\u00f3n para todos. Los m\u00e9dicos usan palabras que no entiende, hay muchas personas diferentes con quienes hablar, un elenco de miles en el mundo m\u00e9dico, los m\u00e1s cercanos a usted, amigos y familia, y hasta colegas y vecinos. Toda la situaci\u00f3n es estresante y a veces toda la comunicaci\u00f3n dificulta las cosas. CaringInfo puede ayudar.&nbsp;<\/p>\n\n\n\t<div id=\"ci-list-subtopics-block_29259305da866a559a81569cbe77ef15\" class=\"ci-block-list-subtopics\">\n\t\t<p><strong>En esta secci\u00f3n, usted encontrar\u00e1 informaci\u00f3n sobre:<\/strong><\/p>\n\t\t<ul>\n\t\t<li><a href=\"https:\/\/www.caringinfo.org\/es\/planificar\/como-hablar-sobre-enfermedades-graves-y-cuidados\/como-hablar-con-sus-medicos-y-otros-proveedores-de-atencion-medica\/\">C\u00f3mo hablar con sus m\u00e9dicos y otros proveedores de atenci\u00f3n m\u00e9dica<\/a><\/li><li><a href=\"https:\/\/www.caringinfo.org\/es\/planificar\/como-hablar-sobre-enfermedades-graves-y-cuidados\/como-hablar-con-su-circulo-cercano\/\">C\u00f3mo hablar con su c\u00edrculo cercano<\/a><\/li><li><a href=\"https:\/\/www.caringinfo.org\/es\/planificar\/como-hablar-sobre-enfermedades-graves-y-cuidados\/como-hablar-con-su-comunidad\/\">C\u00f3mo hablar con su comunidad<\/a><\/li><li><a href=\"https:\/\/www.caringinfo.org\/es\/planificar\/como-hablar-sobre-enfermedades-graves-y-cuidados\/como-hablar-con-los-demas-sobre-sus-deseos-para-el-final-de-la-vida\/\">C\u00f3mo hablar con los dem\u00e1s sobre sus deseos para el final de la vida<\/a><\/li><li><a href=\"https:\/\/www.caringinfo.org\/es\/planificar\/como-hablar-sobre-enfermedades-graves-y-cuidados\/como-hablar-con-usted-mismo\/\">C\u00f3mo hablar con usted mismo<\/a><\/li>\t\t<\/ul>\n\t<\/div>\n\t<\/div><\/div>\n\n\n\n<div class=\"wp-block-genesis-blocks-gb-column topic-intro-image gb-block-layout-column\"><div class=\"gb-block-layout-column-inner\">\n<figure class=\"wp-block-image size-large\"><img loading=\"lazy\" decoding=\"async\" width=\"1024\" height=\"728\" src=\"https:\/\/w&#119;&#119;&#46;&#99;&#x61;&#x72;&#x69;&#x6e;&#x67;&#x69;&#x6e;fo&#46;&#111;&#114;&#103;&#47;&#119;&#x70;&#x2d;&#x63;&#x6f;&#x6e;&#x74;ent\/&#117;&#112;&#108;&#111;&#x61;&#x64;&#x73;&#x2f;&#x74;&#x79;peso&#102;&#99;&#97;&#114;&#x65;&#x2d;&#x63;&#x6f;&#x6d;&#x66;&#x6f;rtc&#97;&#114;&#101;&#64;&#50;&#x78;&#x2d;&#x31;&#x30;&#x32;&#x34;x72&#56;&#46;&#112;&#110;&#103;\" alt=\"Se observa a un m\u00e9dico hablando con una mujer.\" class=\"wp-image-2235\" srcset=\"https:&#47;&#x2f;w&#x77;w&#46;&#x63;&#97;&#x72;i&#110;&#x67;&#105;&#x6e;f&#x6f;&#x2e;&#111;&#x72;g&#x2f;w&#112;&#x2d;&#99;&#x6f;n&#116;&#x65;&#110;&#x74;\/&#117;&#x70;&#108;&#x6f;a&#x64;&#x73;&#47;&#x74;y&#x70;e&#115;&#x6f;&#102;&#x63;a&#114;&#x65;&#45;&#x63;o&#109;&#x66;&#111;&#x72;t&#x63;a&#114;&#x65;&#64;&#x32;x&#45;&#x31;&#48;&#x32;4&#120;&#x37;&#50;&#x38;&#46;&#x70;&#x6e;&#103; 1024w, https:&#47;&#x2f;&#119;&#x77;w&#46;&#x63;&#97;&#x72;i&#x6e;g&#105;&#x6e;&#102;&#x6f;&#46;&#x6f;&#x72;&#103;&#x2f;w&#x70;-&#99;&#x6f;&#110;&#x74;e&#x6e;t&#47;&#x75;&#112;&#x6c;o&#97;&#x64;&#115;&#x2f;t&#x79;p&#101;&#x73;&#111;&#x66;c&#x61;&#x72;&#101;&#x2d;&#99;&#x6f;m&#102;&#x6f;&#114;&#x74;c&#x61;r&#101;&#x40;&#50;&#x78;-&#x33;&#x30;&#48;&#x78;2&#x31;3&#46;&#x70;&#110;&#x67; 300w, https:&#x2f;&#x2f;&#x77;&#119;&#119;&#46;c&#x61;&#x72;&#x69;&#x6e;&#103;&#105;nf&#x6f;&#x2e;&#x6f;&#114;&#103;&#47;wp&#x2d;&#x63;&#x6f;&#110;&#116;en&#x74;&#x2f;&#x75;&#x70;&#108;&#111;ad&#x73;&#x2f;&#x74;&#121;&#112;&#101;so&#x66;&#x63;&#x61;&#114;&#101;-c&#x6f;&#x6d;&#x66;&#x6f;&#114;&#116;ca&#x72;&#x65;&#x40;&#50;&#120;&#45;12&#x37;&#x78;&#x39;&#48;&#46;&#112;n&#x67; 127w, https:&#x2f;&#47;w&#x77;&#x77;&#46;c&#x61;&#x72;&#105;n&#x67;&#105;n&#x66;&#x6f;&#46;o&#x72;&#x67;&#47;w&#x70;&#45;&#99;&#x6f;&#x6e;&#116;e&#x6e;&#x74;&#47;u&#x70;&#108;&#111;a&#x64;&#115;\/&#x74;&#x79;&#112;e&#x73;&#x6f;&#102;c&#x61;&#114;e&#x2d;&#x63;&#111;m&#x66;&#x6f;&#114;t&#x63;&#97;&#114;&#x65;&#x40;&#50;x&#x2d;&#x37;&#54;8&#x78;&#x35;&#52;6&#x2e;&#112;n&#x67; 768w, https:&#47;&#x2f;&#119;&#x77;w&#x2e;c&#97;&#x72;&#105;&#x6e;g&#x69;n&#102;&#x6f;&#46;&#x6f;r&#x67;\/&#119;&#x70;&#45;&#x63;o&#x6e;t&#101;&#x6e;&#116;&#x2f;u&#x70;l&#111;&#x61;&#100;&#x73;\/&#x74;y&#112;&#x65;&#115;&#x6f;f&#x63;a&#114;&#x65;&#45;&#x63;o&#x6d;f&#111;&#x72;&#116;&#x63;a&#x72;e&#64;&#x32;&#120;&#x2d;1&#x35;3&#54;&#x78;&#49;&#x30;&#57;&#x32;&#46;&#112;&#x6e;&#103; 1536w, https:&#x2f;&#x2f;&#119;&#119;w&#x2e;&#x63;&#x61;&#114;in&#x67;&#x69;&#110;&#102;o&#x2e;&#x6f;&#x72;&#103;\/w&#x70;&#x2d;&#99;&#111;n&#x74;&#x65;&#x6e;&#116;\/u&#x70;&#x6c;&#111;&#97;d&#x73;&#x2f;&#x74;&#121;&#112;e&#x73;&#x6f;&#102;&#99;a&#x72;&#x65;&#x2d;&#99;&#111;m&#x66;&#x6f;&#x72;&#116;ca&#x72;&#x65;&#64;&#50;x&#x2e;&#x70;&#x6e;&#103; 1800w\" sizes=\"auto, (max-width: 1024px) 100vw, 1024px\" \/><\/figure>\n<\/div><\/div>\n<\/div><\/div>\n\n\n\n<div class=\"wp-block-genesis-blocks-gb-container alignwide ci-section ci-section-topic-block gb-block-container\"><div class=\"gb-container-inside\"><div class=\"gb-container-content\">\n<h2 class=\"wp-block-heading\">C\u00f3mo hablar con su m\u00e9dico, su c\u00edrculo cercano, su comunidad y usted mismo<\/h2>\n\n\n\n<div class=\"wp-block-genesis-blocks-gb-columns gb-layout-columns-2 gb-2-col-wideright alignwide\"><div class=\"gb-layout-column-wrap gb-block-layout-column-gap-2 gb-is-responsive-column\">\n<div class=\"wp-block-genesis-blocks-gb-column gb-block-layout-column\"><div class=\"gb-block-layout-column-inner\">\n<figure class=\"wp-block-image size-large\"><img loading=\"lazy\" decoding=\"async\" width=\"1024\" height=\"728\" src=\"https:\/&#47;&#119;&#119;&#x77;&#x2e;&#x63;ar&#105;&#110;&#x67;&#x69;&#x6e;&#x66;o&#46;&#111;&#114;&#x67;&#x2f;&#x77;&#x70;-&#99;&#111;&#110;&#x74;&#x65;&#x6e;t\/&#117;&#112;&#108;&#x6f;&#x61;&#x64;s\/&#99;&#111;&#x6d;&#x6d;&#x75;&#x6e;ic&#97;&#116;&#x69;&#x6e;&#x67;&#64;2&#120;&#45;&#50;&#x2d;&#x31;&#x30;24&#120;&#55;&#x32;&#x38;&#x2e;&#x70;ng\" alt=\"Dos hombres est\u00e1n hablando.\" class=\"wp-image-2227\" srcset=\"https:\/\/w&#119;&#119;&#46;&#x63;&#x61;&#x72;&#x69;&#x6e;&#x67;inf&#111;&#46;&#111;&#114;&#x67;&#x2f;&#x77;&#x70;&#x2d;&#x63;ont&#101;&#110;&#116;&#x2f;&#x75;&#x70;&#x6c;&#x6f;&#x61;ds\/&#99;&#111;&#109;&#109;&#x75;&#x6e;&#x69;&#x63;&#x61;&#x74;ing&#64;&#50;&#120;&#x2d;&#x32;&#x2d;&#x31;&#x30;&#x32;4x7&#50;&#56;&#46;&#112;&#x6e;&#x67; 1024w, https:\/&#47;&#119;&#x77;&#x77;&#x2e;c&#97;&#114;&#x69;&#x6e;&#x67;in&#102;&#x6f;&#x2e;&#x6f;rg&#47;&#119;&#x70;&#x2d;&#x63;o&#110;&#116;&#x65;&#x6e;&#x74;\/&#117;&#112;&#x6c;&#x6f;&#x61;ds&#47;&#x63;&#x6f;&#x6d;mu&#110;&#105;&#x63;&#x61;&#x74;i&#110;&#103;&#x40;&#x32;&#x78;-&#50;&#45;&#x33;&#x30;&#x30;x2&#49;&#x33;&#x2e;&#x70;ng 300w, https:\/\/ww&#119;&#46;&#99;&#97;&#114;&#x69;&#x6e;&#x67;&#x69;&#x6e;&#x66;&#x6f;&#46;org&#47;&#119;&#112;&#45;&#99;&#x6f;&#x6e;&#x74;&#x65;&#x6e;&#x74;&#x2f;&#x75;ploa&#100;&#115;&#47;&#99;&#111;&#x6d;&#x6d;&#x75;&#x6e;&#x69;&#x63;&#x61;&#x74;ing&#64;&#50;&#120;&#45;&#50;&#45;&#x31;&#x32;&#x37;&#x78;&#x39;&#x30;&#x2e;png 127w, https:&#x2f;\/&#x77;&#119;&#x77;&#x2e;c&#x61;&#114;&#x69;&#x6e;g&#x69;&#110;&#x66;&#x6f;&#46;&#x6f;&#114;&#x67;&#x2f;w&#x70;&#45;&#x63;&#x6f;n&#x74;&#101;&#x6e;&#x74;\/&#x75;&#112;&#x6c;&#x6f;a&#x64;&#115;&#x2f;&#x63;o&#x6d;&#109;&#x75;&#x6e;i&#x63;&#97;&#x74;&#x69;n&#x67;&#64;&#x32;&#x78;-&#x32;&#45;&#x37;&#x36;8&#x78;&#53;&#x34;&#x36;&#46;&#x70;&#110;&#x67; 768w, https:&#x2f;\/&#x77;w&#x77;&#46;&#x63;&#97;r&#x69;n&#x67;&#105;&#x6e;&#102;&#x6f;&#46;o&#x72;g&#x2f;&#119;&#x70;&#45;&#x63;&#x6f;n&#x74;e&#x6e;&#116;&#x2f;&#117;p&#x6c;o&#x61;&#100;&#x73;&#47;&#x63;&#111;m&#x6d;u&#x6e;&#105;&#x63;&#97;&#x74;&#x69;n&#x67;&#64;&#x32;&#120;&#x2d;&#50;-&#x31;5&#x33;&#54;&#x78;&#49;&#x30;&#57;2&#x2e;p&#x6e;&#103; 1536w, https:&#x2f;&#x2f;&#x77;&#x77;&#x77;&#x2e;&#99;&#97;&#114;&#105;ngin&#x66;&#x6f;&#x2e;&#x6f;&#x72;&#x67;&#47;&#119;&#112;&#45;&#99;ont&#x65;&#x6e;&#x74;&#x2f;&#x75;&#x70;&#108;&#111;&#97;&#100;&#115;\/co&#x6d;&#x6d;&#x75;&#x6e;&#x69;&#x63;&#x61;&#116;&#105;&#110;&#103;&#64;2x-&#x32;&#x2e;&#x70;&#x6e;&#x67; 1800w\" sizes=\"auto, (max-width: 1024px) 100vw, 1024px\" \/><\/figure>\n<\/div><\/div>\n\n\n\n<div class=\"wp-block-genesis-blocks-gb-column gb-block-layout-column\"><div class=\"gb-block-layout-column-inner\">\n<p>Una parte de la comunicaci\u00f3n es entrante e incluye escuchar a los m\u00e9dicos, entender qu\u00e9 est\u00e1n diciendo y sus opciones, escuchar a las personas cercanas a usted y, a veces, escuchar a los dem\u00e1s interesados con buenas intenciones. Otra parte de la comunicaci\u00f3n es saliente e incluye decirles a los m\u00e9dicos lo que usted y su paciente quieren, compartir sus miedos, esperanzas y deseos con las personas cercanas a usted, y proporcionarle la informaci\u00f3n a su comunidad. Y, aunque es lo que menos se reconoce, existe la comunicaci\u00f3n que tiene con usted mismo.<\/p>\n\n\n\t<div id=\"ci-list-subtopics-block_2ba03574dff0566d58ebf2cbd5353d1b\" class=\"ci-block-list-content-of-interest\">\n\t\t<p><strong>Inf\u00f3rmese sobre las siguientes opciones:<\/strong><\/p>\n\t\t<ul>\n\t\t\t\t\t<li><a href=\"https:\/\/www.caringinfo.org\/es\/planificar\/como-hablar-sobre-enfermedades-graves-y-cuidados\/como-hablar-con-sus-medicos-y-otros-proveedores-de-atencion-medica\/\" class=\"button\">\u00bfC\u00f3mo habla con su m\u00e9dico?<\/a><\/li>\t\n\t\t\t\t\t<li><a href=\"https:\/\/www.caringinfo.org\/es\/planificar\/como-hablar-sobre-enfermedades-graves-y-cuidados\/como-hablar-con-su-circulo-cercano\/\" class=\"button\">\u00bfC\u00f3mo habla con su c\u00edrculo cercano?<\/a><\/li>\t\n\t\t\t\t\t<li><a href=\"https:\/\/www.caringinfo.org\/es\/planificar\/como-hablar-sobre-enfermedades-graves-y-cuidados\/como-hablar-con-su-comunidad\/\" class=\"button\">\u00bfC\u00f3mo habla con la comunidad extendida?<\/a><\/li>\t\n\t\t\t\t\t<li><a href=\"https:\/\/www.caringinfo.org\/es\/planificar\/como-hablar-sobre-enfermedades-graves-y-cuidados\/como-hablar-con-usted-mismo\/\" class=\"button\">\u00bfC\u00f3mo habla con usted mismo?<\/a><\/li>\t\n\t\t\t\t<\/ul>\n\t<\/div>\n\t<\/div><\/div>\n<\/div><\/div>\n<\/div><\/div><\/div>\n","protected":false},"excerpt":{"rendered":"<p>Las enfermedades graves representan un desaf\u00edo de comunicaci\u00f3n para todos. Proporcionamos orientaci\u00f3n sobre c\u00f3mo manejar hablar con muchas personas diferentes, incluidos nosotros mismos.<\/p>\n","protected":false},"author":6721,"featured_media":0,"parent":2625,"menu_order":9,"comment_status":"closed","ping_status":"closed","template":"template-page-topic.php","meta":{"_acf_changed":false,"_genesis_hide_title":false,"_genesis_hide_breadcrumbs":false,"_genesis_hide_singular_image":false,"_genesis_hide_footer_widgets":false,"_genesis_custom_body_class":"","_genesis_custom_post_class":"","_genesis_layout":"","footnotes":""},"topic":[],"typeofcare":[],"language":[],"class_list":{"0":"post-2621","1":"page","2":"type-page","3":"status-publish","5":"entry"},"acf":[],"featured_image_src":null,"featured_image_src_square":null,"_links":{"self":[{"href":"https:\/\/www.caringinfo.org\/es\/wp-json\/wp\/v2\/pages\/2621","targetHints":{"allow":["GET"]}}],"collection":[{"href":"https:\/\/www.caringinfo.org\/es\/wp-json\/wp\/v2\/pages"}],"about":[{"href":"https:\/\/www.caringinfo.org\/es\/wp-json\/wp\/v2\/types\/page"}],"author":[{"embeddable":true,"href":"https:\/\/www.caringinfo.org\/es\/wp-json\/wp\/v2\/users\/6721"}],"replies":[{"embeddable":true,"href":"https:\/\/www.caringinfo.org\/es\/wp-json\/wp\/v2\/comments?post=2621"}],"version-history":[{"count":0,"href":"https:\/\/www.caringinfo.org\/es\/wp-json\/wp\/v2\/pages\/2621\/revisions"}],"up":[{"embeddable":true,"href":"https:\/\/www.caringinfo.org\/es\/wp-json\/wp\/v2\/pages\/2625"}],"wp:attachment":[{"href":"https:\/\/www.caringinfo.org\/es\/wp-json\/wp\/v2\/media?parent=2621"}],"wp:term":[{"taxonomy":"topic","embeddable":true,"href":"https:\/\/www.caringinfo.org\/es\/wp-json\/wp\/v2\/topic?post=2621"},{"taxonomy":"typeofcare","embeddable":true,"href":"https:\/\/www.caringinfo.org\/es\/wp-json\/wp\/v2\/typeofcare?post=2621"},{"taxonomy":"language","embeddable":true,"href":"https:\/\/www.caringinfo.org\/es\/wp-json\/wp\/v2\/language?post=2621"}],"curies":[{"name":"wp","href":"https:\/\/api.w.org\/{rel}","templated":true}]}}