{"id":2622,"date":"2021-01-14T18:18:13","date_gmt":"2021-01-14T23:18:13","guid":{"rendered":"https:\/\/www.caringinfo.org\/?page_id=2622"},"modified":"2024-05-29T10:33:28","modified_gmt":"2024-05-29T14:33:28","slug":"como-hablar-con-los-demas-sobre-sus-deseos-para-el-final-de-la-vida","status":"publish","type":"page","link":"https:\/\/www.caringinfo.org\/es\/planificar\/como-hablar-sobre-enfermedades-graves-y-cuidados\/como-hablar-con-los-demas-sobre-sus-deseos-para-el-final-de-la-vida\/","title":{"rendered":"C\u00f3mo hablar con los dem\u00e1s sobre sus deseos para el final de la vida"},"content":{"rendered":"\n<p class=\"is-style-large\">Aunque ya haya hecho todo para comunicar sus deseos para el final de la vida, es posible que se encuentre en una situaci\u00f3n en la que necesite tomar la iniciativa y tener la discusi\u00f3n con los miembros de su familia o seres queridos que no han compartido sus deseos para el final de la vida con usted.<\/p>\n\n\n\n<p class=\"is-style-default\">Aqu\u00ed le presentamos algunos puntos importantes a considerar para planificar tener esta conversaci\u00f3n:<\/p>\n\n\n\n<h2 class=\"wp-block-heading\">Seleccione un entorno adecuado<\/h2>\n\n\n\n<p>Planifique la conversaci\u00f3n, busque un lugar tranquilo, c\u00f3modo y libre de distracciones para tener una conversaci\u00f3n uno a uno. Por lo general, un entrono privado es mejor.<\/p>\n\n\n\n<p>El Proyecto de Conversaciones ofrece <a href=\"https:\/\/theconversationproject.org\/get-started#Your-Conversation-Starter-Guide\" target=\"_blank\" rel=\"noreferrer noopener\">varias gu\u00edas<\/a> que podr\u00edan ayudarle con la planificaci\u00f3n. <\/p>\n\n\n\n<h2 class=\"wp-block-heading\">Pida permiso<\/h2>\n\n\n\n<p>Las personas lidian con los asuntos del final de la vida en muchas maneras. Pedir permiso para hablar sobre este tema le asegura a su ser querido que respetar\u00e1 y honrar\u00e1 sus deseos. Algunas formas de pedir permiso son las siguientes:<\/p>\n\n\n\n<ul class=\"wp-block-list\">\n<li>\u201cMe gustar\u00eda hablar sobre c\u00f3mo te gustar\u00eda recibir cuidados en caso de que te enfermes muy gravemente, \u00bfest\u00e1 bien?\u201d<\/li>\n\n\n\n<li>\u201cSi te enfermaras, me preocupar\u00eda no saber qu\u00e9 tipo de cuidados te gustar\u00eda recibir. \u00bfPodemos hablar sobre eso ahora? Me sentir\u00eda mejor si lo hici\u00e9ramos\u201d.<\/li>\n<\/ul>\n\n\n\n<h2 class=\"wp-block-heading\">Sepa qu\u00e9 esperar<\/h2>\n\n\n\n<p>Tome en cuenta que usted inici\u00f3 esta conversaci\u00f3n porque le importa el bienestar de su ser querido, en especial durante los tiempos dif\u00edciles. Permita que su ser querido establezca el ritmo. Intente concentrarse en mantener un ambiente c\u00e1lido y atento durante toda la conversaci\u00f3n al demostrar su amor y preocupaci\u00f3n:<\/p>\n\n\n\n<ul class=\"wp-block-list\">\n<li>Asienta con la cabeza.<\/li>\n\n\n\n<li>Tome la mano de su ser querido.<\/li>\n\n\n\n<li>Ac\u00e9rquese para ofrecerle un abrazo o una caricia reconfortante.<\/li>\n<\/ul>\n\n\n\n<p>Las preguntas que podr\u00eda hacerle a su ser querido sobre sus deseos para el final de la vida incluyen:<\/p>\n\n\n\n<ul class=\"wp-block-list\">\n<li>Si te diagnosticaran una enfermedad que limite tu vida, \u00bfqu\u00e9 tipos de tratamiento preferir\u00edas recibir?<\/li>\n\n\n\n<li>\u00bfYa designaste a alguien para que tome decisiones en tu nombre en caso de que t\u00fa no puedas hacerlo?<\/li>\n\n\n\n<li>\u00bfC\u00f3mo te gustar\u00eda que se honraran tus decisiones al final de tu vida?<\/li>\n\n\n\n<li>\u00bfQu\u00e9 puedo hacer para apoyarte mejor a ti y tus decisiones?<\/li>\n<\/ul>\n\n\n\n<p>Comprenda que es normal enfrentar cierta resistencia la primera vez que mencione este tema. No se sorprenda ni se desanime, en su lugar, planifique intentarlo otra vez en otro momento.<\/p>\n\n\n\n<h2 class=\"wp-block-heading\">Sea un buen oyente<\/h2>\n\n\n\n<p>Tome en cuenta que esta es una conversaci\u00f3n, no un debate. A veces, solo tener a alguien con quien hablar es una gran ayuda. Aseg\u00farese de hacer un esfuerzo por escuchar y entender lo que dice la persona. Estos momentos, aunque son dif\u00edciles, son importantes y especiales para ambos. Algunas de las cosas importantes que puede hacer son las siguientes:<\/p>\n\n\n\n<ul class=\"wp-block-list\">\n<li>Escuche los deseos y las necesidades que le exprese su ser querido.<\/li>\n\n\n\n<li>Aclare que lo que le comparte su ser querido es importante para usted.<\/li>\n\n\n\n<li>Muestre empat\u00eda y respeto al abordar estos deseos y necesidades de manera sincera y abierta.<\/li>\n\n\n\n<li>Reconozca verbalmente el derecho de su ser querido para tomar decisiones de vida, aunque usted no est\u00e9 de acuerdo con esas decisiones.<\/li>\n<\/ul>\n\n\n\n<p>Tener conversaciones con sus seres queridos sobre sus deseos para el final de la vida puede ser una discusi\u00f3n sensible. Estas conversaciones son importantes y necesarias para conocer los deseos de sus seres queridos a fin de poder honrar dichos deseos al final de la vida.<\/p>\n\n\n\n<p>Aunque ni usted ni sus seres queridos est\u00e9n en el final de su vida, es importante que piensen en sus deseos m\u00e9dicos. Explicamos <a href=\"https:\/\/www.caringinfo.org\/es\/blog\/como-dar-a-conocer-sus-deseos-de-atencion-medica-y-opciones-medicas\/\">cu\u00e1ndo y por qu\u00e9 dar a conocer sus propios deseos m\u00e9dicos<\/a> y las <a href=\"https:\/\/www.caringinfo.org\/es\/blog\/tipos-de-documentos-para-dar-a-conocer-los-deseos-de-atencion-medica\/\">diferencias entre los tipos de instrucciones m\u00e9dicas<\/a>.<\/p>\n","protected":false},"excerpt":{"rendered":"<p>Aprenda c\u00f3mo tener conversaciones importantes sobre los cuidados de un ser querido y sus deseos para el final de la vida, ya sea que usted ser\u00e1 su cuidador o solo quiera informarse.<\/p>\n","protected":false},"author":6721,"featured_media":0,"parent":2621,"menu_order":4,"comment_status":"closed","ping_status":"closed","template":"","meta":{"_acf_changed":false,"_genesis_hide_title":false,"_genesis_hide_breadcrumbs":false,"_genesis_hide_singular_image":false,"_genesis_hide_footer_widgets":false,"_genesis_custom_body_class":"","_genesis_custom_post_class":"","_genesis_layout":"","footnotes":""},"topic":[113],"typeofcare":[],"language":[],"class_list":{"0":"post-2622","1":"page","2":"type-page","3":"status-publish","5":"topic-como-comunicarse","6":"entry"},"acf":[],"featured_image_src":null,"featured_image_src_square":null,"_links":{"self":[{"href":"https:\/\/www.caringinfo.org\/es\/wp-json\/wp\/v2\/pages\/2622","targetHints":{"allow":["GET"]}}],"collection":[{"href":"https:\/\/www.caringinfo.org\/es\/wp-json\/wp\/v2\/pages"}],"about":[{"href":"https:\/\/www.caringinfo.org\/es\/wp-json\/wp\/v2\/types\/page"}],"author":[{"embeddable":true,"href":"https:\/\/www.caringinfo.org\/es\/wp-json\/wp\/v2\/users\/6721"}],"replies":[{"embeddable":true,"href":"https:\/\/www.caringinfo.org\/es\/wp-json\/wp\/v2\/comments?post=2622"}],"version-history":[{"count":0,"href":"https:\/\/www.caringinfo.org\/es\/wp-json\/wp\/v2\/pages\/2622\/revisions"}],"up":[{"embeddable":true,"href":"https:\/\/www.caringinfo.org\/es\/wp-json\/wp\/v2\/pages\/2621"}],"wp:attachment":[{"href":"https:\/\/www.caringinfo.org\/es\/wp-json\/wp\/v2\/media?parent=2622"}],"wp:term":[{"taxonomy":"topic","embeddable":true,"href":"https:\/\/www.caringinfo.org\/es\/wp-json\/wp\/v2\/topic?post=2622"},{"taxonomy":"typeofcare","embeddable":true,"href":"https:\/\/www.caringinfo.org\/es\/wp-json\/wp\/v2\/typeofcare?post=2622"},{"taxonomy":"language","embeddable":true,"href":"https:\/\/www.caringinfo.org\/es\/wp-json\/wp\/v2\/language?post=2622"}],"curies":[{"name":"wp","href":"https:\/\/api.w.org\/{rel}","templated":true}]}}