{"id":2625,"date":"2021-01-05T20:55:43","date_gmt":"2021-01-06T01:55:43","guid":{"rendered":"https:\/\/www.caringinfo.org\/?page_id=2625"},"modified":"2025-07-14T11:12:15","modified_gmt":"2025-07-14T15:12:15","slug":"planificar","status":"publish","type":"page","link":"https:\/\/www.caringinfo.org\/es\/planificar\/","title":{"rendered":"C\u00f3mo prepararse, planificar y estar presente"},"content":{"rendered":"\n<div class=\"wp-block-genesis-blocks-gb-columns ci-section ci-section-topic-intro gb-layout-columns-2 gb-2-col-equal alignwide\"><div class=\"gb-layout-column-wrap gb-block-layout-column-gap-2 gb-is-responsive-column\">\n<div class=\"wp-block-genesis-blocks-gb-column gb-block-layout-column\"><div class=\"gb-block-layout-column-inner\">\n<p class=\"is-style-large\">Al enfrentarse a una enfermedad grave que limita la vida, quiere sentirse preparado (para entender sus opciones y tomar decisiones) y estar presente (para ser consciente de sus necesidades actuales). Querr\u00e1 entender y usar los recursos disponibles para usted, tanto si es paciente o cuidador.<\/p>\n\n\n\n<p>Hay recursos m\u00e9dicos disponibles, como cuidados paliativos o de hospicio, recursos financieros, como Medicare y seguro m\u00e9dico, recursos legales, como instrucciones anticipadas, y recursos personales, como cuidados para el duelo. Tambi\u00e9n hay varios apoyos informales como conexiones con otras personas que est\u00e1n pasando por experiencias similares. Queremos ayudarle a explorar todas estas opciones para que pueda tener la mejor experiencia para usted.<\/p>\n<\/div><\/div>\n\n\n\n<div class=\"wp-block-genesis-blocks-gb-column topic-intro-image gb-block-layout-column\"><div class=\"gb-block-layout-column-inner\">\n<figure class=\"wp-block-image size-full\"><img loading=\"lazy\" decoding=\"async\" width=\"900\" height=\"640\" src=\"https:\/\/www.caringinfo.org\/wp-content\/uploads\/2021\/02\/preparing-planning-texture.png\" alt=\"Se observa a una mujer sentada frente a una computadora.\" class=\"wp-image-334\" srcset=\"https:\/\/www.caringinfo.org\/wp-content\/uploads\/2021\/02\/preparing-planning-texture.png 900w, https:\/\/www.caringinfo.org\/wp-content\/uploads\/2021\/02\/preparing-planning-texture-300x213.png 300w, https:\/\/www.caringinfo.org\/wp-content\/uploads\/2021\/02\/preparing-planning-texture-127x90.png 127w, https:\/\/www.caringinfo.org\/wp-content\/uploads\/2021\/02\/preparing-planning-texture-768x546.png 768w\" sizes=\"auto, (max-width: 900px) 100vw, 900px\" \/><\/figure>\n<\/div><\/div>\n<\/div><\/div>\n\n\n\n<div class=\"wp-block-genesis-blocks-gb-container alignwide ci-section ci-section-topic-block gb-block-container\"><div class=\"gb-container-inside\"><div class=\"gb-container-content\">\n<h2 class=\"wp-block-heading\">\u00bfNecesita ayuda urgente?<\/h2>\n\n\n\n<div class=\"wp-block-genesis-blocks-gb-columns gb-layout-columns-2 gb-2-col-wideright alignwide\"><div class=\"gb-layout-column-wrap gb-block-layout-column-gap-2 gb-is-responsive-column\">\n<div class=\"wp-block-genesis-blocks-gb-column gb-block-layout-column\"><div class=\"gb-block-layout-column-inner\">\n<figure class=\"wp-block-image size-large\"><img loading=\"lazy\" decoding=\"async\" width=\"1024\" height=\"728\" src=\"https:&#47;&#47;&#x77;w&#119;&#x2e;&#x63;a&#114;&#x69;&#x6e;g&#105;&#x6e;f&#111;&#x2e;&#x6f;r&#103;&#x2f;&#x77;p&#45;&#x63;o&#110;&#x74;&#x65;n&#116;&#x2f;&#x75;p&#108;&#x6f;&#x61;&#100;&#115;&#x2f;n&#101;&#x65;&#x64;h&#101;&#x6c;&#x70;n&#111;&#x77;&#64;&#50;&#x78;&#x2d;1&#48;&#x32;&#x34;x&#55;&#x32;8&#46;&#112;&#x6e;g\" alt=\"Una persona estresada considera sus cuentas y que no hay suficiente tiempo.\" class=\"wp-image-2531\" srcset=\"https:&#x2f;&#x2f;&#x77;&#x77;&#x77;&#x2e;&#x63;&#x61;&#x72;&#x69;&#x6e;&#x67;&#x69;&#x6e;&#102;&#111;&#46;&#111;&#114;&#103;&#47;&#119;&#112;&#45;&#99;ontent\/u&#x70;&#x6c;&#x6f;&#x61;&#x64;&#x73;&#x2f;&#x6e;&#x65;&#x65;&#x64;&#x68;&#x65;&#x6c;&#x70;&#110;&#111;&#119;&#64;&#50;&#120;&#45;&#49;&#48;&#50;4x728&#46;pn&#x67; 1024w, https:\/&#47;&#119;&#x77;&#x77;&#x2e;&#x63;a&#114;&#105;&#110;&#x67;&#x69;&#x6e;fo&#46;&#111;&#x72;&#x67;&#x2f;wp&#45;&#99;&#x6f;&#x6e;&#x74;en&#116;&#47;&#x75;&#x70;&#x6c;oa&#100;&#115;&#x2f;&#x6e;&#x65;ed&#104;&#101;&#x6c;&#x70;&#x6e;&#x6f;w&#64;&#50;&#x78;&#x2d;&#x33;&#x30;0&#120;&#50;&#49;&#x33;&#x2e;&#x70;ng 300w, https:\/\/ww&#119;&#46;&#99;&#97;&#114;&#105;&#110;&#x67;&#x69;&#x6e;&#x66;&#x6f;&#x2e;&#x6f;&#x72;&#x67;\/wp-&#99;&#111;&#110;&#116;&#101;&#110;&#116;&#x2f;&#x75;&#x70;&#x6c;&#x6f;&#x61;&#x64;&#x73;&#x2f;need&#104;&#101;&#108;&#112;&#110;&#111;&#119;&#x40;&#x32;&#x78;&#x2d;&#x31;&#x32;&#x37;&#x78;&#x39;0&#46;pn&#103; 127w, https:\/&#47;&#x77;&#x77;w&#46;&#x63;&#x61;r&#105;&#x6e;&#x67;i&#110;&#x66;&#x6f;&#46;&#111;&#x72;&#x67;\/&#119;&#112;&#x2d;&#x63;o&#110;&#x74;&#x65;n&#116;&#x2f;&#x75;p&#108;&#x6f;&#x61;d&#115;&#x2f;&#x6e;e&#101;&#x64;&#x68;e&#108;&#112;&#x6e;&#x6f;w&#64;&#x32;&#x78;-&#55;&#x36;&#x38;x&#53;&#x34;&#x36;&#46;&#112;&#x6e;&#x67; 768w, https:&#47;&#47;&#x77;w&#119;&#x2e;&#x63;a&#114;&#x69;&#x6e;g&#105;&#x6e;f&#111;&#x2e;&#x6f;r&#103;&#x2f;&#x77;p&#45;&#x63;o&#110;&#x74;&#x65;n&#116;&#x2f;&#x75;p&#108;&#x6f;&#x61;&#100;&#115;&#x2f;n&#101;&#x65;&#x64;h&#101;&#x6c;&#x70;n&#111;&#x77;&#64;&#50;&#x78;&#x2d;1&#53;&#x33;&#x36;x&#49;&#x30;9&#50;&#46;&#x70;n&#103; 1536w, https:&#47;&#x2f;w&#119;&#x77;&#46;&#99;&#x61;r&#x69;&#x6e;&#103;&#x69;n&#102;&#x6f;&#46;&#111;&#x72;g&#x2f;&#x77;&#112;&#x2d;&#x63;&#111;&#x6e;t&#101;&#x6e;t&#47;&#x75;p&#x6c;&#x6f;&#97;&#x64;s&#47;&#x6e;e&#101;&#x64;h&#x65;&#x6c;&#112;&#x6e;&#x6f;&#119;&#x40;2&#120;&#x2e;p&#110;&#x67; 1800w\" sizes=\"auto, (max-width: 1024px) 100vw, 1024px\" \/><\/figure>\n<\/div><\/div>\n\n\n\n<div class=\"wp-block-genesis-blocks-gb-column gb-block-layout-column\"><div class=\"gb-block-layout-column-inner\">\n<p>Si usted o un ser querido se encuentra actualmente en crisis y de manera inesperada necesita cuidados para manejar una enfermedad, hay algunos elementos que se deben priorizar por encima de otros.<\/p>\n\n\n\t<div id=\"ci-list-subtopics-block_1e41490700096017e6d961e7544b02f3\" class=\"ci-block-list-content-of-interest\">\n\t\t<p><strong>Inf\u00f3rmese sobre las siguientes opciones:<\/strong><\/p>\n\t\t<ul>\n\t\t\t\t\t<li><a href=\"https:\/\/www.caringinfo.org\/need-help-now\/\" class=\"button\">\u00bfEn qu\u00e9 me debo enfocar primero?<\/a><\/li>\t\n\t\t\t\t\t<li><a href=\"https:\/\/www.caringinfo.org\/planning\/advance-directives\/by-state\/\" class=\"button\">Necesito crear mis instrucciones anticipadas.<\/a><\/li>\t\n\t\t\t\t\t<li><a href=\"https:\/\/www.caringinfo.org\/planning\/your-rights\/who-can-help\/\" class=\"button\">Necesito ayuda con una situaci\u00f3n.<\/a><\/li>\t\n\t\t\t\t\t<li><a href=\"https:\/\/www.caringinfo.org\/planning\/your-rights\/\" class=\"button\">\u00bfCu\u00e1les son mis derechos?<\/a><\/li>\t\n\t\t\t\t\t<li><a href=\"https:\/\/www.caringinfo.org\/planning\/communicating\/talking-with-your-inner-circle\/\" class=\"button\">\u00bfC\u00f3mo comparto mis deseos?<\/a><\/li>\t\n\t\t\t\t<\/ul>\n\t<\/div>\n\t<\/div><\/div>\n<\/div><\/div>\n<\/div><\/div><\/div>\n\n\n\n<div class=\"wp-block-genesis-blocks-gb-container alignfull ci-section ci-section-common-topics has-bground-gradient has-default-gradient gb-block-container\"><div class=\"gb-container-inside\"><div class=\"gb-container-content\">\n<div class=\"wp-block-group alignwide\"><div class=\"wp-block-group__inner-container is-layout-flow wp-block-group-is-layout-flow\">\n<h2 class=\"wp-block-heading\">Temas comunes<\/h2>\n\n\n\n<p>Recopilamos gu\u00edas y recursos sobre los temas m\u00e1s comunes a los que las personas se enfrentan. Estos recursos le ayudar\u00e1n a comprender c\u00f3mo puede crear una situaci\u00f3n en la que se sienta preparado.<\/p>\n\n\n<div id=\"ci-cards-grid-topics-block_b65a0b5505d802ba1b8fb791cbe4df01\" class=\"ci-cards ci-block-cards-grid-topics\">\n\t<div class=\"ci-cards-container ci-cards-grid\">\n\t\t\t<div class=\"ci-card ci-card-link page-2629\">\n\t\t\t<a href=\"https:\/\/www.caringinfo.org\/es\/planificar\/asuntos-financieros\/\">\n\t\t\t\t<div class=\"card-header\">\n\t\t\t\t\t<i class=\"card-icon far fa-fw fa-money-check-edit-alt\" aria-hidden=\"true\"><\/i>\t\t\t\n\t\t\t\t\t<div class=\"card-title\">Asuntos financieros<\/div>\n\t\t\t\t<\/div>\n\t\t\t\t<div class=\"card-desc\">Los desaf\u00edos financieros con frecuencia se presentan junto con las enfermedades graves y los cuidados. Conozca los muchos recursos de apoyo financiero y c\u00f3mo var\u00edan entre cada estado.<\/div>\n\t\t\t\t<div class=\"card-cta-icon\"><i class=\"fa-solid fa-circle-location-arrow fa-fw fa-lg fa-rotate-by\" style=\"--fa-rotate-angle: 45deg;\"><\/i><\/div>\n\t\t\t<\/a>\n\t\t<\/div>\n\t\t\n\t\t\t\t<div class=\"ci-card ci-card-link page-2643\">\n\t\t\t<a href=\"https:\/\/www.caringinfo.org\/es\/planificar\/como-afrontar-el-duelo-y-la-perdida\/\">\n\t\t\t\t<div class=\"card-header\">\n\t\t\t\t\t<i class=\"card-icon far fa-fw fa-heart-broken\" aria-hidden=\"true\"><\/i>\t\t\t\n\t\t\t\t\t<div class=\"card-title\">C\u00f3mo afrontar el duelo y la p\u00e9rdida<\/div>\n\t\t\t\t<\/div>\n\t\t\t\t<div class=\"card-desc\">Vivir el sufrimiento de una p\u00e9rdida y sentir el duelo es una experiencia tanto universal como intensamente personal, y puede intensificarse al brindar cuidados y presentar una enfermedad grave. Aprenda que no est\u00e1 solo.<\/div>\n\t\t\t\t<div class=\"card-cta-icon\"><i class=\"fa-solid fa-circle-location-arrow fa-fw fa-lg fa-rotate-by\" style=\"--fa-rotate-angle: 45deg;\"><\/i><\/div>\n\t\t\t<\/a>\n\t\t<\/div>\n\t\t\n\t\t\t\t<div class=\"ci-card ci-card-link page-2646\">\n\t\t\t<a href=\"https:\/\/www.caringinfo.org\/es\/planificar\/como-brindar-cuidados\/\">\n\t\t\t\t<div class=\"card-header\">\n\t\t\t\t\t<i class=\"card-icon far fa-fw fa-hand-heart\" aria-hidden=\"true\"><\/i>\t\t\t\n\t\t\t\t\t<div class=\"card-title\">C\u00f3mo brindar cuidados<\/div>\n\t\t\t\t<\/div>\n\t\t\t\t<div class=\"card-desc\">Tarde o temprano, la mayor\u00eda de nosotros seremos cuidadores. Muchos nunca nos imaginamos desempe\u00f1ando ese papel. Puede parecer bastante abrumador, pero le proporcionamos recursos que pueden ayudar.<\/div>\n\t\t\t\t<div class=\"card-cta-icon\"><i class=\"fa-solid fa-circle-location-arrow fa-fw fa-lg fa-rotate-by\" style=\"--fa-rotate-angle: 45deg;\"><\/i><\/div>\n\t\t\t<\/a>\n\t\t<\/div>\n\t\t\n\t\t\t\t<div class=\"ci-card ci-card-link page-2945\">\n\t\t\t<a href=\"https:\/\/www.caringinfo.org\/es\/planificar\/como-encontrar-opciones-de-cuidados-fuera-del-hogar\/\">\n\t\t\t\t<div class=\"card-header\">\n\t\t\t\t\t<i class=\"card-icon far fa-fw fa-handshake-angle\" aria-hidden=\"true\"><\/i>\t\t\t\n\t\t\t\t\t<div class=\"card-title\">C\u00f3mo encontrar opciones de cuidados fuera del hogar<\/div>\n\t\t\t\t<\/div>\n\t\t\t\t<div class=\"card-desc\">Las opciones a los cuidados en el hogar, o \u00abcuidados fuera del hogar\u00bb, se refieren a los establecimientos que ofrecen a los residentes un nivel de apoyo continuo que puede no ser posible cuando los cuidados se reciben en el hogar.<\/div>\n\t\t\t\t<div class=\"card-cta-icon\"><i class=\"fa-solid fa-circle-location-arrow fa-fw fa-lg fa-rotate-by\" style=\"--fa-rotate-angle: 45deg;\"><\/i><\/div>\n\t\t\t<\/a>\n\t\t<\/div>\n\t\t\n\t\t\t\t<div class=\"ci-card ci-card-link page-2621\">\n\t\t\t<a href=\"https:\/\/www.caringinfo.org\/es\/planificar\/como-hablar-sobre-enfermedades-graves-y-cuidados\/\">\n\t\t\t\t<div class=\"card-header\">\n\t\t\t\t\t<i class=\"card-icon far fa-fw fa-comments\" aria-hidden=\"true\"><\/i>\t\t\t\n\t\t\t\t\t<div class=\"card-title\">C\u00f3mo hablar sobre enfermedades graves y cuidados<\/div>\n\t\t\t\t<\/div>\n\t\t\t\t<div class=\"card-desc\">Las enfermedades graves representan un desaf\u00edo de comunicaci\u00f3n para todos. Proporcionamos orientaci\u00f3n sobre c\u00f3mo manejar hablar con muchas personas diferentes, incluidos nosotros mismos.<\/div>\n\t\t\t\t<div class=\"card-cta-icon\"><i class=\"fa-solid fa-circle-location-arrow fa-fw fa-lg fa-rotate-by\" style=\"--fa-rotate-angle: 45deg;\"><\/i><\/div>\n\t\t\t<\/a>\n\t\t<\/div>\n\t\t\n\t\t\t\t<div class=\"ci-card ci-card-link page-2663\">\n\t\t\t<a href=\"https:\/\/www.caringinfo.org\/es\/planificar\/instrucciones-anticipadas\/\">\n\t\t\t\t<div class=\"card-header\">\n\t\t\t\t\t<i class=\"card-icon far fa-fw fa-file-signature\" aria-hidden=\"true\"><\/i>\t\t\t\n\t\t\t\t\t<div class=\"card-title\">Instrucciones anticipadas<\/div>\n\t\t\t\t<\/div>\n\t\t\t\t<div class=\"card-desc\">Las instrucciones anticipadas, \u00f3rdenes m\u00e9dicas para el tratamiento de soporte vital (Physician Orders for Life Sustaining Treatment, POLST) y los agentes de atenci\u00f3n m\u00e9dica ayudan a informar a los dem\u00e1s qu\u00e9 cuidados desea y cu\u00e1les no en caso de que no pueda hablar por s\u00ed mismo.<\/div>\n\t\t\t\t<div class=\"card-cta-icon\"><i class=\"fa-solid fa-circle-location-arrow fa-fw fa-lg fa-rotate-by\" style=\"--fa-rotate-angle: 45deg;\"><\/i><\/div>\n\t\t\t<\/a>\n\t\t<\/div>\n\t\t\n\t\t\t\t<div class=\"ci-card ci-card-link page-3629\">\n\t\t\t<a href=\"https:\/\/www.caringinfo.org\/es\/planificar\/cuidados-en-el-hogar\/\">\n\t\t\t\t<div class=\"card-header\">\n\t\t\t\t\t<i class=\"card-icon far fa-fw fa-house-heart\" aria-hidden=\"true\"><\/i>\t\t\t\n\t\t\t\t\t<div class=\"card-title\">Planificaci\u00f3n de los cuidados en el hogar<\/div>\n\t\t\t\t<\/div>\n\t\t\t\t<div class=\"card-desc\">Nuestra gu\u00eda para planificar los cuidados en el hogar lo ayuda a responder sus preguntas sobre cu\u00e1ndo elegir los servicios de cuidados en el hogar, los tipos de cuidadores, c\u00f3mo pagar la atenci\u00f3n m\u00e9dica en el hogar y m\u00e1s.<\/div>\n\t\t\t\t<div class=\"card-cta-icon\"><i class=\"fa-solid fa-circle-location-arrow fa-fw fa-lg fa-rotate-by\" style=\"--fa-rotate-angle: 45deg;\"><\/i><\/div>\n\t\t\t<\/a>\n\t\t<\/div>\n\t\t\n\t\t\t\t<div class=\"ci-card ci-card-link page-2630\">\n\t\t\t<a href=\"https:\/\/www.caringinfo.org\/es\/planificar\/sus-derechos\/\">\n\t\t\t\t<div class=\"card-header\">\n\t\t\t\t\t<i class=\"card-icon far fa-fw fa-balance-scale\" aria-hidden=\"true\"><\/i>\t\t\t\n\t\t\t\t\t<div class=\"card-title\">Sus derechos<\/div>\n\t\t\t\t<\/div>\n\t\t\t\t<div class=\"card-desc\">Tanto los pacientes como los cuidadores tienen derechos y muchos de los derechos de los pacientes est\u00e1n garantizados por la ley federal. Aprenda sobre esos derechos y c\u00f3mo podr\u00edan aplicar para usted y otras personas.<\/div>\n\t\t\t\t<div class=\"card-cta-icon\"><i class=\"fa-solid fa-circle-location-arrow fa-fw fa-lg fa-rotate-by\" style=\"--fa-rotate-angle: 45deg;\"><\/i><\/div>\n\t\t\t<\/a>\n\t\t<\/div>\n\t\t\n\t\t\t<\/div>\n<\/div>\n\n\n<p><\/p>\n<\/div><\/div>\n<\/div><\/div><\/div>\n\n\n\n<div class=\"wp-block-genesis-blocks-gb-container alignwide ci-section ci-section-find-provider gb-block-container\"><div class=\"gb-container-inside\"><div class=\"gb-container-content\">\n<div class=\"wp-block-genesis-blocks-gb-columns gb-layout-columns-2 gb-2-col-equal alignwide\"><div class=\"gb-layout-column-wrap gb-block-layout-column-gap-2 gb-is-responsive-column\">\n<div class=\"wp-block-genesis-blocks-gb-column gb-block-layout-column\"><div class=\"gb-block-layout-column-inner\">\n<h2 class=\"wp-block-heading\">Encuentre un proveedor de cuidados<\/h2>\n\n\n\n<p>La National Alliance for Care at Home ha creado una herramienta que le permite encontrar proveedores de cuidados de hospicio, paliativos y para el duelo cerca de usted.<\/p>\n\n\n\n<div class=\"wp-block-buttons is-layout-flex wp-block-buttons-is-layout-flex\">\n<div class=\"wp-block-button is-style-outline-external\"><a class=\"wp-block-button__link wp-element-button\" href=\"https:\/\/allianceforcareathome.org\/find-a-provider\/ \" target=\"_blank\" rel=\"noreferrer noopener\">Start searching at allianceforcareathome.org<\/a><\/div>\n<\/div>\n<\/div><\/div>\n\n\n\n<div class=\"wp-block-genesis-blocks-gb-column gb-block-layout-column\"><div class=\"gb-block-layout-column-inner\">\n<figure class=\"wp-block-image size-large is-style-default\"><img loading=\"lazy\" decoding=\"async\" width=\"2000\" height=\"959\" src=\"https:\/\/www.caringinfo.org\/wp-content\/uploads\/2021\/02\/find-a-partner-texture-1.png\" alt=\"Se observa una computadora port&#xE1;til abierta. En la pantalla hay tres marcadores en un mapa con el logotipo de NHPCO.\" class=\"wp-image-309\" srcset=\"https:\/\/www.caringinfo.org\/wp-content\/uploads\/2021\/02\/find-a-partner-texture-1.png 2000w, https:\/\/www.caringinfo.org\/wp-content\/uploads\/2021\/02\/find-a-partner-texture-1-300x144.png 300w, https:\/\/www.caringinfo.org\/wp-content\/uploads\/2021\/02\/find-a-partner-texture-1-1024x491.png 1024w, https:\/\/www.caringinfo.org\/wp-content\/uploads\/2021\/02\/find-a-partner-texture-1-160x77.png 160w, https:\/\/www.caringinfo.org\/wp-content\/uploads\/2021\/02\/find-a-partner-texture-1-768x368.png 768w, https:\/\/www.caringinfo.org\/wp-content\/uploads\/2021\/02\/find-a-partner-texture-1-1536x737.png 1536w\" sizes=\"auto, (max-width: 2000px) 100vw, 2000px\" \/><\/figure>\n<\/div><\/div>\n<\/div><\/div>\n<\/div><\/div><\/div>\n","protected":false},"excerpt":{"rendered":"","protected":false},"author":6721,"featured_media":0,"parent":0,"menu_order":6,"comment_status":"closed","ping_status":"closed","template":"template-page-landing.php","meta":{"_acf_changed":false,"_genesis_hide_title":false,"_genesis_hide_breadcrumbs":false,"_genesis_hide_singular_image":false,"_genesis_hide_footer_widgets":false,"_genesis_custom_body_class":"landing-planning","_genesis_custom_post_class":"","_genesis_layout":"","footnotes":""},"topic":[],"typeofcare":[],"language":[],"class_list":{"0":"post-2625","1":"page","2":"type-page","3":"status-publish","5":"entry"},"acf":[],"featured_image_src":null,"featured_image_src_square":null,"_links":{"self":[{"href":"https:\/\/www.caringinfo.org\/es\/wp-json\/wp\/v2\/pages\/2625","targetHints":{"allow":["GET"]}}],"collection":[{"href":"https:\/\/www.caringinfo.org\/es\/wp-json\/wp\/v2\/pages"}],"about":[{"href":"https:\/\/www.caringinfo.org\/es\/wp-json\/wp\/v2\/types\/page"}],"author":[{"embeddable":true,"href":"https:\/\/www.caringinfo.org\/es\/wp-json\/wp\/v2\/users\/6721"}],"replies":[{"embeddable":true,"href":"https:\/\/www.caringinfo.org\/es\/wp-json\/wp\/v2\/comments?post=2625"}],"version-history":[{"count":0,"href":"https:\/\/www.caringinfo.org\/es\/wp-json\/wp\/v2\/pages\/2625\/revisions"}],"wp:attachment":[{"href":"https:\/\/www.caringinfo.org\/es\/wp-json\/wp\/v2\/media?parent=2625"}],"wp:term":[{"taxonomy":"topic","embeddable":true,"href":"https:\/\/www.caringinfo.org\/es\/wp-json\/wp\/v2\/topic?post=2625"},{"taxonomy":"typeofcare","embeddable":true,"href":"https:\/\/www.caringinfo.org\/es\/wp-json\/wp\/v2\/typeofcare?post=2625"},{"taxonomy":"language","embeddable":true,"href":"https:\/\/www.caringinfo.org\/es\/wp-json\/wp\/v2\/language?post=2625"}],"curies":[{"name":"wp","href":"https:\/\/api.w.org\/{rel}","templated":true}]}}