{"id":2637,"date":"2021-03-04T17:16:19","date_gmt":"2021-03-04T22:16:19","guid":{"rendered":"https:\/\/www.caringinfo.org\/?page_id=2637"},"modified":"2024-05-29T10:08:00","modified_gmt":"2024-05-29T14:08:00","slug":"que-son-las-instrucciones-anticipadas","status":"publish","type":"page","link":"https:\/\/www.caringinfo.org\/es\/planificar\/instrucciones-anticipadas\/que-son-las-instrucciones-anticipadas\/","title":{"rendered":"\u00bfQu\u00e9 son las instrucciones anticipadas?"},"content":{"rendered":"\n<p class=\"is-style-large\">Las instrucciones anticipadas son un t\u00e9rmino gen\u00e9rico para definir y expresar c\u00f3mo es que uno desea vivir y recibir tratamiento, as\u00ed como para los <a href=\"https:\/\/www.caringinfo.org\/es\/planificar\/instrucciones-anticipadas\/por-estado\/\">documentos de instrucciones anticipadas aprobados por el estado<\/a>, los cuales le permiten especificar esos detalles y, con frecuencia, designan a una persona (poder notarial de atenci\u00f3n m\u00e9dica) para hablar en su nombre cuando usted no pueda hacerlo.&nbsp;<\/p>\n\n\n\n<p>Otras palabras que se usan como t\u00e9rminos gen\u00e9ricos son <a href=\"https:\/\/www.caringinfo.org\/es\/blog\/instruccion-anticipada-frente-a-testamento-en-vida-cual-necesita\/\">testamento vital<\/a>, representante de atenci\u00f3n m\u00e9dica, <a href=\"https:\/\/www.caringinfo.org\/es\/planificar\/instrucciones-anticipadas\/como-elegir-a-un-agente-de-atencion-medica\/\">agente de atenci\u00f3n m\u00e9dica<\/a>, \u00f3rdenes de no reanimar (Do-not-resucitate, DNR) y <a href=\"https:\/\/www.caringinfo.org\/es\/planificar\/instrucciones-anticipadas\/las-polst-son-las-ordenes-medicas-para-el-tratamiento-de-soporte-vital\/\">\u00f3rdenes m\u00e9dicas para el tratamiento de soporte vital (Physician Orders for Life Sustaining Treatment, POLST)<\/a>.<\/p>\n\n\n\n<p>El prop\u00f3sito de las instrucciones anticipadas es permitirle hablar por s\u00ed mismo e informar a las dem\u00e1s personas sobre las decisiones que ha tomado y qu\u00e9 es importante para usted. Es una muy buena idea hablar con su c\u00edrculo cercano mientras <a href=\"https:\/\/www.caringinfo.org\/es\/planificar\/instrucciones-anticipadas\/como-crear-sus-instrucciones-anticipadas\/\">prepara sus instrucciones anticipadas<\/a>. Solo estar\u00e1 a la mitad del camino hasta que hable y comparta sus instrucciones anticipadas con los dem\u00e1s y <a href=\"https:\/\/www.caringinfo.org\/es\/planificar\/instrucciones-anticipadas\/como-guardar-y-recuperar-sus-instrucciones-anticipadas\/\">guarde su documento<\/a> en un lugar seguro y accesible.&nbsp;<\/p>\n\n\n\n<p>Aunque no necesita a un abogado para llenar sus instrucciones anticipadas, estas son legalmente v\u00e1lidas en cuanto las firma frente a los testigos requeridos. Las instrucciones anticipadas son legalmente v\u00e1lidas a lo largo de los Estados Unidos, pero las leyes que rigen las instrucciones anticipadas var\u00edan entre cada estado, por lo que es importante que complete y firme unas <a href=\"https:\/\/www.caringinfo.org\/es\/planificar\/instrucciones-anticipadas\/por-estado\/\">instrucciones anticipadas que cumplan la ley de su estado<\/a>.&nbsp;<\/p>\n\n\n\n<h2 class=\"wp-block-heading\">\u00bfCu\u00e1ndo se implementan las instrucciones anticipadas?<\/h2>\n\n\n\n<p>Los t\u00e9cnicos m\u00e9dicos de emergencias no pueden respetar las instrucciones anticipadas, testamentos vitales o poderes notariales de atenci\u00f3n m\u00e9dica. Pero s\u00ed pueden respetar las <a href=\"https:\/\/www.caringinfo.org\/es\/planificar\/instrucciones-anticipadas\/las-polst-son-las-ordenes-medicas-para-el-tratamiento-de-soporte-vital\/\">POLST<\/a> y las \u00f3rdenes de DNR. Si no se presentan estos documentos cuando se llama al personal de emergencias, ellos har\u00e1n lo necesario para estabilizar a la persona y transferirla a un hospital, tanto desde el sitio de un accidente como desde su hogar u otro centro. Despu\u00e9s de que un m\u00e9dico eval\u00fae por completo la condici\u00f3n de la persona y determine cu\u00e1les son sus afecciones subyacentes, se podr\u00e1n implementar las instrucciones anticipadas.<\/p>\n\n\n\n<h2 class=\"wp-block-heading\">\u00bfQu\u00e9 tipo de instrucciones anticipadas quiere?<\/h2>\n\n\n\n<p>Las instrucciones anticipadas m\u00e1s \u00fatiles var\u00edan seg\u00fan la etapa de la vida en la que se encuentre. Cuando es joven y est\u00e1 saludable, solo puede hablar en t\u00e9rminos generales sobre sus prioridades.<\/p>\n\n\n\n<p>Cuando una persona desarrolla una afecci\u00f3n o enfermedad cr\u00f3nica, tiene una idea m\u00e1s clara de lo que podr\u00eda ocurrir y puede ser m\u00e1s espec\u00edfica sobre lo que quiere. Cuando una persona tiene una afecci\u00f3n que limita la vida, es muy importante ser expl\u00edcita con respecto a sus deseos.&nbsp;<\/p>\n\n\n\n<h3 class=\"wp-block-heading\">A continuaci\u00f3n hay una gu\u00eda para cada etapa:&nbsp;<\/h3>\n\n\n\n<ul class=\"wp-block-list\">\n<li><strong>Est\u00e1 saludable.<\/strong> Quiere completar sus instrucciones anticipadas para que, en caso de que algo repentino suceda y no pueda hablar por s\u00ed mismo, los dem\u00e1s sepan qu\u00e9 quiere en t\u00e9rminos generales. El <a href=\"https:\/\/www.caringinfo.org\/es\/planificar\/covid-19\/\">COVID<\/a> nos ense\u00f1\u00f3 que pueden ocurrir situaciones inesperadas.&nbsp;<\/li>\n\n\n\n<li><strong>Tiene una afecci\u00f3n cr\u00f3nica.<\/strong> Tambi\u00e9n quiere completar sus instrucciones anticipadas. Dado que sabe sobre su enfermedad y su desarrollo, puede ser m\u00e1s espec\u00edfico para indicar qu\u00e9 quiere y qu\u00e9 no quiere.<\/li>\n\n\n\n<li><strong>Tiene una enfermedad grave.&nbsp;<\/strong>Tambi\u00e9n quiere completar sus instrucciones anticipadas. Dado que sabe sobre su enfermedad y su desarrollo, puede ser m\u00e1s espec\u00edfico para indicar qu\u00e9 quiere y qu\u00e9 no quiere. Dependiendo del desarrollo previsto, tambi\u00e9n puede presentar sus <a href=\"https:\/\/www.caringinfo.org\/es\/planificar\/instrucciones-anticipadas\/las-polst-son-las-ordenes-medicas-para-el-tratamiento-de-soporte-vital\/\">POLST<\/a>.<\/li>\n\n\n\n<li><strong>Sabe que no le queda mucho tiempo.<\/strong>&nbsp;Las instrucciones anticipadas pueden ser \u00fatiles porque contienen m\u00e1s informaci\u00f3n y matices que las <a href=\"https:\/\/www.caringinfo.org\/es\/planificar\/instrucciones-anticipadas\/las-polst-son-las-ordenes-medicas-para-el-tratamiento-de-soporte-vital\/\">POLST<\/a>, pero definitivamente debe contar con las <a href=\"https:\/\/www.caringinfo.org\/es\/planificar\/instrucciones-anticipadas\/las-polst-son-las-ordenes-medicas-para-el-tratamiento-de-soporte-vital\/\">POLST<\/a>, las cuales incluyen la firma de un m\u00e9dico y especifican qu\u00e9 tratamientos quiere y no quiere al final de la vida.&nbsp;<\/li>\n<\/ul>\n\n\n\n<p>Para m\u00e1s recursos a fin de ayudarle a pensar sobre sus prioridades en cualquier etapa de la vida y <a href=\"https:\/\/www.caringinfo.org\/es\/planificar\/como-hablar-sobre-enfermedades-graves-y-cuidados\/como-hablar-con-su-circulo-cercano\/\">ayudarle a compartir esas prioridades con los dem\u00e1s<\/a>, consulte la <a href=\"https:\/\/theconversationproject.org\/get-started\" target=\"_blank\" rel=\"noreferrer noopener\">Gu\u00eda para iniciar conversaciones del Proyecto de Conversaciones<\/a>.<\/p>\n\n\n\n<h2 class=\"wp-block-heading\">\u00bfLas instrucciones anticipadas tienen fecha de vencimiento?<\/h2>\n\n\n\n<p>Las instrucciones anticipadas no tienen fecha de vencimiento. Las instrucciones anticipadas permanecen en vigor hasta que las modifique. Si completa nuevas instrucciones anticipadas, estas invalidan las anteriores.<\/p>\n\n\n\n<p>Deber\u00e1 revisar sus instrucciones anticipadas de manera peri\u00f3dica para asegurarse de que a\u00fan reflejen sus deseos. Si desea modificar cualquier detalle de las instrucciones anticipadas, una vez que termine, deber\u00e1 completar un nuevo documento.<\/p>\n\n\n\n<h2 class=\"wp-block-heading\">Instrucciones anticipadas digitales o en video<\/h2>\n\n\n\n<p>\u00a1No lo olvide! Si todos estos documentos son demasiado confusos o dif\u00edciles, o si no tiene tiempo, <a href=\"https:\/\/www.caringinfo.org\/es\/planificar\/instrucciones-anticipadas\/instrucciones-anticipadas-digitales-y-en-video\/\">puede hacer y enviar un video<\/a> en su tel\u00e9fono en el que indique sus deseos, lo cual puede ser de ayuda para las personas que lo representen sin importar las circunstancias.\u00a0<\/p>\n\n\n\n<p>Las instrucciones anticipadas son un tipo de documento para dar a conocer sus deseos. Lea c\u00f3mo <a href=\"https:\/\/www.caringinfo.org\/es\/blog\/tipos-de-documentos-para-dar-a-conocer-los-deseos-de-atencion-medica\/\">las instrucciones anticipadas funcionan junto con los poderes notariales, las \u00f3rdenes DNR y las \u00f3rdenes POLST<\/a>.\u00a0<\/p>\n","protected":false},"excerpt":{"rendered":"<p>Las instrucciones anticipadas son un t\u00e9rmino gen\u00e9rico para definir y expresar c\u00f3mo es que uno desea vivir y recibir tratamiento, as\u00ed como para los documentos de instrucciones anticipadas aprobados por el estado, los cuales le permiten especificar esos detalles y, con frecuencia, designan a una persona (poder notarial de atenci\u00f3n m\u00e9dica) para hablar en su [&hellip;]<\/p>\n","protected":false},"author":6721,"featured_media":0,"parent":2663,"menu_order":1,"comment_status":"closed","ping_status":"closed","template":"","meta":{"_acf_changed":false,"_genesis_hide_title":false,"_genesis_hide_breadcrumbs":false,"_genesis_hide_singular_image":false,"_genesis_hide_footer_widgets":false,"_genesis_custom_body_class":"","_genesis_custom_post_class":"","_genesis_layout":"","footnotes":""},"topic":[],"typeofcare":[],"language":[],"class_list":{"0":"post-2637","1":"page","2":"type-page","3":"status-publish","5":"entry"},"acf":[],"featured_image_src":null,"featured_image_src_square":null,"_links":{"self":[{"href":"https:\/\/www.caringinfo.org\/es\/wp-json\/wp\/v2\/pages\/2637","targetHints":{"allow":["GET"]}}],"collection":[{"href":"https:\/\/www.caringinfo.org\/es\/wp-json\/wp\/v2\/pages"}],"about":[{"href":"https:\/\/www.caringinfo.org\/es\/wp-json\/wp\/v2\/types\/page"}],"author":[{"embeddable":true,"href":"https:\/\/www.caringinfo.org\/es\/wp-json\/wp\/v2\/users\/6721"}],"replies":[{"embeddable":true,"href":"https:\/\/www.caringinfo.org\/es\/wp-json\/wp\/v2\/comments?post=2637"}],"version-history":[{"count":0,"href":"https:\/\/www.caringinfo.org\/es\/wp-json\/wp\/v2\/pages\/2637\/revisions"}],"up":[{"embeddable":true,"href":"https:\/\/www.caringinfo.org\/es\/wp-json\/wp\/v2\/pages\/2663"}],"wp:attachment":[{"href":"https:\/\/www.caringinfo.org\/es\/wp-json\/wp\/v2\/media?parent=2637"}],"wp:term":[{"taxonomy":"topic","embeddable":true,"href":"https:\/\/www.caringinfo.org\/es\/wp-json\/wp\/v2\/topic?post=2637"},{"taxonomy":"typeofcare","embeddable":true,"href":"https:\/\/www.caringinfo.org\/es\/wp-json\/wp\/v2\/typeofcare?post=2637"},{"taxonomy":"language","embeddable":true,"href":"https:\/\/www.caringinfo.org\/es\/wp-json\/wp\/v2\/language?post=2637"}],"curies":[{"name":"wp","href":"https:\/\/api.w.org\/{rel}","templated":true}]}}