{"id":2638,"date":"2021-03-04T17:20:36","date_gmt":"2021-03-04T22:20:36","guid":{"rendered":"https:\/\/www.caringinfo.org\/?page_id=2638"},"modified":"2026-01-20T18:34:53","modified_gmt":"2026-01-20T23:34:53","slug":"como-crear-sus-instrucciones-anticipadas","status":"publish","type":"page","link":"https:\/\/www.caringinfo.org\/es\/planificar\/instrucciones-anticipadas\/como-crear-sus-instrucciones-anticipadas\/","title":{"rendered":"C\u00f3mo crear sus instrucciones anticipadas"},"content":{"rendered":"\n<p class=\"is-style-large\">El prop\u00f3sito de las instrucciones anticipadas es permitirle hablar por s\u00ed mismo e informar a las dem\u00e1s personas sobre las decisiones que ha tomado y qu\u00e9 es importante para usted. Es una muy buena idea hablar con su c\u00edrculo cercano mientras prepara sus instrucciones anticipadas.<\/p>\n\n\n\n<p>Recuerde que solo estar\u00e1 a la mitad del camino hasta que hable y comparta sus instrucciones anticipadas con los dem\u00e1s y <a href=\"https:\/\/www.caringinfo.org\/es\/planificar\/instrucciones-anticipadas\/como-guardar-y-recuperar-sus-instrucciones-anticipadas\/\">guarde su documento<\/a> en un lugar seguro y accesible.<\/p>\n\n\n\n<h2 class=\"wp-block-heading\">\u00bfQu\u00e9 documentos legales necesita crear?<\/h2>\n\n\n\n<p>Las instrucciones anticipadas m\u00e1s \u00fatiles var\u00edan seg\u00fan la etapa de la vida en la que se encuentre. Cuando es joven y est\u00e1 saludable, solo puede hablar en t\u00e9rminos generales sobre sus prioridades. Cuando una persona desarrolla una afecci\u00f3n o enfermedad cr\u00f3nica, tiene una idea m\u00e1s clara de lo que podr\u00eda ocurrir y puede ser m\u00e1s espec\u00edfica sobre lo que quiere. Cuando una persona tiene una afecci\u00f3n que limita la vida, es muy importante ser expl\u00edcita con respecto a sus deseos.<\/p>\n\n\n\n<h3 class=\"wp-block-heading\">A continuaci\u00f3n hay una gu\u00eda para cada etapa:&nbsp;<\/h3>\n\n\n\n<ul class=\"wp-block-list\">\n<li><strong>Est\u00e1 saludable:<\/strong> Quiere completar sus instrucciones anticipadas para que, en caso de que algo repentino suceda y no pueda hablar por s\u00ed mismo, los dem\u00e1s sepan qu\u00e9 quiere en t\u00e9rminos generales. El <a href=\"https:\/\/www.caringinfo.org\/es\/planificar\/covid-19\/\">COVID<\/a> nos ense\u00f1\u00f3 que pueden ocurrir situaciones inesperadas.&nbsp;<\/li>\n\n\n\n<li><strong>Tiene una afecci\u00f3n cr\u00f3nica:<\/strong> Tambi\u00e9n quiere completar sus instrucciones anticipadas. Dado que sabe sobre su enfermedad y su desarrollo, puede ser m\u00e1s espec\u00edfico para indicar qu\u00e9 quiere y qu\u00e9 no quiere.<\/li>\n\n\n\n<li><strong>Tiene una enfermedad grave:<\/strong>&nbsp;Tambi\u00e9n quiere completar sus instrucciones anticipadas. Dado que sabe sobre su enfermedad y su desarrollo, puede ser m\u00e1s espec\u00edfico para indicar qu\u00e9 quiere y qu\u00e9 no quiere. Dependiendo del desarrollo previsto, tambi\u00e9n puede presentar sus <a href=\"https:\/\/www.caringinfo.org\/es\/planificar\/instrucciones-anticipadas\/las-polst-son-las-ordenes-medicas-para-el-tratamiento-de-soporte-vital\/\">POLST<\/a>.<\/li>\n\n\n\n<li><strong>Sabe que no le queda mucho tiempo:<\/strong>&nbsp;Las instrucciones anticipadas pueden ser \u00fatiles porque contienen m\u00e1s informaci\u00f3n y matices que las <a href=\"https:\/\/www.caringinfo.org\/es\/planificar\/instrucciones-anticipadas\/las-polst-son-las-ordenes-medicas-para-el-tratamiento-de-soporte-vital\/\">POLST<\/a>, pero definitivamente debe contar con las <a href=\"https:\/\/www.caringinfo.org\/es\/planificar\/instrucciones-anticipadas\/las-polst-son-las-ordenes-medicas-para-el-tratamiento-de-soporte-vital\/\">POLST<\/a>, las cuales incluyen la firma de un m\u00e9dico y especifican qu\u00e9 tratamientos quiere y no quiere al final de la vida.&nbsp;<\/li>\n<\/ul>\n\n\n\n<h2 class=\"wp-block-heading\" id=\"que-tipos-de-tratamientos\">\u00bfC\u00f3mo saber qu\u00e9 tipos de tratamientos quiere y no quiere?<\/h2>\n\n\n\n<p>Si tiene una enfermedad o afecci\u00f3n espec\u00edfica, aprenda todo lo que pueda sobre ella. Hable con su m\u00e9dico y otros proveedores de atenci\u00f3n m\u00e9dica, consulte sitios web confiables, como WebMD y MayoClinic, o el sitio web de su propia instituci\u00f3n. Mientras m\u00e1s sepa, mejor podr\u00e1 entender cu\u00e1les son los tratamientos probables, sus beneficios y riesgos, y c\u00f3mo se ajustan con sus valores y postura ante la vida. Por ejemplo, la mayor\u00eda de nosotros no sabemos en realidad c\u00f3mo se ve y se siente la reanimaci\u00f3n. Hay recursos disponibles para explicarle estos y otros t\u00e9rminos:&nbsp;<\/p>\n\n\n\n<ul class=\"wp-block-list\">\n<li>La <a href=\"https:\/\/coalitionccc.org\/CCCC\/Resources\/Decision-Aids-for-Healthcare-Providers\/CCCC\/Resources\/Decision-Aids-for-Healthcare-Providers.aspx\" target=\"_blank\" rel=\"noreferrer noopener\">Coalition for Compassionate Care of California<\/a> ha desarrollado videos y apoyos para tomar decisiones en ingl\u00e9s, espa\u00f1ol, chino y vietnamita, en los cuales describe varios tratamientos (despl\u00e1cese a las vistas en miniatura en la parte inferior de la p\u00e1gina).<\/li>\n\n\n\n<li>Fair Health Consumer <a href=\"https:\/\/www.fairhealthconsumer.org\/shared-decision-making\" target=\"_blank\" rel=\"noreferrer noopener\">ofrece apoyos para tomar decisiones<\/a>, as\u00ed como informaci\u00f3n sobre los <a href=\"http:\/\/www.fairhealthconsumer.org\" target=\"_blank\" rel=\"noreferrer noopener\">costos de los cuidados<\/a>.<\/li>\n<\/ul>\n\n\n\n<h2 class=\"wp-block-heading\">\u00bfHay recursos para ayudarle a crear sus instrucciones anticipadas o POLST?<\/h2>\n\n\n\n<p>S\u00ed. El mejor proceso para prepararse a fin de escribir sus instrucciones anticipadas incluye entender su estado de salud, hablar con sus seres queridos y pensar en lo que es importante para usted. Hable con un amigo o familiar, con su m\u00e9dico u otro proveedor, con un pastor o con cualquier persona que se preocupe por usted y est\u00e9 dispuesta a ayudar. M\u00e1s all\u00e1 de esto, hay muchos sitios web que ofrecen gu\u00edas para tomar decisiones sobre las instrucciones anticipadas. La mayor\u00eda son gratuitas, pero siempre debe revisar con atenci\u00f3n los t\u00e9rminos antes de usarlas.<\/p>\n\n\n\n<p>En orden alfab\u00e9tico, son las siguientes:<\/p>\n\n\n\n<ul class=\"wp-block-list\">\n<li><em>ADVault<\/em> ofrece <a href=\"http:\/\/MyDirectives.com\" target=\"_blank\" rel=\"noreferrer noopener\">MyDirectives.com<\/a>, un sitio web que lo guiar\u00e1 para completar sus instrucciones anticipadas y designar a un agente de atenci\u00f3n m\u00e9dica. Ofrecen un proceso facilitado, firmas en l\u00ednea y notarizaci\u00f3n (si es necesario), almacenamiento en la nube y disponibilidad en todo el mundo.<\/li>\n\n\n\n<li><em><a href=\"http:\/\/www.fivewishes.org\" target=\"_blank\" rel=\"noreferrer noopener\">Five Wishes<\/a><\/em> es un programa de Aging with Dignity y ofrece recursos a fin de planificar los cuidados anticipados para personas y familias por una cuota nominal. Colaboran con ADVault para almacenar sus documentos.<\/li>\n\n\n\n<li><a href=\"http:\/\/www.planningmyway.org\" target=\"_blank\" rel=\"noreferrer noopener\">Planning My Way<\/a> es un proyecto de la Cunniff-Dixon Foundation. El sitio web ofrece orientaci\u00f3n gratuita sobre la planificaci\u00f3n de los cuidados anticipados y documentaci\u00f3n tanto en ingl\u00e9s como en espa\u00f1ol.<\/li>\n\n\n\n<li><a href=\"http:\/\/www.prepareforyourcare.org\" target=\"_blank\" rel=\"noreferrer noopener\"><em>PREPARE for your Care<\/em><\/a> ofrece ayuda para crear sus documentos, as\u00ed como instrucciones anticipadas en ingl\u00e9s, espa\u00f1ol y otros idiomas. Pueden completarse en l\u00ednea y descargarse para firmarlos.<\/li>\n<\/ul>\n\n\n\n<p>Obtenga m\u00e1s informaci\u00f3n sobre c\u00f3mo <a href=\"https:\/\/www.caringinfo.org\/es\/blog\/tipos-de-documentos-para-dar-a-conocer-los-deseos-de-atencion-medica\/\">las instrucciones anticipadas funcionan junto con los poderes notariales, las \u00f3rdenes DNR y las \u00f3rdenes POLST<\/a>.&nbsp;<\/p>\n","protected":false},"excerpt":{"rendered":"<p>El prop\u00f3sito de las instrucciones anticipadas es permitirle hablar por s\u00ed mismo e informar a las dem\u00e1s personas sobre las decisiones que ha tomado y qu\u00e9 es importante para usted. Es una muy buena idea hablar con su c\u00edrculo cercano mientras prepara sus instrucciones anticipadas. Recuerde que solo estar\u00e1 a la mitad del camino hasta [&hellip;]<\/p>\n","protected":false},"author":6721,"featured_media":0,"parent":2663,"menu_order":3,"comment_status":"closed","ping_status":"closed","template":"","meta":{"_acf_changed":false,"_genesis_hide_title":false,"_genesis_hide_breadcrumbs":false,"_genesis_hide_singular_image":false,"_genesis_hide_footer_widgets":false,"_genesis_custom_body_class":"","_genesis_custom_post_class":"","_genesis_layout":"","footnotes":""},"topic":[],"typeofcare":[],"language":[],"class_list":{"0":"post-2638","1":"page","2":"type-page","3":"status-publish","5":"entry"},"acf":[],"featured_image_src":null,"featured_image_src_square":null,"_links":{"self":[{"href":"https:\/\/www.caringinfo.org\/es\/wp-json\/wp\/v2\/pages\/2638","targetHints":{"allow":["GET"]}}],"collection":[{"href":"https:\/\/www.caringinfo.org\/es\/wp-json\/wp\/v2\/pages"}],"about":[{"href":"https:\/\/www.caringinfo.org\/es\/wp-json\/wp\/v2\/types\/page"}],"author":[{"embeddable":true,"href":"https:\/\/www.caringinfo.org\/es\/wp-json\/wp\/v2\/users\/6721"}],"replies":[{"embeddable":true,"href":"https:\/\/www.caringinfo.org\/es\/wp-json\/wp\/v2\/comments?post=2638"}],"version-history":[{"count":0,"href":"https:\/\/www.caringinfo.org\/es\/wp-json\/wp\/v2\/pages\/2638\/revisions"}],"up":[{"embeddable":true,"href":"https:\/\/www.caringinfo.org\/es\/wp-json\/wp\/v2\/pages\/2663"}],"wp:attachment":[{"href":"https:\/\/www.caringinfo.org\/es\/wp-json\/wp\/v2\/media?parent=2638"}],"wp:term":[{"taxonomy":"topic","embeddable":true,"href":"https:\/\/www.caringinfo.org\/es\/wp-json\/wp\/v2\/topic?post=2638"},{"taxonomy":"typeofcare","embeddable":true,"href":"https:\/\/www.caringinfo.org\/es\/wp-json\/wp\/v2\/typeofcare?post=2638"},{"taxonomy":"language","embeddable":true,"href":"https:\/\/www.caringinfo.org\/es\/wp-json\/wp\/v2\/language?post=2638"}],"curies":[{"name":"wp","href":"https:\/\/api.w.org\/{rel}","templated":true}]}}