{"id":2639,"date":"2021-03-04T17:26:20","date_gmt":"2021-03-04T22:26:20","guid":{"rendered":"https:\/\/www.caringinfo.org\/?page_id=2639"},"modified":"2026-01-20T19:20:39","modified_gmt":"2026-01-21T00:20:39","slug":"como-guardar-y-recuperar-sus-instrucciones-anticipadas","status":"publish","type":"page","link":"https:\/\/www.caringinfo.org\/es\/planificar\/instrucciones-anticipadas\/como-guardar-y-recuperar-sus-instrucciones-anticipadas\/","title":{"rendered":"C\u00f3mo guardar y recuperar sus instrucciones anticipadas"},"content":{"rendered":"\n<p class=\"is-style-large\">Las instrucciones anticipadas solo funcionan si est\u00e1n disponibles cuando se necesitan, lo cual es dif\u00edcil de predecir. El Internet ha facilitado mucho el almacenamiento y la recuperaci\u00f3n de las instrucciones anticipadas.<\/p>\n\n\n\n<p>Hay muchos lugares donde puede guardar copias (u originales) de los documentos, pero es necesario considerar algunos factores al decidir d\u00f3nde guardarlos:<\/p>\n\n\n\n<ul class=\"wp-block-list\">\n<li>Deben ser port\u00e1tiles, deben estar disponibles donde sea que se encuentre en el mundo.<\/li>\n\n\n\n<li>Deben estar disponibles de manera oportuna.<\/li>\n\n\n\n<li>Deber guardarse en un lugar seguro a prueba de robos, incendios, inundaciones u otros desastres naturales.<\/li>\n<\/ul>\n\n\n\n<p>Aseg\u00farese de que sus m\u00e9dicos tengan copias de sus instrucciones anticipadas y proporcione copias a todos los que podr\u00edan estar involucrados con su atenci\u00f3n m\u00e9dica, como su familia, un sacerdote o amigos. Su hospital local tambi\u00e9n puede estar dispuesto a almacenar sus instrucciones anticipadas en caso de que lo hospitalicen en el futuro. De hecho, los hospitales solicitan con frecuencia las instrucciones anticipadas antes de la hospitalizaci\u00f3n, por lo que deber\u00e1 llevar las suyas.<\/p>\n\n\n\n<h2 class=\"wp-block-heading\">Si tiene un documento original en PAPEL<\/h2>\n\n\n\n<ul class=\"wp-block-list\">\n<li>S\u00e1quele copias y entr\u00e9guelas a las personas designadas como sus representantes mediante un poder notarial de atenci\u00f3n m\u00e9dica, a su c\u00edrculo cercano y a su m\u00e9dico. Lleve una copia consigo cuando vaya al hospital.<\/li>\n\n\n\n<li>Guarde el documento original en un lugar seguro, pero f\u00e1cil de encontrar, e informe a los dem\u00e1s de qu\u00e9 se trata. NO lo guarde en una caja de seguridad.<\/li>\n\n\n\n<li>Si puede escanear sus instrucciones anticipadas, hay varios servicios que pueden almacenarlas y ponerlas a disposici\u00f3n bajo pedido, dondequiera que se encuentre. Algunas son gratuitas para los usuarios y otras tienen una tarifa, as\u00ed que revise el sitio web con atenci\u00f3n.<\/li>\n<\/ul>\n\n\n\n<p>Los servicios incluyen:<\/p>\n\n\n\n<ul class=\"wp-block-list\">\n<li><a href=\"https:\/\/www.medicalert.com\" target=\"_blank\" rel=\"noreferrer noopener\"><em>MedicAlert<\/em><\/a><\/li>\n\n\n\n<li><a href=\"https:\/\/www.mydirectives.com\" target=\"_blank\" rel=\"noreferrer noopener\"><em>MyDirectives\u00ae<\/em><\/a> de AD Vault<\/li>\n\n\n\n<li><a href=\"https:\/\/www.usacpr.com\/\" target=\"_blank\" rel=\"noreferrer noopener\"><em>U.S. Advance Care Plan Registry<\/em><\/a><\/li>\n<\/ul>\n\n\n\n<h2 class=\"wp-block-heading\">Si tiene instrucciones anticipadas DIGITALES o en VIDEO<\/h2>\n\n\n\n<p>Puede guardarlas en su tel\u00e9fono, computadora o en la nube. Puede aprender <a href=\"https:\/\/www.caringinfo.org\/es\/planificar\/instrucciones-anticipadas\/instrucciones-anticipadas-digitales-y-en-video\/\">sobre los servicios relacionados con las instrucciones anticipadas digitales o en video<\/a> aqu\u00ed en CaringInfo.<\/p>\n","protected":false},"excerpt":{"rendered":"<p>Las instrucciones anticipadas solo funcionan si est\u00e1n disponibles cuando se necesitan, lo cual es dif\u00edcil de predecir. El Internet ha facilitado mucho el almacenamiento y la recuperaci\u00f3n de las instrucciones anticipadas. Hay muchos lugares donde puede guardar copias (u originales) de los documentos, pero es necesario considerar algunos factores al decidir d\u00f3nde guardarlos: Aseg\u00farese de [&hellip;]<\/p>\n","protected":false},"author":6721,"featured_media":0,"parent":2663,"menu_order":4,"comment_status":"closed","ping_status":"closed","template":"","meta":{"_acf_changed":false,"_genesis_hide_title":false,"_genesis_hide_breadcrumbs":false,"_genesis_hide_singular_image":false,"_genesis_hide_footer_widgets":false,"_genesis_custom_body_class":"","_genesis_custom_post_class":"","_genesis_layout":"","footnotes":""},"topic":[],"typeofcare":[],"language":[],"class_list":{"0":"post-2639","1":"page","2":"type-page","3":"status-publish","5":"entry"},"acf":[],"featured_image_src":null,"featured_image_src_square":null,"_links":{"self":[{"href":"https:\/\/www.caringinfo.org\/es\/wp-json\/wp\/v2\/pages\/2639","targetHints":{"allow":["GET"]}}],"collection":[{"href":"https:\/\/www.caringinfo.org\/es\/wp-json\/wp\/v2\/pages"}],"about":[{"href":"https:\/\/www.caringinfo.org\/es\/wp-json\/wp\/v2\/types\/page"}],"author":[{"embeddable":true,"href":"https:\/\/www.caringinfo.org\/es\/wp-json\/wp\/v2\/users\/6721"}],"replies":[{"embeddable":true,"href":"https:\/\/www.caringinfo.org\/es\/wp-json\/wp\/v2\/comments?post=2639"}],"version-history":[{"count":0,"href":"https:\/\/www.caringinfo.org\/es\/wp-json\/wp\/v2\/pages\/2639\/revisions"}],"up":[{"embeddable":true,"href":"https:\/\/www.caringinfo.org\/es\/wp-json\/wp\/v2\/pages\/2663"}],"wp:attachment":[{"href":"https:\/\/www.caringinfo.org\/es\/wp-json\/wp\/v2\/media?parent=2639"}],"wp:term":[{"taxonomy":"topic","embeddable":true,"href":"https:\/\/www.caringinfo.org\/es\/wp-json\/wp\/v2\/topic?post=2639"},{"taxonomy":"typeofcare","embeddable":true,"href":"https:\/\/www.caringinfo.org\/es\/wp-json\/wp\/v2\/typeofcare?post=2639"},{"taxonomy":"language","embeddable":true,"href":"https:\/\/www.caringinfo.org\/es\/wp-json\/wp\/v2\/language?post=2639"}],"curies":[{"name":"wp","href":"https:\/\/api.w.org\/{rel}","templated":true}]}}