{"id":2640,"date":"2021-03-04T17:30:56","date_gmt":"2021-03-04T22:30:56","guid":{"rendered":"https:\/\/www.caringinfo.org\/?page_id=2640"},"modified":"2023-10-22T20:53:36","modified_gmt":"2023-10-23T00:53:36","slug":"instrucciones-anticipadas-digitales-y-en-video","status":"publish","type":"page","link":"https:\/\/www.caringinfo.org\/es\/planificar\/instrucciones-anticipadas\/instrucciones-anticipadas-digitales-y-en-video\/","title":{"rendered":"Instrucciones anticipadas digitales y en video"},"content":{"rendered":"\n<p class=\"is-style-large\">Las instrucciones anticipadas digitales son aquellas que solo existen en l\u00ednea. Se llenaron, notarizaron (de ser necesario) y se almacenaron en l\u00ednea. Puede existir o no una versi\u00f3n en papel. Las instrucciones anticipadas digitales son convenientes porque se pueden descargar dondequiera que haya acceso a Internet.<\/p>\n\n\n\n<p class=\"is-style-large\">Las instrucciones anticipadas en video son una versi\u00f3n grabada en l\u00ednea de las instrucciones anticipadas de atenci\u00f3n m\u00e9dica, las cuales pueden usarse para complementar o reemplazar los documentos legales m\u00e1s tradicionales en algunos estados.&nbsp;<\/p>\n\n\n\n<h2 class=\"wp-block-heading\">Instrucciones anticipadas digitales<\/h2>\n\n\n\n<p>Las instrucciones anticipadas digitales son convenientes porque pueden almacenarse en l\u00ednea y se puede acceder a ellas en dondequiera que haya conexi\u00f3n a Internet. Las instrucciones anticipadas digitales pueden o no ser el documento legal exacto adoptado por cada estado. <\/p>\n\n\n\n<p>Algunos de los proveedores de instrucciones anticipadas digitales han adoptado un formato universal que proporciona la misma orientaci\u00f3n, pero podr\u00eda no tener respaldo legal. Sin embargo, proporcionan orientaci\u00f3n para quien sea que hable en nombre del paciente y el equipo m\u00e9dico.<\/p>\n\n\n\n<h2 class=\"wp-block-heading\">Instrucciones anticipadas en video<\/h2>\n\n\n\n<p>Las instrucciones anticipadas tradicionales son <a href=\"https:\/\/www.caringinfo.org\/es\/planificar\/instrucciones-anticipadas\/por-estado\/\">documentos legales adoptados por cada estado<\/a>, mientras que las instrucciones anticipadas en video son un desarrollo m\u00e1s reciente que est\u00e1 ganando popularidad y est\u00e1 comenzando a adoptarse en algunos estados. Los beneficios de las instrucciones anticipadas en video son que pueden ser m\u00e1s amigables con los usuarios y facilitar que un paciente exprese sus deseos con menos ambig\u00fcedad. Pueden tomar la forma de un video simple autogenerado en un tel\u00e9fono celular o grabaciones m\u00e1s formales proporcionadas por varias compa\u00f1\u00edas, algunas son gratuitas, otras requieren inscripci\u00f3n y est\u00e1n respaldadas por publicidad, y algunas ofrecen servicios pagados. Algunas compa\u00f1\u00edas que ofrecen estas instrucciones anticipadas digitales tambi\u00e9n ofrecen aplicaciones m\u00f3viles y almacenamiento en la nube.<\/p>\n\n\n\n<h2 class=\"wp-block-heading\">Proveedores de servicios de instrucciones anticipadas digitales y en video<\/h2>\n\n\n\n<p>La siguiente lista incluye proveedores que ofrecen instrucciones anticipadas digitales y en video directamente a los consumidores. Revise con atenci\u00f3n los sitios web y sus ofertas para que entienda el servicio espec\u00edfico.&nbsp;<\/p>\n\n\n\n<ul class=\"wp-block-list\">\n<li>AD Vault ofrece <a href=\"https:\/\/mydirectives.com\/\" target=\"_blank\" rel=\"noreferrer noopener\">MyDirectives\u00ae y MyDirectives MOBILE<sup>TM<\/sup><\/a>: disponible para dispositivos Apple y Android.<\/li>\n\n\n\n<li>Apple\u00ae<strong>: <\/strong><a href=\"https:\/\/www.apple.com\/ios\/health\/\" target=\"_blank\" rel=\"noreferrer noopener\">la aplicaci\u00f3n de Salud de Apple<\/a>, precargada en muchos iPhones, tiene un espacio para almacenar sus instrucciones. En el iPhone, busque el \u00edcono de coraz\u00f3n rojo.<\/li>\n\n\n\n<li><a href=\"https:\/\/caringadvocates.org\/\" target=\"_blank\" rel=\"noreferrer noopener\">Caring<\/a><a href=\"https:\/\/caringadvocates.org\/\"> Advocates<\/a> se centra en las instrucciones anticipadas para personas con demencia.&nbsp;<\/li>\n\n\n\n<li><a href=\"https:\/\/mideocard.com\/\" target=\"_blank\" rel=\"noreferrer noopener\">MIDEO<\/a> tiene varios niveles de servicio e incluye consultas con m\u00e9dicos.&nbsp;<\/li>\n\n\n\n<li><a href=\"http:\/\/www.vimty.com\/\" target=\"_blank\" rel=\"noreferrer noopener\">Vimty<\/a> ofrece instrucciones anticipadas en video facilitadas.<\/li>\n\n\n\n<li><a href=\"https:\/\/vitaldecisions.mylivingvoice.com\/\">Vital <\/a><a href=\"https:\/\/vitaldecisions.mylivingvoice.com\/\" target=\"_blank\" rel=\"noreferrer noopener\">Decisions<\/a>:<strong> <\/strong>la compa\u00f1\u00eda tiene una plataforma segura en l\u00ednea, My Living Voice, para realizar la planificaci\u00f3n de los cuidados anticipados y la documentaci\u00f3n.&nbsp;&nbsp;<\/li>\n\n\n\n<li>Your Own Phone: gr\u00e1bese en video diciendo lo que quiere, gu\u00e1rdelo frente a su pantalla bloqueada y env\u00edeselo a cualquier persona que anticipe que necesitar\u00e1 hablar en su nombre.<\/li>\n<\/ul>\n","protected":false},"excerpt":{"rendered":"<p>Las instrucciones anticipadas digitales son aquellas que solo existen en l\u00ednea. Se llenaron, notarizaron (de ser necesario) y se almacenaron en l\u00ednea. Puede existir o no una versi\u00f3n en papel. Las instrucciones anticipadas digitales son convenientes porque se pueden descargar dondequiera que haya acceso a Internet. Las instrucciones anticipadas en video son una versi\u00f3n grabada [&hellip;]<\/p>\n","protected":false},"author":6721,"featured_media":0,"parent":2663,"menu_order":5,"comment_status":"closed","ping_status":"closed","template":"","meta":{"_acf_changed":false,"_genesis_hide_title":false,"_genesis_hide_breadcrumbs":false,"_genesis_hide_singular_image":false,"_genesis_hide_footer_widgets":false,"_genesis_custom_body_class":"","_genesis_custom_post_class":"","_genesis_layout":"","footnotes":""},"topic":[],"typeofcare":[],"language":[],"class_list":{"0":"post-2640","1":"page","2":"type-page","3":"status-publish","5":"entry"},"acf":[],"featured_image_src":null,"featured_image_src_square":null,"_links":{"self":[{"href":"https:\/\/www.caringinfo.org\/es\/wp-json\/wp\/v2\/pages\/2640","targetHints":{"allow":["GET"]}}],"collection":[{"href":"https:\/\/www.caringinfo.org\/es\/wp-json\/wp\/v2\/pages"}],"about":[{"href":"https:\/\/www.caringinfo.org\/es\/wp-json\/wp\/v2\/types\/page"}],"author":[{"embeddable":true,"href":"https:\/\/www.caringinfo.org\/es\/wp-json\/wp\/v2\/users\/6721"}],"replies":[{"embeddable":true,"href":"https:\/\/www.caringinfo.org\/es\/wp-json\/wp\/v2\/comments?post=2640"}],"version-history":[{"count":0,"href":"https:\/\/www.caringinfo.org\/es\/wp-json\/wp\/v2\/pages\/2640\/revisions"}],"up":[{"embeddable":true,"href":"https:\/\/www.caringinfo.org\/es\/wp-json\/wp\/v2\/pages\/2663"}],"wp:attachment":[{"href":"https:\/\/www.caringinfo.org\/es\/wp-json\/wp\/v2\/media?parent=2640"}],"wp:term":[{"taxonomy":"topic","embeddable":true,"href":"https:\/\/www.caringinfo.org\/es\/wp-json\/wp\/v2\/topic?post=2640"},{"taxonomy":"typeofcare","embeddable":true,"href":"https:\/\/www.caringinfo.org\/es\/wp-json\/wp\/v2\/typeofcare?post=2640"},{"taxonomy":"language","embeddable":true,"href":"https:\/\/www.caringinfo.org\/es\/wp-json\/wp\/v2\/language?post=2640"}],"curies":[{"name":"wp","href":"https:\/\/api.w.org\/{rel}","templated":true}]}}