{"id":2641,"date":"2021-03-04T17:36:39","date_gmt":"2021-03-04T22:36:39","guid":{"rendered":"https:\/\/www.caringinfo.org\/?page_id=2641"},"modified":"2024-05-29T10:10:24","modified_gmt":"2024-05-29T14:10:24","slug":"las-polst-son-las-ordenes-medicas-para-el-tratamiento-de-soporte-vital","status":"publish","type":"page","link":"https:\/\/www.caringinfo.org\/es\/planificar\/instrucciones-anticipadas\/las-polst-son-las-ordenes-medicas-para-el-tratamiento-de-soporte-vital\/","title":{"rendered":"Las POLST son las \u00f3rdenes m\u00e9dicas para el tratamiento de soporte vital"},"content":{"rendered":"\n<p class=\"is-style-large\">Las POLST son parte del proceso de planificaci\u00f3n de los cuidados anticipados e informan sus deseos en forma de \u00f3rdenes m\u00e9dicas. Un formulario de POLST consiste en un conjunto de \u00f3rdenes m\u00e9dicas que se aplican a una poblaci\u00f3n limitada de pacientes, como personas enfermas de gravedad o delicadas, y abordan un n\u00famero limitado de decisiones m\u00e9dicas cr\u00edticas. Las POLST tienen la opci\u00f3n de proporcionar \u00f3rdenes de no reanimar (DNR), pero tambi\u00e9n informan sobre otros tipos de tratamiento como sondas de alimentaci\u00f3n o ventilaci\u00f3n mec\u00e1nica. Se llenan en una consulta con su m\u00e9dico.<\/p>\n\n\n\n<p>Las POLST tienen diferentes nombres en <a href=\"https:\/\/polst.org\/program-names\/\" target=\"_blank\" rel=\"noreferrer noopener\">otros estados<\/a>.<\/p>\n\n\n\n<h2 class=\"wp-block-heading\">\u00bfQu\u00e9 son las POLST?<\/h2>\n\n\n\n<p>Las POLST informan sus deseos en forma de \u00f3rdenes m\u00e9dicas y se preparan junto con un m\u00e9dico que las firma. Las POLST tienen diferentes nombres en <a href=\"https:\/\/polst.org\/program-names\/\" target=\"_blank\" rel=\"noreferrer noopener\">otros estados<\/a>, pero todas tienen el rigor de las \u00f3rdenes m\u00e9dicas. Las POLST son espec\u00edficamente para las personas enfermas de gravedad o delicadas. Las POLST pueden viajar con usted y las respetan los t\u00e9cnicos m\u00e9dicos de emergencia.<\/p>\n\n\n\n<h2 class=\"wp-block-heading\">\u00bfCu\u00e1les son las diferencias entre las POLST, las instrucciones anticipadas y las \u00f3rdenes de no reanimar (DNR)?<\/h2>\n\n\n\n<ul class=\"wp-block-list\">\n<li><strong>POLST = \u00f3rdenes m\u00e9dicas para el tratamiento de soporte vital.<\/strong> <a href=\"https:\/\/polst.org\/map\" target=\"_blank\" rel=\"noreferrer noopener\">Otros estados<\/a> usan diferentes nombres como POLST, POST, MOLST, MOST, etc. para sus programas.<\/li>\n\n\n\n<li><strong>Las POLST son para personas enfermas de gravedad o que est\u00e1n muy delicadas.&nbsp;<\/strong>Si est\u00e1 saludable, las instrucciones anticipadas son para usted. Los formularios de POLST e instrucciones anticipadas forman parte de la planificaci\u00f3n de los cuidados anticipados, <em>pero<\/em>&nbsp;no son lo mismo.<\/li>\n\n\n\n<li><strong>Los formularios de POLST debe llenarlos y firmarlos un proveedor de atenci\u00f3n m\u00e9dica.<\/strong>&nbsp;Cuando necesita una receta m\u00e9dica, acude con un proveedor que la escribe o le entrega una orden para la receta y la firma. Las POLST son \u00f3rdenes m\u00e9dicas, as\u00ed que es lo mismo: debe acudir con su proveedor de atenci\u00f3n m\u00e9dica para que llene las POLST y las firme. La diferencia con las POLST es que debe tener una buena pl\u00e1tica con su proveedor sobre lo que usted quiere considerando su condici\u00f3n m\u00e9dica actual: \u00bfQu\u00e9 es probable que ocurra en el futuro? \u00bfCu\u00e1les son las opciones de tratamiento? Usted tambi\u00e9n deber\u00e1 firmar el formulario de POLST.<\/li>\n\n\n\n<li><strong>Los formularios de POLST informan a otros proveedores lo que usted quiere.&nbsp;<\/strong>Durante una emergencia m\u00e9dica, si puede hablar, los proveedores le preguntar\u00e1n qu\u00e9 desea. Los formularios de POLST se usan solo cuando no puede comunicarse y necesita atenci\u00f3n m\u00e9dica. En esa situaci\u00f3n, los formularios de POLST ordenan a los proveedores brindarle los tratamientos que usted eligi\u00f3.<\/li>\n\n\n\n<li><strong>Los formularios de POLST son \u00f3rdenes m\u00e9dicas fuera de un hospital.<\/strong>&nbsp;Esto significa que son \u00f3rdenes m\u00e9dicas que viajan con usted. Donde sea que se encuentre, el formulario de POLST informa a los proveedores de atenci\u00f3n m\u00e9dica qu\u00e9 tratamientos quiere recibir y cu\u00e1les son sus objetivos de cuidados, incluso si se transfiere de un hospital a un centro de cuidados, de vuelta a su hogar, a un hospicio u otro entorno.<\/li>\n\n\n\n<li><strong>Las POLST son voluntarias.&nbsp;<\/strong>Usted decide si desea tener un formulario de POLST: \u00a1nunca deber\u00e1n obligarlo a tener uno! Sin embargo, si est\u00e1 saludable, su proveedor podr\u00eda decidir no firmar un formulario de POLST, ya que estos formularios est\u00e1n dise\u00f1ados para personas enfermas de gravedad o muy delicadas (algunas leyes estatales proh\u00edben a los proveedores firmar un formulario de POLST, a menos que usted est\u00e9 enfermo de gravedad o muy delicado).<\/li>\n\n\n\n<li><strong>Instrucciones anticipadas:<\/strong>&nbsp;Las POLST dan instrucciones espec\u00edficas sobre los tratamientos durante una emergencia en caso de que no pueda hablar por s\u00ed mismo. Sin embargo, las POLST no designan a alguien para hablar en su nombre (<a href=\"https:\/\/www.caringinfo.org\/es\/planificar\/instrucciones-anticipadas\/como-elegir-a-un-agente-de-atencion-medica\/\">sustituto o agente de atenci\u00f3n m\u00e9dica<\/a>), lo cual se hace por lo general en las <a href=\"https:\/\/www.caringinfo.org\/es\/planificar\/instrucciones-anticipadas\/\" target=\"_blank\" rel=\"noreferrer noopener\">instrucciones anticipadas<\/a>. En las POLST, usted especifica exactamente qu\u00e9 quiere y qu\u00e9 no quiere, y por cu\u00e1nto tiempo. Tienen el rigor de las \u00f3rdenes m\u00e9dicas y los t\u00e9cnicos m\u00e9dicos de emergencias (Emergency Medical Technicians, EMT) deben respetarlas. Los EMT no pueden respetar las instrucciones anticipadas ni los poderes notariales de atenci\u00f3n m\u00e9dica. Cuando se llama al personal de emergencias, ellos har\u00e1n lo necesario para estabilizar a la persona y transferirla a un hospital, tanto desde el sitio de un accidente como desde su hogar u otro centro. Despu\u00e9s de que un m\u00e9dico eval\u00fae por completo la condici\u00f3n de la persona y determine cu\u00e1les son sus afecciones subyacentes, se podr\u00e1n implementar las instrucciones anticipadas.<\/li>\n<\/ul>\n\n\n\n<ul class=\"wp-block-list\">\n<li><strong>\u00d3rdenes de no reanimar (DNR): <\/strong>Las \u00f3rdenes de no reanimar o&nbsp;<em><strong>DNR<\/strong><\/em>&nbsp;son \u00f3rdenes m\u00e9dicas escritas por un m\u00e9dico. Indican a los proveedores de atenci\u00f3n m\u00e9dica no realizar reanimaci\u00f3n cardiopulmonar (RCP) si la respiraci\u00f3n del paciente se detiene o si el coraz\u00f3n del paciente deja de latir. Si se presentan, los EMT las respetar\u00e1n. Las POLST tienen la opci\u00f3n de proporcionar \u00f3rdenes de DNR, pero tambi\u00e9n informan sobre sus elecciones para otros tipos de tratamiento como sondas de alimentaci\u00f3n o ventilaci\u00f3n mec\u00e1nica.<\/li>\n<\/ul>\n\n\n\n<h2 class=\"wp-block-heading\">\u00bfC\u00f3mo se llena un formulario de POLST?<\/h2>\n\n\n\n<p>Las POLST se adaptan a todo el <a href=\"https:\/\/www.caringinfo.org\/es\/planificar\/instrucciones-anticipadas\/\">proceso de planificaci\u00f3n de cuidados anticipados<\/a>.&nbsp;Para el momento en el que la mayor\u00eda de las personas quieren o necesitan POLST, ya habr\u00e1n aprendido sobre su afecci\u00f3n, pensado sobre sus valores y calidad de vida, y tenido conversaciones con su c\u00edrculo cercano. Cuando ya se llenan las POLST, por lo general se hace en el consultorio de su m\u00e9dico despu\u00e9s de una buena pl\u00e1tica sobre su afecci\u00f3n m\u00e9dica, opciones de tratamiento y qu\u00e9 es lo que usted quiere. Su m\u00e9dico llenar\u00e1 el formulario y ambos lo firmar\u00e1n. Es buena idea sacarle varias copias para usted y otra se guardar\u00e1 en su expediente m\u00e9dico.<\/p>\n\n\n\n<h2 class=\"wp-block-heading\">\u00bfC\u00f3mo puede encontrar el formulario de POLST para su estado?<\/h2>\n\n\n\n<p>Es posible que quiera revisar el formulario de su estado antes de reunirse con su m\u00e9dico. <a href=\"https:\/\/www.polst.org\" target=\"_blank\" rel=\"noreferrer noopener\">El sitio web de National POLST<\/a> tiene mucha informaci\u00f3n sobre las POLST en general, y podr\u00e1 encontrar y revisar el formulario de su estado.&nbsp;<\/p>\n\n\n\n<p>Conozca los <a href=\"https:\/\/www.caringinfo.org\/es\/blog\/tipos-de-documentos-para-dar-a-conocer-los-deseos-de-atencion-medica\/\">otros tipos de documentos que describen sus deseos de atenci\u00f3n m\u00e9dica<\/a>.<\/p>\n","protected":false},"excerpt":{"rendered":"<p>Las POLST son parte del proceso de planificaci\u00f3n de los cuidados anticipados e informan sus deseos en forma de \u00f3rdenes m\u00e9dicas. Un formulario de POLST consiste en un conjunto de \u00f3rdenes m\u00e9dicas que se aplican a una poblaci\u00f3n limitada de pacientes, como personas enfermas de gravedad o delicadas, y abordan un n\u00famero limitado de decisiones [&hellip;]<\/p>\n","protected":false},"author":6721,"featured_media":0,"parent":2663,"menu_order":6,"comment_status":"closed","ping_status":"closed","template":"","meta":{"_acf_changed":false,"_genesis_hide_title":false,"_genesis_hide_breadcrumbs":false,"_genesis_hide_singular_image":false,"_genesis_hide_footer_widgets":false,"_genesis_custom_body_class":"","_genesis_custom_post_class":"","_genesis_layout":"","footnotes":""},"topic":[],"typeofcare":[],"language":[],"class_list":{"0":"post-2641","1":"page","2":"type-page","3":"status-publish","5":"entry"},"acf":[],"featured_image_src":null,"featured_image_src_square":null,"_links":{"self":[{"href":"https:\/\/www.caringinfo.org\/es\/wp-json\/wp\/v2\/pages\/2641","targetHints":{"allow":["GET"]}}],"collection":[{"href":"https:\/\/www.caringinfo.org\/es\/wp-json\/wp\/v2\/pages"}],"about":[{"href":"https:\/\/www.caringinfo.org\/es\/wp-json\/wp\/v2\/types\/page"}],"author":[{"embeddable":true,"href":"https:\/\/www.caringinfo.org\/es\/wp-json\/wp\/v2\/users\/6721"}],"replies":[{"embeddable":true,"href":"https:\/\/www.caringinfo.org\/es\/wp-json\/wp\/v2\/comments?post=2641"}],"version-history":[{"count":0,"href":"https:\/\/www.caringinfo.org\/es\/wp-json\/wp\/v2\/pages\/2641\/revisions"}],"up":[{"embeddable":true,"href":"https:\/\/www.caringinfo.org\/es\/wp-json\/wp\/v2\/pages\/2663"}],"wp:attachment":[{"href":"https:\/\/www.caringinfo.org\/es\/wp-json\/wp\/v2\/media?parent=2641"}],"wp:term":[{"taxonomy":"topic","embeddable":true,"href":"https:\/\/www.caringinfo.org\/es\/wp-json\/wp\/v2\/topic?post=2641"},{"taxonomy":"typeofcare","embeddable":true,"href":"https:\/\/www.caringinfo.org\/es\/wp-json\/wp\/v2\/typeofcare?post=2641"},{"taxonomy":"language","embeddable":true,"href":"https:\/\/www.caringinfo.org\/es\/wp-json\/wp\/v2\/language?post=2641"}],"curies":[{"name":"wp","href":"https:\/\/api.w.org\/{rel}","templated":true}]}}