{"id":2642,"date":"2021-03-04T17:42:40","date_gmt":"2021-03-04T22:42:40","guid":{"rendered":"https:\/\/www.caringinfo.org\/?page_id=2642"},"modified":"2023-10-09T10:37:00","modified_gmt":"2023-10-09T14:37:00","slug":"como-elegir-a-un-agente-de-atencion-medica","status":"publish","type":"page","link":"https:\/\/www.caringinfo.org\/es\/planificar\/instrucciones-anticipadas\/como-elegir-a-un-agente-de-atencion-medica\/","title":{"rendered":"C\u00f3mo elegir a un agente de atenci\u00f3n m\u00e9dica"},"content":{"rendered":"\n<p class=\"is-style-large\">Un agente de atenci\u00f3n m\u00e9dica tambi\u00e9n se conoce como sustituto o representante, y es alguien designado por usted y facultado para tomar decisiones m\u00e9dicas en su nombre en caso de que, en el futuro, usted no pueda decidir por s\u00ed mismo. Su agente puede ser un familiar cercano o un amigo, pero debe ser alguien que lo conozca bien y en quien conf\u00ede para hablar en su nombre. En la mayor\u00eda de los estados, su agente puede tomar decisiones en cualquier momento en el que usted pierda la capacidad de tomar decisiones m\u00e9dicas y no solo sobre el final de la vida.<\/p>\n\n\n\n<h2 class=\"wp-block-heading\">\u00bfQu\u00e9 poderes tiene un agente de atenci\u00f3n m\u00e9dica?<\/h2>\n\n\n\n<p>Una vez que se designa, un agente de atenci\u00f3n m\u00e9dica est\u00e1 facultado para hablar con sus m\u00e9dicos, revisar sus expedientes m\u00e9dicos y tomar decisiones en su nombre. Por lo tanto, es importante hablar con su agente de atenci\u00f3n m\u00e9dica sobre sus deseos. Expl\u00edquele qu\u00e9 quiere que haga y por qu\u00e9 le eligi\u00f3. Su agente de atenci\u00f3n m\u00e9dica necesita saber sobre la calidad de vida que es importante para usted, y cu\u00e1ndo y <a href=\"https:\/\/www.caringinfo.org\/es\/planificar\/instrucciones-anticipadas\/como-crear-sus-instrucciones-anticipadas\/#que-tipos-de-tratamientos\">qu\u00e9 tratamientos m\u00e9dicos quiere y no quiere<\/a>. Su agente de atenci\u00f3n m\u00e9dica y sus proveedores se guiar\u00e1n mediante sus deseos escritos en las instrucciones anticipadas, pero mientras mejor entiendan c\u00f3mo ve las cosas usted, podr\u00e1n tomar mejores decisiones que usted querr\u00eda en situaciones inesperadas.&nbsp;<\/p>\n\n\n\n<h2 class=\"wp-block-heading\">\u00bfC\u00f3mo elegir a un agente de atenci\u00f3n m\u00e9dica?<\/h2>\n\n\n\n<p>Hable con las personas que est\u00e1 considerando. Inf\u00f3rmeles sus valores e inquietudes sobre la calidad de vida, as\u00ed como los tratamientos y problemas m\u00e9dicos que anticipa debido a su propia situaci\u00f3n. Dado que pueden surgir situaciones inesperadas, su agente podr\u00eda necesitar basar sus decisiones en lo que sabe sobre sus valores y su postura acerca de lo que hace que valga la pena vivir. Estas no son preguntas sencillas y podr\u00eda cambiar de opini\u00f3n. Por ello, deber\u00e1 hablar con su agente a profundidad cada cierto tiempo.<\/p>\n\n\n\n<p>Su agente de atenci\u00f3n m\u00e9dica deber\u00e1 ser alguien que cumpla las siguientes caracter\u00edsticas:<\/p>\n\n\n\n<ul class=\"wp-block-list\">\n<li>Lo conoce bien.<\/li>\n\n\n\n<li>Mantiene la calma en casos de crisis.<\/li>\n\n\n\n<li>Entiende qu\u00e9 decidir\u00eda usted si le fuera posible.<\/li>\n\n\n\n<li>No teme hacer preguntas y defenderle ante los m\u00e9dicos.<\/li>\n\n\n\n<li>Puede tranquilizar y comunicarse con su familia.<\/li>\n<\/ul>\n\n\n\n<p>El Proyecto de Conversaciones tiene <a href=\"https:\/\/theconversationproject.org\/wp-content\/uploads\/2020\/12\/ChooseAProxyGuide.pdf\" target=\"_blank\" rel=\"noreferrer noopener\">una gu\u00eda paso a paso que le puede ayudar a elegir a un representante de atenci\u00f3n m\u00e9dica<\/a>.<\/p>\n\n\n\n<p>Las <a href=\"https:\/\/www.caringinfo.org\/es\/planificar\/instrucciones-anticipadas\/que-son-las-instrucciones-anticipadas\/\">preguntas que considerar\u00eda<\/a> y hablar\u00eda con su posible agente son las mismas para las instrucciones anticipadas. Una vez que hable con su agente de atenci\u00f3n m\u00e9dica, es importante <a href=\"https:\/\/www.caringinfo.org\/es\/planificar\/instrucciones-anticipadas\/como-crear-sus-instrucciones-anticipadas\/\">completar sus instrucciones anticipadas<\/a>.<\/p>\n\n\n\n<h2 class=\"wp-block-heading\">\u00bfC\u00f3mo designar a un agente de atenci\u00f3n m\u00e9dica?&nbsp;<\/h2>\n\n\n\n<p>Hay al menos tres documentos que se pueden usar para designar a un agente de atenci\u00f3n m\u00e9dica.&nbsp;<\/p>\n\n\n\n<ul class=\"wp-block-list\">\n<li><strong>Instrucciones anticipadas<\/strong>:&nbsp;Pr\u00e1cticamente todos los formularios de instrucciones anticipadas ahora incluyen la designaci\u00f3n de su agente de atenci\u00f3n m\u00e9dica junto con la descripci\u00f3n de sus deseos. Aunque la descripci\u00f3n de sus deseos es solo eso y no un documento legal, la porci\u00f3n que designa al agente de atenci\u00f3n m\u00e9dica que defender\u00e1 sus deseos s\u00ed constituye un documento legal.&nbsp;<\/li>\n\n\n\n<li><strong>Poder notarial de atenci\u00f3n m\u00e9dica<\/strong>:&nbsp;Un poder notarial de atenci\u00f3n m\u00e9dica faculta a una persona para hablar en su nombre, pero, por lo general, no contiene ninguna descripci\u00f3n de sus deseos. A menos que haya hablado sobre sus deseos con la persona designada, deja abierto a la interpretaci\u00f3n lo que usted hubiera querido.<\/li>\n\n\n\n<li><strong>Representante de atenci\u00f3n m\u00e9dica<\/strong>: Un representante de atenci\u00f3n m\u00e9dica es otro nombre para el poder notarial de atenci\u00f3n m\u00e9dica.&nbsp;<\/li>\n<\/ul>\n\n\n\n<h2 class=\"wp-block-heading\">\u00bfQu\u00e9 sucede si no tiene un agente de atenci\u00f3n m\u00e9dica y no puede hablar por s\u00ed mismo?<\/h2>\n\n\n\n<p>Las leyes y normas var\u00edan entre cada estado e incluso entre cada sistema de atenci\u00f3n m\u00e9dica. Algunos estados especifican una orden de qui\u00e9nes pueden hablar en su nombre mientras usted no puede. Con frecuencia, los m\u00e9dicos se gu\u00edan por las personas cercanas al paciente, pero esto es informal y, si hay desacuerdos, un tribunal podr\u00eda designar a un custodio para que se haga cargo de las decisiones m\u00e9dicas en su nombre. Obviamente, es mucho mejor designar a alguien que lo conozca y se preocupe por usted.&nbsp;&nbsp; &nbsp;<\/p>\n","protected":false},"excerpt":{"rendered":"<p>Elegir a un agente de atenci\u00f3n m\u00e9dica designado por usted y facultado para tomar decisiones m\u00e9dicas en su nombre debe ser un proceso reflexivo y considerado. Aprenda m\u00e1s.<\/p>\n","protected":false},"author":6721,"featured_media":0,"parent":2663,"menu_order":8,"comment_status":"closed","ping_status":"closed","template":"","meta":{"_acf_changed":false,"_genesis_hide_title":false,"_genesis_hide_breadcrumbs":false,"_genesis_hide_singular_image":false,"_genesis_hide_footer_widgets":false,"_genesis_custom_body_class":"","_genesis_custom_post_class":"","_genesis_layout":"","footnotes":""},"topic":[115],"typeofcare":[],"language":[],"class_list":{"0":"post-2642","1":"page","2":"type-page","3":"status-publish","5":"topic-instrucciones-anticipadas","6":"entry"},"acf":[],"featured_image_src":null,"featured_image_src_square":null,"_links":{"self":[{"href":"https:\/\/www.caringinfo.org\/es\/wp-json\/wp\/v2\/pages\/2642","targetHints":{"allow":["GET"]}}],"collection":[{"href":"https:\/\/www.caringinfo.org\/es\/wp-json\/wp\/v2\/pages"}],"about":[{"href":"https:\/\/www.caringinfo.org\/es\/wp-json\/wp\/v2\/types\/page"}],"author":[{"embeddable":true,"href":"https:\/\/www.caringinfo.org\/es\/wp-json\/wp\/v2\/users\/6721"}],"replies":[{"embeddable":true,"href":"https:\/\/www.caringinfo.org\/es\/wp-json\/wp\/v2\/comments?post=2642"}],"version-history":[{"count":0,"href":"https:\/\/www.caringinfo.org\/es\/wp-json\/wp\/v2\/pages\/2642\/revisions"}],"up":[{"embeddable":true,"href":"https:\/\/www.caringinfo.org\/es\/wp-json\/wp\/v2\/pages\/2663"}],"wp:attachment":[{"href":"https:\/\/www.caringinfo.org\/es\/wp-json\/wp\/v2\/media?parent=2642"}],"wp:term":[{"taxonomy":"topic","embeddable":true,"href":"https:\/\/www.caringinfo.org\/es\/wp-json\/wp\/v2\/topic?post=2642"},{"taxonomy":"typeofcare","embeddable":true,"href":"https:\/\/www.caringinfo.org\/es\/wp-json\/wp\/v2\/typeofcare?post=2642"},{"taxonomy":"language","embeddable":true,"href":"https:\/\/www.caringinfo.org\/es\/wp-json\/wp\/v2\/language?post=2642"}],"curies":[{"name":"wp","href":"https:\/\/api.w.org\/{rel}","templated":true}]}}