{"id":2643,"date":"2021-02-04T23:11:09","date_gmt":"2021-02-05T04:11:09","guid":{"rendered":"https:\/\/www.caringinfo.org\/?page_id=2643"},"modified":"2023-09-20T22:38:35","modified_gmt":"2023-09-21T02:38:35","slug":"como-afrontar-el-duelo-y-la-perdida","status":"publish","type":"page","link":"https:\/\/www.caringinfo.org\/es\/planificar\/como-afrontar-el-duelo-y-la-perdida\/","title":{"rendered":"C\u00f3mo afrontar el duelo y la p\u00e9rdida"},"content":{"rendered":"\n<div class=\"wp-block-genesis-blocks-gb-columns ci-section ci-section-topic-intro gb-layout-columns-2 gb-2-col-equal alignwide\"><div class=\"gb-layout-column-wrap gb-block-layout-column-gap-2 gb-is-responsive-column\">\n<div class=\"wp-block-genesis-blocks-gb-column gb-block-layout-column\"><div class=\"gb-block-layout-column-inner\">\n<p class=\"is-style-large\">El duelo es una respuesta normal ante una p\u00e9rdida en la vida. Una de las p\u00e9rdidas m\u00e1s dif\u00edciles que puede experimentar es cuando muere alguien que le importa. Puede ser un c\u00f3nyuge, un hijo u otro pariente, un amigo muy querido, un antiguo conocido, un vecino o un compa\u00f1ero de trabajo.<\/p>\n\n\n\t<div id=\"ci-list-subtopics-block_65de8f3b3109ea8c6dd683066f74e7f4\" class=\"ci-block-list-subtopics\">\n\t\t<p><strong>En esta secci\u00f3n, usted encontrar\u00e1 informaci\u00f3n sobre:<\/strong><\/p>\n\t\t<ul>\n\t\t<li><a href=\"https:\/\/www.caringinfo.org\/es\/planificar\/como-afrontar-el-duelo-y-la-perdida\/tipos-de-duelos-y-perdidas\/\">Tipos de duelos y p\u00e9rdidas<\/a><\/li><li><a href=\"https:\/\/www.caringinfo.org\/es\/planificar\/como-afrontar-el-duelo-y-la-perdida\/como-entender-el-duelo-y-la-perdida\/\">C\u00f3mo entender el duelo y la p\u00e9rdida<\/a><\/li><li><a href=\"https:\/\/www.caringinfo.org\/es\/planificar\/como-afrontar-el-duelo-y-la-perdida\/como-obtener-apoyo-para-el-duelo-y-la-perdida\/\">C\u00f3mo obtener apoyo para el duelo y la p\u00e9rdida<\/a><\/li><li><a href=\"https:\/\/www.caringinfo.org\/es\/planificar\/como-afrontar-el-duelo-y-la-perdida\/como-apoyar-a-un-cuidador-en-duelo\/\">C\u00f3mo apoyar a un cuidador en duelo<\/a><\/li><li><a href=\"https:\/\/www.caringinfo.org\/es\/planificar\/como-afrontar-el-duelo-y-la-perdida\/como-apoyar-a-un-amigo-en-duelo\/\">C\u00f3mo apoyar a un amigo en duelo<\/a><\/li><li><a href=\"https:\/\/www.caringinfo.org\/es\/planificar\/como-afrontar-el-duelo-y-la-perdida\/el-duelo-y-las-festividades\/\">El duelo y las festividades<\/a><\/li>\t\t<\/ul>\n\t<\/div>\n\t<\/div><\/div>\n\n\n\n<div class=\"wp-block-genesis-blocks-gb-column topic-intro-image gb-block-layout-column\"><div class=\"gb-block-layout-column-inner\">\n<figure class=\"wp-block-image size-large\"><img loading=\"lazy\" decoding=\"async\" width=\"1024\" height=\"728\" src=\"https:\/\/&#119;&#119;&#119;&#x2e;&#x63;&#x61;&#x72;&#x69;ng&#105;&#110;&#102;&#x6f;&#x2e;&#x6f;&#x72;&#x67;\/w&#112;&#45;&#99;&#x6f;&#x6e;&#x74;&#x65;&#x6e;t\/&#117;&#112;&#108;&#x6f;&#x61;&#x64;&#x73;&#x2f;20&#50;&#49;&#47;&#x30;&#x33;&#x2f;&#x67;&#x72;ie&#102;&#97;&#110;&#x64;&#x6c;&#x6f;&#x73;&#x73;-r&#101;&#109;&#101;&#x6d;&#x62;&#x65;&#x72;&#x69;ng&#64;&#50;&#120;&#x2d;&#x31;&#x30;&#x32;&#x34;x7&#50;&#56;&#46;&#x70;&#x6e;&#x67;\" alt=\"Un hombre mira la fotograf\u00eda de su c\u00f3nyuge, quien muri\u00f3. Hay nubes al fondo. El sol sale detr\u00e1s de una nube.\" class=\"wp-image-559\" srcset=\"https:&#47;&#x2f;w&#119;&#x77;&#46;&#x63;a&#114;&#x69;n&#x67;&#x69;&#110;&#x66;o&#46;&#x6f;r&#x67;&#x2f;&#119;&#x70;-&#99;&#x6f;&#110;&#x74;e&#110;&#x74;\/&#117;&#x70;&#108;&#x6f;a&#100;&#x73;\/&#x32;&#x30;&#50;&#x31;\/&#48;&#x33;\/&#x67;&#x72;&#105;&#x65;f&#97;&#x6e;&#100;&#x6c;o&#115;&#x73;-&#x72;&#x65;&#109;&#x65;m&#98;&#x65;r&#x69;&#x6e;&#103;&#x40;2&#120;&#x2d;&#49;&#x30;2&#52;&#x78;7&#50;&#x38;&#46;&#x70;n&#103; 1024w, https:&#x2f;&#x2f;&#x77;&#x77;&#x77;&#x2e;&#x63;&#x61;&#114;&#105;&#110;&#103;&#105;&#110;&#102;o&#46;or&#x67;&#x2f;&#x77;&#x70;&#x2d;&#x63;&#x6f;&#x6e;&#x74;&#101;&#110;&#116;&#47;&#117;&#112;&#108;oads&#x2f;&#x32;&#x30;&#x32;&#x31;&#x2f;&#x30;&#x33;&#x2f;&#103;&#114;&#105;&#101;&#102;&#97;&#110;dlos&#x73;&#x2d;&#x72;&#x65;&#x6d;&#x65;&#x6d;&#x62;&#x65;&#114;&#105;&#110;&#103;&#64;&#50;&#120;-300&#x78;&#x32;&#x31;&#x33;&#x2e;&#x70;&#x6e;&#x67; 300w, https:&#47;&#x2f;w&#x77;&#x77;&#46;&#x63;a&#x72;&#x69;&#110;&#x67;i&#x6e;&#x66;&#111;&#x2e;o&#x72;&#x67;&#47;&#x77;p&#x2d;&#x63;&#111;&#x6e;t&#x65;&#x6e;&#116;&#x2f;u&#x70;&#x6c;&#111;&#x61;d&#x73;&#x2f;&#50;&#x30;2&#x31;&#x2f;&#48;&#x33;\/&#x67;&#x72;&#105;&#x65;f&#x61;&#x6e;&#100;&#x6c;o&#x73;&#x73;&#45;&#x72;e&#x6d;&#x65;&#109;&#x62;e&#x72;&#x69;&#110;&#x67;&#64;&#x32;&#x78;&#45;&#x31;2&#x37;&#x78;&#57;&#x30;&#46;&#x70;&#x6e;&#103; 127w, https:&#x2f;&#x2f;&#x77;&#x77;&#119;&#46;&#99;&#97;rin&#x67;&#x69;&#x6e;&#x66;&#x6f;&#46;&#111;&#114;g\/w&#x70;&#x2d;&#x63;&#x6f;&#x6e;&#116;&#101;&#110;t\/u&#x70;&#x6c;&#x6f;&#x61;&#x64;&#115;&#47;&#50;021&#x2f;&#x30;&#x33;&#x2f;&#x67;&#114;&#105;&#101;fan&#x64;&#x6c;&#x6f;&#x73;&#x73;&#45;&#114;&#101;mem&#x62;&#x65;&#x72;&#x69;&#x6e;&#103;&#64;&#50;&#120;-7&#x36;&#x38;&#x78;&#x35;&#x34;&#54;&#46;&#112;&#110;g 768w, https:&#x2f;&#x2f;&#119;w&#x77;&#x2e;&#99;&#97;r&#x69;&#x6e;&#103;&#105;n&#x66;&#x6f;&#46;or&#x67;&#x2f;&#119;p&#x2d;&#x63;&#111;&#110;t&#x65;&#x6e;&#116;&#47;u&#x70;&#x6c;&#111;ad&#x73;&#x2f;&#50;0&#x32;&#x31;&#47;&#48;3&#x2f;&#x67;&#114;&#105;e&#x66;&#x61;&#110;dl&#x6f;&#x73;&#115;-&#x72;&#x65;&#x6d;&#101;m&#x62;&#x65;&#114;&#105;n&#x67;&#x40;&#50;&#120;-&#x31;&#x35;&#51;6&#x78;&#x31;&#x30;&#57;2&#x2e;&#x70;&#110;&#103; 1536w, https:&#47;&#x2f;&#x77;w&#119;&#x2e;c&#97;&#x72;i&#110;&#x67;i&#110;&#x66;&#x6f;&#46;&#x6f;&#x72;g&#47;&#x77;p&#45;&#x63;o&#110;&#x74;&#x65;&#110;&#x74;&#x2f;u&#112;&#x6c;o&#97;&#x64;s&#47;&#x32;0&#50;&#x31;&#x2f;&#48;&#x33;&#x2f;g&#114;&#x69;e&#102;&#x61;n&#100;&#x6c;&#x6f;&#115;&#x73;&#x2d;r&#101;&#x6d;e&#109;&#x62;e&#114;&#x69;n&#103;&#x40;&#x32;&#120;&#x2e;&#x70;n&#103; 1800w\" sizes=\"auto, (max-width: 1024px) 100vw, 1024px\" \/><\/figure>\n<\/div><\/div>\n<\/div><\/div>\n\n\n\n<div class=\"wp-block-genesis-blocks-gb-container alignwide ci-section ci-section-topic-block gb-block-container\"><div class=\"gb-container-inside\"><div class=\"gb-container-content\">\n<h2 class=\"wp-block-heading\">\u00bfC\u00f3mo se siente un duelo?<\/h2>\n\n\n\n<div class=\"wp-block-genesis-blocks-gb-columns gb-layout-columns-2 gb-2-col-wideright alignwide\"><div class=\"gb-layout-column-wrap gb-block-layout-column-gap-2 gb-is-responsive-column\">\n<div class=\"wp-block-genesis-blocks-gb-column gb-block-layout-column\"><div class=\"gb-block-layout-column-inner\">\n<figure class=\"wp-block-image size-large\"><img loading=\"lazy\" decoding=\"async\" width=\"1024\" height=\"728\" src=\"https:&#47;\/&#119;w&#119;&#46;&#x63;a&#x72;i&#x6e;g&#x69;n&#x66;o&#x2e;o&#x72;g&#x2f;w&#x70;-&#x63;&#111;&#x6e;&#116;&#x65;&#110;&#x74;&#47;&#x75;&#112;&#x6c;&#111;&#x61;&#100;&#x73;&#47;&#x67;&#101;&#x74;&#116;&#x69;&#110;&#x67;&#45;&#x73;&#117;p&#112;o&#114;t&#x40;2&#x78;-&#x31;0&#x32;4&#x78;7&#x32;8&#x2e;p&#x6e;g\" alt=\"Una mujer est\u00e1 al tel\u00e9fono mientras un hombre le pone la mano en el hombro para brindarle consuelo.\" class=\"wp-image-2229\" srcset=\"https:\/&#47;&#x77;&#x77;&#x77;&#46;&#99;&#x61;&#x72;&#x69;n&#103;&#x69;&#x6e;&#x66;o&#46;&#x6f;&#x72;&#x67;\/&#119;&#x70;&#x2d;&#x63;o&#110;&#x74;&#x65;&#x6e;t&#47;&#x75;&#x70;&#x6c;o&#97;&#x64;&#x73;&#x2f;g&#101;&#x74;&#x74;&#x69;n&#103;&#x2d;&#x73;&#x75;p&#112;&#x6f;&#x72;&#x74;&#64;&#50;&#x78;&#x2d;&#x31;0&#50;&#x34;&#x78;&#x37;2&#56;&#x2e;&#x70;&#x6e;g 1024w, https:\/\/&#119;&#119;&#119;&#x2e;&#x63;&#x61;&#x72;in&#103;&#105;&#110;&#x66;&#x6f;&#x2e;&#x6f;rg&#47;&#119;&#112;&#x2d;&#x63;&#x6f;&#x6e;te&#110;&#116;&#47;&#x75;&#x70;&#x6c;&#x6f;ad&#115;&#47;&#103;&#x65;&#x74;&#x74;&#x69;ng&#45;&#115;&#117;&#x70;&#x70;&#x6f;&#x72;t&#64;&#50;&#120;&#45;&#x33;&#x30;&#x30;&#x78;21&#51;&#46;&#112;&#x6e;&#x67; 300w, https:\/&#47;&#x77;&#x77;w&#46;&#x63;&#x61;r&#105;&#110;&#x67;&#x69;n&#102;&#x6f;&#x2e;o&#114;&#x67;&#x2f;w&#112;&#45;&#x63;&#x6f;n&#116;&#x65;&#x6e;t&#47;&#x75;&#x70;l&#111;&#97;&#x64;&#x73;\/&#103;&#x65;&#x74;t&#105;&#x6e;&#x67;-&#115;&#117;&#x70;&#x70;o&#114;&#x74;&#x40;2&#120;&#x2d;&#x31;2&#55;&#120;&#x39;&#x30;&#46;&#112;&#x6e;&#x67; 127w, https:&#47;&#x2f;w&#119;&#x77;&#46;&#99;&#x61;r&#105;&#x6e;g&#105;&#x6e;f&#111;&#x2e;o&#114;&#x67;\/&#119;&#x70;-&#99;&#x6f;n&#116;&#x65;n&#116;&#x2f;u&#x70;&#x6c;o&#x61;&#x64;&#115;&#x2f;&#x67;&#101;&#x74;&#x74;&#105;&#x6e;&#x67;&#45;&#x73;&#x75;&#112;&#x70;o&#114;&#x74;&#64;&#50;&#x78;-&#55;&#x36;8&#120;&#x35;4&#54;&#x2e;p&#110;&#x67; 768w, https:&#x2f;&#x2f;&#x77;&#x77;&#x77;&#46;&#99;&#97;&#114;ing&#x69;&#x6e;&#x66;&#x6f;&#x2e;&#x6f;&#114;&#103;&#47;wp-&#x63;&#x6f;&#x6e;&#x74;&#x65;&#x6e;&#116;&#47;&#117;&#112;loa&#x64;&#x73;&#x2f;&#x67;&#x65;&#x74;&#116;&#105;&#110;g-s&#x75;&#x70;&#x70;&#x6f;&#x72;&#x74;&#64;&#50;&#120;&#45;153&#x36;&#x78;&#x31;&#x30;&#x39;&#x32;&#46;&#112;&#110;g 1536w, https:&#x2f;&#x2f;&#x77;&#x77;&#x77;&#x2e;&#x63;&#x61;&#x72;&#x69;&#x6e;&#x67;&#x69;&#x6e;&#x66;&#x6f;&#x2e;&#x6f;&#x72;&#x67;&#x2f;&#x77;&#112;&#45;&#99;&#111;&#110;&#116;&#101;&#110;&#116;&#47;&#117;&#112;&#108;&#111;&#97;ds\/getting-s&#x75;&#x70;&#x70;&#x6f;&#x72;&#x74;&#x40;&#x32;&#x78;&#x2e;&#x70;&#x6e;&#x67; 1800w\" sizes=\"auto, (max-width: 1024px) 100vw, 1024px\" \/><\/figure>\n<\/div><\/div>\n\n\n\n<div class=\"wp-block-genesis-blocks-gb-column gb-block-layout-column\"><div class=\"gb-block-layout-column-inner\">\n<p>Nadie experimenta el duelo o afronta una p\u00e9rdida exactamente de la misma manera.<\/p>\n\n\n\n<p>Al lidiar con una p\u00e9rdida, es importante entender algunas de las diferentes maneras en que las personas sienten el duelo y cu\u00e1ndo ser\u00eda \u00fatil buscar apoyo.<\/p>\n\n\n\t<div id=\"ci-list-subtopics-block_3eeb4e75c22b24667a23c1d6bef88c42\" class=\"ci-block-list-content-of-interest\">\n\t\t<p><strong>Inf\u00f3rmese sobre las siguientes opciones:<\/strong><\/p>\n\t\t<ul>\n\t\t\t\t\t<li><a href=\"https:\/\/www.caringinfo.org\/es\/planificar\/como-afrontar-el-duelo-y-la-perdida\/como-entender-el-duelo-y-la-perdida\/\" class=\"button\">C\u00f3mo lidiar con el duelo y la p\u00e9rdida<\/a><\/li>\t\n\t\t\t\t\t<li><a href=\"https:\/\/www.caringinfo.org\/es\/planificar\/como-afrontar-el-duelo-y-la-perdida\/tipos-de-duelos-y-perdidas\/\" class=\"button\">\u00bfCu\u00e1les son los diferentes tipos de p\u00e9rdidas?<\/a><\/li>\t\n\t\t\t\t\t<li><a href=\"https:\/\/www.caringinfo.org\/es\/planificar\/como-afrontar-el-duelo-y-la-perdida\/como-apoyar-a-un-amigo-en-duelo\/\" class=\"button\">\u00bfCu\u00e1ndo ser\u00eda necesario ayudar a alguien?<\/a><\/li>\t\n\t\t\t\t<\/ul>\n\t<\/div>\n\t<\/div><\/div>\n<\/div><\/div>\n<\/div><\/div><\/div>\n","protected":false},"excerpt":{"rendered":"<p>Vivir el sufrimiento de una p\u00e9rdida y sentir el duelo es una experiencia tanto universal como intensamente personal, y puede intensificarse al brindar cuidados y presentar una enfermedad grave. Aprenda que no est\u00e1 solo.<\/p>\n","protected":false},"author":6721,"featured_media":0,"parent":2625,"menu_order":8,"comment_status":"closed","ping_status":"closed","template":"template-page-topic.php","meta":{"_acf_changed":false,"_genesis_hide_title":false,"_genesis_hide_breadcrumbs":false,"_genesis_hide_singular_image":false,"_genesis_hide_footer_widgets":false,"_genesis_custom_body_class":"","_genesis_custom_post_class":"","_genesis_layout":"","footnotes":""},"topic":[],"typeofcare":[],"language":[],"class_list":{"0":"post-2643","1":"page","2":"type-page","3":"status-publish","5":"entry"},"acf":[],"featured_image_src":null,"featured_image_src_square":null,"_links":{"self":[{"href":"https:\/\/www.caringinfo.org\/es\/wp-json\/wp\/v2\/pages\/2643","targetHints":{"allow":["GET"]}}],"collection":[{"href":"https:\/\/www.caringinfo.org\/es\/wp-json\/wp\/v2\/pages"}],"about":[{"href":"https:\/\/www.caringinfo.org\/es\/wp-json\/wp\/v2\/types\/page"}],"author":[{"embeddable":true,"href":"https:\/\/www.caringinfo.org\/es\/wp-json\/wp\/v2\/users\/6721"}],"replies":[{"embeddable":true,"href":"https:\/\/www.caringinfo.org\/es\/wp-json\/wp\/v2\/comments?post=2643"}],"version-history":[{"count":0,"href":"https:\/\/www.caringinfo.org\/es\/wp-json\/wp\/v2\/pages\/2643\/revisions"}],"up":[{"embeddable":true,"href":"https:\/\/www.caringinfo.org\/es\/wp-json\/wp\/v2\/pages\/2625"}],"wp:attachment":[{"href":"https:\/\/www.caringinfo.org\/es\/wp-json\/wp\/v2\/media?parent=2643"}],"wp:term":[{"taxonomy":"topic","embeddable":true,"href":"https:\/\/www.caringinfo.org\/es\/wp-json\/wp\/v2\/topic?post=2643"},{"taxonomy":"typeofcare","embeddable":true,"href":"https:\/\/www.caringinfo.org\/es\/wp-json\/wp\/v2\/typeofcare?post=2643"},{"taxonomy":"language","embeddable":true,"href":"https:\/\/www.caringinfo.org\/es\/wp-json\/wp\/v2\/language?post=2643"}],"curies":[{"name":"wp","href":"https:\/\/api.w.org\/{rel}","templated":true}]}}