{"id":2645,"date":"2021-02-21T20:26:40","date_gmt":"2021-02-22T01:26:40","guid":{"rendered":"https:\/\/www.caringinfo.org\/?page_id=2645"},"modified":"2026-01-20T19:19:46","modified_gmt":"2026-01-21T00:19:46","slug":"acerca-de-caringinfo","status":"publish","type":"page","link":"https:\/\/www.caringinfo.org\/es\/acerca-de-caringinfo\/","title":{"rendered":"Acerca de CaringInfo"},"content":{"rendered":"\n<p class=\"is-style-large\">CaringInfo es un programa de la <a href=\"https:\/\/allianceforcareathome.org\/about\/\">National Alliance for Care at Home<\/a> (Alliance) que proporciona informaci\u00f3n y recursos gratuitos para ayudarlo a entender y tomar decisiones sobre la atenci\u00f3n cuando usted o un ser querido se enfrenta a una enfermedad grave.<\/p>\n\n\n\n<p>Los temas que aborda CaringInfo incluyen <a href=\"https:\/\/www.caringinfo.org\/es\/planificar\/\">la planificaci\u00f3n anticipada de atenci\u00f3n<\/a>, <a href=\"https:\/\/www.caringinfo.org\/es\/planificar\/como-brindar-cuidados\/\">las tareas de cuidado<\/a>, <a href=\"https:\/\/www.caringinfo.org\/es\/planificar\/asuntos-financieros\/\">el costo de la atenci\u00f3n<\/a>, <a href=\"https:\/\/www.caringinfo.org\/es\/necesito-ayuda-ahora\/\">la planificaci\u00f3n de emergencia<\/a>, <a href=\"https:\/\/www.caringinfo.org\/es\/tipos-de-cuidados\/\">las diferencias en los tipos de atenci\u00f3n (como los cuidados de hospicio y paliativos)<\/a>, <a href=\"https:\/\/www.caringinfo.org\/es\/planificar\/sus-derechos\/\">los derechos de los pacientes <\/a>y <a href=\"https:\/\/www.caringinfo.org\/es\/planificar\/como-afrontar-el-duelo-y-la-perdida\/\">el duelo y la p\u00e9rdida<\/a>.<\/p>\n\n\n\n<p>Lanzada inicialmente en 2004 bajo el nombre Caring Connections, la iniciativa de participaci\u00f3n de los consumidores de Alliance proporciona recursos e informaci\u00f3n gratuitos, incluidas <a href=\"https:\/\/www.caringinfo.org\/es\/planificar\/instrucciones-anticipadas\/\">instrucciones anticipadas<\/a> espec\u00edficas para cada estado, tanto en ingl\u00e9s como en espa\u00f1ol, para ayudar a las personas a compartir sus decisiones informadas sobre la atenci\u00f3n con su familia, amigos y proveedores.<\/p>\n\n\n\n<p>CaringInfo cuenta con el apoyo de Alliance y de generosas contribuciones a la <a href=\"https:\/\/www.nationalhospicefoundation.org\/\" target=\"_blank\" rel=\"noreferrer noopener\">National Hospice Foundation (NHF)<\/a>, la filial filantr\u00f3pica de Alliance. <a href=\"https:\/\/myalliance.allianceforcareathome.org\/donate-now\/\" target=\"_blank\" rel=\"noreferrer noopener\">Visite el sitio web de la NHF<\/a> para donar hoy y apoyar a CaringInfo.<\/p>\n\n\n\n<h2 class=\"wp-block-heading\">Acerca de la National Alliance for Care at Home<\/h2>\n\n\n\n<p>La\u202f<a href=\"https:\/\/allianceforcareathome.org\/about\/\" target=\"_blank\" rel=\"noreferrer noopener\">National Alliance for Care at Home<\/a>\u202f(Alliance) es una nueva organizaci\u00f3n nacional que representa a los proveedores de cuidados en el hogar, salud domiciliaria, cuidados de hospicio, cuidados paliativos y otros servicios de atenci\u00f3n m\u00e9dica que se brindan principalmente en el hogar. Alliance re\u00fane a dos organizaciones con casi 90 a\u00f1os de experiencia combinada: la National Association for Home Care &amp; Hospice (NAHC) y la National Hospice and Palliative Care Organization. La NAHC y la NHPCO est\u00e1n en proceso de combinar sus operaciones para brindar un mejor servicio a los miembros y liderar el futuro de la atenci\u00f3n ofrecida en el hogar. Obtenga m\u00e1s informaci\u00f3n en\u202f<a href=\"http:\/\/www.allianceforcareathome.org\/\">www.AllianceForCareAtHome.org<\/a>.   <\/p>\n\n\n\n<h2 class=\"wp-block-heading\">Acerca de Sharon Stevenson, la l\u00edder del proyecto de CaringInfo<\/h2>\n\n\n\n<p>Sharon Stevenson, DVM, PhD, MBA, ha trabajado con la <a href=\"http:\/\/www.allianceforcareathome.org\/\">National Alliance for Care at Home<\/a> (Alliance) desde 2020 y ha dirigido el redesarrollo y el lanzamiento del nuevo sitio web de CaringInfo.<\/p>\n\n\n\n<p>Sharon es una defensora del paciente certificada con un inter\u00e9s particular en los cuidados para las enfermedades graves y el final de la vida. Tambi\u00e9n es la directora general de <a href=\"https:\/\/okapivc.com\/\" target=\"_blank\" rel=\"noreferrer noopener\">Okapi Venture Capital<\/a>, que cofund\u00f3 en 2005, y es responsable de las inversiones en las ciencias biol\u00f3gicas de la empresa. Contin\u00faa gestionando de manera activa los fondos de Okapi en los que participa y brinda apoyo a las compa\u00f1\u00edas de cartera en sus cargos como directora, observadora o inversionista.  <\/p>\n\n\n\n<p>Antes de fundar Okapi, Sharon era vicepresidenta s\u00e9nior de Tecnolog\u00eda y Planificaci\u00f3n para SkinMedica, una compa\u00f1\u00eda dermatol\u00f3gica. Anteriormente fue directora de Domain Associates y fungi\u00f3 al mismo tiempo como presidenta y directora de finanzas de Volcano Therapeutics, compa\u00f1\u00eda en la que dirigi\u00f3 el crecimiento desde el dise\u00f1o del producto hasta los ensayos cl\u00ednicos. Previo a Domain Associates, fue directora ejecutiva en la empresa conjunta Advanced Tissue Sciences\/Smith+Nephew NeoCyte y, en ese periodo, dirigi\u00f3 un equipo multidisciplinario.<\/p>\n\n\n\n<p>Antes de cambiarse al sector privado, Sharon fue profesora adjunta titular en el Departamento de Ortopedia de la Escuela de Medicina de la Universidad Case Western Reserve. Es autora de m\u00e1s de 130 publicaciones. Su capacitaci\u00f3n cl\u00ednica fue en cirug\u00eda veterinaria y es diplomada del American College of Veterinary Surgeons (ACVS). Ha brindado servicio en las juntas directivas del ACVS y la Orthopedic Research Society, y es miembro de la junta directiva de la Escuela de Posgrado Pardee RAND. Sharon obtuvo un Certificado en Defensa del Paciente de Extensi\u00f3n de la Universidad de California en Los \u00c1ngeles (UCLA), una Maestr\u00eda en Administraci\u00f3n de Empresas de la Escuela de Posgrado de Administraci\u00f3n de la UCLA Anderson, un Doctorado en Patolog\u00eda Comparativa de la Universidad de California (UC) en Davis, una Maestr\u00eda en Ciencias en Patolog\u00eda Veterinaria y un Doctorado en Medicina Veterinaria de la Universidad Estatal de Ohio.<\/p>\n\n\n\n<p>La amplia educaci\u00f3n y experiencia de Sharon en ciencias, medicina, sistemas de atenci\u00f3n m\u00e9dica, compa\u00f1\u00edas del sector de atenci\u00f3n m\u00e9dica, finanzas, defensa del paciente y experiencia personal en cuidados le brindan en conjunto ideas profundas sobre los temas que enfrentan los pacientes y sus c\u00edrculos cercanos. Est\u00e1 dedicada a compartir sus conocimientos y empoderar a los dem\u00e1s. <\/p>\n\n\n\n<h2 class=\"wp-block-heading\">\u00bfTiene alguna pregunta acerca de CaringInfo?<\/h2>\n\n\n\n<p><a href=\"https:\/\/www.caringinfo.org\/es\/comuniquese-con-caringinfo\/\">Env\u00edenos un mensaje mediante nuestro formulario de contacto<\/a>.<\/p>\n","protected":false},"excerpt":{"rendered":"<p>CaringInfo es un programa de la National Alliance for Care at Home (Alliance) que proporciona informaci\u00f3n y recursos gratuitos para ayudarlo a entender y tomar decisiones sobre la atenci\u00f3n cuando usted o un ser querido se enfrenta a una enfermedad grave. Los temas que aborda CaringInfo incluyen la planificaci\u00f3n anticipada de atenci\u00f3n, las tareas de [&hellip;]<\/p>\n","protected":false},"author":6721,"featured_media":0,"parent":0,"menu_order":2,"comment_status":"closed","ping_status":"closed","template":"","meta":{"_acf_changed":false,"_genesis_hide_title":false,"_genesis_hide_breadcrumbs":false,"_genesis_hide_singular_image":false,"_genesis_hide_footer_widgets":false,"_genesis_custom_body_class":"","_genesis_custom_post_class":"","_genesis_layout":"","footnotes":""},"topic":[],"typeofcare":[],"language":[],"class_list":{"0":"post-2645","1":"page","2":"type-page","3":"status-publish","5":"entry"},"acf":[],"featured_image_src":null,"featured_image_src_square":null,"_links":{"self":[{"href":"https:\/\/www.caringinfo.org\/es\/wp-json\/wp\/v2\/pages\/2645","targetHints":{"allow":["GET"]}}],"collection":[{"href":"https:\/\/www.caringinfo.org\/es\/wp-json\/wp\/v2\/pages"}],"about":[{"href":"https:\/\/www.caringinfo.org\/es\/wp-json\/wp\/v2\/types\/page"}],"author":[{"embeddable":true,"href":"https:\/\/www.caringinfo.org\/es\/wp-json\/wp\/v2\/users\/6721"}],"replies":[{"embeddable":true,"href":"https:\/\/www.caringinfo.org\/es\/wp-json\/wp\/v2\/comments?post=2645"}],"version-history":[{"count":0,"href":"https:\/\/www.caringinfo.org\/es\/wp-json\/wp\/v2\/pages\/2645\/revisions"}],"wp:attachment":[{"href":"https:\/\/www.caringinfo.org\/es\/wp-json\/wp\/v2\/media?parent=2645"}],"wp:term":[{"taxonomy":"topic","embeddable":true,"href":"https:\/\/www.caringinfo.org\/es\/wp-json\/wp\/v2\/topic?post=2645"},{"taxonomy":"typeofcare","embeddable":true,"href":"https:\/\/www.caringinfo.org\/es\/wp-json\/wp\/v2\/typeofcare?post=2645"},{"taxonomy":"language","embeddable":true,"href":"https:\/\/www.caringinfo.org\/es\/wp-json\/wp\/v2\/language?post=2645"}],"curies":[{"name":"wp","href":"https:\/\/api.w.org\/{rel}","templated":true}]}}