{"id":2646,"date":"2021-02-21T20:54:55","date_gmt":"2021-02-22T01:54:55","guid":{"rendered":"https:\/\/www.caringinfo.org\/?page_id=2646"},"modified":"2023-10-09T10:44:11","modified_gmt":"2023-10-09T14:44:11","slug":"como-brindar-cuidados","status":"publish","type":"page","link":"https:\/\/www.caringinfo.org\/es\/planificar\/como-brindar-cuidados\/","title":{"rendered":"C\u00f3mo brindar cuidados"},"content":{"rendered":"\n<div class=\"wp-block-genesis-blocks-gb-columns ci-section ci-section-topic-intro gb-layout-columns-2 gb-2-col-equal alignwide\"><div class=\"gb-layout-column-wrap gb-block-layout-column-gap-2 gb-is-responsive-column\">\n<div class=\"wp-block-genesis-blocks-gb-column gb-block-layout-column\"><div class=\"gb-block-layout-column-inner\">\n<p class=\"is-style-large\">Tarde o temprano, la mayor\u00eda de las personas desempe\u00f1ar\u00e1n el papel de cuidadores. M\u00e1s de 53 millones de personas brindaron cuidados no remunerados en los EE. UU. durante 2020, de acuerdo con AARP. Muchos nunca nos imaginamos en ese papel, solo sucedi\u00f3. Para algunos, fue debido a un accidente o a una enfermedad grave de una persona que les importa, para otros, se debi\u00f3 al deterioro gradual de dicha persona. Para algunos, esa persona es una pareja, para otros un padre o madre, para otros un amigo, o incluso el amigo de un amigo. Cuando se quiere (o necesita) recibir ayuda, las personas se ofrecen a ayudar.<\/p>\n\n\n\t<div id=\"ci-list-subtopics-block_3a1be29a0afc2c5ff04c88a387426516\" class=\"ci-block-list-subtopics\">\n\t\t<p><strong>En esta secci\u00f3n, usted encontrar\u00e1 informaci\u00f3n sobre:<\/strong><\/p>\n\t\t<ul>\n\t\t<li><a href=\"https:\/\/www.caringinfo.org\/es\/planificar\/como-brindar-cuidados\/que-es-brindar-cuidados\/\">\u00bfQu\u00e9 es brindar cuidados?<\/a><\/li><li><a href=\"https:\/\/www.caringinfo.org\/es\/planificar\/como-brindar-cuidados\/como-prepararse-y-organizarse-para-convertirse-en-cuidador\/\">C\u00f3mo prepararse y organizarse para convertirse en cuidador<\/a><\/li><li><a href=\"https:\/\/www.caringinfo.org\/es\/planificar\/como-brindar-cuidados\/actividades-tareas-y-responsabilidades-de-los-cuidadores\/\">Actividades, tareas y responsabilidades de los cuidadores<\/a><\/li><li><a href=\"https:\/\/www.caringinfo.org\/es\/planificar\/como-brindar-cuidados\/como-brindar-cuidados-para-veteranos-con-enfermedades-graves\/\">C\u00f3mo brindar cuidados para veteranos con enfermedades graves<\/a><\/li><li><a href=\"https:\/\/www.caringinfo.org\/es\/planificar\/como-brindar-cuidados\/como-brindar-cuidados-para-ninos-con-enfermedades-graves\/\">C\u00f3mo brindar cuidados para ni\u00f1os con enfermedades graves<\/a><\/li><li><a href=\"https:\/\/www.caringinfo.org\/es\/planificar\/como-brindar-cuidados\/como-tomarse-el-tiempo-para-escuchar-como-cuidador\/\">C\u00f3mo tomarse el tiempo para escuchar como cuidador<\/a><\/li><li><a href=\"https:\/\/www.caringinfo.org\/es\/planificar\/como-brindar-cuidados\/como-encontrar-recursos-y-apoyo-para-brindar-cuidados\/\">C\u00f3mo encontrar recursos y apoyo para brindar cuidados<\/a><\/li>\t\t<\/ul>\n\t<\/div>\n\t<\/div><\/div>\n\n\n\n<div class=\"wp-block-genesis-blocks-gb-column topic-intro-image gb-block-layout-column\"><div class=\"gb-block-layout-column-inner\">\n<figure class=\"wp-block-image size-large\"><img loading=\"lazy\" decoding=\"async\" width=\"1024\" height=\"728\" src=\"https:&#47;&#x2f;w&#x77;&#x77;&#46;&#x63;a&#x72;&#x69;&#110;&#x67;i&#x6e;&#x66;&#111;&#x2e;o&#x72;&#x67;&#47;&#x77;p&#x2d;&#x63;&#111;&#x6e;t&#x65;&#x6e;&#116;&#x2f;u&#x70;&#x6c;&#111;&#x61;d&#x73;&#x2f;&#99;&#x61;r&#x65;&#x67;&#105;&#x76;i&#x6e;&#x67;&#95;&#x6b;e&#x79;&#x61;&#114;&#x74;&#64;&#x32;&#x78;&#45;&#x31;0&#x32;&#x34;&#120;&#x37;2&#x38;&#x2e;&#112;&#x6e;g\" alt=\"Una persona mira a su pareja en cama. Ella lo mira a \u00e9l.\" class=\"wp-image-2230\" srcset=\"https:&#x2f;&#x2f;&#x77;&#x77;&#x77;&#x2e;&#x63;&#x61;&#114;&#105;&#110;&#103;&#105;&#110;&#102;o&#46;or&#x67;&#x2f;&#x77;&#x70;&#x2d;&#x63;&#x6f;&#x6e;&#x74;&#101;&#110;&#116;&#47;&#117;&#112;&#108;oads&#x2f;&#x63;&#x61;&#x72;&#x65;&#x67;&#x69;&#x76;&#x69;&#110;&#103;&#95;&#107;&#101;&#121;&#97;rt&#64;2&#x78;&#x2d;&#x31;&#x30;&#x32;&#x34;&#x78;&#x37;&#x32;&#56;&#46;&#112;&#110;&#103; 1024w, https:&#x2f;&#47;&#119;&#x77;&#x77;&#46;&#99;&#x61;&#x72;&#105;&#110;&#x67;&#x69;&#110;&#102;&#x6f;&#x2e;&#111;&#114;&#x67;&#x2f;&#119;&#112;&#x2d;&#x63;&#111;&#110;&#x74;&#x65;&#110;&#116;&#x2f;&#x75;&#112;&#108;&#x6f;&#x61;&#100;&#115;&#x2f;&#x63;&#97;&#114;&#x65;&#x67;&#105;&#118;&#x69;&#x6e;&#103;&#95;&#x6b;&#x65;&#121;&#97;&#x72;&#x74;&#64;&#50;&#x78;&#x2d;&#51;&#48;&#x30;&#x78;&#50;&#49;&#x33;&#x2e;&#112;&#110;&#x67; 300w, https:&#47;&#x2f;&#119;&#x77;&#119;&#x2e;&#99;&#x61;&#114;&#x69;&#110;&#x67;&#105;&#x6e;&#102;&#x6f;&#46;&#x6f;&#114;&#x67;&#47;&#x77;&#112;&#x2d;&#99;&#x6f;&#110;&#x74;&#101;&#x6e;&#116;&#x2f;&#117;&#x70;&#108;&#x6f;&#97;&#x64;&#115;&#x2f;&#99;&#x61;&#114;&#x65;&#103;&#x69;&#118;&#x69;&#110;&#x67;&#95;&#x6b;&#101;&#x79;&#97;&#x72;&#116;&#x40;&#50;&#x78;&#45;&#x31;&#50;&#x37;&#120;&#x39;&#48;&#x2e;&#112;&#x6e;&#103; 127w, https:\/\/ww&#119;&#46;&#99;&#97;&#114;&#x69;&#x6e;&#x67;&#x69;&#x6e;&#x66;&#x6f;&#46;org&#47;&#119;&#112;&#45;&#99;&#x6f;&#x6e;&#x74;&#x65;&#x6e;&#x74;&#x2f;&#x75;ploa&#100;&#115;&#47;&#99;&#97;&#x72;&#x65;&#x67;&#x69;&#x76;&#x69;&#x6e;&#x67;_key&#97;&#114;&#116;&#64;&#50;&#x78;&#x2d;&#x37;&#x36;&#x38;&#x78;&#x35;46&#46;p&#110;&#103; 768w, https:\/&#47;&#x77;&#x77;w&#46;&#99;&#x61;&#x72;i&#110;&#x67;&#x69;n&#102;&#111;&#x2e;&#x6f;r&#103;&#x2f;&#x77;p&#45;&#99;&#x6f;&#x6e;t&#101;&#x6e;&#x74;\/&#117;&#112;&#x6c;&#x6f;a&#100;&#x73;&#x2f;ca&#114;&#x65;&#x67;i&#118;&#x69;&#x6e;&#x67;_&#107;&#x65;&#x79;a&#114;&#116;&#x40;&#x32;x&#45;&#x31;&#x35;3&#54;&#120;&#x31;&#x30;9&#50;&#x2e;&#x70;n&#103; 1536w, https:\/&#47;&#119;&#x77;&#x77;&#46;c&#97;&#114;&#x69;&#x6e;gi&#110;&#102;&#x6f;&#x2e;or&#103;&#x2f;&#x77;&#x70;-&#99;&#111;&#x6e;&#x74;&#x65;n&#116;&#47;&#x75;&#x70;&#x6c;o&#97;&#100;&#x73;&#x2f;&#x63;a&#114;&#101;&#x67;&#x69;&#x76;i&#110;&#103;&#x5f;&#x6b;ey&#97;&#114;&#x74;&#x40;2x&#46;&#112;&#x6e;&#x67; 1800w\" sizes=\"auto, (max-width: 1024px) 100vw, 1024px\" \/><\/figure>\n<\/div><\/div>\n<\/div><\/div>\n\n\n\n<div class=\"wp-block-genesis-blocks-gb-container alignwide ci-section ci-section-topic-block gb-block-container\"><div class=\"gb-container-inside\"><div class=\"gb-container-content\">\n<h2 class=\"wp-block-heading\">\u00bfQu\u00e9 es brindar cuidados?<\/h2>\n\n\n\n<div class=\"wp-block-genesis-blocks-gb-columns gb-layout-columns-2 gb-2-col-wideright alignwide\"><div class=\"gb-layout-column-wrap gb-block-layout-column-gap-2 gb-is-responsive-column\">\n<div class=\"wp-block-genesis-blocks-gb-column gb-block-layout-column\"><div class=\"gb-block-layout-column-inner\">\n<figure class=\"wp-block-image size-large\"><img loading=\"lazy\" decoding=\"async\" width=\"1024\" height=\"728\" src=\"https:\/&#47;&#119;&#x77;&#x77;&#x2e;ca&#114;&#105;&#x6e;&#x67;&#x69;n&#102;&#111;&#46;&#x6f;&#x72;&#x67;\/&#119;&#112;&#x2d;&#x63;&#x6f;nt&#101;&#110;&#x74;&#x2f;&#x75;p&#108;&#111;&#97;&#x64;&#x73;&#x2f;c&#97;&#114;&#x65;&#x67;&#x69;vi&#110;&#103;&#x5f;&#x6d;&#x65;a&#108;&#64;&#50;&#x78;&#x2d;&#x31;0&#50;&#52;&#x78;&#x37;&#x32;8&#46;&#112;&#110;&#x67;\" alt=\"Un cuidador proporciona una comida a una persona mayor.\" class=\"wp-image-2233\" srcset=\"https:&#47;&#x2f;&#119;&#x77;&#119;&#x2e;&#99;&#x61;&#114;&#x69;&#110;&#x67;&#105;&#x6e;&#102;&#x6f;&#46;&#x6f;&#114;&#x67;&#47;&#x77;&#112;&#x2d;&#99;&#x6f;&#110;&#x74;&#101;&#x6e;&#116;&#x2f;&#117;&#x70;&#108;&#x6f;&#97;&#x64;&#115;&#x2f;&#99;&#x61;&#114;&#x65;&#103;&#x69;&#118;&#x69;&#110;&#x67;&#95;&#x6d;&#101;&#x61;&#108;&#x40;&#50;&#x78;&#45;&#x31;&#48;&#x32;&#52;&#x78;&#55;&#x32;&#56;&#x2e;&#112;&#x6e;&#103; 1024w, https:&#x2f;&#47;&#119;w&#x77;&#x2e;&#99;a&#x72;&#x69;&#110;gi&#x6e;&#102;&#111;&#46;&#x6f;&#x72;&#103;\/&#x77;&#x70;&#45;&#99;o&#x6e;&#x74;&#101;n&#x74;&#x2f;&#117;p&#x6c;&#x6f;&#97;&#100;s&#x2f;&#x63;&#97;r&#x65;&#x67;&#105;v&#x69;&#x6e;&#103;&#95;m&#x65;&#x61;&#108;&#64;&#x32;&#x78;&#45;3&#x30;&#x30;&#120;&#50;1&#x33;&#x2e;&#112;n&#x67; 300w, https:&#x2f;&#x2f;&#x77;&#x77;&#119;&#46;car&#x69;&#x6e;&#x67;&#x69;&#110;&#102;o&#46;o&#x72;&#x67;&#x2f;&#x77;&#112;&#45;&#99;on&#x74;&#x65;&#x6e;&#x74;&#47;&#117;&#112;lo&#x61;&#x64;&#x73;&#x2f;&#99;&#97;&#114;eg&#x69;&#x76;&#x69;&#x6e;&#103;&#95;&#109;ea&#x6c;&#x40;&#x32;&#x78;&#45;&#49;&#50;7x&#x39;&#x30;&#x2e;&#x70;&#110;&#103; 127w, https:\/&#47;&#x77;&#x77;w&#46;&#99;&#x61;&#x72;i&#110;&#103;&#x69;&#x6e;f&#111;&#x2e;&#x6f;&#x72;g&#47;&#x77;&#x70;-&#99;&#111;&#x6e;&#x74;e&#110;&#116;&#x2f;&#x75;p&#108;&#x6f;&#x61;&#x64;s&#47;&#x63;&#x61;re&#103;&#x69;&#x76;i&#110;&#103;&#x5f;&#x6d;e&#97;&#108;&#x40;&#x32;x&#45;&#x37;&#x36;8x&#53;&#x34;&#x36;&#46;&#112;&#110;&#x67; 768w, https:&#47;&#x2f;w&#119;&#x77;&#46;&#x63;a&#114;&#x69;n&#x67;&#x69;&#110;&#x66;o&#46;&#x6f;r&#x67;&#x2f;&#119;&#x70;-&#99;&#x6f;&#110;&#x74;e&#110;&#x74;\/&#117;&#x70;&#108;&#x6f;a&#100;&#x73;\/&#x63;&#x61;&#114;&#x65;g&#105;&#x76;i&#x6e;&#x67;&#95;&#x6d;e&#97;&#x6c;&#64;&#x32;x&#45;&#x31;5&#x33;&#x36;&#120;&#x31;0&#57;&#x32;&#46;&#x70;&#x6e;&#103; 1536w, https:&#47;&#x2f;&#119;&#x77;&#119;&#x2e;&#99;&#x61;&#114;&#x69;&#110;&#x67;&#105;&#x6e;&#102;&#x6f;&#46;&#x6f;&#114;&#x67;&#47;&#x77;&#112;&#x2d;&#99;&#x6f;&#110;&#x74;&#101;&#x6e;&#116;&#x2f;&#117;&#x70;&#108;&#x6f;&#97;&#x64;&#115;&#x2f;&#99;&#x61;&#114;&#x65;&#103;&#x69;&#118;&#x69;&#110;&#x67;&#95;&#x6d;&#101;&#x61;&#108;&#x40;&#50;&#x78;&#46;&#x70;&#110;&#x67; 1800w\" sizes=\"auto, (max-width: 1024px) 100vw, 1024px\" \/><\/figure>\n<\/div><\/div>\n\n\n\n<div class=\"wp-block-genesis-blocks-gb-column gb-block-layout-column\"><div class=\"gb-block-layout-column-inner\">\n<p>Es posible que brinde cuidados durante una crisis, en el transcurso de una enfermedad larga, a la distancia o mientras cuida de otros tambi\u00e9n, como los hijos. Brindar cuidados incluye muchas actividades entrelazadas desde los cuidados directos y pr\u00e1cticos de una persona, revisar su entorno, fomentar sus relaciones sociales, as\u00ed como tratar con los m\u00e9dicos, hospitales y compa\u00f1\u00edas de seguros. Con frecuencia, puede olvidarse de cuidar de usted mismo. <\/p>\n\n\n\t<div id=\"ci-list-subtopics-block_7207a76c0fa2f87c19185ffc5571e7ae\" class=\"ci-block-list-content-of-interest\">\n\t\t<p><strong>Inf\u00f3rmese sobre las siguientes opciones:<\/strong><\/p>\n\t\t<ul>\n\t\t\t\t\t<li><a href=\"https:\/\/www.caringinfo.org\/es\/planificar\/como-brindar-cuidados\/que-es-brindar-cuidados\/\" class=\"button\">Un resumen para brindar cuidados<\/a><\/li>\t\n\t\t\t\t\t<li><a href=\"https:\/\/www.caringinfo.org\/es\/planificar\/como-brindar-cuidados\/que-es-brindar-cuidados\/#como-empezar\" class=\"button\">\u00bfC\u00f3mo puede empezar como cuidador?<\/a><\/li>\t\n\t\t\t\t\t<li><a href=\"https:\/\/www.caringinfo.org\/es\/planificar\/como-brindar-cuidados\/como-prepararse-y-organizarse-para-convertirse-en-cuidador\/\" class=\"button\">Formas de prepararse para brindar cuidados<\/a><\/li>\t\n\t\t\t\t\t<li><a href=\"https:\/\/www.caringinfo.org\/es\/planificar\/como-brindar-cuidados\/como-prepararse-y-organizarse-para-convertirse-en-cuidador\/#como-organizarse\" class=\"button\">Consejos para organizarse como cuidador<\/a><\/li>\t\n\t\t\t\t\t<li><a href=\"https:\/\/www.caringinfo.org\/es\/planificar\/como-brindar-cuidados\/como-tomarse-el-tiempo-para-escuchar-como-cuidador\/\" class=\"button\">C\u00f3mo asegurarse de tomarse el tiempo para escuchar<\/a><\/li>\t\n\t\t\t\t<\/ul>\n\t<\/div>\n\t<\/div><\/div>\n<\/div><\/div>\n<\/div><\/div><\/div>\n\n\n\n<div class=\"wp-block-genesis-blocks-gb-container alignwide ci-section ci-section-topic-block gb-block-container\"><div class=\"gb-container-inside\"><div class=\"gb-container-content\">\n<h2 class=\"wp-block-heading\">\u00bfCu\u00e1les son las actividades de un cuidador?<\/h2>\n\n\n\n<div class=\"wp-block-genesis-blocks-gb-columns gb-layout-columns-2 gb-2-col-wideright alignwide\"><div class=\"gb-layout-column-wrap gb-block-layout-column-gap-2 gb-is-responsive-column\">\n<div class=\"wp-block-genesis-blocks-gb-column gb-block-layout-column\"><div class=\"gb-block-layout-column-inner\">\n<figure class=\"wp-block-image size-large\"><img loading=\"lazy\" decoding=\"async\" width=\"1024\" height=\"728\" src=\"https:&#47;&#x2f;&#119;&#x77;w&#x2e;c&#97;&#x72;&#105;&#x6e;&#103;&#x69;n&#x66;o&#46;&#x6f;&#114;&#x67;\/&#x77;p&#x2d;&#x63;&#111;&#x6e;&#116;&#x65;n&#x74;\/&#117;&#x70;&#108;&#x6f;&#97;&#x64;s&#x2f;c&#97;&#x72;&#101;&#x67;i&#x76;i&#x6e;&#x67;&#45;&#x61;&#99;&#x74;i&#x76;i&#116;&#x69;&#101;&#x73;&#64;&#x32;x&#x2d;2&#45;&#x31;&#48;&#x32;4&#x78;7&#x32;&#x38;&#46;&#x70;&#110;&#x67;\" alt=\"Una persona considera los diferentes tipos de cuidados.\" class=\"wp-image-2232\" srcset=\"https:&#47;&#47;&#x77;&#x77;&#119;&#46;&#x63;&#x61;&#114;&#105;&#x6e;&#x67;&#105;&#110;&#x66;&#x6f;&#46;&#111;&#x72;&#x67;&#47;&#119;&#x70;&#x2d;&#99;&#111;&#x6e;&#x74;&#101;&#110;&#x74;&#x2f;&#117;&#112;&#x6c;&#x6f;&#97;&#100;&#x73;&#x2f;&#99;&#97;&#x72;&#x65;&#103;&#105;&#x76;&#x69;&#110;&#103;&#x2d;&#x61;&#99;&#116;&#x69;&#x76;&#105;&#116;&#x69;&#x65;&#115;&#64;&#x32;&#x78;&#45;&#50;&#x2d;&#x31;&#48;&#50;&#x34;&#x78;&#55;&#50;&#x38;&#x2e;&#112;&#110;&#x67; 1024w, https:\/&#47;&#x77;&#x77;w&#46;&#99;&#x61;&#x72;i&#110;&#x67;&#x69;n&#102;&#111;&#x2e;&#x6f;r&#103;&#x2f;&#x77;p&#45;&#99;&#x6f;&#x6e;t&#101;&#x6e;&#x74;\/&#117;&#112;&#x6c;&#x6f;a&#100;&#x73;&#x2f;ca&#114;&#x65;&#x67;i&#118;&#x69;&#x6e;&#x67;-&#97;&#x63;&#x74;i&#118;&#105;&#x74;&#x69;e&#115;&#x40;&#x32;x&#45;&#50;&#x2d;&#x33;0&#48;&#x78;&#x32;1&#51;&#46;&#x70;&#x6e;g 300w, https:&#x2f;&#47;w&#x77;&#119;&#46;&#x63;&#97;r&#x69;&#110;g&#x69;&#110;f&#x6f;&#x2e;o&#x72;&#x67;&#47;&#x77;&#x70;&#45;&#x63;&#x6f;&#110;t&#x65;&#110;t&#x2f;&#117;p&#x6c;&#111;a&#x64;&#115;\/&#x63;&#x61;r&#x65;&#x67;&#105;&#x76;&#x69;&#110;&#x67;&#x2d;&#97;c&#x74;&#105;v&#x69;&#116;i&#x65;&#115;&#64;&#x32;&#120;-&#x32;&#x2d;1&#x32;&#x37;&#120;&#x39;&#x30;&#46;&#x70;&#x6e;&#103; 127w, https:&#47;\/&#119;w&#119;&#46;&#x63;a&#x72;i&#x6e;g&#x69;n&#x66;o&#x2e;o&#x72;g&#x2f;w&#x70;-&#x63;&#111;&#x6e;&#116;&#x65;&#110;&#x74;&#47;&#x75;&#112;&#x6c;&#111;&#x61;&#100;&#x73;&#47;&#x63;&#97;&#x72;&#101;&#x67;&#105;&#x76;&#105;&#x6e;&#103;-&#97;c&#116;i&#x76;i&#x74;i&#x65;s&#x40;2&#x78;-&#x32;-&#x37;6&#x38;x&#x35;4&#x36;&#46;&#x70;&#110;&#x67; 768w, https:&#47;&#x2f;&#119;&#x77;w&#x2e;c&#97;&#x72;&#105;&#x6e;&#103;&#x69;n&#x66;o&#46;&#x6f;&#114;&#x67;\/&#x77;p&#x2d;&#x63;&#111;&#x6e;&#116;&#x65;n&#x74;\/&#117;&#x70;&#108;&#x6f;&#97;&#x64;s&#x2f;c&#97;&#x72;&#101;&#x67;i&#x76;i&#x6e;&#x67;&#45;&#x61;&#99;&#x74;i&#x76;i&#116;&#x69;&#101;&#x73;&#64;&#x32;x&#x2d;2&#45;&#x31;&#53;&#x33;6&#x78;1&#x30;&#x39;&#50;&#x2e;&#112;&#x6e;g 1536w, https:&#x2f;&#x2f;&#x77;&#x77;&#x77;&#x2e;&#x63;&#x61;&#x72;&#x69;&#x6e;&#x67;&#x69;&#x6e;&#x66;&#x6f;&#x2e;&#x6f;&#x72;&#x67;&#x2f;&#x77;&#112;&#45;&#99;&#111;&#110;&#116;&#101;&#110;&#116;&#47;&#117;&#112;&#108;&#111;&#97;ds\/caregivin&#x67;&#x2d;&#x61;&#x63;&#x74;&#x69;&#x76;&#x69;&#x74;&#x69;&#x65;&#x73;&#x40;&#x32;&#x78;&#x2d;&#x32;&#x2e;&#x70;&#x6e;&#x67; 1800w\" sizes=\"auto, (max-width: 1024px) 100vw, 1024px\" \/><\/figure>\n<\/div><\/div>\n\n\n\n<div class=\"wp-block-genesis-blocks-gb-column gb-block-layout-column\"><div class=\"gb-block-layout-column-inner\">\n<p>Al brindar cuidados, puede haber muchas cosas que le pedir\u00e1n hacer, pero que nunca ha hecho antes. Aprenda qu\u00e9 tareas y actividades de la vida diaria podr\u00edan incluirse en las responsabilidades de cuidados para un familiar u otra persona, y qu\u00e9 necesita saber para brindar cuidados personales y de alivio. &nbsp;&nbsp;&nbsp;&nbsp;&nbsp;<\/p>\n\n\n\t<div id=\"ci-list-subtopics-block_e0af6b0a98093c06233270ec781133c1\" class=\"ci-block-list-content-of-interest\">\n\t\t<p><strong>Inf\u00f3rmese sobre las siguientes opciones:<\/strong><\/p>\n\t\t<ul>\n\t\t\t\t\t<li><a href=\"https:\/\/www.caringinfo.org\/es\/planificar\/como-brindar-cuidados\/actividades-tareas-y-responsabilidades-de-los-cuidadores\/\" class=\"button\">\u00bfQu\u00e9 son los cuidados f\u00edsicos?<\/a><\/li>\t\n\t\t\t\t\t<li><a href=\"https:\/\/www.caringinfo.org\/es\/planificar\/como-brindar-cuidados\/actividades-tareas-y-responsabilidades-de-los-cuidadores\/#seguridad-en-el-hogar\" class=\"button\">C\u00f3mo trabajar para garantizar la seguridad en el hogar<\/a><\/li>\t\n\t\t\t\t\t<li><a href=\"https:\/\/www.caringinfo.org\/es\/planificar\/como-brindar-cuidados\/actividades-tareas-y-responsabilidades-de-los-cuidadores\/#como-fomentar-las-relaciones\" class=\"button\">C\u00f3mo fomentar las relaciones como cuidador<\/a><\/li>\t\n\t\t\t\t\t<li><a href=\"https:\/\/www.caringinfo.org\/es\/planificar\/como-brindar-cuidados\/actividades-tareas-y-responsabilidades-de-los-cuidadores\/#interacciones\" class=\"button\">C\u00f3mo obtener ayuda para interactuar con el sistema de atenci\u00f3n m\u00e9dica y las aseguradoras<\/a><\/li>\t\n\t\t\t\t<\/ul>\n\t<\/div>\n\t<\/div><\/div>\n<\/div><\/div>\n<\/div><\/div><\/div>\n\n\n\n<div class=\"wp-block-genesis-blocks-gb-container alignwide ci-section ci-section-topic-block gb-block-container\"><div class=\"gb-container-inside\"><div class=\"gb-container-content\">\n<h2 class=\"wp-block-heading\">Recursos para cuidadores<\/h2>\n\n\n\n<div class=\"wp-block-genesis-blocks-gb-columns gb-layout-columns-2 gb-2-col-wideright alignwide\"><div class=\"gb-layout-column-wrap gb-block-layout-column-gap-2 gb-is-responsive-column\">\n<div class=\"wp-block-genesis-blocks-gb-column gb-block-layout-column\"><div class=\"gb-block-layout-column-inner\">\n<figure class=\"wp-block-image size-large\"><img loading=\"lazy\" decoding=\"async\" width=\"1024\" height=\"728\" src=\"https:&#47;&#x2f;w&#119;&#x77;&#46;&#x63;a&#114;&#x69;n&#x67;&#x69;&#110;&#x66;o&#46;&#x6f;r&#x67;&#x2f;&#119;&#x70;-&#99;&#x6f;&#110;&#x74;e&#110;&#x74;\/&#117;&#x70;&#108;&#x6f;a&#100;&#x73;\/&#x63;&#x61;&#114;&#x65;g&#105;&#x76;i&#x6e;&#x67;&#45;&#x72;e&#115;&#x6f;&#117;&#x72;c&#101;&#x73;&#64;&#x32;&#x78;&#45;&#x31;-&#49;&#x30;2&#x34;&#x78;&#55;&#x32;8&#46;&#x70;&#110;&#x67;\" alt=\"Una persona busca informaci\u00f3n sobre c\u00f3mo obtener apoyo para cuidadores.\" class=\"wp-image-2231\" srcset=\"https:&#47;&#x2f;&#x77;w&#119;&#x2e;c&#97;&#x72;&#x69;&#110;&#x67;&#x69;n&#102;&#x6f;&#46;&#111;&#x72;&#x67;&#47;&#x77;&#x70;-&#99;&#x6f;n&#116;&#x65;&#x6e;&#116;&#x2f;&#x75;p&#108;&#x6f;a&#100;&#x73;&#x2f;&#99;&#x61;&#x72;e&#103;&#x69;v&#105;&#x6e;&#x67;&#45;&#x72;&#x65;s&#111;&#x75;r&#99;&#x65;&#x73;&#64;&#x32;&#x78;-&#49;&#x2d;1&#48;&#x32;&#x34;&#120;&#x37;&#x32;8&#46;&#x70;n&#103; 1024w, https:&#x2f;&#x2f;&#x77;&#x77;&#x77;&#x2e;&#x63;&#x61;&#x72;&#x69;&#x6e;&#x67;&#x69;&#x6e;&#x66;&#x6f;&#x2e;&#x6f;&#x72;&#x67;&#x2f;&#x77;&#x70;&#x2d;&#x63;&#x6f;&#x6e;&#x74;&#x65;&#x6e;&#x74;&#x2f;&#x75;&#x70;&#x6c;&#x6f;&#x61;&#x64;&#x73;&#x2f;&#x63;&#x61;&#x72;&#x65;&#103;&#105;&#118;&#105;&#110;&#103;&#45;&#114;&#101;&#115;&#111;&#117;&#114;&#99;&#101;&#115;&#64;&#50;&#120;&#45;&#49;&#45;&#51;&#48;&#48;&#120;&#50;&#49;&#51;&#46;&#112;ng 300w, https:&#47;&#x2f;w&#119;&#x77;&#46;&#x63;&#x61;&#114;&#x69;n&#103;&#x69;n&#102;&#x6f;&#46;&#x6f;r&#103;&#x2f;w&#112;&#x2d;&#99;&#x6f;&#x6e;&#116;&#x65;n&#116;&#x2f;u&#x70;&#x6c;&#111;&#x61;d&#115;&#x2f;c&#97;&#x72;&#101;&#x67;i&#118;&#x69;n&#103;&#x2d;r&#x65;&#x73;&#111;&#x75;r&#99;&#x65;s&#x40;&#x32;&#120;&#x2d;1&#45;&#x31;2&#55;&#x78;&#57;&#x30;&#46;&#112;&#x6e;g 127w, https:\/\/&#119;&#119;&#119;&#x2e;&#x63;&#x61;&#x72;in&#103;&#105;&#110;&#x66;&#x6f;&#x2e;&#x6f;rg&#47;&#119;&#112;&#x2d;&#x63;&#x6f;&#x6e;te&#110;&#116;&#47;&#x75;&#x70;&#x6c;&#x6f;ad&#115;&#47;&#99;&#x61;&#x72;&#x65;&#x67;iv&#105;&#110;&#103;&#x2d;&#x72;&#x65;&#x73;ou&#114;&#99;&#101;&#x73;&#x40;&#x32;&#x78;-1&#45;&#55;&#54;&#x38;&#x78;&#x35;&#x34;6&#46;&#112;&#110;&#103; 768w, https:&#47;\/&#x77;w&#x77;&#46;&#x63;&#97;&#x72;&#105;n&#x67;i&#x6e;&#102;&#x6f;&#46;&#x6f;&#114;&#x67;&#47;w&#x70;-&#x63;&#111;&#x6e;&#116;&#x65;&#110;t&#x2f;u&#x70;&#108;&#x6f;&#97;&#x64;&#115;&#x2f;&#99;a&#x72;e&#x67;&#105;&#x76;&#105;&#x6e;&#103;-&#x72;e&#x73;&#111;&#x75;&#114;&#x63;&#101;&#x73;&#64;2&#x78;-&#x31;&#45;&#x31;&#53;&#x33;&#54;x&#x31;0&#x39;&#50;&#x2e;&#112;&#x6e;&#103; 1536w, https:&#47;&#x2f;w&#x77;&#x77;&#46;&#x63;a&#114;&#x69;&#110;&#x67;i&#110;&#x66;o&#x2e;o&#114;&#x67;\/&#x77;&#x70;&#45;&#x63;o&#110;&#x74;&#101;&#x6e;t&#47;&#x75;&#112;&#x6c;o&#97;&#x64;s&#x2f;&#x63;&#97;&#x72;e&#103;&#x69;&#118;&#x69;n&#103;&#x2d;&#114;&#x65;s&#111;&#x75;r&#x63;e&#115;&#x40;2&#x78;&#x2d;&#49;&#x2e;p&#110;&#x67; 1800w\" sizes=\"auto, (max-width: 1024px) 100vw, 1024px\" \/><\/figure>\n<\/div><\/div>\n\n\n\n<div class=\"wp-block-genesis-blocks-gb-column gb-block-layout-column\"><div class=\"gb-block-layout-column-inner\">\n<p>Con frecuencia, brindar cuidados incluye responsabilidades y tareas poco familiares. Aun as\u00ed, la mayor\u00eda de los cuidadores nunca reciben educaci\u00f3n ni capacitaci\u00f3n. En la mayor\u00eda de las comunidades, hay diferentes organizaciones que podr\u00edan ofrecer informaci\u00f3n o apoyo para ayudar con las tareas de los cuidadores. Reunimos enlaces a recursos y grupos que pueden proporcionarle apoyo adicional e informaci\u00f3n para cuidadores.<\/p>\n\n\n\t<div id=\"ci-list-subtopics-block_d33f7fd80438bfe7de11b8053b36edcc\" class=\"ci-block-list-content-of-interest\">\n\t\t<p><strong>Inf\u00f3rmese sobre las siguientes opciones:<\/strong><\/p>\n\t\t<ul>\n\t\t\t\t\t<li><a href=\"https:\/\/www.caringinfo.org\/es\/planificar\/como-brindar-cuidados\/como-encontrar-recursos-y-apoyo-para-brindar-cuidados\/\" class=\"button\">Informaci\u00f3n sobre c\u00f3mo brindar cuidados en general<\/a><\/li>\t\n\t\t\t\t\t<li><a href=\"https:\/\/www.caringinfo.org\/es\/planificar\/como-brindar-cuidados\/como-encontrar-recursos-y-apoyo-para-brindar-cuidados\/#grupos-de-apoyo\" class=\"button\">Grupos de apoyo que puede encontrar<\/a><\/li>\t\n\t\t\t\t\t<li><a href=\"https:\/\/www.caringinfo.org\/es\/planificar\/como-brindar-cuidados\/como-encontrar-recursos-y-apoyo-para-brindar-cuidados\/#servicios\" class=\"button\">Servicios que podr\u00edan ayudarle<\/a><\/li>\t\n\t\t\t\t<\/ul>\n\t<\/div>\n\t<\/div><\/div>\n<\/div><\/div>\n<\/div><\/div><\/div>\n","protected":false},"excerpt":{"rendered":"<p>Tarde o temprano, la mayor\u00eda de nosotros seremos cuidadores. Muchos nunca nos imaginamos desempe\u00f1ando ese papel. Puede parecer bastante abrumador, pero le proporcionamos recursos que pueden ayudar.<\/p>\n","protected":false},"author":6721,"featured_media":0,"parent":2625,"menu_order":7,"comment_status":"closed","ping_status":"closed","template":"template-page-topic.php","meta":{"_acf_changed":false,"_genesis_hide_title":false,"_genesis_hide_breadcrumbs":false,"_genesis_hide_singular_image":false,"_genesis_hide_footer_widgets":false,"_genesis_custom_body_class":"","_genesis_custom_post_class":"","_genesis_layout":"","footnotes":""},"topic":[116],"typeofcare":[],"language":[],"class_list":{"0":"post-2646","1":"page","2":"type-page","3":"status-publish","5":"topic-como-brindar-cuidados","6":"entry"},"acf":[],"featured_image_src":null,"featured_image_src_square":null,"_links":{"self":[{"href":"https:\/\/www.caringinfo.org\/es\/wp-json\/wp\/v2\/pages\/2646","targetHints":{"allow":["GET"]}}],"collection":[{"href":"https:\/\/www.caringinfo.org\/es\/wp-json\/wp\/v2\/pages"}],"about":[{"href":"https:\/\/www.caringinfo.org\/es\/wp-json\/wp\/v2\/types\/page"}],"author":[{"embeddable":true,"href":"https:\/\/www.caringinfo.org\/es\/wp-json\/wp\/v2\/users\/6721"}],"replies":[{"embeddable":true,"href":"https:\/\/www.caringinfo.org\/es\/wp-json\/wp\/v2\/comments?post=2646"}],"version-history":[{"count":0,"href":"https:\/\/www.caringinfo.org\/es\/wp-json\/wp\/v2\/pages\/2646\/revisions"}],"up":[{"embeddable":true,"href":"https:\/\/www.caringinfo.org\/es\/wp-json\/wp\/v2\/pages\/2625"}],"wp:attachment":[{"href":"https:\/\/www.caringinfo.org\/es\/wp-json\/wp\/v2\/media?parent=2646"}],"wp:term":[{"taxonomy":"topic","embeddable":true,"href":"https:\/\/www.caringinfo.org\/es\/wp-json\/wp\/v2\/topic?post=2646"},{"taxonomy":"typeofcare","embeddable":true,"href":"https:\/\/www.caringinfo.org\/es\/wp-json\/wp\/v2\/typeofcare?post=2646"},{"taxonomy":"language","embeddable":true,"href":"https:\/\/www.caringinfo.org\/es\/wp-json\/wp\/v2\/language?post=2646"}],"curies":[{"name":"wp","href":"https:\/\/api.w.org\/{rel}","templated":true}]}}