{"id":2649,"date":"2021-03-04T17:57:36","date_gmt":"2021-03-04T22:57:36","guid":{"rendered":"https:\/\/www.caringinfo.org\/?page_id=2649"},"modified":"2025-02-26T18:41:16","modified_gmt":"2025-02-26T23:41:16","slug":"por-estado","status":"publish","type":"page","link":"https:\/\/www.caringinfo.org\/es\/planificar\/instrucciones-anticipadas\/por-estado\/","title":{"rendered":"Descargue y complete el formulario de instrucciones anticipadas de su estado o territorio"},"content":{"rendered":"\n<p class=\"is-style-large\">CaringInfo proporciona instrucciones anticipadas gratuitas e instrucciones para cada estado que se pueden abrir como un archivo en formato de documento port\u00e1til (Portable Document Format, PDF).<\/p>\n\n\n\n<p>Los PDF pueden llenarse en l\u00ednea. Algunos estados aceptan la notarizaci\u00f3n en l\u00ednea. Los formularios deber\u00e1n guardarse y almacenarse en varios sitios. Tambi\u00e9n deber\u00e1n imprimirse para que puedan formalizarse mediante las firmas de sus testigos o notarizarse si su estado lo requiere. <strong>Cada estado tiene diferentes requisitos para los testigos, notarizaci\u00f3n y otras particularidades, as\u00ed que aseg\u00farese de revisar con atenci\u00f3n el formulario y las instrucciones.<\/strong><\/p>\n\n\n\n<div class=\"wp-block-group\"><div class=\"wp-block-group__inner-container is-layout-flow wp-block-group-is-layout-flow\"><div id=\"ci-block-widget-nav-statedirectives-block_b874b68ffe014252dc239149f8b2055f\" class=\"ci-widget ci-block-widget-nav-statedirectives\">\n\t<div class=\"ci-widget-inner\">\n\t\t<label for=\"navStateDirectivePages\">Encuentre las Instrucciones anticipadas de su estado:<\/label>\n\t\t<select name=\"navStateDirectivePages\" id=\"widgetStateDirectivePages\" placeholder=\"Elija un estado\">\n\t\t<option value=\"\" role=\"option\" selected=\"selected\"><\/option>\n\t\t<option value=\"https:\/\/www.caringinfo.org\/es\/planificar\/instrucciones-anticipadas\/por-estado\/alabama\/\" role=\"option\" id=\"2703\">Alabama<\/option><option value=\"https:\/\/www.caringinfo.org\/es\/planificar\/instrucciones-anticipadas\/por-estado\/alaska\/\" role=\"option\" id=\"2702\">Alaska<\/option><option value=\"https:\/\/www.caringinfo.org\/es\/planificar\/instrucciones-anticipadas\/por-estado\/arizona\/\" role=\"option\" id=\"2704\">Arizona<\/option><option value=\"https:\/\/www.caringinfo.org\/es\/planificar\/instrucciones-anticipadas\/por-estado\/arkansas\/\" role=\"option\" id=\"2688\">Arkansas<\/option><option value=\"https:\/\/www.caringinfo.org\/es\/planificar\/instrucciones-anticipadas\/por-estado\/california\/\" role=\"option\" id=\"2677\">California<\/option><option value=\"https:\/\/www.caringinfo.org\/es\/planificar\/instrucciones-anticipadas\/por-estado\/colorado\/\" role=\"option\" id=\"2689\">Colorado<\/option><option value=\"https:\/\/www.caringinfo.org\/es\/planificar\/instrucciones-anticipadas\/por-estado\/connecticut\/\" role=\"option\" id=\"2690\">Connecticut<\/option><option value=\"https:\/\/www.caringinfo.org\/es\/planificar\/instrucciones-anticipadas\/por-estado\/delaware\/\" role=\"option\" id=\"2691\">Delaware<\/option><option value=\"https:\/\/www.caringinfo.org\/es\/planificar\/instrucciones-anticipadas\/por-estado\/distrito-de-columbia\/\" role=\"option\" id=\"2692\">Distrito de Columbia<\/option><option value=\"https:\/\/www.caringinfo.org\/es\/planificar\/instrucciones-anticipadas\/por-estado\/florida\/\" role=\"option\" id=\"2693\">Florida<\/option><option value=\"https:\/\/www.caringinfo.org\/es\/planificar\/instrucciones-anticipadas\/por-estado\/georgia\/\" role=\"option\" id=\"2694\">Georgia<\/option><option value=\"https:\/\/www.caringinfo.org\/es\/planificar\/instrucciones-anticipadas\/por-estado\/hawai\/\" role=\"option\" id=\"2695\">Haw\u00e1i<\/option><option value=\"https:\/\/www.caringinfo.org\/es\/planificar\/instrucciones-anticipadas\/por-estado\/idaho\/\" role=\"option\" id=\"2696\">Idaho<\/option><option value=\"https:\/\/www.caringinfo.org\/es\/planificar\/instrucciones-anticipadas\/por-estado\/illinois\/\" role=\"option\" id=\"2697\">Illinois<\/option><option value=\"https:\/\/www.caringinfo.org\/es\/planificar\/instrucciones-anticipadas\/por-estado\/indiana\/\" role=\"option\" id=\"2714\">Indiana<\/option><option value=\"https:\/\/www.caringinfo.org\/es\/planificar\/instrucciones-anticipadas\/por-estado\/iowa\/\" role=\"option\" id=\"2715\">Iowa<\/option><option value=\"https:\/\/www.caringinfo.org\/es\/planificar\/instrucciones-anticipadas\/por-estado\/kansas\/\" role=\"option\" id=\"2716\">Kansas<\/option><option value=\"https:\/\/www.caringinfo.org\/es\/planificar\/instrucciones-anticipadas\/por-estado\/kentucky\/\" role=\"option\" id=\"2717\">Kentucky<\/option><option value=\"https:\/\/www.caringinfo.org\/es\/planificar\/instrucciones-anticipadas\/por-estado\/luisiana\/\" role=\"option\" id=\"2718\">Luisiana<\/option><option value=\"https:\/\/www.caringinfo.org\/es\/planificar\/instrucciones-anticipadas\/por-estado\/maine\/\" role=\"option\" id=\"2719\">Maine<\/option><option value=\"https:\/\/www.caringinfo.org\/es\/planificar\/instrucciones-anticipadas\/por-estado\/maryland\/\" role=\"option\" id=\"2720\">Maryland<\/option><option value=\"https:\/\/www.caringinfo.org\/es\/planificar\/instrucciones-anticipadas\/por-estado\/massachusetts\/\" role=\"option\" id=\"2721\">Massachusetts<\/option><option value=\"https:\/\/www.caringinfo.org\/es\/planificar\/instrucciones-anticipadas\/por-estado\/michigan\/\" role=\"option\" id=\"2723\">Michigan<\/option><option value=\"https:\/\/www.caringinfo.org\/es\/planificar\/instrucciones-anticipadas\/por-estado\/minnesota\/\" role=\"option\" id=\"2722\">Minnesota<\/option><option value=\"https:\/\/www.caringinfo.org\/es\/planificar\/instrucciones-anticipadas\/por-estado\/misisipi\/\" role=\"option\" id=\"2724\">Misisipi<\/option><option value=\"https:\/\/www.caringinfo.org\/es\/planificar\/instrucciones-anticipadas\/por-estado\/misuri\/\" role=\"option\" id=\"2725\">Misuri<\/option><option value=\"https:\/\/www.caringinfo.org\/es\/planificar\/instrucciones-anticipadas\/por-estado\/montana\/\" role=\"option\" id=\"2726\">Montana<\/option><option value=\"https:\/\/www.caringinfo.org\/es\/planificar\/instrucciones-anticipadas\/por-estado\/nebraska\/\" role=\"option\" id=\"2730\">Nebraska<\/option><option value=\"https:\/\/www.caringinfo.org\/es\/planificar\/instrucciones-anticipadas\/por-estado\/nevada\/\" role=\"option\" id=\"2731\">Nevada<\/option><option value=\"https:\/\/www.caringinfo.org\/es\/planificar\/instrucciones-anticipadas\/por-estado\/nuevo-hampshire\/\" role=\"option\" id=\"2732\">Nuevo Hampshire<\/option><option value=\"https:\/\/www.caringinfo.org\/es\/planificar\/instrucciones-anticipadas\/por-estado\/formularios-de-instrucciones-anticipadas-para-nueva-jersey\/\" role=\"option\" id=\"2733\">Nueva Jersey<\/option><option value=\"https:\/\/www.caringinfo.org\/es\/planificar\/instrucciones-anticipadas\/por-estado\/formularios-de-instrucciones-anticipadas-para-nuevo-mexico\/\" role=\"option\" id=\"2734\">Nuevo M\u00e9xico<\/option><option value=\"https:\/\/www.caringinfo.org\/es\/planificar\/instrucciones-anticipadas\/por-estado\/nueva-york\/\" role=\"option\" id=\"2735\">Nueva York<\/option><option value=\"https:\/\/www.caringinfo.org\/es\/planificar\/instrucciones-anticipadas\/por-estado\/carolina-del-norte\/\" role=\"option\" id=\"2736\">Carolina del Norte<\/option><option value=\"https:\/\/www.caringinfo.org\/es\/planificar\/instrucciones-anticipadas\/por-estado\/dakota-del-norte\/\" role=\"option\" id=\"2737\">Dakota del Norte<\/option><option value=\"https:\/\/www.caringinfo.org\/es\/planificar\/instrucciones-anticipadas\/por-estado\/ohio\/\" role=\"option\" id=\"2738\">Ohio<\/option><option value=\"https:\/\/www.caringinfo.org\/es\/planificar\/instrucciones-anticipadas\/por-estado\/oklahoma\/\" role=\"option\" id=\"2739\">Oklahoma<\/option><option value=\"https:\/\/www.caringinfo.org\/es\/planificar\/instrucciones-anticipadas\/por-estado\/oregon\/\" role=\"option\" id=\"2740\">Oreg\u00f3n<\/option><option value=\"https:\/\/www.caringinfo.org\/es\/planificar\/instrucciones-anticipadas\/por-estado\/pensilvania\/\" role=\"option\" id=\"2741\">Pensilvania<\/option><option value=\"https:\/\/www.caringinfo.org\/es\/planificar\/instrucciones-anticipadas\/por-estado\/puerto-rico\/\" role=\"option\" id=\"2754\">Puerto Rico<\/option><option value=\"https:\/\/www.caringinfo.org\/es\/planificar\/instrucciones-anticipadas\/por-estado\/rhode-island\/\" role=\"option\" id=\"2742\">Rhode Island<\/option><option value=\"https:\/\/www.caringinfo.org\/es\/planificar\/instrucciones-anticipadas\/por-estado\/carolina-del-sur\/\" role=\"option\" id=\"2743\">Carolina del Sur<\/option><option value=\"https:\/\/www.caringinfo.org\/es\/planificar\/instrucciones-anticipadas\/por-estado\/dakota-del-sur\/\" role=\"option\" id=\"2747\">Dakota del Sur<\/option><option value=\"https:\/\/www.caringinfo.org\/es\/planificar\/instrucciones-anticipadas\/por-estado\/tennessee\/\" role=\"option\" id=\"2746\">Tennessee<\/option><option value=\"https:\/\/www.caringinfo.org\/es\/planificar\/instrucciones-anticipadas\/por-estado\/texas\/\" role=\"option\" id=\"2745\">Texas<\/option><option value=\"https:\/\/www.caringinfo.org\/es\/planificar\/instrucciones-anticipadas\/por-estado\/utah\/\" role=\"option\" id=\"2744\">Utah<\/option><option value=\"https:\/\/www.caringinfo.org\/es\/planificar\/instrucciones-anticipadas\/por-estado\/virginia\/\" role=\"option\" id=\"2678\">Virginia<\/option><option value=\"https:\/\/www.caringinfo.org\/es\/planificar\/instrucciones-anticipadas\/por-estado\/vermont\/\" role=\"option\" id=\"2749\">Vermont<\/option><option value=\"https:\/\/www.caringinfo.org\/es\/planificar\/instrucciones-anticipadas\/por-estado\/washington\/\" role=\"option\" id=\"2750\">Washington<\/option><option value=\"https:\/\/www.caringinfo.org\/es\/planificar\/instrucciones-anticipadas\/por-estado\/virginia-occidental\/\" role=\"option\" id=\"2751\">Virginia Occidental<\/option><option value=\"https:\/\/www.caringinfo.org\/es\/planificar\/instrucciones-anticipadas\/por-estado\/wisconsin\/\" role=\"option\" id=\"2752\">Wisconsin<\/option><option value=\"https:\/\/www.caringinfo.org\/es\/planificar\/instrucciones-anticipadas\/por-estado\/wyoming\/\" role=\"option\" id=\"2753\">Wyoming<\/option>\t\t<\/select>\n\t<\/div>\n<\/div>\n<\/div><\/div>\n\n\n\n<p>Las instrucciones anticipadas de un estado no siempre funcionan en otro estado. Algunos estados respetan las instrucciones anticipadas de otros estados, otros las respetan solo si son similares a las leyes propias de dichos estados, y otros estados no tienen una respuesta a esta pregunta. La mejor soluci\u00f3n es que si pasa una cantidad de tiempo considerable en m\u00e1s de un estado, complete las instrucciones anticipadas para todos los estados en los que pase un tiempo considerable.<\/p>\n\n\n\n<h2 class=\"wp-block-heading\">Designaci\u00f3n de un agente de decisiones de atenci\u00f3n m\u00e9dica en su estado<\/h2>\n\n\n\n<p>Cada estado le permite <a href=\"https:\/\/www.caringinfo.org\/es\/planificar\/instrucciones-anticipadas\/como-elegir-a-un-agente-de-atencion-medica\/\">elegir a alguien para que tome decisiones sobre su atenci\u00f3n m\u00e9dica<\/a> cuando usted no pueda hacerlo por s\u00ed mismo. Sin importar en qu\u00e9 etapa de la vida se encuentre, es buena idea pensar en qui\u00e9n le gustar\u00eda que tomara decisiones en su nombre en caso de que usted no pueda hacerlo. Estas declaraciones se conocen con diferentes nombres como poder notarial de larga duraci\u00f3n, representante de atenci\u00f3n m\u00e9dica o designaci\u00f3n de un agente de atenci\u00f3n m\u00e9dica.<\/p>\n\n\n\n<p>Cuando elige a alguien para que le ayude, tambi\u00e9n le puede indicar qu\u00e9 es importante para usted, qu\u00e9 tipo de cuidados considera que son importantes o qu\u00e9 deber\u00eda pensar esta persona si tiene que tomar decisiones por usted. Puede proporcionar instrucciones espec\u00edficas, orientaci\u00f3n general, o solo decir que quiere que esta persona decida por usted y que conf\u00eda en que actuar\u00e1 en su mejor inter\u00e9s en ese momento. La <a href=\"https:\/\/theconversationproject.org\/wp-content\/uploads\/2020\/12\/ChooseAProxyGuide.pdf\" target=\"_blank\" rel=\"noreferrer noopener\">Gu\u00eda para elegir a un representante de atenci\u00f3n m\u00e9dica<\/a> de The Conversation Project puede ayudarle a prepararse para elegir a un defensor. Tambi\u00e9n puede compartir con la persona la <a href=\"https:\/\/theconversationproject.org\/wp-content\/uploads\/2020\/12\/BeAProxyGuide.pdf\" target=\"_blank\" rel=\"noreferrer noopener\">Gu\u00eda para actuar como representante atenci\u00f3n m\u00e9dica <\/a>de The Conversation Project a fin de que entienda qu\u00e9 significa actuar como su representante.<\/p>\n\n\n\n<p>Si no elige a alguien con anticipaci\u00f3n y llega el momento en el que no puede tomar sus propias decisiones, hay leyes estatales que ayudan a sus proveedores de atenci\u00f3n m\u00e9dica a determinar qui\u00e9n puede tomar esas decisiones por usted. Algunos estados proporcionan un orden de prioridad espec\u00edfico. Otros requieren que el proveedor de atenci\u00f3n m\u00e9dica notifique a un grupo m\u00e1s amplio de la familia que deber\u00e1 decidir qui\u00e9n desempe\u00f1ar\u00e1 este papel. Algunos estados no tienen ninguna provisi\u00f3n sobre qui\u00e9n puede actuar como representante para la toma de decisiones.<\/p>\n\n\n\n<h2 class=\"wp-block-heading\">\u00bfTiene preguntas?<\/h2>\n\n\n\n<p>Si tiene alguna pregunta legal sobre estos documentos, le recomendamos que se comunique con su oficina estatal del fiscal general o con un abogado.<\/p>\n\n\n\n<p>Si tiene alguna otra pregunta env\u00edenos un correo a <a href=\"m&#97;&#x69;&#x6c;t&#111;&#58;&#x63;&#x61;r&#105;&#110;&#x67;&#x69;n&#102;&#x6f;&#x40;&#x61;l&#108;&#x69;&#x61;n&#99;&#101;&#x66;&#x6f;r&#99;&#97;&#x72;&#x65;a&#116;&#x68;&#x6f;&#x6d;e&#46;&#x6f;&#x72;g\">&#99;&#97;&#x72;i&#110;&#x67;&#x69;n&#102;&#x6f;&#x40;a&#108;&#x6c;&#x69;a&#110;&#x63;&#x65;f&#111;&#x72;&#x63;a&#114;&#x65;a&#116;&#104;&#x6f;m&#101;&#x2e;&#x6f;r&#103;<\/a>.<\/p>\n\n\n\n<h2 class=\"wp-block-heading\">Acerca de los formularios<\/h2>\n\n\n\n<p>Estos materiales tienen derechos de autor de CaringInfo y su uso se recomienda para obtener beneficios personales y familiares. Se otorga permiso para descargar una sola copia de cualquier porci\u00f3n de estos textos. Se autoriza y recomienda espec\u00edficamente su uso para obtener beneficios personales y familiares. Se proh\u00edbe cualquier copia o publicaci\u00f3n adicional sin un permiso expreso por escrito.<\/p>\n\n\n\n<p>Para obtener m\u00e1s informaci\u00f3n, consulte los T\u00e9rminos de uso y las <a href=\"https:\/\/www.caringinfo.org\/es\/oportunidades-de-licencia\/\">Opciones de licencia<\/a> de CaringInfo.<\/p>\n","protected":false},"excerpt":{"rendered":"<p>CaringInfo proporciona instrucciones anticipadas gratuitas e instrucciones para cada estado que se pueden abrir como un archivo en formato de documento port\u00e1til (Portable Document Format, PDF). Los PDF pueden llenarse en l\u00ednea. Algunos estados aceptan la notarizaci\u00f3n en l\u00ednea. Los formularios deber\u00e1n guardarse y almacenarse en varios sitios. Tambi\u00e9n deber\u00e1n imprimirse para que puedan formalizarse [&hellip;]<\/p>\n","protected":false},"author":6721,"featured_media":0,"parent":2663,"menu_order":2,"comment_status":"closed","ping_status":"closed","template":"","meta":{"_acf_changed":false,"_genesis_hide_title":false,"_genesis_hide_breadcrumbs":false,"_genesis_hide_singular_image":false,"_genesis_hide_footer_widgets":false,"_genesis_custom_body_class":"page-advance-directives-hub","_genesis_custom_post_class":"","_genesis_layout":"","footnotes":""},"topic":[],"typeofcare":[],"language":[],"class_list":{"0":"post-2649","1":"page","2":"type-page","3":"status-publish","5":"entry"},"acf":[],"featured_image_src":null,"featured_image_src_square":null,"_links":{"self":[{"href":"https:\/\/www.caringinfo.org\/es\/wp-json\/wp\/v2\/pages\/2649","targetHints":{"allow":["GET"]}}],"collection":[{"href":"https:\/\/www.caringinfo.org\/es\/wp-json\/wp\/v2\/pages"}],"about":[{"href":"https:\/\/www.caringinfo.org\/es\/wp-json\/wp\/v2\/types\/page"}],"author":[{"embeddable":true,"href":"https:\/\/www.caringinfo.org\/es\/wp-json\/wp\/v2\/users\/6721"}],"replies":[{"embeddable":true,"href":"https:\/\/www.caringinfo.org\/es\/wp-json\/wp\/v2\/comments?post=2649"}],"version-history":[{"count":0,"href":"https:\/\/www.caringinfo.org\/es\/wp-json\/wp\/v2\/pages\/2649\/revisions"}],"up":[{"embeddable":true,"href":"https:\/\/www.caringinfo.org\/es\/wp-json\/wp\/v2\/pages\/2663"}],"wp:attachment":[{"href":"https:\/\/www.caringinfo.org\/es\/wp-json\/wp\/v2\/media?parent=2649"}],"wp:term":[{"taxonomy":"topic","embeddable":true,"href":"https:\/\/www.caringinfo.org\/es\/wp-json\/wp\/v2\/topic?post=2649"},{"taxonomy":"typeofcare","embeddable":true,"href":"https:\/\/www.caringinfo.org\/es\/wp-json\/wp\/v2\/typeofcare?post=2649"},{"taxonomy":"language","embeddable":true,"href":"https:\/\/www.caringinfo.org\/es\/wp-json\/wp\/v2\/language?post=2649"}],"curies":[{"name":"wp","href":"https:\/\/api.w.org\/{rel}","templated":true}]}}