{"id":2652,"date":"2021-03-07T16:45:54","date_gmt":"2021-03-07T21:45:54","guid":{"rendered":"https:\/\/www.caringinfo.org\/?page_id=2652"},"modified":"2025-01-07T17:42:01","modified_gmt":"2025-01-07T22:42:01","slug":"como-hablar-con-sus-medicos-y-otros-proveedores-de-atencion-medica","status":"publish","type":"page","link":"https:\/\/www.caringinfo.org\/es\/planificar\/como-hablar-sobre-enfermedades-graves-y-cuidados\/como-hablar-con-sus-medicos-y-otros-proveedores-de-atencion-medica\/","title":{"rendered":"C\u00f3mo hablar con sus m\u00e9dicos y otros proveedores de atenci\u00f3n m\u00e9dica"},"content":{"rendered":"\n<p class=\"is-style-large\">Conforme las enfermedades se agravan, es importante tener comunicaciones claras con sus m\u00e9dicos. Nuestros consejos para hablar con sus m\u00e9dicos sobre enfermedades graves y opciones de cuidados incluyen cosas pr\u00e1cticas que puede hacer y pensar antes, durante y despu\u00e9s de sus citas.<\/p>\n\n\n\n<p>Todos, incluidos los m\u00e9dicos, pacientes y <a href=\"https:\/\/www.caringinfo.org\/es\/planificar\/como-brindar-cuidados\/\">cuidadores<\/a>, pueden frustrarse debido al sistema de atenci\u00f3n m\u00e9dica. Es f\u00e1cil presentarse a una cita m\u00e9dica ya frustrado y molesto. Es f\u00e1cil, pero en realidad no es \u00fatil. Intente lidiar con sus emociones antes o despu\u00e9s, si le es posible. Sus m\u00e9dicos no pueden cambiar necesariamente el sistema de atenci\u00f3n m\u00e9dica y solo son una parte de su equipo de apoyo en general, que incluye a otros proveedores de atenci\u00f3n m\u00e9dica, pero tambi\u00e9n a sus <a href=\"https:\/\/www.caringinfo.org\/es\/planificar\/como-hablar-sobre-enfermedades-graves-y-cuidados\/como-hablar-con-su-circulo-cercano\/\">amigos y familiares<\/a>.<\/p>\n\n\n\n<h2 class=\"wp-block-heading\">C\u00f3mo sacar el mayor provecho de su consulta m\u00e9dica<\/h2>\n\n\n\n<h3 class=\"wp-block-heading\">Antes de la cita:<\/h3>\n\n\n\n<ul class=\"wp-block-list\">\n<li>Haga una lista de todos los medicamentos que toma, incluidos los suplementos y los medicamentos de venta libre.<\/li>\n\n\n\n<li>Si ver\u00e1 a un nuevo m\u00e9dico, haga un resumen de su historial m\u00e9dico que incluya cirug\u00edas, enfermedades y afecciones importantes, como la diabetes o alergias. Lleve una copia en papel para que se pueda agregar a su expediente m\u00e9dico.<\/li>\n\n\n\n<li>Averig\u00fce cu\u00e1l ser\u00e1 la duraci\u00f3n de la cita.\n<ul class=\"wp-block-list\">\n<li>La cantidad de cosas que podr\u00e1n abordar depender\u00e1 del tiempo que tengan.<\/li>\n\n\n\n<li>Si tiene una lista larga, programe una segunda cita o pida m\u00e1s tiempo con anticipaci\u00f3n.<\/li>\n<\/ul>\n<\/li>\n\n\n\n<li>Organice sus pensamientos y escr\u00edbalos.\n<ul class=\"wp-block-list\">\n<li>\u00bfQu\u00e9 es lo que m\u00e1s le molesta?<\/li>\n\n\n\n<li>\u00bfQu\u00e9 espera aprender o entender?<\/li>\n\n\n\n<li>Revise la <a href=\"https:\/\/theconversationproject.org\/wp-content\/uploads\/2020\/12\/HealthCareTeamGuide.pdf\" target=\"_blank\" rel=\"noreferrer noopener\">Gu\u00eda para hablar con su equipo de atenci\u00f3n m\u00e9dica<\/a> y la <a href=\"https:\/\/theconversationproject.org\/wp-content\/uploads\/2020\/12\/WhatMattersToMeWorkbook.pdf\" target=\"_blank\" rel=\"noreferrer noopener\">Gu\u00eda para tener conversaciones sobre enfermedades graves<\/a> de The Conversation Project para ayudar a organizar mejor sus pensamientos.<\/li>\n\n\n\n<li><a href=\"https:\/\/www.ihi.org\/my-health-checklist\" target=\"_blank\" rel=\"noreferrer noopener\">El Institute for Healthcare Improvement (IHI) ha creado una gu\u00eda muy \u00fatil para ayudarlo a prepararse para su cita<\/a>. La gu\u00eda est\u00e1 disponible en varios idiomas y se puede descargar de forma gratuita desde el IHI. Si bien la gu\u00eda est\u00e1 dise\u00f1ada espec\u00edficamente para adultos mayores y personas mayores, puede ayudar a cualquier persona a pensar en cuatro \u00e1reas de su vida:\n<ul class=\"wp-block-list\">\n<li>Lo que m\u00e1s le importa<\/li>\n\n\n\n<li>Los medicamentos que puede tomar<\/li>\n\n\n\n<li>Su mente y su sensaci\u00f3n de bienestar<\/li>\n\n\n\n<li>Su movilidad<\/li>\n<\/ul>\n<\/li>\n<\/ul>\n<\/li>\n\n\n\n<li>Si hace una b\u00fasqueda en Internet, sea consciente de visitar sitios confiables como <a href=\"https:\/\/www.webmd.com\/\">WebMD<\/a> o <a href=\"https:\/\/www.mayoclinic.org\/\">Mayo Clinic<\/a>.\n<ul class=\"wp-block-list\">\n<li>Resuma los puntos importantes que aprendi\u00f3 si considera que le ser\u00e1 de ayuda.<\/li>\n\n\n\n<li>No llegue con un mont\u00f3n de papeles esperando que su m\u00e9dico pueda leerlos todos durante la cita.<\/li>\n<\/ul>\n<\/li>\n\n\n\n<li>Si es posible, lleve a alguien con usted que pueda hacer lo siguiente:\n<ul class=\"wp-block-list\">\n<li>Tome notas o grabe la sesi\u00f3n.<\/li>\n\n\n\n<li>Le ayude si olvid\u00f3 mencionar algo importante para usted.<\/li>\n\n\n\n<li>Hable en su nombre si a usted se le dificulta hacerlo.<\/li>\n<\/ul>\n<\/li>\n\n\n\n<li>Informe al consultorio si necesitar\u00e1 un int\u00e9rprete.<\/li>\n\n\n\n<li>Lleve sus tarjetas del seguro y cualquier informaci\u00f3n de contacto que quieran proporcionarle al m\u00e9dico.<\/li>\n<\/ul>\n\n\n\n<h3 class=\"wp-block-heading\">Durante la cita:<\/h3>\n\n\n\n<ul class=\"wp-block-list\">\n<li>Hable primero sobre las cosas m\u00e1s importantes.<\/li>\n\n\n\n<li>Rep\u00edtale al m\u00e9dico lo que escuch\u00f3 y preg\u00fantele si entendi\u00f3 bien.<\/li>\n\n\n\n<li>Escriba cualquier informaci\u00f3n nueva.<\/li>\n\n\n\n<li>Hacia el final de la cita, pregunte qu\u00e9 suceder\u00e1 despu\u00e9s.\n<ul class=\"wp-block-list\">\n<li>\u00bfEl m\u00e9dico le escribir\u00e1 una receta?<\/li>\n\n\n\n<li>\u00bfDebe programar otra cita? \u00bfCu\u00e1ndo? \u00bfCon qui\u00e9n?<\/li>\n\n\n\n<li>\u00bfHay pruebas que necesite programar? \u00bfCu\u00e1ndo?<\/li>\n\n\n\n<li>\u00bfCu\u00e1les son los efectos secundarios de los medicamentos o los tratamientos recomendados?<\/li>\n\n\n\n<li>\u00bfC\u00f3mo sabr\u00e1 si est\u00e1 mejorando o si el tratamiento est\u00e1 funcionando? \u00bfCu\u00e1nto tiempo debe esperar para ver los resultados?<\/li>\n<\/ul>\n<\/li>\n<\/ul>\n\n\n\n<h3 class=\"wp-block-heading\">Despu\u00e9s de la cita:<\/h3>\n\n\n\n<ul class=\"wp-block-list\">\n<li>Revise la informaci\u00f3n que escribi\u00f3 e intente responder cualquier pregunta que tenga.<\/li>\n\n\n\n<li>Resurta sus medicamentos recetados y programe cualquier cita de seguimiento necesaria.<\/li>\n\n\n\n<li>Inf\u00f3rmele a su m\u00e9dico si est\u00e1 teniendo problemas.<\/li>\n<\/ul>\n\n\n\n<h3 class=\"wp-block-heading\">\u00bfCu\u00e1les son las expectativas razonables al hablar con un m\u00e9dico?<\/h3>\n\n\n\n<ul class=\"wp-block-list\">\n<li>Debe ser escuchado y tratado con respeto y cortes\u00eda.<\/li>\n\n\n\n<li>Deben hablarle en un idioma que entienda.<\/li>\n\n\n\n<li>Debe ser tratado como una persona y no como el representante de un g\u00e9nero, raza o cultura.<\/li>\n<\/ul>\n\n\n\n<h3 class=\"wp-block-heading\">\u00bfCu\u00e1les son las expectativas razonables que un m\u00e9dico tiene sobre usted?<\/h3>\n\n\n\n<ul class=\"wp-block-list\">\n<li>Se espera que usted le trate con respeto y cortes\u00eda.<\/li>\n\n\n\n<li>Se espera que usted sea honesto.<\/li>\n\n\n\n<li>Se espera que usted pregunte sobre las cosas que no entienda.<\/li>\n\n\n\n<li>Se espera que le d\u00e9 seguimiento a lo que usted acept\u00f3 o que informe si no lo est\u00e1 haciendo.<\/li>\n<\/ul>\n\n\n\n<h2 class=\"wp-block-heading\">Cuando se ve a tantos m\u00e9dicos, \u00bfc\u00f3mo se le da seguimiento a todo?<\/h2>\n\n\n\n<p>Durante la mayor parte de su experiencia, su m\u00e9dico de atenci\u00f3n primaria o \u201cm\u00e9dico familiar\u201d fue su conexi\u00f3n principal con el sistema de atenci\u00f3n m\u00e9dica. Ahora, es posible que est\u00e9 viendo a varios m\u00e9dicos, cada uno centrado en una parte de usted o de una afecci\u00f3n, y puede que hablen o no entre ellos.<\/p>\n\n\n\n<p>En ocasiones, hay navegadores o defensores disponibles para ayudarle, pero con frecuencia se deja que el paciente y sus cuidadores den seguimiento a todo esto.<\/p>\n\n\n\n<h3 class=\"wp-block-heading\">Para facilitar la comunicaci\u00f3n:<\/h3>\n\n\n\n<ul class=\"wp-block-list\">\n<li>Escriba todos sus diagn\u00f3sticos y medicamentos. Comp\u00e1rtalos de manera digital o en papel con cada m\u00e9dico.<\/li>\n\n\n\n<li>Preg\u00fantele a cada m\u00e9dico qu\u00e9 pruebas quiere revisar. Al programar sus pruebas, indique a d\u00f3nde quiere que se env\u00eden los resultados y tambi\u00e9n pida una copia para usted.<\/li>\n\n\n\n<li>Todos sus expedientes m\u00e9dicos y resultados de las pruebas son suyos, por lo que puede obtener copias si las solicita.<\/li>\n\n\n\n<li>Si todos sus m\u00e9dicos forman parte del mismo sistema, vea si puede programar todas sus citas el mismo d\u00eda.<\/li>\n<\/ul>\n\n\n\n<h2 class=\"wp-block-heading\">Problemas de comunicaci\u00f3n a considerar conforme se acerca el final de la vida<\/h2>\n\n\n\n<p>Los \u00faltimos a\u00f1os, meses o d\u00edas del paciente pueden ser sumamente estresantes e inciertos. Ser\u00eda \u00fatil que se pudiera predecir de manera exacta lo que suceder\u00e1 y cu\u00e1ndo. Sin embargo, nadie, ni siquiera los m\u00e9dicos, pueden predecir con exactitud cu\u00e1nto vivir\u00e1 una persona, por lo que con frecuencia no quieren responder a la pregunta \u201c\u00bfCu\u00e1nto tiempo de vida me queda?\u201d o \u201c\u00bfCu\u00e1nto tiempo vivir\u00e1?\u201d.<\/p>\n\n\n\n<p>Un enfoque \u00fatil es preguntar algo como \u201c\u00bfLe sorprender\u00eda si (nombre) muriera en seis meses?\u201d. Al plantear la pregunta de la esperanza de vida de otra manera, es m\u00e1s f\u00e1cil responder.<\/p>\n\n\n\n<p>Preguntar cu\u00e1nto tiempo de vida le queda a una persona es delicado. Algunas personas pueden reconocer cuando ellas o alguien que les importa morir\u00e1, mientras que otras personas sienten que reconocer incluso la posibilidad de la muerte es darse por vencidas o perder la esperanza.<\/p>\n\n\n\n<p>Los m\u00e9dicos tambi\u00e9n son personas. A veces es dif\u00edcil para ellos aceptar que no pueden hacer nada m\u00e1s, por lo que es posible que quieran resaltar lo positivo, por incierto que sea. Eso puede ser exactamente lo que algunos pacientes, cuidadores y personas del c\u00edrculo cercano quieren. Es posible que otros m\u00e9dicos prefieran que las comunicaciones sean m\u00e1s directas y equilibradas para que ambas posibilidades y probabilidades se presenten.<\/p>\n\n\n\n<p>Si no est\u00e1 recibiendo la informaci\u00f3n que quiere y necesita por parte de su m\u00e9dico, preg\u00fantele directamente lo que quiere saber (\u201c\u00bfMe estoy muriendo?\u201d o \u201c\u00bfLe sorprender\u00eda si pap\u00e1 muriera en los siguientes dos meses?\u201d), pero intente entender que predecir la mortalidad no es una ciencia exacta.<\/p>\n","protected":false},"excerpt":{"rendered":"<p>Aprenda c\u00f3mo estar mejor preparado para hablar con sus m\u00e9dicos sobre sus deseos de atenci\u00f3n m\u00e9dica.<\/p>\n","protected":false},"author":6721,"featured_media":0,"parent":2621,"menu_order":1,"comment_status":"closed","ping_status":"closed","template":"","meta":{"_acf_changed":false,"_genesis_hide_title":false,"_genesis_hide_breadcrumbs":false,"_genesis_hide_singular_image":false,"_genesis_hide_footer_widgets":false,"_genesis_custom_body_class":"","_genesis_custom_post_class":"","_genesis_layout":"","footnotes":""},"topic":[113],"typeofcare":[],"language":[],"class_list":{"0":"post-2652","1":"page","2":"type-page","3":"status-publish","5":"topic-como-comunicarse","6":"entry"},"acf":[],"featured_image_src":null,"featured_image_src_square":null,"_links":{"self":[{"href":"https:\/\/www.caringinfo.org\/es\/wp-json\/wp\/v2\/pages\/2652","targetHints":{"allow":["GET"]}}],"collection":[{"href":"https:\/\/www.caringinfo.org\/es\/wp-json\/wp\/v2\/pages"}],"about":[{"href":"https:\/\/www.caringinfo.org\/es\/wp-json\/wp\/v2\/types\/page"}],"author":[{"embeddable":true,"href":"https:\/\/www.caringinfo.org\/es\/wp-json\/wp\/v2\/users\/6721"}],"replies":[{"embeddable":true,"href":"https:\/\/www.caringinfo.org\/es\/wp-json\/wp\/v2\/comments?post=2652"}],"version-history":[{"count":0,"href":"https:\/\/www.caringinfo.org\/es\/wp-json\/wp\/v2\/pages\/2652\/revisions"}],"up":[{"embeddable":true,"href":"https:\/\/www.caringinfo.org\/es\/wp-json\/wp\/v2\/pages\/2621"}],"wp:attachment":[{"href":"https:\/\/www.caringinfo.org\/es\/wp-json\/wp\/v2\/media?parent=2652"}],"wp:term":[{"taxonomy":"topic","embeddable":true,"href":"https:\/\/www.caringinfo.org\/es\/wp-json\/wp\/v2\/topic?post=2652"},{"taxonomy":"typeofcare","embeddable":true,"href":"https:\/\/www.caringinfo.org\/es\/wp-json\/wp\/v2\/typeofcare?post=2652"},{"taxonomy":"language","embeddable":true,"href":"https:\/\/www.caringinfo.org\/es\/wp-json\/wp\/v2\/language?post=2652"}],"curies":[{"name":"wp","href":"https:\/\/api.w.org\/{rel}","templated":true}]}}