{"id":2656,"date":"2021-03-07T16:48:36","date_gmt":"2021-03-07T21:48:36","guid":{"rendered":"https:\/\/www.caringinfo.org\/?page_id=2656"},"modified":"2023-10-23T07:24:46","modified_gmt":"2023-10-23T11:24:46","slug":"como-encontrar-recursos-y-apoyo-para-brindar-cuidados","status":"publish","type":"page","link":"https:\/\/www.caringinfo.org\/es\/planificar\/como-brindar-cuidados\/como-encontrar-recursos-y-apoyo-para-brindar-cuidados\/","title":{"rendered":"C\u00f3mo encontrar recursos y apoyo para brindar cuidados"},"content":{"rendered":"\n<p class=\"is-style-large\">Con frecuencia, brindar cuidados incluye <a href=\"https:\/\/www.caringinfo.org\/es\/planificar\/como-brindar-cuidados\/actividades-tareas-y-responsabilidades-de-los-cuidadores\/\">nuevas responsabilidades y tareas poco familiares<\/a>. Aun as\u00ed, la mayor\u00eda de los cuidadores nunca reciben educaci\u00f3n ni capacitaci\u00f3n. En la mayor\u00eda de las comunidades, hay diferentes organizaciones que podr\u00edan ofrecer informaci\u00f3n o apoyo para ayudar con las tareas de los cuidadores.<\/p>\n\n\n\n<p>Brindar cuidados puede ser bastante gratificante, pero tambi\u00e9n puede ser bastante desafiante. Intente no tener expectativas r\u00edgidas sobre c\u00f3mo ser\u00e1 o c\u00f3mo se sentir\u00e1. Estar ah\u00ed presentes es bueno, la perfecci\u00f3n es el enemigo.<\/p>\n\n\n\n<h2 class=\"wp-block-heading\" id=\"generales\">Recursos generales<\/h2>\n\n\n\n<p>Hay recursos disponibles para los cuidadores en los <a href=\"https:\/\/health.gov\/myhealthfinder\/topics\/everyday-healthy-living\/mental-health-and-relationships\/get-support-if-you-are-caregiver\" target=\"_blank\" rel=\"noreferrer noopener\">sitios web gubernamentales como Health.gov<\/a>, as\u00ed como de las organizaciones privadas como <a href=\"https:\/\/www.aarp.org\/caregiving\/local\/info-2019\/national-resources-for-caregivers.html\" target=\"_blank\" rel=\"noreferrer noopener\">AARP<\/a> y <a href=\"https:\/\/www.caregiveraction.org\" target=\"_blank\" rel=\"noreferrer noopener\">Caregiver Action Network<\/a>, adem\u00e1s de recursos como <a href=\"http:\/\/www.caring.com\" target=\"_blank\" rel=\"noreferrer noopener\">Caring.com, a fin de ayudarle a encontrar un lugar para vivir<\/a>, y la informaci\u00f3n en USA.gov podr\u00eda <a href=\"https:\/\/www.usa.gov\/disability-caregiver\" target=\"_blank\" rel=\"noreferrer noopener\">ayudarle a recibir un pago por brindar cuidados<\/a>. Consulte la <a href=\"https:\/\/www.caringinfo.org\/es\/recursos\/\">secci\u00f3n de Recursos<\/a> para m\u00e1s sugerencias.<\/p>\n\n\n\n<p>Su <a href=\"https:\/\/www.n4a.org\/\" target=\"_blank\" rel=\"noreferrer noopener\">Area Agency on Aging<\/a> local o <a href=\"https:\/\/eldercare.acl.gov\/Public\/index.aspx\" target=\"_blank\" rel=\"noreferrer noopener\">Eldercare Locator<\/a> y otras organizaciones son grandes fuentes de informaci\u00f3n y mostrar\u00e1n los servicios disponibles en su \u00e1rea. Estos pueden incluir Meals on Wheels, clases de capacitaci\u00f3n para cuidadores, transporte, visitantes amistosos y cuidados de relevo en caso de que necesite un descanso.<\/p>\n\n\n\n<h2 class=\"wp-block-heading\" id=\"grupos-de-apoyo\">Grupos de apoyo<\/h2>\n\n\n\n<p>Busque grupos de apoyo para personas que cuidan de pacientes similares, hay muchos grupos en l\u00ednea y en persona. El <a href=\"https:\/\/www.nia.nih.gov\/health\/caregiving\" target=\"_blank\" rel=\"noreferrer noopener\">National Institute of Aging<\/a>, los <a href=\"https:\/\/www.cdc.gov\/aging\/caregiving\/\" target=\"_blank\" rel=\"noreferrer noopener\">Centros para el Control y la Prevenci\u00f3n de Enfermedades (Centers for Disease Control and Prevention, CDC)<\/a>, la <a href=\"https:\/\/www.caregiving.org\/\" target=\"_blank\" rel=\"noreferrer noopener\">National Alliance on Caregiving<\/a> y <a href=\"https:\/\/www.aarp.org\/caregiving\/local\/info-2019\/national-resources-for-caregivers.html\" target=\"_blank\" rel=\"noreferrer noopener\">AARP<\/a> son grandes recursos para obtener ayuda y conexiones. <a href=\"http:\/\/www.caregiver.org\" target=\"_blank\" rel=\"noreferrer noopener\">Family Caregiver Alliance<\/a>, <a href=\"https:\/\/www.caregiving.com\/\" target=\"_blank\" rel=\"noreferrer noopener\">CareGiving.com<\/a><a href=\"https:\/\/thecaregiverspace.org\/\">, The Caregiver Space<\/a> y <a href=\"https:\/\/caringacross.org\/\" target=\"_blank\" rel=\"noreferrer noopener\">Caring Across Generations<\/a> ofrecen informaci\u00f3n y apoyo para los cuidadores.<\/p>\n\n\n\n<p>La <a href=\"https:\/\/www.cancer.org\/treatment\/caregivers.html\" target=\"_blank\" rel=\"noreferrer noopener\">American Cancer Society<\/a>, <a href=\"https:\/\/www.heart.org\/en\/health-topics\/caregiver-support\" target=\"_blank\" rel=\"noreferrer noopener\">American Heart Association<\/a> y <a href=\"https:\/\/www.alz.org\/help-support\/caregiving\" target=\"_blank\" rel=\"noreferrer noopener\">Alzheimer\u2019s Association<\/a>, as\u00ed como muchas otras asociaciones espec\u00edficas para otras enfermedades, ofrecen informaci\u00f3n confiable para cuidadores.<\/p>\n\n\n\n<p>Puede obtener apoyo de varios servicios religiosos, como <a href=\"http:\/\/www.jfcs.org\" target=\"_blank\" rel=\"noreferrer noopener\">Jewish Family and Children\u2019s Services<\/a>, Catholic Family and Children\u2019s Services en su di\u00f3cesis, <a href=\"https:\/\/icnarelief.org\/muslim-family-services\/\" target=\"_blank\" rel=\"noreferrer noopener\">Muslim Family Services<\/a> y su grupo local de cualquier afiliaci\u00f3n religiosa o cultural.<\/p>\n\n\n\n<h2 class=\"wp-block-heading\" id=\"servicios\">Servicios que podr\u00edan ayudarle<\/h2>\n\n\n\n<h3 class=\"wp-block-heading\">Cuidados en el hogar<\/h3>\n\n\n\n<p>Hay muchos tipos de cuidados en el hogar y es importante pensar en qu\u00e9 tipos de servicios necesita antes de contactar a una agencia. Los servicios de cuidados en el hogar pueden incluir atenci\u00f3n m\u00e9dica, apoyo de servicio social y ayuda con tareas o actividades de la vida diaria. Los servicios se proporcionan en el hogar o un centro de alojamiento no m\u00e9dico, como una comunidad para personas mayores, personas que se recuperar de un accidente o cirug\u00eda, personas con discapacidades y personas con enfermedades graves. <a href=\"https:\/\/caring.com\" target=\"_blank\" rel=\"noreferrer noopener\">Caring.com<\/a> es un sitio gratuito parecido a Yelp para los consumidores, el cual ofrece referencias y rese\u00f1as de varios proveedores de servicios de cuidados en el hogar y de otros tipos.<\/p>\n\n\n\n<h3 class=\"wp-block-heading\">Atenci\u00f3n m\u00e9dica en el hogar<\/h3>\n\n\n\n<p>Debe tener una necesidad m\u00e9dica para poder recibir atenci\u00f3n m\u00e9dica en el hogar. La atenci\u00f3n m\u00e9dica en el hogar incluye los <a href=\"https:\/\/www.caringinfo.org\/es\/planificar\/como-encontrar-opciones-de-cuidados-fuera-del-hogar\/centros-de-enfermeria-especializada\/\">cuidados de enfermer\u00eda especializados<\/a>, as\u00ed como otros servicios de cuidados especializados, como fisioterapia o terapia ocupacional, terapia del habla y del lenguaje, y servicios sociales m\u00e9dicos. Estos servicios los ofrecen una variedad de profesionales de atenci\u00f3n m\u00e9dica especializados en el hogar. El objetivo de la atenci\u00f3n m\u00e9dica en el hogar a corto plazo es proporcionar tratamiento para una enfermedad o lesi\u00f3n. <a href=\"https:\/\/www.medicare.gov\/what-medicare-covers\/whats-home-health-care\" target=\"_blank\" rel=\"noreferrer noopener\">Medicare cubre la atenci\u00f3n m\u00e9dica en el hogar en ciertas circunstancias<\/a> (fuente: Medicare.gov). Revise en l\u00ednea y preg\u00fantele al m\u00e9dico si su familiar o amigo es elegible para recibir estos servicios.<\/p>\n\n\n\n<h3 class=\"wp-block-heading\">Cuidados en el hogar no m\u00e9dicos<\/h3>\n\n\n\n<p>Si su amigo o ser querido necesita ayuda con tareas no m\u00e9dicas o simplemente necesita compa\u00f1\u00eda, deber\u00eda considerar contratar a un trabajador de cuidados en el hogar no m\u00e9dicos. Estos trabajadores pueden ayudarle con las labores dom\u00e9sticas, como cocinar, lavar, hacer la compra, limpiar, pagar las cuentas y llevar a su ser querido a sus citas. Uno de los beneficios de este tipo de servicios es la compa\u00f1\u00eda de alguien centrado en cuidar y hablar con su ser querido.<\/p>\n\n\n\n<h3 class=\"wp-block-heading\">Servicios de limpieza y jardiner\u00eda<\/h3>\n\n\n\n<p><a href=\"https:\/\/www.n4a.org\/\" target=\"_blank\" rel=\"noreferrer noopener\">Su Area Agency on Aging local<\/a> podr\u00eda organizar servicios de limpieza o de mantenimiento del jard\u00edn, o ponerle en contacto con alg\u00fan grupo voluntario religioso, de scouts o de otro tipo que proporcionen servicios de una sola vez u ocasionales para personas mayores que necesitan ayuda.<\/p>\n\n\n\n<h3 class=\"wp-block-heading\">Centros para personas mayores<\/h3>\n\n\n\n<p>Los centros para personas mayores son un entorno seguro donde pueden formar parte de una variedad de actividades dirigidas por personal capacitado. Mediante los centros para personas mayores, tambi\u00e9n puede encontrar disponibles programas de comidas y nutrici\u00f3n, informaci\u00f3n y asistencia, programas para la salud y el bienestar, programas recreativos y de arte, servicios de transporte, oportunidades de voluntariado, oportunidades educativas, asistencia para empleados, programas intergeneracionales, oportunidades de acci\u00f3n sociales y comunitarias, as\u00ed como otros servicios especiales. <a href=\"https:\/\/www.eldercaredirectory.org\/state-resources.htm\" target=\"_blank\" rel=\"noreferrer noopener\">Eldercare Directory<\/a> cuenta con recursos a nivel nacional para las personas mayores y sus cuidadores. Tambi\u00e9n consulte los sitios web de su estado, condado o ciudad para obtener m\u00e1s informaci\u00f3n.<\/p>\n\n\n\n<h3 class=\"wp-block-heading\">Servicios de cuidados durante el d\u00eda para adultos<\/h3>\n\n\n\n<p>Para las personas mayores con limitaciones de movilidad importantes, o las personas delicadas, o con problemas m\u00e9dicos y cognitivos, los centros de cuidados durante el d\u00eda para adultos pueden proporcionarles cuidados en un entorno seguro y estructurado. Los servicios de cuidados durante el d\u00eda para adultos incluyen cuidados personales y de enfermer\u00eda, comidas colectivas, ejercicios terap\u00e9uticos y actividades sociales y recreativas. La mayor\u00eda de los centros de cuidados durante el d\u00eda para adultos, como los centros para personas mayores, cuentan con el respaldo de organizaciones p\u00fablicas y sin fines de lucro. Las tarifas pueden variar entre unos cuantos d\u00f3lares hasta varios cientos de d\u00f3lares al d\u00eda, dependiendo de los servicios que se necesiten.<\/p>\n\n\n\n<p>Para encontrar un proveedor de cuidados durante el d\u00eda para adultos en su \u00e1rea, visite el <a href=\"https:\/\/www.nadsa.org\/\" target=\"_blank\" rel=\"noreferrer noopener\">sitio web de la National Adult Day Services Association<\/a> y haga clic en \u201cFind an Adult Day Service\u201d (Encuentre un servicio durante el d\u00eda para adultos).<\/p>\n\n\n\n<h2 class=\"wp-block-heading\" id=\"programas-de-comidas\">Programas de comidas<\/h2>\n\n\n\n<p>Para conocer los programas de comidas a domicilio y otros programas de comidas, puede comunicarse con <a href=\"https:\/\/www.mealsonwheelsamerica.org\/\" target=\"_blank\" rel=\"noreferrer noopener\">Meals on Wheels<\/a>, <a href=\"https:\/\/eldercare.acl.gov\/Public\/index.aspx\" target=\"_blank\" rel=\"noreferrer noopener\">National Eldercare Locator<\/a>, <a href=\"https:\/\/www.n4a.org\/\" target=\"_blank\" rel=\"noreferrer noopener\">Area Agency on Aging<\/a> o con su estado. Si estos servicios no est\u00e1n disponibles, averig\u00fce si su tienda de comestibles local prepara \u00f3rdenes de comida para recolecci\u00f3n o si proporciona servicios de entrega a domicilio.<\/p>\n","protected":false},"excerpt":{"rendered":"<p>Hay muchos recursos en l\u00ednea para brindar cuidados y maneras en las que puede obtener apoyo como cuidador. Aprenda sobre ellos y c\u00f3mo le podr\u00edan beneficiar.<\/p>\n","protected":false},"author":6721,"featured_media":0,"parent":2646,"menu_order":7,"comment_status":"closed","ping_status":"closed","template":"","meta":{"_acf_changed":false,"_genesis_hide_title":false,"_genesis_hide_breadcrumbs":false,"_genesis_hide_singular_image":false,"_genesis_hide_footer_widgets":false,"_genesis_custom_body_class":"","_genesis_custom_post_class":"","_genesis_layout":"","footnotes":""},"topic":[116],"typeofcare":[],"language":[],"class_list":{"0":"post-2656","1":"page","2":"type-page","3":"status-publish","5":"topic-como-brindar-cuidados","6":"entry"},"acf":[],"featured_image_src":null,"featured_image_src_square":null,"_links":{"self":[{"href":"https:\/\/www.caringinfo.org\/es\/wp-json\/wp\/v2\/pages\/2656","targetHints":{"allow":["GET"]}}],"collection":[{"href":"https:\/\/www.caringinfo.org\/es\/wp-json\/wp\/v2\/pages"}],"about":[{"href":"https:\/\/www.caringinfo.org\/es\/wp-json\/wp\/v2\/types\/page"}],"author":[{"embeddable":true,"href":"https:\/\/www.caringinfo.org\/es\/wp-json\/wp\/v2\/users\/6721"}],"replies":[{"embeddable":true,"href":"https:\/\/www.caringinfo.org\/es\/wp-json\/wp\/v2\/comments?post=2656"}],"version-history":[{"count":0,"href":"https:\/\/www.caringinfo.org\/es\/wp-json\/wp\/v2\/pages\/2656\/revisions"}],"up":[{"embeddable":true,"href":"https:\/\/www.caringinfo.org\/es\/wp-json\/wp\/v2\/pages\/2646"}],"wp:attachment":[{"href":"https:\/\/www.caringinfo.org\/es\/wp-json\/wp\/v2\/media?parent=2656"}],"wp:term":[{"taxonomy":"topic","embeddable":true,"href":"https:\/\/www.caringinfo.org\/es\/wp-json\/wp\/v2\/topic?post=2656"},{"taxonomy":"typeofcare","embeddable":true,"href":"https:\/\/www.caringinfo.org\/es\/wp-json\/wp\/v2\/typeofcare?post=2656"},{"taxonomy":"language","embeddable":true,"href":"https:\/\/www.caringinfo.org\/es\/wp-json\/wp\/v2\/language?post=2656"}],"curies":[{"name":"wp","href":"https:\/\/api.w.org\/{rel}","templated":true}]}}