{"id":2657,"date":"2021-03-07T16:49:15","date_gmt":"2021-03-07T21:49:15","guid":{"rendered":"https:\/\/www.caringinfo.org\/?page_id=2657"},"modified":"2023-10-09T12:30:41","modified_gmt":"2023-10-09T16:30:41","slug":"como-apoyar-a-un-cuidador-en-duelo","status":"publish","type":"page","link":"https:\/\/www.caringinfo.org\/es\/planificar\/como-afrontar-el-duelo-y-la-perdida\/como-apoyar-a-un-cuidador-en-duelo\/","title":{"rendered":"C\u00f3mo apoyar a un cuidador en duelo"},"content":{"rendered":"\n<p class=\"is-style-large\">La muerte y el duelo les llegar\u00e1n a todos en alg\u00fan punto, ya que son parte de la vida. Sin embargo, si usted o alguien a quien conoce ha estado cuidado de un familiar, el estr\u00e9s y las emociones que surgen cuando esa persona muere pueden ser particularmente desafiantes.<\/p>\n\n\n\n<p>Para apoyar a un <a href=\"https:\/\/www.caringinfo.org\/es\/planificar\/como-brindar-cuidados\/\">cuidador<\/a> en duelo, preg\u00fantele c\u00f3mo le puede ayudar mejor y escuche sus necesidades. Exprese su preocupaci\u00f3n por c\u00f3mo le afect\u00f3 la enfermedad en lo personal. Est\u00e9 dispuesto a escuchar, aprender, y buscar formas en las que puede ser de ayuda y brindar apoyo.<\/p>\n\n\n\n<p>Aunque usted tambi\u00e9n haya sido cuidador, no diga que sabe por lo que la persona est\u00e1 pasando. Sea emp\u00e1tico y diga \u201cLo lamento mucho\u201d, pero no diga en entiende. Cada situaci\u00f3n es \u00fanica y cada persona responde de maneras \u00fanicas. Aunque usted haya sido cuidador, no puede entender la situaci\u00f3n desde la perspectiva de esta persona.<\/p>\n\n\n\n<p>Cuando deja de brindar cuidados, es normal sentirse <a href=\"https:\/\/www.caringinfo.org\/es\/planificar\/como-afrontar-el-duelo-y-la-perdida\/tipos-de-duelos-y-perdidas\/\">en duelo<\/a> y aliviado; sin embargo, con frecuencia los cuidadores se sienten culpables por tener sentimientos de alivio. Recu\u00e9rdele a la persona que esos sentimientos son normales y comunes. Cuidar de un ser querido puede ser un trabajo extenuante, pero cuando deja de brindar cuidados, el tiempo puede parecer interminable. Ofrezca ayudar a un cuidador en duelo para llenar su d\u00eda con actividades significativas. Ay\u00fadele a regresar a su vida a un ritmo aceptable para la persona. Con frecuencia, los cuidadores no han dormido lo suficiente ni comido bien, as\u00ed que recomi\u00e9ndele al cuidador en duelo que obtenga el descanso y la nutrici\u00f3n adecuados.<\/p>\n\n\n\n<p>Una de las mejores maneras de apoyar a alguien en duelo es estar con esa persona. Esto puede ser particularmente importante cuando alguien que ha sido cuidador est\u00e1 en duelo por la persona a quien le brindaba cuidados.<\/p>\n\n\n\n<p>Su hospicio comunitario local puede ser una fuente de informaci\u00f3n para ayudarse a usted o a un ser querido a afrontar <a href=\"https:\/\/www.caringinfo.org\/es\/planificar\/como-afrontar-el-duelo-y-la-perdida\/como-entender-el-duelo-y-la-perdida\/\">el duelo y la p\u00e9rdida<\/a>, o para encontrar otros recursos comunitarios que podr\u00edan ser de ayuda. Puede <a href=\"https:\/\/www.nhpco.org\/find-a-care-provider\/\" target=\"_blank\" rel=\"noreferrer noopener\">encontrar un hospicio comunitario local en NHPCO.org<\/a>.<\/p>\n","protected":false},"excerpt":{"rendered":"<p>La muerte y el duelo les llegar\u00e1n a todos en alg\u00fan punto, ya que son parte de la vida. Sin embargo, si usted o alguien a quien conoce ha estado cuidado de un familiar, el estr\u00e9s y las emociones que surgen cuando esa persona muere pueden ser particularmente desafiantes. Para apoyar a un cuidador en [&hellip;]<\/p>\n","protected":false},"author":6721,"featured_media":0,"parent":2643,"menu_order":4,"comment_status":"closed","ping_status":"closed","template":"","meta":{"_acf_changed":false,"_genesis_hide_title":false,"_genesis_hide_breadcrumbs":false,"_genesis_hide_singular_image":false,"_genesis_hide_footer_widgets":false,"_genesis_custom_body_class":"","_genesis_custom_post_class":"","_genesis_layout":"","footnotes":""},"topic":[],"typeofcare":[],"language":[],"class_list":{"0":"post-2657","1":"page","2":"type-page","3":"status-publish","5":"entry"},"acf":[],"featured_image_src":null,"featured_image_src_square":null,"_links":{"self":[{"href":"https:\/\/www.caringinfo.org\/es\/wp-json\/wp\/v2\/pages\/2657","targetHints":{"allow":["GET"]}}],"collection":[{"href":"https:\/\/www.caringinfo.org\/es\/wp-json\/wp\/v2\/pages"}],"about":[{"href":"https:\/\/www.caringinfo.org\/es\/wp-json\/wp\/v2\/types\/page"}],"author":[{"embeddable":true,"href":"https:\/\/www.caringinfo.org\/es\/wp-json\/wp\/v2\/users\/6721"}],"replies":[{"embeddable":true,"href":"https:\/\/www.caringinfo.org\/es\/wp-json\/wp\/v2\/comments?post=2657"}],"version-history":[{"count":0,"href":"https:\/\/www.caringinfo.org\/es\/wp-json\/wp\/v2\/pages\/2657\/revisions"}],"up":[{"embeddable":true,"href":"https:\/\/www.caringinfo.org\/es\/wp-json\/wp\/v2\/pages\/2643"}],"wp:attachment":[{"href":"https:\/\/www.caringinfo.org\/es\/wp-json\/wp\/v2\/media?parent=2657"}],"wp:term":[{"taxonomy":"topic","embeddable":true,"href":"https:\/\/www.caringinfo.org\/es\/wp-json\/wp\/v2\/topic?post=2657"},{"taxonomy":"typeofcare","embeddable":true,"href":"https:\/\/www.caringinfo.org\/es\/wp-json\/wp\/v2\/typeofcare?post=2657"},{"taxonomy":"language","embeddable":true,"href":"https:\/\/www.caringinfo.org\/es\/wp-json\/wp\/v2\/language?post=2657"}],"curies":[{"name":"wp","href":"https:\/\/api.w.org\/{rel}","templated":true}]}}