{"id":2660,"date":"2021-03-07T16:50:35","date_gmt":"2021-03-07T21:50:35","guid":{"rendered":"https:\/\/www.caringinfo.org\/?page_id=2660"},"modified":"2023-10-09T13:41:08","modified_gmt":"2023-10-09T17:41:08","slug":"su-derecho-a-la-informacion","status":"publish","type":"page","link":"https:\/\/www.caringinfo.org\/es\/planificar\/sus-derechos\/su-derecho-a-la-informacion\/","title":{"rendered":"Su derecho a la informaci\u00f3n"},"content":{"rendered":"\n<p class=\"is-style-large\">Con frecuencia, las personas no conocen sus derechos espec\u00edficos al momento de recibir cuidados debido a que dichos derechos no se definen con claridad o se incluyen en un mont\u00f3n de papeles que los pacientes deben firmar durante el registro. Muchas personas piensan que los derechos de los pacientes solo aplican entre ellos y sus m\u00e9dicos. Sin embargo, los derechos de los pacientes pueden ser exhaustivos y existir entre pacientes y cualquier proveedor de cuidados m\u00e9dicos, hospitales, laboratorios, aseguradoras y otros proveedores que podr\u00edan tener acceso a los pacientes o a sus expedientes m\u00e9dicos.<\/p>\n\n\n\n<h2 class=\"wp-block-heading\">El derecho a los expedientes m\u00e9dicos<\/h2>\n\n\n\n<p>De conformidad con la ley, por lo general, usted o su representante legal tiene derecho a ver o recibir copias de su informaci\u00f3n de salud personal de los siguientes grupos:<\/p>\n\n\n\n<ul class=\"wp-block-list\">\n<li>Proveedores de atenci\u00f3n m\u00e9dica que le atienden<\/li>\n\n\n\n<li>Planes de salud que usted paga para recibir cuidados, incluidos Medicare y Medicaid<\/li>\n<\/ul>\n\n\n\n<p>El Departamento de Salud y Servicios Humanos explica que el gobierno federal tiene cantidades limitadas que <a href=\"https:\/\/www.hhs.gov\/hipaa\/for-professionals\/privacy\/guidance\/access\/index.html#newlyreleasedfaqs\" target=\"_blank\" rel=\"noreferrer noopener\">pueden cobrarse por copias de su informaci\u00f3n de salud personal<\/a> y recomienda que los m\u00e9dicos y sistemas de atenci\u00f3n m\u00e9dica proporcionen la informaci\u00f3n de los pacientes libre de cargos. Varios estados han limitado la cantidad que puede cobrarse. Por ejemplo, la Junta M\u00e9dica de California explica que <a href=\"https:\/\/mbc.ca.gov\/FAQs\/?cat=Consumer&amp;topic=Complaint:%20Medical%20Records\" target=\"_blank\" rel=\"noreferrer noopener\">California ha limitado los cargos a $0.25 por p\u00e1gina<\/a>. Cada vez m\u00e1s, la informaci\u00f3n de salud personal est\u00e1 disponible en los portales electr\u00f3nicos establecidos de los sistemas de atenci\u00f3n m\u00e9dica y los m\u00e9dicos. Es posible que no se le cobre por descargar la informaci\u00f3n desde esos portales.<\/p>\n\n\n\n<p>El 5 de abril de 2021, las leyes federales implementaron la Ley de Cuidados del Siglo XXI (21<sup>st<\/sup> Century Cures Act), en la cual se especifica que ocho tipos de notas cl\u00ednicas se encuentran entre la informaci\u00f3n electr\u00f3nica que no debe bloquearse y debe ponerse a disposici\u00f3n libre de cargos para los pacientes. <a href=\"https:\/\/www.opennotes.org\/onc-federal-rule\/#\" target=\"_blank\" rel=\"noreferrer noopener\">OpenNotes.org<\/a> tiene m\u00e1s informaci\u00f3n sobre esta norma.<\/p>\n\n\n\n<h2 class=\"wp-block-heading\">El derecho a conocer la evaluaci\u00f3n de calidad de su hospicio, centro de cuidados u hospital<\/h2>\n\n\n\n<p><a href=\"https:\/\/www.medicare.gov\/care-compare\/\" target=\"_blank\" rel=\"noreferrer noopener\">Los Centros de Servicios de Medicare y Medicaid mantienen un conjunto de datos extenso<\/a> sobre las evaluaciones de calidad de sus m\u00e9dicos, profesionales cl\u00ednicos, hospitales, hospicios, centros de cuidados, servicios de atenci\u00f3n m\u00e9dica en el hogar y otros proveedores de atenci\u00f3n m\u00e9dica, el cual est\u00e1 disponible para el p\u00fablico general y es f\u00e1cil de usar. En este sitio tambi\u00e9n puede encontrar y comparar planes de salud y medicamentos, tambi\u00e9n conocidos como Medicare Advantage y la Parte D de Medicare.&nbsp;Se usa un sistema de evaluaci\u00f3n de 5 estrellas para comparar las ofertas (fuente: <a href=\"https:\/\/www.cms.gov\/files\/document\/2021starratingsfactsheet-10-13-2020.pdf\">CMS.gov<\/a>).<\/p>\n\n\n\n<div class=\"wp-block-group ci-block-cta-alert\"><div class=\"wp-block-group__inner-container is-layout-flow wp-block-group-is-layout-flow\">\n<h2 class=\"wp-block-heading\">Si considera que no se est\u00e1n respetando sus derechos<\/h2>\n\n\n\n<p>Primero, hable con su m\u00e9dico. Con frecuencia, los problemas pueden solucionarse de manera r\u00e1pida y f\u00e1cil si todos est\u00e1n dispuestos a hacerlo. Si esto no resulta satisfactorio, la mayor\u00eda de los hospitales tienen defensores de los pacientes o mediadores que pueden ayudarle si tiene problemas. Pueden ayudarle con el proceso para registrar una queja, si corresponde. Muchos estados tienen una oficina de defensa para los problemas de cuidados a largo plazo. El Departamento de Salud o el Departamento de Seguros de su estado tambi\u00e9n podr\u00edan ayudarle. Asimismo, los <a href=\"http:\/\/cms.gov\" target=\"_blank\" rel=\"noreferrer noopener\">Centros de Medicare y Medicaid<\/a> tienen varias ubicaciones para registrar quejas.<\/p>\n\n\n\n<p><strong>Si considera que se violaron sus derechos civiles,<\/strong> <a href=\"https:\/\/www.hhs.gov\/civil-rights\/index.html#\" target=\"_blank\" rel=\"noreferrer noopener\">visite el sitio web de Salud y Servicios Humanos (Health and Human Services, HHS) sobre derechos civiles y atenci\u00f3n m\u00e9dica<\/a> para aprender m\u00e1s y posiblemente presentar una queja.<\/p>\n<\/div><\/div>\n","protected":false},"excerpt":{"rendered":"<p>De conformidad con la ley, por lo general, usted o su representante legal tiene derecho a ver su propia informaci\u00f3n de salud personal, as\u00ed como informaci\u00f3n sobre la calidad de su centro de cuidados. Aprenda m\u00e1s.<\/p>\n","protected":false},"author":6721,"featured_media":0,"parent":2630,"menu_order":4,"comment_status":"closed","ping_status":"closed","template":"","meta":{"_acf_changed":false,"_genesis_hide_title":false,"_genesis_hide_breadcrumbs":false,"_genesis_hide_singular_image":false,"_genesis_hide_footer_widgets":false,"_genesis_custom_body_class":"","_genesis_custom_post_class":"","_genesis_layout":"","footnotes":""},"topic":[117],"typeofcare":[],"language":[],"class_list":{"0":"post-2660","1":"page","2":"type-page","3":"status-publish","5":"topic-derechos","6":"entry"},"acf":[],"featured_image_src":null,"featured_image_src_square":null,"_links":{"self":[{"href":"https:\/\/www.caringinfo.org\/es\/wp-json\/wp\/v2\/pages\/2660","targetHints":{"allow":["GET"]}}],"collection":[{"href":"https:\/\/www.caringinfo.org\/es\/wp-json\/wp\/v2\/pages"}],"about":[{"href":"https:\/\/www.caringinfo.org\/es\/wp-json\/wp\/v2\/types\/page"}],"author":[{"embeddable":true,"href":"https:\/\/www.caringinfo.org\/es\/wp-json\/wp\/v2\/users\/6721"}],"replies":[{"embeddable":true,"href":"https:\/\/www.caringinfo.org\/es\/wp-json\/wp\/v2\/comments?post=2660"}],"version-history":[{"count":0,"href":"https:\/\/www.caringinfo.org\/es\/wp-json\/wp\/v2\/pages\/2660\/revisions"}],"up":[{"embeddable":true,"href":"https:\/\/www.caringinfo.org\/es\/wp-json\/wp\/v2\/pages\/2630"}],"wp:attachment":[{"href":"https:\/\/www.caringinfo.org\/es\/wp-json\/wp\/v2\/media?parent=2660"}],"wp:term":[{"taxonomy":"topic","embeddable":true,"href":"https:\/\/www.caringinfo.org\/es\/wp-json\/wp\/v2\/topic?post=2660"},{"taxonomy":"typeofcare","embeddable":true,"href":"https:\/\/www.caringinfo.org\/es\/wp-json\/wp\/v2\/typeofcare?post=2660"},{"taxonomy":"language","embeddable":true,"href":"https:\/\/www.caringinfo.org\/es\/wp-json\/wp\/v2\/language?post=2660"}],"curies":[{"name":"wp","href":"https:\/\/api.w.org\/{rel}","templated":true}]}}