{"id":2661,"date":"2021-03-07T16:52:38","date_gmt":"2021-03-07T21:52:38","guid":{"rendered":"https:\/\/www.caringinfo.org\/?page_id=2661"},"modified":"2023-10-09T14:37:42","modified_gmt":"2023-10-09T18:37:42","slug":"cuidados-para-el-duelo","status":"publish","type":"page","link":"https:\/\/www.caringinfo.org\/es\/tipos-de-cuidados\/cuidados-para-el-duelo\/","title":{"rendered":"Cuidados para el duelo"},"content":{"rendered":"\n<p class=\"is-style-large\">Los cuidados para el duelo le ayudar\u00e1n a identificar las fortalezas, dificultades, factores estresantes y habilidades de afrontamiento que le ayudar\u00e1n a adaptarse tras una p\u00e9rdida significativa en su vida.<\/p>\n\n\n\n<p class=\"is-style-default\">Muchas personas piensan que el duelo y el periodo de duelo son lo mismo, pero tienen significados diferentes.<\/p>\n\n\n\n<ul class=\"wp-block-list\">\n<li><strong>El <a href=\"https:\/\/www.caringinfo.org\/es\/planificar\/como-afrontar-el-duelo-y-la-perdida\/\">duelo<\/a><\/strong> es una reacci\u00f3n normal ante una p\u00e9rdida.<\/li>\n\n\n\n<li><strong>El periodo de duelo<\/strong> es el periodo despu\u00e9s de una p\u00e9rdida durante el cual se experimenta un duelo.<\/li>\n<\/ul>\n\n\n\n<p class=\"is-style-default\">S\u00ed, puede ser confuso. Lo importante es que sepa que la p\u00e9rdida es una parte natural de la vida y todas las personas experimentar\u00e1n un duelo como respuesta a una p\u00e9rdida. Aqu\u00ed es donde le podr\u00edan ser de ayuda los cuidados para el duelo.<\/p>\n\n\n\n<h2 class=\"wp-block-heading\">\u00bfC\u00f3mo pueden ayudar los cuidados para el duelo?<\/h2>\n\n\n\n<p>Un programa de calidad de cuidados para el duelo le ayudar\u00e1 a entender c\u00f3mo responde ante una p\u00e9rdida y le proporcionar\u00e1 ayuda para lidiar con el duelo. Las reacciones que las personas experimentan pueden ser de naturaleza f\u00edsica, emocional, social y espiritual. Las reacciones emocionales comunes pueden incluir la ira, culpa, ansiedad, tristeza y desolaci\u00f3n. Las reacciones f\u00edsicas pueden incluir problemas para dormir, cambios en el apetito, problemas f\u00edsicos o enfermedades. Es importante recordar que ninguna persona responde exactamente igual ante una p\u00e9rdida.<\/p>\n\n\n\n<p>Un profesional capacitado puede evaluar c\u00f3mo afronta un duelo, y ofrecerle apoyo y educaci\u00f3n. La mayor\u00eda de las personas se sienten fortalecidas, animadas y respaldadas cuando aprenden sobre el duelo, entienden c\u00f3mo les afecta, identifican estrategias de afrontamiento y aprenden formas de ayudarse a s\u00ed mismas durante la experiencia del duelo.<\/p>\n\n\n\n<p>En casos en los que alguien se enfrenta a un duelo complicado, un profesional de cuidados para el duelo puede ayudarle a identificar la necesidad de recibir apoyo integral.<\/p>\n\n\n\n<h2 class=\"wp-block-heading\" id=\"como-encontrar\">C\u00f3mo encontrar cuidados para el duelo<\/h2>\n\n\n\n<p>Los programas de <a href=\"https:\/\/www.caringinfo.org\/es\/tipos-de-cuidados\/cuidados-de-hospicio\/\">hospicio<\/a> comunitarios son con frecuencia excelentes recursos para las personas que buscan cuidados para el duelo en sus comunidades. Aunque el enfoque principal de un programa de cuidados de hospicio son los pacientes y las familias a su cuidado, en muchos casos, ofrecen apoyo para las personas de la comunidad que podr\u00edan no haber recibido servicios de cuidados de hospicio.<\/p>\n\n\n\n<p>Si el programa de cuidados para el duelo de un hospicio no puede ayudarle con base en sus necesidades, es posible que puedan referirlo a otros recursos comunitarios que podr\u00edan ofrecerle asistencia.<\/p>\n\n\n\n<h2 class=\"wp-block-heading\">Cuidados para el duelo mientras recibe cuidados de hospicio<\/h2>\n\n\n\n<p>Como parte del beneficio de cuidados de hospicio de Medicare, los <a href=\"https:\/\/www.caringinfo.org\/es\/planificar\/como-brindar-cuidados\/\">cuidadores<\/a> que son familiares de un paciente del hospicio o las personas que forman parte del c\u00edrculo cercano inmediato del paciente pueden recibir cuidados para el duelo durante los 13 meses posteriores a la muerte del paciente.<\/p>\n\n\n\n<p>Los servicios pueden ser desde grupos de apoyo, servicios conmemorativos, recursos informativos y educativos, hasta orientaci\u00f3n y referencias a los recursos terap\u00e9uticos y comunitarios correspondientes. Las necesidades de cada persona que recibe apoyo para el duelo pueden variar dependiendo de su situaci\u00f3n. Los programas para el duelo de los hospicios facilitan un duelo saludable y buscan prevenir los problemas de la salud y la salud mental relacionados con el duelo.<\/p>\n","protected":false},"excerpt":{"rendered":"<p>Los cuidados para el duelo le ayudar\u00e1n a identificar las fortalezas, dificultades, factores estresantes y habilidades de afrontamiento que le ayudar\u00e1n a adaptarse tras una p\u00e9rdida significativa en su vida. Muchas personas piensan que el duelo y el periodo de duelo son lo mismo, pero tienen significados diferentes. S\u00ed, puede ser confuso. Lo importante es [&hellip;]<\/p>\n","protected":false},"author":6721,"featured_media":0,"parent":2614,"menu_order":5,"comment_status":"closed","ping_status":"closed","template":"","meta":{"_acf_changed":false,"_genesis_hide_title":false,"_genesis_hide_breadcrumbs":false,"_genesis_hide_singular_image":false,"_genesis_hide_footer_widgets":false,"_genesis_custom_body_class":"","_genesis_custom_post_class":"","_genesis_layout":"","footnotes":""},"topic":[],"typeofcare":[],"language":[],"class_list":{"0":"post-2661","1":"page","2":"type-page","3":"status-publish","5":"entry"},"acf":[],"featured_image_src":null,"featured_image_src_square":null,"_links":{"self":[{"href":"https:\/\/www.caringinfo.org\/es\/wp-json\/wp\/v2\/pages\/2661","targetHints":{"allow":["GET"]}}],"collection":[{"href":"https:\/\/www.caringinfo.org\/es\/wp-json\/wp\/v2\/pages"}],"about":[{"href":"https:\/\/www.caringinfo.org\/es\/wp-json\/wp\/v2\/types\/page"}],"author":[{"embeddable":true,"href":"https:\/\/www.caringinfo.org\/es\/wp-json\/wp\/v2\/users\/6721"}],"replies":[{"embeddable":true,"href":"https:\/\/www.caringinfo.org\/es\/wp-json\/wp\/v2\/comments?post=2661"}],"version-history":[{"count":0,"href":"https:\/\/www.caringinfo.org\/es\/wp-json\/wp\/v2\/pages\/2661\/revisions"}],"up":[{"embeddable":true,"href":"https:\/\/www.caringinfo.org\/es\/wp-json\/wp\/v2\/pages\/2614"}],"wp:attachment":[{"href":"https:\/\/www.caringinfo.org\/es\/wp-json\/wp\/v2\/media?parent=2661"}],"wp:term":[{"taxonomy":"topic","embeddable":true,"href":"https:\/\/www.caringinfo.org\/es\/wp-json\/wp\/v2\/topic?post=2661"},{"taxonomy":"typeofcare","embeddable":true,"href":"https:\/\/www.caringinfo.org\/es\/wp-json\/wp\/v2\/typeofcare?post=2661"},{"taxonomy":"language","embeddable":true,"href":"https:\/\/www.caringinfo.org\/es\/wp-json\/wp\/v2\/language?post=2661"}],"curies":[{"name":"wp","href":"https:\/\/api.w.org\/{rel}","templated":true}]}}