{"id":2662,"date":"2021-03-07T16:52:53","date_gmt":"2021-03-07T21:52:53","guid":{"rendered":"https:\/\/www.caringinfo.org\/?page_id=2662"},"modified":"2023-10-23T10:45:29","modified_gmt":"2023-10-23T14:45:29","slug":"cuidados-curativos-o-terapeuticos","status":"publish","type":"page","link":"https:\/\/www.caringinfo.org\/es\/tipos-de-cuidados\/cuidados-curativos-o-terapeuticos\/","title":{"rendered":"Cuidados curativos o terap\u00e9uticos"},"content":{"rendered":"\n<p class=\"is-style-large\">Los cuidados curativos o terap\u00e9uticos se refieren en parte a los tratamientos y terapias que se le proporcionan a un paciente con el objetivo de curar una enfermedad o afecci\u00f3n. Los t\u00e9rminos tambi\u00e9n se usan para los tratamientos que retrasan la progresi\u00f3n de una enfermedad, incluso cuando no es posible curarse. Es importante entender los riesgos y beneficios de los cuidados curativos o terap\u00e9uticos para que pueda tomar las mejores decisiones para usted y su vida. La toma de decisiones compartida puede ayudarle con ese entendimiento.<\/p>\n\n\n\n<h2 class=\"wp-block-heading\">\u00bfCu\u00e1les son los cuidados curativos o terap\u00e9uticos?<\/h2>\n\n\n\n<p>Los cuidados curativos o terap\u00e9uticos son lo que normalmente consideramos como cuidados. Si tenemos dolor de garganta, vamos con el m\u00e9dico, quien diagnostica una faringitis estreptoc\u00f3cica, receta antibi\u00f3ticos, los tomamos y el dolor de garganta desaparece. Los problemas m\u00e1s complicados con frecuencia involucran tratamientos m\u00e1s complejos. El desaf\u00edo es que a veces hay m\u00e1s de una forma de tratar un problema determinado, y cada opci\u00f3n de tratamiento tiene diferentes riesgos y beneficios.<\/p>\n\n\n\n<p>Algunos ejemplos de cuidados curativos incluyen los siguientes:<\/p>\n\n\n\n<ul class=\"wp-block-list\">\n<li>antibi\u00f3ticos para infecciones bacterianas<\/li>\n\n\n\n<li>quimioterapia o terapia de radiaci\u00f3n para el c\u00e1ncer<\/li>\n\n\n\n<li>un yeso para un hueso roto<\/li>\n\n\n\n<li>tratamiento de di\u00e1lisis para falla renal<\/li>\n\n\n\n<li>cirug\u00eda para apendicitis<\/li>\n\n\n\n<li>acupuntura para algunas afecciones<\/li>\n\n\n\n<li>programas diet\u00e9ticos para algunas afecciones<\/li>\n<\/ul>\n\n\n\n<h2 class=\"wp-block-heading\" id=\"opciones-de-cuidados-curativos\">\u00bfC\u00f3mo aprendo sobre mis opciones de cuidados curativos?<\/h2>\n\n\n\n<p>La mejor forma de aprender sobre sus opciones es escuchar a su propio m\u00e9dico. Su m\u00e9dico es quien lo conoce mejor a usted y sabe sobre su afecci\u00f3n. Tambi\u00e9n hay buenos recursos generales disponibles en Internet como la <a href=\"https:\/\/www.mayoclinic.org\/\" target=\"_blank\" rel=\"noreferrer noopener\">Mayo Clinic<\/a> o la <a href=\"https:\/\/www.cancer.org\/\" target=\"_blank\" rel=\"noreferrer noopener\">American Cancer Society<\/a>. Un desaf\u00edo es cuando hay varios tratamientos posibles para la misma afecci\u00f3n y debe decidir entre esas opciones. Se han desarrollado apoyos a fin de tomar decisiones que le ayudar\u00e1n a decidir qu\u00e9 tratamiento podr\u00eda funcionar mejor para usted y su vida. <a href=\"https:\/\/decisionaid.ohri.ca\/AZinvent.php\" target=\"_blank\" rel=\"noreferrer noopener\">The Ottawa Hospital Research Institute cre\u00f3 una serie de apoyos a fin de tomar decisiones<\/a> para varias afecciones, los cuales podr\u00edan serle de utilidad.&nbsp;<\/p>\n\n\n\n<p>Otro concepto que ha ganado aceptaci\u00f3n es la toma de decisiones compartida.<\/p>\n\n\n\n<h2 class=\"wp-block-heading\" id=\"toma-de-decisiones-compartida\">\u00bfQu\u00e9 es la toma de decisiones compartida?<\/h2>\n\n\n\n<p>La toma de decisiones compartida es un proceso en el que los profesionales cl\u00ednicos y los pacientes trabajan en conjunto para tomar decisiones y seleccionar pruebas, tratamientos y planes de cuidados, con base en la evidencia cl\u00ednica que equilibra los riesgos y los resultados esperados con las preferencias y los valores del paciente. Esta es la <a href=\"https:\/\/www.healthit.gov\/sites\/default\/files\/nlc_shared_decision_making_fact_sheet.pdf\" target=\"_blank\" rel=\"noreferrer noopener\">descripci\u00f3n de una p\u00e1gina sobre la toma de decisiones compartida<\/a> de HealthIT.gov.<\/p>\n\n\n\n<p>En muchos casos, no hay una sola decisi\u00f3n de atenci\u00f3n m\u00e9dica \u201ccorrecta\u201d porque las opciones de tratamiento, pruebas m\u00e9dicas y problemas de salud conllevan pros y contras. La toma de decisiones compartida es especialmente importante en estos tipos de situaciones:<\/p>\n\n\n\n<ol class=\"wp-block-list\">\n<li>Cuando hay m\u00e1s de una opci\u00f3n razonable, como para las evaluaciones o decisiones de tratamiento.<\/li>\n\n\n\n<li>Cuando ninguna opci\u00f3n tiene una ventaja clara.<\/li>\n\n\n\n<li>Cuando los posibles beneficios y riesgos de cada opci\u00f3n afectan a los pacientes de maneras diferentes.<\/li>\n<\/ol>\n\n\n\n<p>Algunos sistemas de atenci\u00f3n m\u00e9dica usan la toma de decisiones compartida en sus procesos y expedientes de atenci\u00f3n m\u00e9dica electr\u00f3nicos. Preg\u00fantele a su m\u00e9dico c\u00f3mo utiliza la toma de decisiones compartida. <\/p>\n\n\n\n<h2 class=\"wp-block-heading\" id=\"preguntas\">\u00bfCu\u00e1les son las preguntas que deber\u00eda hacerle a mi m\u00e9dico sobre los cuidados curativos?<\/h2>\n\n\n\n<p>Hay muchos recursos disponibles a fin de ayudarle a prepararse para hablar con su m\u00e9dico. La <a href=\"https:\/\/archive.ahrq.gov\/qual\/beprepared.htm\" target=\"_blank\" rel=\"noreferrer noopener\">Agency for Healthcare Research and Quality<\/a> prepar\u00f3 una lista general. La American Board of Internal Medicine Foundation cre\u00f3 la <a href=\"https:\/\/www.choosingwisely.org\/patient-resources\/\" target=\"_blank\" rel=\"noreferrer noopener\">campa\u00f1a Choosing Wisely\u00ae<\/a> para mejorar la calidad de la atenci\u00f3n m\u00e9dica. M\u00e1s de 70 asociaciones de especialidad han identificado pruebas o procedimientos de uso com\u00fan dentro de sus especialidades que son de utilidad para hablar con su m\u00e9dico antes de decidir.<\/p>\n\n\n\n<p>Las preguntas generales que puede hacerle a su m\u00e9dico incluyen las siguientes:<\/p>\n\n\n\n<ul class=\"wp-block-list\">\n<li>\u00bfEn verdad necesito esta prueba, tratamiento o procedimiento?<\/li>\n\n\n\n<li>\u00bfCu\u00e1les espera que sean los beneficios?<\/li>\n\n\n\n<li>\u00bfCu\u00e1les son los riesgos?<\/li>\n\n\n\n<li>\u00bfHay opciones m\u00e1s sencillas y seguras?<\/li>\n\n\n\n<li>\u00bfQu\u00e9 sucede si no hago nada?<\/li>\n\n\n\n<li>\u00bfCu\u00e1nto costar\u00e1?<\/li>\n\n\n\n<li>\u00bfC\u00f3mo afectara mi calidad de vida y mi capacidad para hacer las cosas que me gusta hacer?<\/li>\n<\/ul>\n\n\n\n<p>Siempre es bueno escribir cualquier cosa que quiera compartir con su m\u00e9dico y tomar notas cuando est\u00e9 ah\u00ed. P\u00eddale que le explique lo que sea que no entienda. Tambi\u00e9n puede ser \u00fatil llevar a alguien con usted, ya que cuando se le olvide alguna informaci\u00f3n, esta persona podr\u00e1 ayudarle a asegurarse de haber entendido todo de manera correcta.<\/p>\n\n\n\n<h2 class=\"wp-block-heading\" id=\"cuidados-curativos-y-hospicio\">\u00bfRecibir\u00e9 cuidados curativos si elijo los cuidados de hospicio de Medicare?&nbsp;<\/h2>\n\n\n\n<p>El problema de los cuidados curativos surge cuando el paciente tiene una enfermedad terminal y empieza a <a href=\"https:\/\/www.caringinfo.org\/es\/tipos-de-cuidados\/cuidados-de-hospicio\/\">considerar los cuidados de hospicio<\/a>. Medicare cubre los cuidados de hospicio (fuente: <a href=\"https:\/\/www.medicareresources.org\/faqs\/does-medicare-cover-hospice-care\/\" target=\"_blank\" rel=\"noreferrer noopener\">MedicareResources.org<\/a>), pero si un paciente se cambia a los beneficios de cuidados de hospicio de Medicare, solo tendr\u00e1 cobertura a fin de recibir cuidados paliativos para su enfermedad terminal (fuente: <a href=\"http:\/\/palliativedoctors.org\/faq\" target=\"_blank\" rel=\"noreferrer noopener\">Palliative Doctors<\/a>) y no se cubrir\u00e1n los cuidados curativos. Por lo tanto, un paciente con c\u00e1ncer terminal puede elegir los beneficios de cuidados de hospicio de Medicare, pero tendr\u00eda que suspender la quimioterapia y comenzar a recibir en su lugar cuidados dise\u00f1ados para proporcionar alivio y disminuir el dolor.<\/p>\n\n\n\n<p>Pero eso no significa que no tendr\u00e1 cobertura para ning\u00fan tipo de cuidados curativos. Si sufre un problema m\u00e9dico que no est\u00e1 relacionado con la enfermedad terminal, Medicare cubrir\u00e1 los cuidados curativos para ese problema, aunque podr\u00eda haber alg\u00fan cargo, dependiendo de su seguro.<\/p>\n\n\n\n<p>Los beneficiarios de Medicare tienen la opci\u00f3n de suspender sus beneficios de cuidados de hospicio en cualquier momento y regresar a la cobertura regular de Medicare. Por lo que, si decide que preferir\u00eda continuar buscando cuidados curativos en lugar de cuidados paliativos, tiene esa opci\u00f3n.<\/p>\n","protected":false},"excerpt":{"rendered":"<p>Los cuidados curativos o terap\u00e9uticos se refieren en parte a los tratamientos y terapias que se le proporcionan a un paciente con el objetivo de curar una enfermedad o afecci\u00f3n. Los t\u00e9rminos tambi\u00e9n se usan para los tratamientos que retrasan la progresi\u00f3n de una enfermedad, incluso cuando no es posible curarse. Es importante entender los [&hellip;]<\/p>\n","protected":false},"author":6721,"featured_media":0,"parent":2614,"menu_order":1,"comment_status":"closed","ping_status":"closed","template":"","meta":{"_acf_changed":false,"_genesis_hide_title":false,"_genesis_hide_breadcrumbs":false,"_genesis_hide_singular_image":false,"_genesis_hide_footer_widgets":false,"_genesis_custom_body_class":"","_genesis_custom_post_class":"","_genesis_layout":"","footnotes":""},"topic":[],"typeofcare":[],"language":[],"class_list":{"0":"post-2662","1":"page","2":"type-page","3":"status-publish","5":"entry"},"acf":[],"featured_image_src":null,"featured_image_src_square":null,"_links":{"self":[{"href":"https:\/\/www.caringinfo.org\/es\/wp-json\/wp\/v2\/pages\/2662","targetHints":{"allow":["GET"]}}],"collection":[{"href":"https:\/\/www.caringinfo.org\/es\/wp-json\/wp\/v2\/pages"}],"about":[{"href":"https:\/\/www.caringinfo.org\/es\/wp-json\/wp\/v2\/types\/page"}],"author":[{"embeddable":true,"href":"https:\/\/www.caringinfo.org\/es\/wp-json\/wp\/v2\/users\/6721"}],"replies":[{"embeddable":true,"href":"https:\/\/www.caringinfo.org\/es\/wp-json\/wp\/v2\/comments?post=2662"}],"version-history":[{"count":0,"href":"https:\/\/www.caringinfo.org\/es\/wp-json\/wp\/v2\/pages\/2662\/revisions"}],"up":[{"embeddable":true,"href":"https:\/\/www.caringinfo.org\/es\/wp-json\/wp\/v2\/pages\/2614"}],"wp:attachment":[{"href":"https:\/\/www.caringinfo.org\/es\/wp-json\/wp\/v2\/media?parent=2662"}],"wp:term":[{"taxonomy":"topic","embeddable":true,"href":"https:\/\/www.caringinfo.org\/es\/wp-json\/wp\/v2\/topic?post=2662"},{"taxonomy":"typeofcare","embeddable":true,"href":"https:\/\/www.caringinfo.org\/es\/wp-json\/wp\/v2\/typeofcare?post=2662"},{"taxonomy":"language","embeddable":true,"href":"https:\/\/www.caringinfo.org\/es\/wp-json\/wp\/v2\/language?post=2662"}],"curies":[{"name":"wp","href":"https:\/\/api.w.org\/{rel}","templated":true}]}}