{"id":2663,"date":"2021-03-10T18:24:56","date_gmt":"2021-03-10T23:24:56","guid":{"rendered":"https:\/\/www.caringinfo.org\/?page_id=2663"},"modified":"2025-07-14T11:47:59","modified_gmt":"2025-07-14T15:47:59","slug":"instrucciones-anticipadas","status":"publish","type":"page","link":"https:\/\/www.caringinfo.org\/es\/planificar\/instrucciones-anticipadas\/","title":{"rendered":"Instrucciones anticipadas"},"content":{"rendered":"\n<div class=\"wp-block-genesis-blocks-gb-columns ci-section ci-section-topic-intro gb-layout-columns-2 gb-2-col-equal alignwide\"><div class=\"gb-layout-column-wrap gb-block-layout-column-gap-2 gb-is-responsive-column\">\n<div class=\"wp-block-genesis-blocks-gb-column gb-block-layout-column\"><div class=\"gb-block-layout-column-inner\">\n<p class=\"is-style-large\">La planificaci\u00f3n de cuidados anticipados es un proceso, no un evento, y consiste en planificar los cuidados futuros con base en los valores, creencias, preferencias y problemas m\u00e9dicos espec\u00edficos de una persona. Las <a href=\"https:\/\/www.caringinfo.org\/es\/planificar\/instrucciones-anticipadas\/que-son-las-instrucciones-anticipadas\/\">instrucciones anticipadas<\/a> son el registro de dicho proceso.<\/p>\n\n\n\n<p>Las instrucciones anticipadas son un t\u00e9rmino gen\u00e9rico para definir y expresar c\u00f3mo es que uno desea vivir y recibir tratamiento, as\u00ed como para los <a href=\"https:\/\/www.caringinfo.org\/es\/planificar\/instrucciones-anticipadas\/por-estado\/\">documentos de instrucciones anticipadas aprobados por el estado<\/a>, los cuales le permiten especificar esos detalles y, con frecuencia, designan a una persona (un agente que se designa mediante <a href=\"https:\/\/www.caringinfo.org\/es\/planificar\/instrucciones-anticipadas\/poderes-notariales-y-cuidados\/\">un poder notarial<\/a>) para hablar en su nombre cuando usted no pueda hacerlo.<\/p>\n\n\n\t<div id=\"ci-list-subtopics-block_9c3e58170f5d0a0cbba6898f0c0b2c66\" class=\"ci-block-list-subtopics\">\n\t\t<p><strong>En esta secci\u00f3n, usted encontrar\u00e1 informaci\u00f3n sobre:<\/strong><\/p>\n\t\t<ul>\n\t\t<li><a href=\"https:\/\/www.caringinfo.org\/es\/planificar\/instrucciones-anticipadas\/que-son-las-instrucciones-anticipadas\/\">\u00bfQu\u00e9 son las instrucciones anticipadas?<\/a><\/li><li><a href=\"https:\/\/www.caringinfo.org\/es\/planificar\/instrucciones-anticipadas\/por-estado\/\">Descargue y complete el formulario de instrucciones anticipadas de su estado o territorio<\/a><\/li><li><a href=\"https:\/\/www.caringinfo.org\/es\/planificar\/instrucciones-anticipadas\/como-crear-sus-instrucciones-anticipadas\/\">C\u00f3mo crear sus instrucciones anticipadas<\/a><\/li><li><a href=\"https:\/\/www.caringinfo.org\/es\/planificar\/instrucciones-anticipadas\/como-guardar-y-recuperar-sus-instrucciones-anticipadas\/\">C\u00f3mo guardar y recuperar sus instrucciones anticipadas<\/a><\/li><li><a href=\"https:\/\/www.caringinfo.org\/es\/planificar\/instrucciones-anticipadas\/instrucciones-anticipadas-digitales-y-en-video\/\">Instrucciones anticipadas digitales y en video<\/a><\/li><li><a href=\"https:\/\/www.caringinfo.org\/es\/planificar\/instrucciones-anticipadas\/las-polst-son-las-ordenes-medicas-para-el-tratamiento-de-soporte-vital\/\">Las POLST son las \u00f3rdenes m\u00e9dicas para el tratamiento de soporte vital<\/a><\/li><li><a href=\"https:\/\/www.caringinfo.org\/es\/planificar\/instrucciones-anticipadas\/poderes-notariales-y-cuidados\/\">Poderes notariales y cuidados<\/a><\/li><li><a href=\"https:\/\/www.caringinfo.org\/es\/planificar\/instrucciones-anticipadas\/como-elegir-a-un-agente-de-atencion-medica\/\">C\u00f3mo elegir a un agente de atenci\u00f3n m\u00e9dica<\/a><\/li>\t\t<\/ul>\n\t<\/div>\n\t<\/div><\/div>\n\n\n\n<div class=\"wp-block-genesis-blocks-gb-column topic-intro-image gb-block-layout-column\"><div class=\"gb-block-layout-column-inner\">\n<figure class=\"wp-block-image size-large\"><img loading=\"lazy\" decoding=\"async\" width=\"1024\" height=\"728\" src=\"https:&#47;&#x2f;&#x77;&#119;&#x77;&#x2e;&#99;&#x61;&#x72;&#105;&#x6e;&#x67;&#105;&#x6e;&#x66;&#111;&#x2e;&#x6f;&#114;&#x67;&#x2f;&#119;&#x70;&#x2d;&#99;&#x6f;&#x6e;t&#x65;&#x6e;t&#x2f;&#x75;p&#108;&#x6f;a&#100;&#x73;\/&#97;&#x64;v&#97;&#x6e;c&#101;&#x2d;d&#105;&#x72;e&#99;&#x74;i&#118;&#x65;s&#45;&#x6b;e&#121;&#x61;r&#116;&#x40;2&#120;&#x2d;1&#48;&#x32;4&#120;&#x37;2&#56;&#x2e;p&#110;&#x67;\" alt=\"Se observa a una persona mirando una hoja de papel. Esa hoja son las instrucciones anticipadas.\" class=\"wp-image-2222\" srcset=\"https:&#x2f;\/&#x77;&#119;&#x77;&#46;&#x63;&#x61;r&#x69;&#110;&#x67;&#105;&#x6e;&#102;o&#x2e;&#111;&#x72;&#103;&#x2f;&#119;p&#x2d;&#99;&#x6f;&#110;&#x74;&#101;n&#x74;\/&#x75;&#112;&#x6c;&#111;a&#x64;s&#x2f;&#97;&#x64;&#118;a&#x6e;c&#x65;&#45;&#x64;&#105;r&#x65;c&#x74;&#105;&#x76;&#101;s&#x2d;k&#x65;&#121;&#x61;&#114;t&#x40;2&#x78;&#45;&#x31;&#48;2&#x34;x&#x37;&#50;&#x38;&#46;p&#x6e;g 1024w, https:&#x2f;&#x2f;&#119;w&#x77;&#x2e;&#99;&#97;r&#x69;&#x6e;&#103;&#105;n&#x66;&#x6f;&#46;or&#x67;&#x2f;&#119;p&#x2d;&#x63;&#111;&#110;t&#x65;&#x6e;&#116;&#47;u&#x70;&#x6c;&#111;ad&#x73;&#x2f;&#97;d&#x76;&#x61;&#110;&#99;e&#x2d;&#x64;&#105;&#114;e&#x63;&#x74;&#105;ve&#x73;&#x2d;&#107;e&#x79;&#x61;&#x72;&#116;&#64;&#x32;&#x78;&#45;&#51;0&#x30;&#x78;&#50;&#49;3&#x2e;&#x70;&#110;g 300w, https:&#47;\/&#x77;w&#x77;&#46;&#x63;a&#x72;i&#x6e;g&#x69;&#110;&#x66;&#111;&#x2e;&#111;&#x72;&#103;&#x2f;&#119;&#x70;&#45;&#x63;&#111;n&#x74;e&#x6e;t&#x2f;u&#x70;l&#x6f;a&#x64;&#115;&#x2f;&#97;&#x64;&#118;&#x61;&#110;&#x63;&#101;&#x2d;&#100;&#x69;&#114;e&#x63;t&#x69;v&#x65;s&#x2d;k&#x65;y&#x61;&#114;&#x74;&#64;&#x32;&#120;&#x2d;&#49;&#x32;&#55;&#x78;&#57;&#x30;&#46;p&#x6e;g 127w, https:&#x2f;\/&#x77;&#119;&#x77;&#46;c&#x61;&#114;&#x69;&#110;g&#x69;&#110;&#x66;&#111;&#46;&#x6f;r&#x67;&#47;&#x77;&#x70;-&#x63;&#111;&#x6e;&#116;e&#x6e;&#116;&#x2f;&#117;p&#x6c;o&#x61;&#100;s&#x2f;a&#x64;&#118;&#x61;&#110;c&#x65;&#45;&#x64;&#105;r&#x65;&#99;&#x74;&#105;v&#x65;s&#x2d;&#107;&#x65;&#x79;a&#x72;&#116;&#x40;&#50;x&#x2d;&#55;&#x36;&#56;x&#x35;&#52;&#x36;&#46;p&#x6e;g 768w, https:\/&#47;&#119;&#119;&#x77;&#x2e;&#x63;ar&#105;&#110;&#x67;&#x69;&#x6e;&#x66;o&#46;&#111;&#114;&#x67;&#x2f;&#x77;&#x70;-&#99;&#111;&#110;&#x74;&#x65;&#x6e;t\/&#117;&#112;&#108;&#x6f;&#x61;&#x64;s\/&#97;&#100;&#x76;&#x61;&#x6e;&#x63;e-&#100;&#105;&#x72;&#x65;&#x63;ti&#118;&#101;&#115;&#x2d;&#x6b;&#x65;ya&#114;&#116;&#x40;&#x32;&#x78;&#x2d;15&#51;&#54;&#x78;&#x31;&#x30;92&#46;&#112;&#110;&#x67; 1536w, https:&#x2f;\/&#x77;w&#x77;&#46;&#x63;&#97;r&#x69;n&#x67;&#105;&#x6e;&#102;&#x6f;&#46;o&#x72;g&#x2f;&#119;&#x70;&#45;&#x63;&#x6f;n&#x74;e&#x6e;&#116;&#x2f;&#117;p&#x6c;o&#x61;&#100;&#x73;&#47;&#x61;&#100;v&#x61;n&#x63;&#101;&#x2d;&#100;&#x69;&#x72;e&#x63;t&#x69;&#118;&#x65;&#115;-&#x6b;e&#x79;&#97;&#x72;&#116;&#x40;&#50;x&#x2e;p&#x6e;&#103; 1800w\" sizes=\"auto, (max-width: 1024px) 100vw, 1024px\" \/><\/figure>\n<\/div><\/div>\n<\/div><\/div>\n\n\n\n<div class=\"wp-block-genesis-blocks-gb-container alignwide ci-section ci-section-topic-block gb-block-container\"><div class=\"gb-container-inside\"><div class=\"gb-container-content\">\n<h2 class=\"wp-block-heading\">\u00bfC\u00f3mo encontrar las instrucciones anticipadas para su estado?<\/h2>\n\n\n\n<div class=\"wp-block-genesis-blocks-gb-columns gb-layout-columns-2 gb-2-col-wideright alignwide\"><div class=\"gb-layout-column-wrap gb-block-layout-column-gap-2 gb-is-responsive-column\">\n<div class=\"wp-block-genesis-blocks-gb-column gb-block-layout-column\"><div class=\"gb-block-layout-column-inner\">\n<figure class=\"wp-block-image size-large\"><img loading=\"lazy\" decoding=\"async\" width=\"1024\" height=\"728\" src=\"https:\/\/&#119;&#119;&#x77;&#x2e;&#x63;&#x61;ri&#110;&#103;&#x69;&#x6e;&#x66;&#x6f;&#46;o&#114;&#103;&#47;&#x77;&#x70;&#x2d;&#x63;on&#116;&#101;&#x6e;&#x74;&#x2f;&#x75;pl&#111;&#97;&#x64;&#x73;&#x2f;&#x32;02&#49;&#47;&#48;&#x33;&#x2f;&#x61;&#x64;va&#110;&#99;&#x65;&#x2d;&#x64;&#x69;re&#99;&#116;&#x69;&#x76;&#x65;&#x73;-s&#116;&#97;&#116;&#x65;&#x73;&#x40;&#x32;x-&#49;&#45;&#x31;&#x30;&#x32;&#x34;x7&#50;&#56;&#x2e;&#x70;&#x6e;&#x67;\" alt=\"Se observa un mapa de los Estados Unidos. Alaska y Haw\u00e1i se encuentran en la parte inferior izquierda.\" class=\"wp-image-684\" srcset=\"https:&#47;&#x2f;w&#x77;w&#46;&#x63;&#97;&#x72;i&#110;&#x67;&#105;&#x6e;f&#x6f;&#x2e;&#111;&#x72;g&#x2f;w&#112;&#x2d;&#99;&#x6f;n&#116;&#x65;&#110;&#x74;\/&#117;&#x70;&#108;&#x6f;a&#x64;&#x73;&#47;&#x32;0&#x32;1&#47;&#x30;&#51;&#x2f;a&#100;&#x76;&#97;&#x6e;c&#101;&#x2d;&#100;&#x69;r&#x65;c&#116;&#x69;v&#x65;s&#45;&#x73;&#116;&#x61;t&#101;&#x73;&#64;&#x32;x&#x2d;&#x31;&#45;&#x31;0&#x32;4&#120;&#x37;&#50;&#x38;&#46;&#112;&#x6e;&#103; 1024w, https:&#x2f;&#x2f;&#119;w&#x77;&#x2e;&#99;ar&#x69;&#x6e;&#103;i&#x6e;&#x66;&#111;&#46;o&#x72;&#x67;&#47;w&#x70;&#x2d;&#99;&#111;n&#x74;&#x65;&#110;t&#x2f;&#x75;&#112;&#108;o&#x61;&#x64;&#115;\/&#x32;&#x30;&#50;&#49;\/&#x30;&#x33;&#47;a&#x64;&#x76;&#x61;&#110;c&#x65;&#x2d;&#100;ir&#x65;&#x63;&#116;i&#x76;&#x65;&#115;&#45;s&#x74;&#x61;&#116;e&#x73;&#x40;&#50;&#120;-&#x31;&#x2d;&#51;0&#x30;&#x78;&#50;&#49;3&#x2e;&#x70;&#110;g 300w, https:&#47;&#x2f;w&#119;&#x77;&#46;&#99;&#x61;r&#105;&#x6e;g&#105;&#x6e;f&#111;&#x2e;o&#114;&#x67;\/&#119;&#x70;-&#99;&#x6f;n&#116;&#x65;n&#116;&#x2f;u&#x70;&#x6c;o&#x61;&#x64;&#115;&#x2f;&#x32;&#48;&#x32;&#x31;&#47;&#x30;&#x33;&#47;&#x61;&#x64;&#118;&#x61;n&#99;&#x65;-&#100;&#x69;r&#101;&#x63;t&#105;&#x76;e&#115;&#x2d;s&#116;&#x61;t&#101;&#x73;&#64;&#50;&#x78;-&#49;&#x2d;7&#54;&#x38;x&#x35;&#x34;6&#x2e;&#x70;&#110;&#x67; 768w, https:&#47;&#x2f;&#x77;&#119;&#x77;&#x2e;c&#x61;&#x72;i&#110;&#x67;i&#110;&#x66;o&#46;&#x6f;r&#103;&#x2f;w&#112;&#x2d;&#x63;&#111;&#x6e;&#x74;&#101;&#x6e;&#x74;\/&#x75;&#x70;l&#111;&#x61;d&#115;&#x2f;2&#48;&#x32;1&#47;&#x30;3&#47;&#x61;&#x64;&#118;&#x61;&#x6e;&#99;&#x65;&#x2d;d&#x69;&#x72;e&#99;&#x74;i&#118;&#x65;s&#45;&#x73;t&#97;&#x74;e&#115;&#x40;&#x32;&#120;&#x2d;&#x31;&#45;&#x31;&#x35;3&#x36;&#x78;1&#48;&#x39;2&#46;&#x70;n&#103; 1536w, https:&#x2f;&#x2f;&#x77;&#x77;&#119;&#46;car&#x69;&#x6e;&#x67;&#x69;&#110;&#102;o&#46;o&#x72;&#x67;&#x2f;&#x77;&#112;&#45;&#99;on&#x74;&#x65;&#x6e;&#x74;&#47;&#117;&#112;lo&#x61;&#x64;&#x73;&#x2f;&#50;&#48;&#50;1\/&#x30;&#x33;&#x2f;&#x61;&#100;&#118;&#97;nc&#x65;&#x2d;&#x64;&#x69;&#114;&#101;&#99;ti&#x76;&#x65;&#x73;&#x2d;&#115;&#116;&#97;te&#x73;&#x40;&#x32;&#x78;&#45;&#49;&#46;pn&#x67; 1800w\" sizes=\"auto, (max-width: 1024px) 100vw, 1024px\" \/><\/figure>\n<\/div><\/div>\n\n\n\n<div class=\"wp-block-genesis-blocks-gb-column gb-block-layout-column\"><div class=\"gb-block-layout-column-inner\">\n<p>CaringInfo proporciona instrucciones anticipadas gratuitas e instrucciones para cada estado que se pueden abrir como un archivo en formato de documento port\u00e1til (Portable Document Format, PDF) y se pueden llenar en l\u00ednea. Cada estado tiene requisitos diferentes para los testigos, notarizaci\u00f3n y otros requisitos, por lo que deber\u00e1 asegurarse de revisar con atenci\u00f3n el formulario y las instrucciones.<\/p>\n\n\n\t<div id=\"ci-list-subtopics-block_f9c89f3def5caa231cdb718971a0461c\" class=\"ci-block-list-content-of-interest\">\n\t\t<p><strong>Inf\u00f3rmese sobre las siguientes opciones:<\/strong><\/p>\n\t\t<ul>\n\t\t\t\t\t<li><a href=\"https:\/\/www.caringinfo.org\/es\/planificar\/instrucciones-anticipadas\/por-estado\/\" class=\"button\">\u00bfC\u00f3mo descargar las instrucciones anticipadas de su estado?<\/a><\/li>\t\n\t\t\t\t<\/ul>\n\t<\/div>\n\t<\/div><\/div>\n<\/div><\/div>\n<\/div><\/div><\/div>\n\n\n\n<div class=\"wp-block-genesis-blocks-gb-container alignwide ci-section ci-section-topic-block gb-block-container\"><div class=\"gb-container-inside\"><div class=\"gb-container-content\">\n<h2 class=\"wp-block-heading\">C\u00f3mo preparar y guardar sus instrucciones anticipadas<\/h2>\n\n\n\n<div class=\"wp-block-genesis-blocks-gb-columns gb-layout-columns-2 gb-2-col-wideright alignwide\"><div class=\"gb-layout-column-wrap gb-block-layout-column-gap-2 gb-is-responsive-column\">\n<div class=\"wp-block-genesis-blocks-gb-column gb-block-layout-column\"><div class=\"gb-block-layout-column-inner\">\n<figure class=\"wp-block-image size-large\"><img loading=\"lazy\" decoding=\"async\" width=\"1024\" height=\"728\" src=\"https:\/&#47;&#119;&#x77;&#x77;&#x2e;ca&#114;&#105;&#x6e;&#x67;&#x69;n&#102;&#111;&#46;&#x6f;&#x72;&#x67;\/&#119;&#112;&#x2d;&#x63;&#x6f;nt&#101;&#110;&#x74;&#x2f;&#x75;p&#108;&#111;&#97;&#x64;&#x73;&#x2f;2&#48;&#50;&#x31;&#x2f;&#x30;3\/&#97;&#100;&#x76;&#x61;&#x6e;c&#101;&#45;&#100;&#x69;&#x72;&#x65;c&#116;&#105;&#x76;&#x65;&#x73;-p&#114;&#101;&#x70;&#x61;&#x72;i&#110;&#103;&#64;&#x33;&#x78;&#x2d;1&#48;&#50;&#x34;&#x78;&#x37;28&#46;&#112;&#x6e;&#x67;\" alt=\"\" class=\"wp-image-678\" srcset=\"https:&#x2f;&#x2f;&#x77;&#x77;&#119;&#46;&#99;&#97;rin&#x67;&#x69;&#x6e;&#x66;&#x6f;&#46;&#111;&#114;g\/w&#x70;&#x2d;&#x63;&#x6f;&#x6e;&#116;&#101;&#110;t\/u&#x70;&#x6c;&#x6f;&#x61;&#x64;&#115;&#47;&#50;021&#x2f;&#x30;&#x33;&#x2f;&#x61;&#100;&#118;&#97;nce&#x2d;&#x64;&#x69;&#x72;&#x65;&#99;&#116;&#105;ves&#x2d;&#x70;&#x72;&#x65;&#x70;&#97;&#114;&#105;&#110;g&#64;&#x33;&#x78;&#x2d;&#x31;&#x30;&#50;&#52;&#120;&#55;28&#x2e;&#x70;&#x6e;&#x67; 1024w, https:\/&#47;&#119;&#x77;&#x77;&#x2e;c&#97;&#114;&#x69;&#x6e;&#x67;in&#102;&#x6f;&#x2e;&#x6f;rg&#47;&#119;&#x70;&#x2d;&#x63;o&#110;&#116;&#x65;&#x6e;&#x74;\/&#117;&#112;&#x6c;&#x6f;&#x61;ds&#47;&#x32;&#x30;&#x32;1\/&#48;&#51;&#x2f;&#x61;&#x64;v&#97;&#110;&#x63;&#x65;&#x2d;d&#105;&#114;&#x65;&#x63;&#x74;iv&#101;&#x73;&#x2d;&#x70;re&#112;&#97;&#x72;&#x69;&#x6e;g&#64;&#51;&#x78;&#x2d;&#x33;0&#48;&#120;&#x32;&#x31;&#x33;&#46;p&#110;&#x67; 300w, https:\/\/ww&#119;&#46;&#99;&#97;&#114;&#x69;&#x6e;&#x67;&#x69;&#x6e;&#x66;&#x6f;&#46;org&#47;&#119;&#112;&#45;&#99;&#x6f;&#x6e;&#x74;&#x65;&#x6e;&#x74;&#x2f;&#x75;ploa&#100;&#115;&#47;&#50;&#48;&#x32;&#x31;&#x2f;&#x30;&#x33;&#x2f;&#x61;&#x64;vanc&#101;&#45;&#100;&#105;&#114;&#x65;&#x63;&#x74;&#x69;&#x76;&#x65;&#x73;-pre&#112;&#97;&#114;&#105;&#110;&#x67;&#x40;&#x33;&#x78;&#x2d;&#x31;&#x32;&#x37;x90&#46;&#112;&#110;&#103; 127w, https:\/\/&#119;&#119;&#x77;&#x2e;&#x63;&#x61;ri&#110;&#103;&#x69;&#x6e;&#x66;&#x6f;&#46;o&#114;&#103;&#47;&#x77;&#x70;&#x2d;&#x63;on&#116;&#101;&#x6e;&#x74;&#x2f;&#x75;pl&#111;&#97;&#x64;&#x73;&#x2f;&#x32;02&#49;&#47;&#48;&#x33;&#x2f;&#x61;&#x64;va&#110;&#99;&#x65;&#x2d;&#x64;&#x69;re&#99;&#116;&#x69;&#x76;&#x65;&#x73;-p&#114;&#101;&#112;&#x61;&#x72;&#x69;&#x6e;g&#64;&#51;&#120;&#x2d;&#x37;&#x36;&#x38;x5&#52;&#54;&#x2e;&#x70;&#x6e;&#x67; 768w, https:&#47;&#x2f;w&#x77;&#x77;&#46;&#x63;a&#114;&#x69;&#110;&#x67;i&#110;&#x66;o&#x2e;o&#114;&#x67;\/&#x77;&#x70;&#45;&#x63;o&#110;&#x74;&#101;&#x6e;t&#47;&#x75;&#112;&#x6c;o&#97;&#x64;s&#x2f;&#x32;&#48;&#x32;1&#47;&#x30;&#51;&#x2f;a&#100;&#x76;&#97;&#x6e;c&#101;&#x2d;d&#x69;r&#101;&#x63;t&#x69;&#x76;&#101;&#x73;-&#112;&#x72;&#101;&#x70;a&#114;&#x69;&#110;&#x67;&#64;&#51;&#x78;-&#x31;&#x35;&#51;&#x36;x&#49;&#x30;&#57;&#x32;&#46;&#112;&#x6e;&#103; 1536w, https:&#x2f;\/&#x77;&#119;&#x77;&#46;c&#x61;&#114;&#x69;&#110;g&#x69;&#110;&#x66;&#111;&#46;&#x6f;r&#x67;&#47;&#x77;&#x70;-&#x63;&#111;&#x6e;&#116;e&#x6e;&#116;&#x2f;&#117;p&#x6c;o&#x61;&#100;s&#x2f;2&#x30;&#50;&#x31;&#47;0&#x33;&#47;&#x61;&#100;v&#x61;&#110;&#x63;&#101;-&#x64;i&#x72;&#101;&#x63;&#x74;i&#x76;&#101;&#x73;&#45;p&#x72;&#101;&#x70;&#97;r&#x69;&#110;&#x67;&#64;3&#x78;&#46;&#x70;&#110;&#x67; 1800w\" sizes=\"auto, (max-width: 1024px) 100vw, 1024px\" \/><\/figure>\n<\/div><\/div>\n\n\n\n<div class=\"wp-block-genesis-blocks-gb-column gb-block-layout-column\"><div class=\"gb-block-layout-column-inner\">\n<p>El primer paso para preparar sus instrucciones anticipadas es pensar en lo que es importante para usted, hablar con su c\u00edrculo cercano e informarse sobre su salud. Una vez que cuente con estos conocimientos, podr\u00e1 tomar decisiones sobre sus tratamientos futuros e informar a otras personas cu\u00e1les son dichas decisiones, tanto en persona como por escrito. A partir de ah\u00ed, puede encontrar la mejor manera de guardar y recuperar sus instrucciones anticipadas, seg\u00fan sea necesario.<\/p>\n\n\n\t<div id=\"ci-list-subtopics-block_1d0a66202d77924d2643fec79473d919\" class=\"ci-block-list-content-of-interest\">\n\t\t<p><strong>Inf\u00f3rmese sobre las siguientes opciones:<\/strong><\/p>\n\t\t<ul>\n\t\t\t\t\t<li><a href=\"https:\/\/www.caringinfo.org\/es\/planificar\/instrucciones-anticipadas\/que-son-las-instrucciones-anticipadas\/\" class=\"button\">\u00bfQu\u00e9 incluyen las instrucciones anticipadas?<\/a><\/li>\t\n\t\t\t\t\t<li><a href=\"https:\/\/www.caringinfo.org\/es\/planificar\/instrucciones-anticipadas\/como-crear-sus-instrucciones-anticipadas\/#que-tipos-de-tratamientos\" class=\"button\">\u00bfC\u00f3mo saber qu\u00e9 tipos de tratamientos quiere?<\/a><\/li>\t\n\t\t\t\t\t<li><a href=\"https:\/\/www.caringinfo.org\/es\/planificar\/instrucciones-anticipadas\/como-guardar-y-recuperar-sus-instrucciones-anticipadas\/\" class=\"button\">\u00bfC\u00f3mo guardar y recuperar sus instrucciones anticipadas?<\/a><\/li>\t\n\t\t\t\t\t<li><a href=\"https:\/\/www.caringinfo.org\/es\/planificar\/instrucciones-anticipadas\/instrucciones-anticipadas-digitales-y-en-video\/\" class=\"button\">\u00bfHay formatos digitales o en video de las instrucciones anticipadas? <\/a><\/li>\t\n\t\t\t\t\t<li><a href=\"https:\/\/www.caringinfo.org\/es\/planificar\/instrucciones-anticipadas\/las-polst-son-las-ordenes-medicas-para-el-tratamiento-de-soporte-vital\/\" class=\"button\">\u00bfQu\u00e9 son las POLST?<\/a><\/li>\t\n\t\t\t\t<\/ul>\n\t<\/div>\n\t<\/div><\/div>\n<\/div><\/div>\n<\/div><\/div><\/div>\n\n\n\n<div class=\"wp-block-genesis-blocks-gb-container alignwide ci-section ci-section-topic-block gb-block-container\"><div class=\"gb-container-inside\"><div class=\"gb-container-content\">\n<h2 class=\"wp-block-heading\">\u00bfQu\u00e9 es un poder notarial?&nbsp;<\/h2>\n\n\n\n<div class=\"wp-block-genesis-blocks-gb-columns gb-layout-columns-2 gb-2-col-wideright alignwide\"><div class=\"gb-layout-column-wrap gb-block-layout-column-gap-2 gb-is-responsive-column\">\n<div class=\"wp-block-genesis-blocks-gb-column gb-block-layout-column\"><div class=\"gb-block-layout-column-inner\">\n<figure class=\"wp-block-image size-large\"><img loading=\"lazy\" decoding=\"async\" width=\"1024\" height=\"728\" src=\"https:&#47;&#x2f;&#119;&#x77;w&#x2e;c&#97;&#x72;&#105;&#x6e;&#103;&#x69;n&#x66;o&#46;&#x6f;&#114;&#x67;\/&#x77;p&#x2d;&#x63;&#111;&#x6e;&#116;&#x65;n&#x74;\/&#117;&#x70;&#108;&#x6f;&#97;&#x64;s&#x2f;a&#100;&#x76;&#97;&#x6e;c&#x65;-&#x64;&#x69;&#114;&#x65;&#99;&#x74;i&#x76;e&#115;&#x2d;&#104;&#x65;&#97;&#x6c;t&#x68;c&#97;&#x72;&#101;&#x61;g&#x65;n&#x74;&#x40;&#51;&#x78;&#45;&#x31;0&#x32;4&#120;&#x37;&#50;&#x38;&#46;&#x70;n&#x67;\" alt=\"Se observa una persona hablando con un m\u00e9dico.\" class=\"wp-image-2219\" srcset=\"https:\/\/w&#119;&#119;&#46;&#99;&#x61;&#x72;&#x69;&#x6e;&#x67;&#x69;&#x6e;fo&#46;&#111;&#114;&#103;&#47;&#119;&#x70;&#x2d;&#x63;&#x6f;&#x6e;&#x74;ent\/&#117;&#112;&#108;&#111;&#x61;&#x64;&#x73;&#x2f;&#x61;&#x64;vanc&#101;&#45;&#100;&#105;&#x72;&#x65;&#x63;&#x74;&#x69;&#x76;&#x65;s-h&#101;&#97;&#108;&#116;&#104;&#x63;&#x61;&#x72;&#x65;&#x61;&#x67;ent&#64;&#51;&#120;&#45;&#49;&#x30;&#x32;&#x34;&#x78;&#x37;&#x32;8&#46;pn&#103; 1024w, https:&#47;&#x2f;&#119;&#x77;&#119;&#x2e;c&#x61;r&#x69;n&#103;&#x69;&#110;&#x66;&#111;&#x2e;&#111;&#x72;g&#x2f;w&#x70;-&#99;&#x6f;&#110;&#x74;&#101;&#x6e;&#116;&#x2f;u&#x70;l&#x6f;a&#100;&#x73;&#47;&#x61;&#100;&#x76;a&#x6e;c&#x65;-&#100;&#x69;&#114;&#x65;&#99;&#x74;&#105;&#x76;e&#x73;-&#x68;e&#97;&#x6c;&#116;&#x68;&#99;&#x61;&#114;&#x65;a&#x67;e&#x6e;t&#64;&#x33;&#120;&#x2d;&#51;&#x30;&#48;&#x78;2&#x31;3&#x2e;p&#110;&#x67; 300w, https:&#x2f;&#x2f;&#x77;&#119;&#119;&#46;ca&#x72;&#x69;&#x6e;&#x67;&#105;&#110;fo&#x2e;&#x6f;&#x72;&#x67;&#47;&#119;p-&#x63;&#x6f;&#x6e;&#x74;&#101;&#110;&#116;\/u&#x70;&#x6c;&#x6f;&#x61;&#100;&#115;\/a&#x64;&#x76;&#x61;&#x6e;&#99;&#101;-d&#x69;&#x72;&#x65;&#x63;&#116;&#105;&#118;es&#x2d;&#x68;&#x65;&#x61;&#108;&#116;hc&#x61;&#x72;&#x65;&#x61;&#103;&#101;nt&#x40;&#x33;&#x78;&#x2d;&#49;&#50;&#55;x9&#x30;&#x2e;&#x70;&#x6e;&#103; 127w, https:&#x2f;&#47;w&#x77;&#119;&#46;&#x63;&#x61;&#114;&#x69;&#x6e;&#103;i&#x6e;&#102;o&#x2e;&#x6f;&#114;&#x67;&#x2f;&#119;p&#x2d;&#99;o&#x6e;&#x74;&#101;&#x6e;&#x74;&#47;u&#x70;&#108;o&#x61;&#x64;&#115;&#x2f;&#x61;&#100;v&#x61;&#110;c&#x65;&#x2d;&#100;&#x69;&#x72;&#101;c&#x74;&#105;v&#x65;&#x73;&#45;&#x68;&#x65;&#97;l&#x74;&#104;c&#x61;&#x72;&#101;&#x61;&#x67;&#101;n&#x74;&#64;3&#x78;&#x2d;&#55;&#x36;&#x38;&#120;5&#x34;&#54;&#46;&#x70;&#x6e;&#103; 768w, https:&#x2f;&#x2f;&#x77;&#x77;&#x77;&#x2e;&#x63;&#x61;&#114;&#105;&#110;&#103;&#105;&#110;&#102;o&#46;or&#x67;&#x2f;&#x77;&#x70;&#x2d;&#x63;&#x6f;&#x6e;&#x74;&#101;&#110;&#116;&#47;&#117;&#112;&#108;oads&#x2f;&#x61;&#x64;&#x76;&#x61;&#x6e;&#x63;&#x65;&#x2d;&#100;&#105;&#114;&#101;&#99;&#116;&#105;ves-&#x68;&#x65;&#x61;&#x6c;&#x74;&#x68;&#x63;&#x61;&#x72;&#101;&#97;&#103;&#101;&#110;&#116;&#64;3x-1&#x35;&#x33;&#x36;&#x78;&#x31;&#x30;&#x39;&#x32;&#x2e;&#112;&#110;&#103; 1536w, https:&#47;&#x2f;&#119;&#x77;w&#46;&#x63;&#97;&#x72;i&#x6e;g&#105;&#x6e;&#102;&#x6f;&#46;&#x6f;&#x72;&#103;&#x2f;w&#x70;-&#99;&#x6f;&#110;&#x74;e&#x6e;t&#47;&#x75;&#112;&#x6c;o&#97;&#x64;&#115;&#x2f;a&#x64;v&#97;&#x6e;&#99;&#x65;-&#x64;&#x69;&#114;&#x65;&#99;&#x74;i&#118;&#x65;&#115;&#x2d;h&#x65;a&#108;&#x74;&#104;&#x63;a&#x72;&#x65;&#97;&#x67;e&#x6e;t&#64;&#x33;&#120;&#x2e;p&#x6e;g 1800w\" sizes=\"auto, (max-width: 1024px) 100vw, 1024px\" \/><\/figure>\n<\/div><\/div>\n\n\n\n<div class=\"wp-block-genesis-blocks-gb-column gb-block-layout-column\"><div class=\"gb-block-layout-column-inner\">\n<p>Un poder notarial es un documento legal que identifica y confiere poder a un agente para que hable en nombre de otra persona que quiera recibir asistencia con asuntos financieros o de atenci\u00f3n m\u00e9dica cuando ya no pueda hablar por s\u00ed misma. Un poder notarial es una herramienta importante para brindar cuidados y CaringInfo est\u00e1 aqu\u00ed para ayudarle a empoderarse a fin de completar el documento adecuado seg\u00fan su situaci\u00f3n.<\/p>\n\n\n\t<div id=\"ci-list-subtopics-block_4b3c4f37720a87e9d32fc1b5d368c553\" class=\"ci-block-list-content-of-interest\">\n\t\t<p><strong>Inf\u00f3rmese sobre las siguientes opciones:<\/strong><\/p>\n\t\t<ul>\n\t\t\t\t\t<li><a href=\"https:\/\/www.caringinfo.org\/es\/planificar\/instrucciones-anticipadas\/poderes-notariales-y-cuidados\/\" class=\"button\">\u00bfQu\u00e9 es un poder notarial?<\/a><\/li>\t\n\t\t\t\t\t<li><a href=\"https:\/\/www.caringinfo.org\/es\/planificar\/instrucciones-anticipadas\/poderes-notariales-y-cuidados\/#util\" class=\"button\">\u00bfCu\u00e1ndo es \u00fatil contar con un poder notarial?<\/a><\/li>\t\n\t\t\t\t\t<li><a href=\"https:\/\/www.caringinfo.org\/es\/planificar\/instrucciones-anticipadas\/poderes-notariales-y-cuidados\/#tipos\" class=\"button\">\u00bfCu\u00e1les son los tipos de poderes notariales?<\/a><\/li>\t\n\t\t\t\t\t<li><a href=\"https:\/\/www.caringinfo.org\/es\/planificar\/instrucciones-anticipadas\/como-elegir-a-un-agente-de-atencion-medica\/\" class=\"button\">\u00bfC\u00f3mo elegir a un agente de atenci\u00f3n m\u00e9dica?<\/a><\/li>\t\n\t\t\t\t<\/ul>\n\t<\/div>\n\t<\/div><\/div>\n<\/div><\/div>\n<\/div><\/div><\/div>\n","protected":false},"excerpt":{"rendered":"<p>Las instrucciones anticipadas, \u00f3rdenes m\u00e9dicas para el tratamiento de soporte vital (Physician Orders for Life Sustaining Treatment, POLST) y los agentes de atenci\u00f3n m\u00e9dica ayudan a informar a los dem\u00e1s qu\u00e9 cuidados desea y cu\u00e1les no en caso de que no pueda hablar por s\u00ed mismo.<\/p>\n","protected":false},"author":6721,"featured_media":0,"parent":2625,"menu_order":3,"comment_status":"closed","ping_status":"closed","template":"template-page-topic.php","meta":{"_acf_changed":true,"_genesis_hide_title":false,"_genesis_hide_breadcrumbs":false,"_genesis_hide_singular_image":false,"_genesis_hide_footer_widgets":false,"_genesis_custom_body_class":"","_genesis_custom_post_class":"","_genesis_layout":"","footnotes":""},"topic":[],"typeofcare":[],"language":[],"class_list":{"0":"post-2663","1":"page","2":"type-page","3":"status-publish","5":"entry"},"acf":[],"featured_image_src":null,"featured_image_src_square":null,"_links":{"self":[{"href":"https:\/\/www.caringinfo.org\/es\/wp-json\/wp\/v2\/pages\/2663","targetHints":{"allow":["GET"]}}],"collection":[{"href":"https:\/\/www.caringinfo.org\/es\/wp-json\/wp\/v2\/pages"}],"about":[{"href":"https:\/\/www.caringinfo.org\/es\/wp-json\/wp\/v2\/types\/page"}],"author":[{"embeddable":true,"href":"https:\/\/www.caringinfo.org\/es\/wp-json\/wp\/v2\/users\/6721"}],"replies":[{"embeddable":true,"href":"https:\/\/www.caringinfo.org\/es\/wp-json\/wp\/v2\/comments?post=2663"}],"version-history":[{"count":0,"href":"https:\/\/www.caringinfo.org\/es\/wp-json\/wp\/v2\/pages\/2663\/revisions"}],"up":[{"embeddable":true,"href":"https:\/\/www.caringinfo.org\/es\/wp-json\/wp\/v2\/pages\/2625"}],"wp:attachment":[{"href":"https:\/\/www.caringinfo.org\/es\/wp-json\/wp\/v2\/media?parent=2663"}],"wp:term":[{"taxonomy":"topic","embeddable":true,"href":"https:\/\/www.caringinfo.org\/es\/wp-json\/wp\/v2\/topic?post=2663"},{"taxonomy":"typeofcare","embeddable":true,"href":"https:\/\/www.caringinfo.org\/es\/wp-json\/wp\/v2\/typeofcare?post=2663"},{"taxonomy":"language","embeddable":true,"href":"https:\/\/www.caringinfo.org\/es\/wp-json\/wp\/v2\/language?post=2663"}],"curies":[{"name":"wp","href":"https:\/\/api.w.org\/{rel}","templated":true}]}}