{"id":2664,"date":"2021-03-10T18:31:20","date_gmt":"2021-03-10T23:31:20","guid":{"rendered":"https:\/\/www.caringinfo.org\/?page_id=2664"},"modified":"2025-02-24T10:22:49","modified_gmt":"2025-02-24T15:22:49","slug":"cual-es-la-diferencia-entre-los-cuidados-paliativos-y-los-cuidados-de-hospicio","status":"publish","type":"page","link":"https:\/\/www.caringinfo.org\/es\/tipos-de-cuidados\/cual-es-la-diferencia-entre-los-cuidados-paliativos-y-los-cuidados-de-hospicio\/","title":{"rendered":"\u00bfCu\u00e1l es la diferencia entre los cuidados paliativos y los cuidados de hospicio?"},"content":{"rendered":"\n<p>Los <a href=\"https:\/\/www.caringinfo.org\/es\/tipos-de-cuidados\/los-cuidados-paliativos\/\"><strong>cuidados paliativos<\/strong><\/a> y los <strong><a href=\"https:\/\/www.caringinfo.org\/es\/tipos-de-cuidados\/cuidados-de-hospicio\/\">cuidados de hospicio<\/a><\/strong> son similares, pero hay algunas diferencias clave. Tanto los <a href=\"https:\/\/www.caringinfo.org\/es\/tipos-de-cuidados\/los-cuidados-paliativos\/\">cuidados paliativos<\/a> como los <a href=\"https:\/\/www.caringinfo.org\/es\/tipos-de-cuidados\/cuidados-de-hospicio\/\">cuidados de hospicio<\/a> se enfocan en las necesidades del paciente y su calidad de vida. Los cuidados paliativos se enfocan en mantener la mejor calidad de vida mientras se gestionan el tratamiento y otras necesidades. Los cuidados de hospicio se enfocan espec\u00edficamente en el periodo m\u00e1s cercano a la muerte.<\/p>\n\n\n\n<p>Conocer las diferencias espec\u00edficas entre los cuidados de hospicio y los cuidados paliativos puede ayudar a las personas a decidir qu\u00e9 nivel de cuidados es mejor. Si su salud cambia, el tipo de cuidados que recibir\u00e1 podr\u00e1 cambiar.<\/p>\n\n\n\n<figure class=\"wp-block-table\"><table><thead><tr><th><strong>Pregunta<\/strong><\/th><th><strong>Cuidados paliativos<\/strong><\/th><th><strong>Cuidados de hospicio<\/strong><\/th><\/tr><\/thead><tbody><tr><td><strong>\u00bfCu\u00e1l es el enfoque?<\/strong><br><\/td><td>Los cuidados paliativos se enfocan en aliviar el dolor y la incomodidad, reducir el estr\u00e9s y ayudar a las personas a tener la mejor calidad de vida posible.<br><\/td><td>Los cuidados de hospicio se enfocan en la calidad de vida cuando ya no es posible curarse o las cargas del tratamiento superan los beneficios.<\/td><\/tr><tr><td><strong>\u00bfQui\u00e9n puede recibir este tipo de cuidados?<\/strong><br><\/td><td>Los cuidados paliativos son un recurso para <strong><em>cualquier persona<\/em><\/strong> que viva con una enfermedad grave.<br><\/td><td>Las personas pueden inscribirse en los beneficios de cuidados de hospicio si el m\u00e9dico considera que les quedan menos de seis meses de vida. El beneficio puede extenderse varias veces con una certificaci\u00f3n m\u00e9dica. Los servicios de hospicio tambi\u00e9n se ofrecen a las personas con Medicaid o seguros privados. Hable con su m\u00e9dico si considera que un programa de cuidados de hospicio le ser\u00eda de ayuda.<\/td><\/tr><tr><td><strong>\u00bfTodav\u00eda puedo recibir tratamiento para mi enfermedad?<\/strong><br><\/td><td>Puede recibir cuidados paliativos mientras recibe cuidados curativos y terap\u00e9uticos para una enfermedad, como quimioterapia, di\u00e1lisis o una cirug\u00eda.<br><\/td><td>No recibir\u00e1 un tratamiento curativo para su enfermedad espec\u00edfica, pero recibir\u00e1 medicamentos que mejoren su calidad de vida, como tratamiento para la presi\u00f3n arterial alta o la ansiedad.<\/td><\/tr><tr><td><strong>\u00bfQu\u00e9 incluyen este tipo de cuidados?<\/strong><\/td><td>Los servicios de cuidados paliativos pueden incluir el control del dolor y los s\u00edntomas, la coordinaci\u00f3n de los cuidados con su equipo de atenci\u00f3n m\u00e9dica, la asistencia para desarrollar su plan de cuidados, la ayuda con los formularios de seguro y las opciones de cuidados y vivienda, la ayuda con las instrucciones anticipadas y la atenci\u00f3n espiritual.<\/td><td>Los cuidados de hospicio incluyen el control del dolor y los s\u00edntomas, apoyo emocional medicamentos y suministros m\u00e9dicos, orientaci\u00f3n para los cuidadores, apoyo para el duelo, y pueden incluir servicios especiales, como terapia del habla y el lenguaje, cuando sean necesarios. Los hospicios calificados de Medicare deben proporcionar un servicio disponible para llamar las 24 horas del d\u00eda, los 7 d\u00edas de la semana.&nbsp;<br><br>Los cuidados de hospicio tambi\u00e9n pondr\u00e1n a disposici\u00f3n los cuidados para pacientes hospitalizados a corto plazo cuando el dolor o los s\u00edntomas se vuelvan muy dif\u00edciles de controlar en el hogar o cuando los cuidadores necesiten un descanso.<\/td><\/tr><tr><td><strong>\u00bfD\u00f3nde puedo obtener este tipo de cuidados?<\/strong><\/td><td>Los cuidados paliativos se pueden proporcionar en cualquier entorno de atenci\u00f3n, como el hogar, un hospital, centros de cuidados y cl\u00ednicas para pacientes ambulatorios.<\/td><td>Los cuidados de hospicio se pueden proporcionar dondequiera que viva el paciente, incluidos los centros de enfermer\u00eda y los centros de cuidados a largo plazo.<\/td><\/tr><tr><td><strong>\u00bfQui\u00e9n proporciona este tipo de cuidados?<\/strong><\/td><td>La mayor\u00eda de los cuidados paliativos los proporciona un equipo de m\u00e9dicos, enfermeros y otros especialistas capacitados. Este equipo trabajar\u00e1 con su m\u00e9dico de atenci\u00f3n primaria y especialistas.<\/td><td>Los cuidados de hospicio los proporciona un equipo que se enfoca en las necesidades del paciente. El equipo con frecuencia incluye un pastor, ayudantes de atenci\u00f3n en el hogar, m\u00e9dicos y enfermeros de hospicio, trabajadores sociales, voluntarios capacitados y otros terapeutas especializados de ser necesario. Tambi\u00e9n se puede incluir al m\u00e9dico personal de un paciente.<br><br>Aunque los cuidados de hospicio proporcionan un gran apoyo, si el paciente vive en su hogar, los cuidados diarios se los proporciona su c\u00edrculo cercano o los ayudantes pagados de atenci\u00f3n m\u00e9dica en el hogar.<\/td><\/tr><tr><td><strong>\u00bfQui\u00e9n paga este tipo de cuidados?<\/strong><\/td><td>Medicare, Medicaid y muchos planes de seguros cubrir\u00e1n las partes m\u00e9dicas de los cuidados paliativos. Los veteranos pueden ser elegibles para recibir cuidados paliativos mediante el Departamento de Asuntos de los Veteranos (Veterans Affairs, VA). Consulte con su m\u00e9dico y su seguro para ver qu\u00e9 se cubrir\u00e1 en su situaci\u00f3n.<\/td><td>Los cuidados de hospicio con mayor frecuencia se pagan como beneficios de Medicare. Tambi\u00e9n se pueden pagar como parte de un plan de Medicare Advantage, planes estatales de Medicaid o seguros privados. Hable sobre la fuente del pago y los servicios cubiertos con su equipo de cuidados de hospicio.<\/td><\/tr><tr><td><strong>\u00bfCu\u00e1nto tiempo puedo recibir este tipo de cuidados?<\/strong><\/td><td>Los cuidados paliativos se pueden proporcionar todo el tiempo que sean necesarios. Hable con su m\u00e9dico sobre qu\u00e9 nivel de cuidados podr\u00eda ser mejor para usted a medida que cambia su salud.<\/td><td>Puede comenzar a recibir cuidados de hospicio y continuar recibi\u00e9ndolos mientras su m\u00e9dico considere que es probable que le queden menos de seis meses de vida.<br><br>A veces, las personas que reciben los cuidados de hospicio viven por m\u00e1s de seis meses y se pueden extender los cuidados. Puede recibir cuidados de hospicio durante dos periodos de beneficios de 90 d\u00edas, seguidos de un n\u00famero ilimitado de periodos de beneficios de 60 d\u00edas.<br><br>Tambi\u00e9n es posible suspender los cuidados de hospicio si la afecci\u00f3n de un paciente mejora, o si decide que desea reanudar los cuidados curativos y volver a los cuidados de hospicio m\u00e1s adelante.<\/td><\/tr><\/tbody><\/table><\/figure>\n\n\n\n<p>Comparta esta informaci\u00f3n con otros y <a href=\"https:\/\/www.caringinfo.org\/es\/planificar\/como-hablar-sobre-enfermedades-graves-y-cuidados\/\">hable sobre lo que es m\u00e1s importante para usted<\/a>.<\/p>\n\n\n\n<p>Puede ser \u00fatil hablar con alguien que est\u00e9 familiarizado con los servicios de cuidados paliativos y de cuidados de hospicio a fin de decidir qu\u00e9 podr\u00eda ser mejor para usted o para alguien a quien est\u00e1 cuidando. Su hospicio comunitario puede ser un lugar \u00fatil para comenzar. <\/p>\n\n\n\n<p>Si necesita ayuda para encontrar un hospicio local, <a href=\"https:\/\/allianceforcareathome.org\/find-a-provider\/\" target=\"_blank\" rel=\"noreferrer noopener\">use la herramienta de b\u00fasqueda \u201cFind a Provider\u201d (Encuentre un proveedor) en el sitio web de la Alliance<\/a>.<\/p>\n\n\n\n<div class=\"wp-block-buttons is-layout-flex wp-block-buttons-is-layout-flex\">\n<div class=\"wp-block-button is-style-fill-download\"><a class=\"wp-block-button__link wp-element-button\" href=\"https:\/\/www.caringinfo.org\/wp-content\/uploads\/caringinfo-factsheet-difference_palliative_hospice_spanish.pdf\" target=\"_blank\" rel=\"noreferrer noopener\">Descargue esta informaci\u00f3n en formato PDF<\/a><\/div>\n<\/div>\n","protected":false},"excerpt":{"rendered":"<p>Los cuidados paliativos y los cuidados de hospicio son similares, pero hay algunas diferencias clave. Tanto los cuidados paliativos como los cuidados de hospicio se enfocan en las necesidades del paciente y su calidad de vida. Los cuidados paliativos se enfocan en mantener la mejor calidad de vida mientras se gestionan el tratamiento y otras [&hellip;]<\/p>\n","protected":false},"author":6721,"featured_media":0,"parent":2614,"menu_order":6,"comment_status":"closed","ping_status":"closed","template":"","meta":{"_acf_changed":false,"_genesis_hide_title":false,"_genesis_hide_breadcrumbs":false,"_genesis_hide_singular_image":false,"_genesis_hide_footer_widgets":false,"_genesis_custom_body_class":"","_genesis_custom_post_class":"","_genesis_layout":"","footnotes":""},"topic":[],"typeofcare":[118,119],"language":[],"class_list":{"0":"post-2664","1":"page","2":"type-page","3":"status-publish","5":"typeofcare-cuidados-de-hospicio","6":"typeofcare-cuidados-paliativos","7":"entry"},"acf":[],"featured_image_src":null,"featured_image_src_square":null,"_links":{"self":[{"href":"https:\/\/www.caringinfo.org\/es\/wp-json\/wp\/v2\/pages\/2664","targetHints":{"allow":["GET"]}}],"collection":[{"href":"https:\/\/www.caringinfo.org\/es\/wp-json\/wp\/v2\/pages"}],"about":[{"href":"https:\/\/www.caringinfo.org\/es\/wp-json\/wp\/v2\/types\/page"}],"author":[{"embeddable":true,"href":"https:\/\/www.caringinfo.org\/es\/wp-json\/wp\/v2\/users\/6721"}],"replies":[{"embeddable":true,"href":"https:\/\/www.caringinfo.org\/es\/wp-json\/wp\/v2\/comments?post=2664"}],"version-history":[{"count":0,"href":"https:\/\/www.caringinfo.org\/es\/wp-json\/wp\/v2\/pages\/2664\/revisions"}],"up":[{"embeddable":true,"href":"https:\/\/www.caringinfo.org\/es\/wp-json\/wp\/v2\/pages\/2614"}],"wp:attachment":[{"href":"https:\/\/www.caringinfo.org\/es\/wp-json\/wp\/v2\/media?parent=2664"}],"wp:term":[{"taxonomy":"topic","embeddable":true,"href":"https:\/\/www.caringinfo.org\/es\/wp-json\/wp\/v2\/topic?post=2664"},{"taxonomy":"typeofcare","embeddable":true,"href":"https:\/\/www.caringinfo.org\/es\/wp-json\/wp\/v2\/typeofcare?post=2664"},{"taxonomy":"language","embeddable":true,"href":"https:\/\/www.caringinfo.org\/es\/wp-json\/wp\/v2\/language?post=2664"}],"curies":[{"name":"wp","href":"https:\/\/api.w.org\/{rel}","templated":true}]}}