{"id":2681,"date":"2021-03-30T23:13:13","date_gmt":"2021-03-31T03:13:13","guid":{"rendered":"https:\/\/www.caringinfo.org\/?page_id=2681"},"modified":"2026-04-10T08:40:33","modified_gmt":"2026-04-10T12:40:33","slug":"encontrar-y-elegir-de-cuidados-de-hospicio","status":"publish","type":"page","link":"https:\/\/www.caringinfo.org\/es\/tipos-de-cuidados\/cuidados-de-hospicio\/encontrar-y-elegir-de-cuidados-de-hospicio\/","title":{"rendered":"C\u00f3mo encontrar y elegir el centro de cuidados de hospicio adecuado para usted"},"content":{"rendered":"\n<p class=\"is-style-large\">Aunque todos los hospicios certificados de Medicare ofrecen los mismos servicios b\u00e1sicos, puede haber algunas diferencias entre los proveedores de hospicio que son importantes para usted. Le orientaremos sobre c\u00f3mo obtener informaci\u00f3n sobre los hospicios y qu\u00e9 preguntas puede hacerles a sus posibles proveedores a fin de ayudarse a elegir el mejor hospicio para sus necesidades.<\/p>\n\n\n\n<h2 class=\"wp-block-heading\">C\u00f3mo encontrar un hospicio<\/h2>\n\n\n\n<p>Los pacientes y familias que deciden recibir cuidados de hospicio con frecuencia reciben una referencia a un hospicio espec\u00edfico por parte de su m\u00e9dico. Si esto ocurre, aun as\u00ed, deber\u00e1 hacerle preguntas al proveedor para asegurarse de que el hospicio satisfaga sus necesidades (use el enlace para ver el \u00e1rea de preguntas).<\/p>\n\n\n\n<p>Si el tiempo y las afecciones lo permiten, ser\u00eda conveniente explorar las opciones disponibles en su \u00e1rea geogr\u00e1fica. Algunos estados tienen requisitos m\u00e1s estrictos para certificar los hospicios que otros. Algunas \u00e1reas han tenido un crecimiento explosivo de proveedores de hospicio, m\u00e1s all\u00e1 de lo que la poblaci\u00f3n puede respaldar. Puede usar los siguientes recursos:<\/p>\n\n\n\n<ul class=\"wp-block-list\">\n<li><a href=\"https:\/\/www.medicare.gov\/care-compare\/?providerType=Hospice&amp;redirect=true#search\" target=\"_blank\" rel=\"noreferrer noopener\">el sitio web Care Compare de Medicare.gov<\/a>. Care Compare es un sitio web muy \u00fatil patrocinado por los Centros de Servicios de Medicare y Medicaid. Puede buscar en su zona geogr\u00e1fica para revisar y comparar informaci\u00f3n como la condici\u00f3n de entidad sin fines de lucro o con fines de lucro, la antig\u00fcedad en el rubro, el n\u00famero de pacientes atendidos, los tipos de pacientes atendidos y el lugar donde se les atiende, entre otra informaci\u00f3n. Dicha informaci\u00f3n tambi\u00e9n incluye medidas de calidad y opiniones de las familias.<\/li>\n<\/ul>\n\n\n\n<ul class=\"wp-block-list\">\n<li><a href=\"https:\/\/allianceforcareathome.org\/find-a-provider\/\" target=\"_blank\" rel=\"noreferrer noopener\">The \u201cFind a Provider\u201d tool<\/a> on the National Alliance for Care at Home website.<\/li>\n<\/ul>\n\n\n\n<ul class=\"wp-block-list\">\n<li><a href=\"http:\/\/nationalhospicelocator.com\" target=\"_blank\" rel=\"noreferrer noopener\">The National Hospice Locator website<\/a>.<\/li>\n<\/ul>\n\n\n\n<p>Otros recursos informativos \u00fatiles que podr\u00edan ayudarle a crear una lista breve de posibles proveedores son:<\/p>\n\n\n\n<ul class=\"wp-block-list\">\n<li>Las opiniones profesionales de personas familiarizadas con los servicios de cuidados de hospicio, por ejemplo, sus m\u00e9dicos, cuidadores profesionales, administradores de cuidados geri\u00e1tricos o asistentes para el final de la vida.<\/li>\n<\/ul>\n\n\n\n<ul class=\"wp-block-list\">\n<li>Las opiniones de su c\u00edrculo cercano, de amigos, vecinos y conocidos que han tenido experiencias con los centros de cuidados de hospicio en su zona.<\/li>\n<\/ul>\n\n\n\n<h2 class=\"wp-block-heading\">Aprenda qu\u00e9 servicios ofrece un hospicio<\/h2>\n\n\n\n<p>Si considera usar los servicios de hospicio, familiar\u00edcese con <a href=\"\/es\/?page_id=2618\">los servicios b\u00e1sicos de un hospicio<\/a>.<\/p>\n\n\n\n<p>Los hospicios que trabajan con Medicare ofrecen los mismos servicios b\u00e1sicos de conformidad con las regulaciones de Medicare (fuente: <a href=\"https:\/\/www.medicare.gov\/coverage\/hospice-care\" target=\"_blank\" rel=\"noreferrer noopener\">Medicare.gov<\/a>). Estas regulaciones describen los servicios que un hospicio debe proporcionar como m\u00ednimo a los pacientes inscritos de conformidad con Medicare. Las reglas de Medicare se han adoptado como un est\u00e1ndar de la industria y se aplican a todos los pacientes que reciben cuidados de hospicio sin importar la cobertura de seguro que tengan.<\/p>\n\n\n\n<p>Hay muchas diferencias entre los hospicios que son importantes para usted y su c\u00edrculo cercano. Estas diferencias pueden incluir:<\/p>\n\n\n\n<ul class=\"wp-block-list\">\n<li>prestaci\u00f3n de servicios fuera del horario de atenci\u00f3n;<\/li>\n\n\n\n<li>cuidados continuos para ciertas afecciones;<\/li>\n\n\n\n<li>servicios basados en la fe;<\/li>\n\n\n\n<li>programas de voluntariado s\u00f3lidos, o<\/li>\n\n\n\n<li>certificaci\u00f3n de una organizaci\u00f3n nacional.<\/li>\n<\/ul>\n\n\n\n<p>Antes de comunicarse con un hospicio, escriba cualquier servicio requerido que no sea de Medicare en el que est\u00e9 interesado para que pueda preguntar por ellos.<\/p>\n\n\n\n<p>If you are specifically searching for a Jewish hospice, consult <a href=\"https:\/\/nijh.org\/\" target=\"_blank\" rel=\"noreferrer noopener\">the National Institute for Jewish Hospice<\/a>. There is no national organization for Catholic hospices, so you should consult with your parish or regional Catholic healthcare system.<\/p>\n\n\n\n<h2 class=\"wp-block-heading\" id=\"questions\">Preguntas que puede hacer para ayudarse a elegir un hospicio<\/h2>\n\n\n\n<p>Hicimos una lista de preguntas que puede hacer al entrevistarse con posibles hospicios (enlace a un nuevo PDF). Puede incluir las siguientes preguntas:<\/p>\n\n\n\n<ul class=\"wp-block-list\">\n<li>\u00bfQu\u00e9 servicios proporcionan?<\/li>\n\n\n\n<li>\u00bfEste centro de cuidados de hospicio trabaja con Medicare?<\/li>\n\n\n\n<li>\u00bfQu\u00e9 clase de apoyo ofrece a la familia, al c\u00edrculo cercano o a los cuidadores?<\/li>\n\n\n\n<li>\u00bfQu\u00e9 funciones desempe\u00f1an mi m\u00e9dico personal y el m\u00e9dico del centro de cuidados de hospicio?<\/li>\n\n\n\n<li>\u00bfQu\u00e9 hacen los voluntarios del centro de cuidados de hospicio?<\/li>\n\n\n\n<li>\u00bfDe qu\u00e9 forma trabaja el centro de cuidados de hospicio para que el paciente se sienta c\u00f3modo?<\/li>\n\n\n\n<li>\u00bfC\u00f3mo se proporcionan los servicios fuera del horario de atenci\u00f3n?<\/li>\n\n\n\n<li>\u00bfC\u00f3mo y d\u00f3nde proporciona el centro los cuidados de hospicio a los pacientes que son hospitalizados por corto tiempo?<\/li>\n\n\n\n<li>\u00bfCon qu\u00e9 hogares para adultos mayores o centros de cuidados a largo plazo trabaja el centro de cuidados de hospicio?<\/li>\n\n\n\n<li>\u00bfCu\u00e1nto tarda normalmente el centro de cuidados de hospicio en inscribir a una persona una vez que se presenta la solicitud para recibir los servicios?<\/li>\n\n\n\n<li>\u00bfPuede el paciente recibir cuidados terap\u00e9uticos, aunque no curativos, para ciertas afecciones, como radiaci\u00f3n para tratar el dolor?<\/li>\n\n\n\n<li>\u00bfEl centro de cuidados de hospicio est\u00e1 acreditado por <a href=\"https:\/\/www.jointcommission.org\/\" target=\"_blank\" rel=\"noreferrer noopener\">the Joint Commission<\/a> o por el <a href=\"https:\/\/chapinc.org\/\" target=\"_blank\" rel=\"noreferrer noopener\">Community Health Accreditation Program<\/a>? Si es as\u00ed, el centro de cuidados de hospicio deber\u00e1 estar en condiciones de facilitar documentaci\u00f3n al respecto.<\/li>\n<\/ul>\n\n\n\n<p>Al hablar con las personas de un hospicio, conf\u00ede en su percepci\u00f3n. Si intentan \u201cvenderse\u201d de manera muy forzada, desconf\u00ede.<\/p>\n\n\n\n<h2 class=\"wp-block-heading\">C\u00f3mo trabajar con su proveedor seleccionado<\/h2>\n\n\n\n<p>Una vez que elija a un proveedor de cuidados de hospicio, puede hacer lo siguiente:<\/p>\n\n\n\n<ul class=\"wp-block-list\">\n<li>Llamar al centro de cuidados de hospicio que eligi\u00f3 y solicitar los servicios. El personal del centro de cuidados de hospicio se comunicar\u00e1 con el m\u00e9dico del paciente para determinar si es oportuna una referencia a este centro. <em>O<\/em><\/li>\n\n\n\n<li>Pedir al m\u00e9dico del paciente que proporcione una referencia al centro de cuidados de hospicio que eligi\u00f3.&nbsp;<\/li>\n<\/ul>\n\n\n\n<p><strong>Nunca es demasiado pronto para conocer sus opciones y aprender m\u00e1s sobre los cuidados de hospicio.<\/strong> <a href=\"\/es\/?page_id=2664\">Aprenda m\u00e1s sobre las diferencias entre los cuidados paliativos y los cuidados de hospicio<\/a> para estar informado durante sus conversaciones con los proveedores.<\/p>\n","protected":false},"excerpt":{"rendered":"<p>Aunque todos los hospicios certificados de Medicare ofrecen los mismos servicios b\u00e1sicos, puede haber algunas diferencias entre los proveedores de hospicio que son importantes para usted. Le orientaremos sobre c\u00f3mo obtener informaci\u00f3n sobre los hospicios y qu\u00e9 preguntas puede hacerles a sus posibles proveedores a fin de ayudarse a elegir el mejor hospicio para sus [&hellip;]<\/p>\n","protected":false},"author":6721,"featured_media":0,"parent":2618,"menu_order":1,"comment_status":"closed","ping_status":"closed","template":"","meta":{"_acf_changed":false,"_genesis_hide_title":false,"_genesis_hide_breadcrumbs":false,"_genesis_hide_singular_image":false,"_genesis_hide_footer_widgets":false,"_genesis_custom_body_class":"","_genesis_custom_post_class":"","_genesis_layout":"","footnotes":""},"topic":[],"typeofcare":[],"language":[],"class_list":{"0":"post-2681","1":"page","2":"type-page","3":"status-publish","5":"entry"},"acf":[],"featured_image_src":null,"featured_image_src_square":null,"_links":{"self":[{"href":"https:\/\/www.caringinfo.org\/es\/wp-json\/wp\/v2\/pages\/2681","targetHints":{"allow":["GET"]}}],"collection":[{"href":"https:\/\/www.caringinfo.org\/es\/wp-json\/wp\/v2\/pages"}],"about":[{"href":"https:\/\/www.caringinfo.org\/es\/wp-json\/wp\/v2\/types\/page"}],"author":[{"embeddable":true,"href":"https:\/\/www.caringinfo.org\/es\/wp-json\/wp\/v2\/users\/6721"}],"replies":[{"embeddable":true,"href":"https:\/\/www.caringinfo.org\/es\/wp-json\/wp\/v2\/comments?post=2681"}],"version-history":[{"count":0,"href":"https:\/\/www.caringinfo.org\/es\/wp-json\/wp\/v2\/pages\/2681\/revisions"}],"up":[{"embeddable":true,"href":"https:\/\/www.caringinfo.org\/es\/wp-json\/wp\/v2\/pages\/2618"}],"wp:attachment":[{"href":"https:\/\/www.caringinfo.org\/es\/wp-json\/wp\/v2\/media?parent=2681"}],"wp:term":[{"taxonomy":"topic","embeddable":true,"href":"https:\/\/www.caringinfo.org\/es\/wp-json\/wp\/v2\/topic?post=2681"},{"taxonomy":"typeofcare","embeddable":true,"href":"https:\/\/www.caringinfo.org\/es\/wp-json\/wp\/v2\/typeofcare?post=2681"},{"taxonomy":"language","embeddable":true,"href":"https:\/\/www.caringinfo.org\/es\/wp-json\/wp\/v2\/language?post=2681"}],"curies":[{"name":"wp","href":"https:\/\/api.w.org\/{rel}","templated":true}]}}