{"id":2683,"date":"2021-03-31T01:34:26","date_gmt":"2021-03-31T05:34:26","guid":{"rendered":"https:\/\/www.caringinfo.org\/?page_id=2683"},"modified":"2023-10-23T09:44:28","modified_gmt":"2023-10-23T13:44:28","slug":"como-se-pagan-los-cuidados-de-hospicio","status":"publish","type":"page","link":"https:\/\/www.caringinfo.org\/es\/tipos-de-cuidados\/cuidados-de-hospicio\/como-se-pagan-los-cuidados-de-hospicio\/","title":{"rendered":"\u00bfC\u00f3mo se pagan los cuidados de hospicio?"},"content":{"rendered":"\n<p class=\"is-style-large\">Con frecuencia, los cuidados de hospicio se pagan como un beneficio definido de Medicare. Sin embargo, los cuidados de hospicio tambi\u00e9n pueden pagarse como parte de un plan de Medicare Advantage, planes estatales de Medicaid o, en el caso de los ni\u00f1os y otras personas cubiertas, por seguros privados. Puede haber diferentes servicios cubiertos por diferentes fuentes de pago, por lo que deber\u00e1 asegurarse de hablar sobre la fuente de pago y los servicios cubiertos con su equipo de cuidados de hospicio.<\/p>\n\n\n\n<h2 class=\"wp-block-heading\">Medicare y Medicaid<\/h2>\n\n\n\n<p><strong><a href=\"https:\/\/www.caringinfo.org\/es\/planificar\/asuntos-financieros\/medicare\/\">Medicare<\/a>\u00a0<\/strong>cubre los costos de los cuidados de hospicio mediante <a href=\"https:\/\/www.medicare.gov\/coverage\/hospice-care\" target=\"_blank\" rel=\"noreferrer noopener\">el beneficio de cuidados de hospicio de Medicare<\/a>, del cual puede encontrar informaci\u00f3n en Medicare.gov. Si est\u00e1 en un plan de Medicare Advantage u otros planes de salud de Medicare, una vez que sus beneficios de cuidados de hospicio comiencen, Original Medicare cubrir\u00e1 todo lo que necesite en relaci\u00f3n con su enfermedad terminal. Original Medicare cubrir\u00e1 estos servicios, aunque usted elija permanecer en un plan de Medicare Advantage u otros planes de salud de Medicare.\u00a0<\/p>\n\n\n\n<p><strong>Los beneficios de Asuntos de los Veteranos (VA)<\/strong>&nbsp;tambi\u00e9n cubren los cuidados de hospicio. <a href=\"https:\/\/www.va.gov\/GERIATRICS\/Guide\/LongTermCare\/Hospice_Care.asp\" target=\"_blank\" rel=\"noreferrer noopener\">Aprenda m\u00e1s en VA<\/a>.<\/p>\n\n\n\n<p>La cobertura de los cuidados de hospicio que cubre&nbsp;<strong>Medicaid&nbsp;<\/strong>es opcional y var\u00eda seg\u00fan el estado, por lo que deber\u00e1 asegurarse de <a href=\"https:\/\/www.medicaid.gov\/medicaid\/benefits\/hospice-benefits\/index.html\" target=\"_blank\" rel=\"noreferrer noopener\">consultar la informaci\u00f3n en Medicaid.gov<\/a>.<\/p>\n\n\n\n<h2 class=\"wp-block-heading\">Seguro privado<\/h2>\n\n\n\n<p>Muchos planes de seguros de compensaci\u00f3n para trabajadores y seguros privados proporcionan al menos una parte de la cobertura para los cuidados de hospicio. Es mejor consultar con su compa\u00f1\u00eda de seguros porque hay diferentes tipos de planes disponibles que podr\u00edan cubrir o no los servicios de cuidados de hospicio. Tambi\u00e9n hay diferentes maneras en las que una persona se puede considerar elegible para los cuidados de hospicio y los costos cubiertos depender\u00e1n del plan de seguro que tenga.<strong><\/strong><\/p>\n\n\n\n<h2 class=\"wp-block-heading\">Si no tiene seguro<\/h2>\n\n\n\n<p>Para las personas que no tienen seguro o que no tienen una cobertura completa para los servicios de cuidados de hospicio, algunas organizaciones de hospicio pueden ofrecer cuidados sin costo o con una tarifa reducida seg\u00fan su capacidad de pago. Con frecuencia, pueden hacer esto gracias a las donaciones, subsidios u otros recursos. Casi todos los hospicios cuentan con personal de apoyo financiero que puede ayudarle con esto, responder sus preguntas y ayudarle a recibir los cuidados que necesita.<\/p>\n","protected":false},"excerpt":{"rendered":"<p>Con frecuencia, los cuidados de hospicio se pagan como un beneficio definido de Medicare. Sin embargo, los cuidados de hospicio tambi\u00e9n pueden pagarse como parte de un plan de Medicare Advantage, planes estatales de Medicaid o, en el caso de los ni\u00f1os y otras personas cubiertas, por seguros privados. Puede haber diferentes servicios cubiertos por [&hellip;]<\/p>\n","protected":false},"author":6721,"featured_media":0,"parent":2618,"menu_order":2,"comment_status":"closed","ping_status":"closed","template":"","meta":{"_acf_changed":false,"_genesis_hide_title":false,"_genesis_hide_breadcrumbs":false,"_genesis_hide_singular_image":false,"_genesis_hide_footer_widgets":false,"_genesis_custom_body_class":"","_genesis_custom_post_class":"","_genesis_layout":"","footnotes":""},"topic":[],"typeofcare":[],"language":[],"class_list":{"0":"post-2683","1":"page","2":"type-page","3":"status-publish","5":"entry"},"acf":[],"featured_image_src":null,"featured_image_src_square":null,"_links":{"self":[{"href":"https:\/\/www.caringinfo.org\/es\/wp-json\/wp\/v2\/pages\/2683","targetHints":{"allow":["GET"]}}],"collection":[{"href":"https:\/\/www.caringinfo.org\/es\/wp-json\/wp\/v2\/pages"}],"about":[{"href":"https:\/\/www.caringinfo.org\/es\/wp-json\/wp\/v2\/types\/page"}],"author":[{"embeddable":true,"href":"https:\/\/www.caringinfo.org\/es\/wp-json\/wp\/v2\/users\/6721"}],"replies":[{"embeddable":true,"href":"https:\/\/www.caringinfo.org\/es\/wp-json\/wp\/v2\/comments?post=2683"}],"version-history":[{"count":0,"href":"https:\/\/www.caringinfo.org\/es\/wp-json\/wp\/v2\/pages\/2683\/revisions"}],"up":[{"embeddable":true,"href":"https:\/\/www.caringinfo.org\/es\/wp-json\/wp\/v2\/pages\/2618"}],"wp:attachment":[{"href":"https:\/\/www.caringinfo.org\/es\/wp-json\/wp\/v2\/media?parent=2683"}],"wp:term":[{"taxonomy":"topic","embeddable":true,"href":"https:\/\/www.caringinfo.org\/es\/wp-json\/wp\/v2\/topic?post=2683"},{"taxonomy":"typeofcare","embeddable":true,"href":"https:\/\/www.caringinfo.org\/es\/wp-json\/wp\/v2\/typeofcare?post=2683"},{"taxonomy":"language","embeddable":true,"href":"https:\/\/www.caringinfo.org\/es\/wp-json\/wp\/v2\/language?post=2683"}],"curies":[{"name":"wp","href":"https:\/\/api.w.org\/{rel}","templated":true}]}}