{"id":2684,"date":"2021-03-31T01:37:34","date_gmt":"2021-03-31T05:37:34","guid":{"rendered":"https:\/\/www.caringinfo.org\/?page_id=2684"},"modified":"2024-03-01T16:19:21","modified_gmt":"2024-03-01T21:19:21","slug":"como-ser-voluntario-en-un-hospicio-y-sus-beneficios","status":"publish","type":"page","link":"https:\/\/www.caringinfo.org\/es\/tipos-de-cuidados\/cuidados-de-hospicio\/como-ser-voluntario-en-un-hospicio-y-sus-beneficios\/","title":{"rendered":"C\u00f3mo ser voluntario en un hospicio y sus beneficios"},"content":{"rendered":"\n<p class=\"is-style-large\">Los voluntarios de cuidados de hospicio son miembros fundamentales de un equipo de cuidados de hospicio. Los voluntarios de cuidados de hospicio brindan su compa\u00f1\u00eda a las personas que viven con una enfermedad grave y que podr\u00edan estar cerca del final de la vida. Ayudan a los cuidadores de la familia de muchas maneras. Los hospicios tambi\u00e9n dependen de los voluntarios para la ayuda administrativa, la recaudaci\u00f3n de fondos, el alcance comunitario y otras \u00e1reas operativas.<\/p>\n\n\n\n<p>Los <a href=\"https:\/\/www.caringinfo.org\/es\/tipos-de-cuidados\/cuidados-de-hospicio\/\">cuidados de hospicio<\/a> en los EE. UU. se fundaron gracias a los voluntarios, por lo que el compromiso con el servicio voluntario contin\u00faa. De hecho, las regulaciones de <a href=\"https:\/\/www.caringinfo.org\/es\/planificar\/asuntos-financieros\/medicare\/\">Medicare<\/a> exigen que los hospicios cuenten con voluntarios capacitados como parte de los servicios que ofrecen.\u00a0<\/p>\n\n\n\n<figure class=\"wp-block-embed is-type-video is-provider-youtube wp-block-embed-youtube wp-embed-aspect-16-9 wp-has-aspect-ratio\"><div class=\"wp-block-embed__wrapper\">\n<iframe loading=\"lazy\" title=\"The Gift of Volunteering\" width=\"500\" height=\"281\" src=\"https:\/\/www.youtube.com\/embed\/XMWB1wNI7Ec?feature=oembed\" frameborder=\"0\" allow=\"accelerometer; autoplay; clipboard-write; encrypted-media; gyroscope; picture-in-picture; web-share\" referrerpolicy=\"strict-origin-when-cross-origin\" allowfullscreen><\/iframe>\n<\/div><\/figure>\n\n\n\n<h2 class=\"wp-block-heading\">Los hospicios necesitan voluntarios<\/h2>\n\n\n\n<p>Los voluntarios proporcionan servicios importantes a las organizaciones de cuidados de hospicio y a las personas a las que atienden. Como voluntario de cuidados de hospicio, puede obtener una gran satisfacci\u00f3n personal al saber que tuvo un impacto en la vida de otra persona y que hizo una contribuci\u00f3n en su comunidad de una manera compasiva y atenta.<\/p>\n\n\n\n<h2 class=\"wp-block-heading\">Los cuidados de hospicio ayudan a las personas a vivir de la manera m\u00e1s plena posible<\/h2>\n\n\n\n<p>Considerados como el modelo de los cuidados de calidad y compasivos para las personas que sufren una enfermedad o lesi\u00f3n grave, los cuidados de hospicio incluyen un enfoque en equipo para brindar atenci\u00f3n m\u00e9dica, gesti\u00f3n del dolor, y apoyo emocional y espiritual a la medida de las necesidades y deseos del paciente. Tambi\u00e9n se les brinda apoyo a los seres queridos del paciente. Por ello, los voluntarios capacitados son miembros valiosos del equipo de cuidados de hospicio.<\/p>\n\n\n\n<h2 class=\"wp-block-heading\">Los voluntarios de cuidados de hospicio est\u00e1n capacitados<\/h2>\n\n\n\n<p>Todos los posibles voluntarios de cuidados de hospicio reciben una evaluaci\u00f3n para asegurar que este tipo de servicio sea adecuado para el voluntario y la organizaci\u00f3n de cuidados de hospicio. Los voluntarios de cuidados de hospicio reciben capacitaci\u00f3n a fin de garantizar que se sientan c\u00f3modos con sus tareas. La duraci\u00f3n de los programas de capacitaci\u00f3n puede variar y estos programas pueden ser diferentes en cada organizaci\u00f3n. Por lo general, un programa de capacitaci\u00f3n de voluntarios de cuidados de hospicio cubre las siguientes \u00e1reas:<\/p>\n\n\n\n<ul class=\"wp-block-list\">\n<li>La filosof\u00eda de los cuidados de hospicio<\/li>\n\n\n\n<li>Un resumen integral de los servicios que se ofrecen en el hospicio<\/li>\n\n\n\n<li>Los problemas f\u00edsicos, emocionales, sociales y espirituales que las personas pueden tener al final de la vida<\/li>\n\n\n\n<li>Las necesidades individuales, incluidos apoyo emocional, procedimientos de emergencia, precauciones universales y procedimientos a seguir al brindar servicio a un paciente o al c\u00edrculo cercano de cuidadores<\/li>\n\n\n\n<li>Un resumen de las enfermedades cr\u00f3nicas y que limitan la vida<\/li>\n\n\n\n<li>Las habilidades de comunicaci\u00f3n efectivas para hablar con un paciente y su c\u00edrculo cercano<\/li>\n\n\n\n<li>Informaci\u00f3n sobre los problemas familiares y relaciones interpersonales<\/li>\n\n\n\n<li>Los l\u00edmites para el voluntario de cuidados de hospicio y el paciente y su familia<\/li>\n\n\n\n<li>Informaci\u00f3n b\u00e1sica sobre el duelo y la p\u00e9rdida<\/li>\n<\/ul>\n\n\n\n<h2 class=\"wp-block-heading\">\u00a1Los voluntarios de cuidados de hospicio pueden hacer lo que sea!<\/h2>\n\n\n\n<p>Como voluntario de cuidados de hospicio tendr\u00e1 opciones sobre cu\u00e1ntas y qu\u00e9 tipo de cosas quiere hacer. Algunos ejemplos de las tareas comunes de los voluntarios incluyen los siguientes:<\/p>\n\n\n\n<ul class=\"wp-block-list\">\n<li>Escuchar las inquietudes de los pacientes<\/li>\n\n\n\n<li>Ser una presencia reconfortante y de apoyo<\/li>\n\n\n\n<li>Participar en los pasatiempos de los pacientes, por ejemplo, jugar juegos de mesa o hablar sobre los eventos recientes<\/li>\n\n\n\n<li>Leer o escribir las memorias de los pacientes o ayudar con la correspondencia<\/li>\n\n\n\n<li>Informarles a otros miembros del personal del hospicio las necesidades de los pacientes y familiares o c\u00edrculo cercano<\/li>\n\n\n\n<li>Hacer encargos o quehaceres simples para las personas que reciben cuidados de hospicio en el hogar<\/li>\n\n\n\n<li>Animar a los pacientes a que cuenten sus historias de vida<\/li>\n\n\n\n<li>Llevar a los pacientes a sus consultas m\u00e9dicas o de compras<\/li>\n\n\n\n<li>Proporcionar asistencia con los cuidados personales, como la ducha o trasladarse de una silla a la cama, si el voluntario cuenta con la capacitaci\u00f3n adecuada para ello<\/li>\n\n\n\n<li>Darles tiempo a los cuidadores para que cuiden de s\u00ed mismos<\/li>\n<\/ul>\n\n\n\n<p>Es importante saber que los voluntarios de cuidados de hospicio nunca deber\u00e1n hacer algo con lo que no se sientan c\u00f3modos.<\/p>\n\n\n\n<h2 class=\"wp-block-heading\">Los voluntarios de cuidados de hospicio tambi\u00e9n realizan tareas administrativas<\/h2>\n\n\n\n<p>Los hospicios dependen de los voluntarios para la ayuda administrativa tambi\u00e9n. Estas tareas incluyen las siguientes:<\/p>\n\n\n\n<ul class=\"wp-block-list\">\n<li>Registro de datos<\/li>\n\n\n\n<li>Correspondencia y fotocopias<\/li>\n\n\n\n<li>Actividades de recaudaci\u00f3n de fondos<\/li>\n\n\n\n<li>Contestar llamadas entrantes en el hospicio<\/li>\n\n\n\n<li>Ayuda para coordinar los servicios de apoyo<\/li>\n\n\n\n<li>Ayuda en tiendas de segunda mano<\/li>\n<\/ul>\n\n\n\n<h2 class=\"wp-block-heading\">\u00bfQui\u00e9n puede ser voluntario?<\/h2>\n\n\n\n<p>Cada programa de hospicio tiene su propia pol\u00edtica sobre la elegibilidad para convertirse en voluntario. Muchos hospicios trabajan con voluntarios adolescentes. La madurez emocional juega un papel importante a fin de determinar si una persona est\u00e1 lista para convertirse en voluntario de cuidados de hospicio, ya que esta puede ser una experiencia intensa.<\/p>\n\n\n\n<h2 class=\"wp-block-heading\">Convertirse en voluntario de cuidados de hospicio es f\u00e1cil<\/h2>\n\n\n\n<p>Muchas \u00e1reas tienen varios programas de cuidados de hospicio comunitarios, por lo que puede obtener la informaci\u00f3n necesaria sobre cada programa en su \u00e1rea antes de decidir en qu\u00e9 hospicio postulares como voluntario. Deber\u00e1 comunicarse con el hospicio y preguntar sobre su proceso de solicitud de voluntariado. Con frecuencia, esto incluye una entrevista inicial con el personal del programa de voluntariado del hospicio local. Durante la entrevista inicial, es posible que le hagan las siguientes preguntas:<\/p>\n\n\n\n<ul class=\"wp-block-list\">\n<li>\u00bfPor qu\u00e9 quiere convertirse en un voluntario de cuidados de hospicio?<\/li>\n\n\n\n<li>\u00bfEn qu\u00e9 horario est\u00e1 disponible durante el d\u00eda para el voluntariado?<\/li>\n\n\n\n<li>Cualquier experiencia que tenga como cuidador de alg\u00fan familiar o amigo al final de la vida<\/li>\n<\/ul>\n\n\n\n<p>El personal del hospicio le pedir\u00e1 que complete un formulario de solicitud y es posible que le pidan que proporcione un curr\u00edculo actualizado y referencias. Deber\u00e1 completar el programa de capacitaci\u00f3n de cuidados de hospicio que la organizaci\u00f3n solicite. Es importante recordar que las fechas para la capacitaci\u00f3n oficial de voluntarios ya podr\u00edan estar programadas, por lo que podr\u00eda haber un retraso antes de que pueda comenzar el programa de capacitaci\u00f3n. Una vez que complete el programa de capacitaci\u00f3n de voluntarios, estar\u00e1 listo para comenzar a trabajar en el hospicio. Como voluntario de cuidados de hospicio, puede obtener una gran satisfacci\u00f3n personal al saber que tuvo un impacto en la vida de otra persona y su comunidad.<\/p>\n","protected":false},"excerpt":{"rendered":"<p>Los voluntarios de cuidados de hospicio son miembros fundamentales de un equipo de cuidados de hospicio. Los voluntarios de cuidados de hospicio brindan su compa\u00f1\u00eda a las personas que viven con una enfermedad grave y que podr\u00edan estar cerca del final de la vida. Ayudan a los cuidadores de la familia de muchas maneras. Los [&hellip;]<\/p>\n","protected":false},"author":6721,"featured_media":0,"parent":2618,"menu_order":3,"comment_status":"closed","ping_status":"closed","template":"","meta":{"_acf_changed":false,"_genesis_hide_title":false,"_genesis_hide_breadcrumbs":false,"_genesis_hide_singular_image":false,"_genesis_hide_footer_widgets":false,"_genesis_custom_body_class":"","_genesis_custom_post_class":"","_genesis_layout":"","footnotes":""},"topic":[],"typeofcare":[],"language":[],"class_list":{"0":"post-2684","1":"page","2":"type-page","3":"status-publish","5":"entry"},"acf":[],"featured_image_src":null,"featured_image_src_square":null,"_links":{"self":[{"href":"https:\/\/www.caringinfo.org\/es\/wp-json\/wp\/v2\/pages\/2684","targetHints":{"allow":["GET"]}}],"collection":[{"href":"https:\/\/www.caringinfo.org\/es\/wp-json\/wp\/v2\/pages"}],"about":[{"href":"https:\/\/www.caringinfo.org\/es\/wp-json\/wp\/v2\/types\/page"}],"author":[{"embeddable":true,"href":"https:\/\/www.caringinfo.org\/es\/wp-json\/wp\/v2\/users\/6721"}],"replies":[{"embeddable":true,"href":"https:\/\/www.caringinfo.org\/es\/wp-json\/wp\/v2\/comments?post=2684"}],"version-history":[{"count":0,"href":"https:\/\/www.caringinfo.org\/es\/wp-json\/wp\/v2\/pages\/2684\/revisions"}],"up":[{"embeddable":true,"href":"https:\/\/www.caringinfo.org\/es\/wp-json\/wp\/v2\/pages\/2618"}],"wp:attachment":[{"href":"https:\/\/www.caringinfo.org\/es\/wp-json\/wp\/v2\/media?parent=2684"}],"wp:term":[{"taxonomy":"topic","embeddable":true,"href":"https:\/\/www.caringinfo.org\/es\/wp-json\/wp\/v2\/topic?post=2684"},{"taxonomy":"typeofcare","embeddable":true,"href":"https:\/\/www.caringinfo.org\/es\/wp-json\/wp\/v2\/typeofcare?post=2684"},{"taxonomy":"language","embeddable":true,"href":"https:\/\/www.caringinfo.org\/es\/wp-json\/wp\/v2\/language?post=2684"}],"curies":[{"name":"wp","href":"https:\/\/api.w.org\/{rel}","templated":true}]}}