{"id":2685,"date":"2021-03-31T01:58:11","date_gmt":"2021-03-31T05:58:11","guid":{"rendered":"https:\/\/www.caringinfo.org\/?page_id=2685"},"modified":"2023-10-09T14:36:57","modified_gmt":"2023-10-09T18:36:57","slug":"cuidados-de-alivio","status":"publish","type":"page","link":"https:\/\/www.caringinfo.org\/es\/tipos-de-cuidados\/cuidados-de-alivio\/","title":{"rendered":"\u00bfQu\u00e9 son los cuidados de alivio?"},"content":{"rendered":"\n<p class=\"is-style-large\">Los cuidados de alivio son un t\u00e9rmino que se usa con mucha frecuencia entre los m\u00e9dicos, y los m\u00e9dicos y las familias, para referirse a los cuidados al final de la vida. Cuando los m\u00e9dicos hablan con los pacientes sobre suspender los tratamientos que prolongan la vida o curativos, con frecuencia hablan sobre las alternativas como terapias centradas en el alivio, de ah\u00ed el t\u00e9rmino \u201ccuidados de alivio\u201d.&nbsp;<\/p>\n\n\n\n<h2 class=\"wp-block-heading\" id=\"diferencias-con-los-cuidados-paliativos\">\u00bfCu\u00e1les son las diferencias entre los cuidados de alivio y los cuidados paliativos?<\/h2>\n\n\n\n<p>Los cuidados de alivio son similares a los <a href=\"https:\/\/www.caringinfo.org\/es\/tipos-de-cuidados\/los-cuidados-paliativos\/\">cuidados paliativos<\/a> en tanto que se enfocan en la calidad de vida; sin embargo, los cuidados paliativos con frecuencia van acompa\u00f1ados de <a href=\"https:\/\/www.caringinfo.org\/es\/tipos-de-cuidados\/cuidados-curativos-o-terapeuticos\/\">cuidados curativos o terap\u00e9uticos<\/a>, pero los cuidados de alivio no.<\/p>\n\n\n\n<h2 class=\"wp-block-heading\" id=\"diferencias-con-los-cuidados-de-hospicio\">\u00bfCu\u00e1les son las diferencias entre los cuidados de alivio y los cuidados de hospicio?<\/h2>\n\n\n\n<p>Los cuidados de alivio forman parte de los cuidados de hospicio, pero los cuidados de hospicio van m\u00e1s all\u00e1. Los <a href=\"https:\/\/www.caringinfo.org\/es\/tipos-de-cuidados\/cuidados-de-hospicio\/\">cuidados de hospicio<\/a> tienen un enfoque interdisciplinario de trabajo en equipo para proporcionar atenci\u00f3n m\u00e9dica, control del dolor, as\u00ed como apoyo emocional y espiritual a la medida de las necesidades y deseos del paciente y su c\u00edrculo cercano. Pueden proporcionarse en cualquier entorno. Los hospicios proporcionan todos los medicamentos, servicios y equipo necesarios. Los hospicios tambi\u00e9n ofrecen <a href=\"https:\/\/www.caringinfo.org\/es\/tipos-de-cuidados\/cuidados-para-el-duelo\/\">cuidados para el duelo<\/a> a los <a href=\"https:\/\/www.caringinfo.org\/es\/planificar\/como-brindar-cuidados\/\">cuidadores<\/a> hasta por 13 meses despu\u00e9s de la muerte. Si su m\u00e9dico sugiere cuidados de alivio, es importante preguntarle si se refiere a los <a href=\"https:\/\/www.caringinfo.org\/es\/tipos-de-cuidados\/cuidados-de-hospicio\/\">cuidados de hospicio<\/a>.<\/p>\n\n\n\n<h2 class=\"wp-block-heading\" id=\"tratamiento-medico\">\u00bfLos cuidados de alivio significan que no recibir\u00e1 tratamiento m\u00e9dico?<\/h2>\n\n\n\n<p>Los cuidados de alivio pueden involucrar el tratamiento m\u00e9dico y, a veces, mucho tratamiento m\u00e9dico, pero los objetivos de la terapia son diferentes. Los cuidados de alivio con frecuencia significan que la persona reducir\u00e1 la intensidad de la atenci\u00f3n m\u00e9dica porque los riesgos superan los beneficios. Tambi\u00e9n es posible que signifiquen que la persona reconoce que se acerca al final de la vida.<\/p>\n\n\n\n<p>Una manera de pensar en ello es imaginar d\u00f3nde y c\u00f3mo quiere usar su tiempo y energ\u00eda. Es posible que una persona con falla cardiaca pase su tiempo tomando medicamentos con regularidad, tom\u00e1ndose los signos vitales, haci\u00e9ndose estudios de sangre y otras pruebas, y en consultas m\u00e9dicas. Una persona que se enfoca en los cuidados de alivio pasar\u00e1 la mayor\u00eda del tiempo en casa con sus amigos y familia. Es posible que invite a las personas importantes para tener la oportunidad de despedirse sin tantas distracciones m\u00e9dicas.<\/p>\n\n\n\n<h2 class=\"wp-block-heading\" id=\"preguntas\">\u00bfC\u00f3mo le pregunto a mi m\u00e9dico a qu\u00e9 se refiere cuando me sugiere recibir cuidados de alivio?<\/h2>\n\n\n\n<p>Los m\u00e9dicos (al igual que otras personas) no pueden predecir con exactitud cu\u00e1nto tiempo vivir\u00e1 una persona, por lo que, con frecuencia, no quieren responder a la pregunta \u201c\u00bfCu\u00e1nto tiempo me (le) queda?\u201d. Al preguntar de otra manera, la pregunta es m\u00e1s f\u00e1cil de responder.&nbsp;<\/p>\n\n\n\n<ul class=\"wp-block-list\">\n<li>Una forma de preguntar a qu\u00e9 se refieren es: \u201c\u00bfSe refiere a los cuidados de hospicio?\u201d.<\/li>\n\n\n\n<li>Otro enfoque \u00fatil es preguntar: \u201cLe sorprender\u00eda si (nombre) muriera en seis meses?\u201d o en otro periodo de tiempo.<\/li>\n<\/ul>\n","protected":false},"excerpt":{"rendered":"<p>Los cuidados de alivio son un t\u00e9rmino que se usa con mucha frecuencia entre los m\u00e9dicos, y los m\u00e9dicos y las familias, para referirse a los cuidados al final de la vida. Cuando los m\u00e9dicos hablan con los pacientes sobre suspender los tratamientos que prolongan la vida o curativos, con frecuencia hablan sobre las alternativas [&hellip;]<\/p>\n","protected":false},"author":6721,"featured_media":0,"parent":2614,"menu_order":4,"comment_status":"closed","ping_status":"closed","template":"","meta":{"_acf_changed":false,"_genesis_hide_title":false,"_genesis_hide_breadcrumbs":false,"_genesis_hide_singular_image":false,"_genesis_hide_footer_widgets":false,"_genesis_custom_body_class":"","_genesis_custom_post_class":"","_genesis_layout":"","footnotes":""},"topic":[],"typeofcare":[],"language":[],"class_list":{"0":"post-2685","1":"page","2":"type-page","3":"status-publish","5":"entry"},"acf":[],"featured_image_src":null,"featured_image_src_square":null,"_links":{"self":[{"href":"https:\/\/www.caringinfo.org\/es\/wp-json\/wp\/v2\/pages\/2685","targetHints":{"allow":["GET"]}}],"collection":[{"href":"https:\/\/www.caringinfo.org\/es\/wp-json\/wp\/v2\/pages"}],"about":[{"href":"https:\/\/www.caringinfo.org\/es\/wp-json\/wp\/v2\/types\/page"}],"author":[{"embeddable":true,"href":"https:\/\/www.caringinfo.org\/es\/wp-json\/wp\/v2\/users\/6721"}],"replies":[{"embeddable":true,"href":"https:\/\/www.caringinfo.org\/es\/wp-json\/wp\/v2\/comments?post=2685"}],"version-history":[{"count":0,"href":"https:\/\/www.caringinfo.org\/es\/wp-json\/wp\/v2\/pages\/2685\/revisions"}],"up":[{"embeddable":true,"href":"https:\/\/www.caringinfo.org\/es\/wp-json\/wp\/v2\/pages\/2614"}],"wp:attachment":[{"href":"https:\/\/www.caringinfo.org\/es\/wp-json\/wp\/v2\/media?parent=2685"}],"wp:term":[{"taxonomy":"topic","embeddable":true,"href":"https:\/\/www.caringinfo.org\/es\/wp-json\/wp\/v2\/topic?post=2685"},{"taxonomy":"typeofcare","embeddable":true,"href":"https:\/\/www.caringinfo.org\/es\/wp-json\/wp\/v2\/typeofcare?post=2685"},{"taxonomy":"language","embeddable":true,"href":"https:\/\/www.caringinfo.org\/es\/wp-json\/wp\/v2\/language?post=2685"}],"curies":[{"name":"wp","href":"https:\/\/api.w.org\/{rel}","templated":true}]}}