{"id":2694,"date":"2021-04-23T14:56:27","date_gmt":"2021-04-23T18:56:27","guid":{"rendered":"https:\/\/www.caringinfo.org\/?page_id=2694"},"modified":"2025-11-19T14:56:26","modified_gmt":"2025-11-19T19:56:26","slug":"georgia","status":"publish","type":"page","link":"https:\/\/www.caringinfo.org\/es\/planificar\/instrucciones-anticipadas\/por-estado\/georgia\/","title":{"rendered":"Formularios de instrucciones anticipadas para Georgia"},"content":{"rendered":"\n<p>Las instrucciones anticipadas son un documento legalmente vinculante que da instrucciones sobre su atenci\u00f3n m\u00e9dica en caso de que usted ya no sea capaz de comunicar esas decisiones por s\u00ed mismo. Las leyes e instrucciones son diferentes en cada estado. <a href=\"https:\/\/www.caringinfo.org\/es\/planificar\/instrucciones-anticipadas\/que-son-las-instrucciones-anticipadas\/\">Aprenda m\u00e1s sobre los fundamentos de las instrucciones anticipadas y la planificaci\u00f3n de cuidados anticipados.<\/a><\/p>\n\n\n\n<p>A continuaci\u00f3n, encontrar\u00e1 la plantilla de las instrucciones anticipadas para Georgia.<\/p>\n\n\n\n<div class=\"wp-block-group section-download-ctas\"><div class=\"wp-block-group__inner-container is-layout-constrained wp-block-group-is-layout-constrained\">\n<div class=\"wp-block-buttons is-layout-flex wp-block-buttons-is-layout-flex\">\n<div class=\"wp-block-button\"><a class=\"wp-block-button__link wp-element-button\" href=\"https:\/\/www.caringinfo.org\/wp-content\/uploads\/Georgia_Spanish.pdf\" target=\"_blank\" rel=\"noreferrer noopener\">Descargar las instrucciones anticipadas en espa\u00f1ol<\/a><\/div>\n<\/div>\n\n\n\n<div class=\"wp-block-buttons is-layout-flex wp-block-buttons-is-layout-flex\">\n<div class=\"wp-block-button\"><a class=\"wp-block-button__link wp-element-button\" href=\"https:\/\/www.caringinfo.org\/wp-content\/uploads\/Georgia.pdf\" target=\"_blank\" rel=\"noreferrer noopener\">Descargar las instrucciones anticipadas en ingl\u00e9s<\/a><\/div>\n<\/div>\n\n\n\n<div style=\"height:16px\" aria-hidden=\"true\" class=\"wp-block-spacer\"><\/div>\n<\/div><\/div>\n\n\n\n<div class=\"wp-block-group\"><div class=\"wp-block-group__inner-container is-layout-flow wp-block-group-is-layout-flow\">\n<h2 class=\"wp-block-heading\">Pasos a seguir para descargar la plantilla de instrucciones anticipadas<\/h2>\n\n\n\n<ul class=\"wp-block-list\">\n<li>Para abrir un PDF, se necesita un software como Adobe Acrobat Reader o Vista Previa en MacOS.<\/li>\n\n\n\n<li>Si ya cuenta con este software instalado en su computadora, haga clic en su estado para continuar.<\/li>\n\n\n\n<li>Debido a los requisitos de formato e impresi\u00f3n, para algunos estados aparecer\u00e1 una hoja en blanco en la primera p\u00e1gina de Acrobat Reader. Esto no significa que el documento no se carg\u00f3 de manera correcta. <\/li>\n\n\n\n<li>Use la barra de navegaci\u00f3n del software para ir a la siguiente p\u00e1gina.<\/li>\n<\/ul>\n\n\n\n<p><strong>Una vez que haya descargado la instrucci\u00f3n anticipada de su estado<\/strong>, t\u00f3mese el tiempo necesario para considerar qu\u00e9 deseos quiere que los dem\u00e1s reconozcan. <a href=\"https:\/\/www.caringinfo.org\/es\/planificar\/instrucciones-anticipadas\/como-crear-sus-instrucciones-anticipadas\/\">Tenemos algunas pautas que pueden ayudarlo a crear su instrucci\u00f3n anticipada.<\/a> <\/p>\n\n\n\n<div style=\"height:12px\" aria-hidden=\"true\" class=\"wp-block-spacer\"><\/div>\n\n\n\n<div class=\"wp-block-group ci-block-cta-alert\"><div class=\"wp-block-group__inner-container is-layout-constrained wp-block-group-is-layout-constrained\">\n<h3 class=\"wp-block-heading\">No env\u00ede sus Instrucciones anticipadas por correo a Alliance<\/h3>\n\n\n\n<p><strong>Una vez que lo complete<\/strong>, <a data-type=\"page\" data-id=\"473\" href=\"https:\/\/www.caringinfo.org\/es\/planificar\/instrucciones-anticipadas\/como-guardar-y-recuperar-sus-instrucciones-anticipadas\/\">guarde e imprima el formulario, o almac\u00e9nelo de forma digital<\/a>. Si lo llena a mano, deber\u00e1 escanear el formulario y guardarlo en todos los lugares que pueda, incluido su tel\u00e9fono <\/p>\n\n\n\n<p><strong>Debe compartirlas con:<\/strong><\/p>\n\n\n\n<ul class=\"wp-block-list\">\n<li>su representante de atenci\u00f3n m\u00e9dica,<\/li>\n\n\n\n<li>sus m\u00e9dicos, y<\/li>\n\n\n\n<li>cualquier persona que desee que conozca sus decisiones.<\/li>\n<\/ul>\n\n\n\n<p>Para m\u00e1s informaci\u00f3n sobre c\u00f3mo compartir sus Instrucciones anticipadas, <a href=\"https:\/\/www.caringinfo.org\/es\/blog\/como-dar-a-conocer-sus-deseos-de-atencion-medica-y-opciones-medicas\/\" data-type=\"post\" data-id=\"3412\">puede leer nuestra publicaci\u00f3n en el blog sobre c\u00f3mo comunicar sus deseos y decisiones m\u00e9dicas<\/a>.<\/p>\n<\/div><\/div>\n<\/div><\/div>\n\n\n\n<h2 class=\"wp-block-heading\">\u00bfQu\u00e9 sucede si no tiene instrucciones anticipadas para Georgia y no puede hablar sobre sus preferencias de tratamiento (incluida la reanimaci\u00f3n) por s\u00ed mismo?<\/h2>\n\n\n\n<p>Se elegir\u00e1 a una persona autorizada de la siguiente lista en orden prioritario:<\/p>\n\n\n\n<ol class=\"wp-block-list\">\n<li>Un c\u00f3nyuge<\/li>\n\n\n\n<li>Un tutor antes de la persona designada de conformidad con las disposiciones del <em>C\u00f3digo de Georgia Anotado (GA Stat Ann)&nbsp;\u00a729-4-1<\/em><\/li>\n\n\n\n<li>Un hijo de 18 a\u00f1os en adelante<\/li>\n\n\n\n<li>Alguno de los padres<\/li>\n\n\n\n<li>Un hermano de 18 a\u00f1os en adelante<\/li>\n\n\n\n<li>Alguno de los abuelos<\/li>\n\n\n\n<li>Un nieto adulto<\/li>\n\n\n\n<li>Un sobrino adulto o un t\u00edo cercano de primer grado<\/li>\n\n\n\n<li>Un amigo adulto, alguien que ha demostrado tener cuidados y preocupaciones especiales por el paciente, que est\u00e9 familiarizado en general con los puntos de vista y los deseos de atenci\u00f3n m\u00e9dica del paciente, y que est\u00e9 disponible y est\u00e9 facultado para involucrarse en las decisiones de atenci\u00f3n m\u00e9dica, as\u00ed como para actuar en el mejor inter\u00e9s del paciente<\/li>\n<\/ol>\n\n\n\n<h3 class=\"wp-block-heading\">Si no tiene instrucciones anticipadas, solo las personas autorizadas siguientes pueden solicitar una orden de \u201cno reanimar\u201d:<\/h3>\n\n\n\n<ol class=\"wp-block-list\">\n<li>Un c\u00f3nyuge<\/li>\n\n\n\n<li>Un tutor antes de la persona designada de conformidad con las disposiciones del C\u00f3digo de Georgia Anotado (GA Stat Ann)&nbsp;\u00a729-4-1<\/li>\n\n\n\n<li>Un hijo de 18 a\u00f1os en adelante<\/li>\n\n\n\n<li>Alguno de los padres<\/li>\n\n\n\n<li>Un hermano de 18 a\u00f1os en adelante<\/li>\n<\/ol>\n\n\n\n<p><em>De conformidad con el C\u00f3digo de Georgia Anotado (GA Stat Ann) \u00a731-9-2.<\/em><\/p>\n\n\n\n<p>Completar la <a href=\"https:\/\/www.caringinfo.org\/wp-content\/uploads\/Georgia_Spanish.pdf\" target=\"_blank\" rel=\"noreferrer noopener\">plantilla de instrucciones anticipadas para Georgia<\/a> le permitir\u00e1 a su equipo de atenci\u00f3n m\u00e9dica respetar sus preferencias de tratamiento.<\/p>\n\n\n\n<p><strong>Tome en cuenta que, en muchos estados<\/strong>, hay requisitos diferentes en relaci\u00f3n con los menores de edad, tipos de tratamiento espec\u00edficos (como atenci\u00f3n para la salud mental o investigaciones m\u00e9dicas) o mujeres embarazadas. Estas disposiciones m\u00e1s espec\u00edficas van m\u00e1s all\u00e1 del enfoque de esta informaci\u00f3n. Algunos estados tambi\u00e9n permiten la designaci\u00f3n oral de un agente. El prop\u00f3sito de esta informaci\u00f3n es ayudarle a planificar con anticipaci\u00f3n en caso de que despu\u00e9s no le sea posible tomar decisiones por s\u00ed mismo, por lo que no incluye las designaciones orales.<\/p>\n\n\n\n<p>A continuaci\u00f3n, <a href=\"https:\/\/www.caringinfo.org\/es\/planificar\/instrucciones-anticipadas\/como-guardar-y-recuperar-sus-instrucciones-anticipadas\/\">obtenga m\u00e1s informaci\u00f3n sobre c\u00f3mo almacenar su instrucci\u00f3n anticipada para poder recuperarla f\u00e1cilmente<\/a>.<\/p>\n","protected":false},"excerpt":{"rendered":"<p>A continuaci\u00f3n, encontrar\u00e1 la plantilla de las instrucciones anticipadas para Georgia. \u00bfQu\u00e9 sucede si no tiene instrucciones anticipadas para Georgia y no puede hablar sobre sus preferencias de tratamiento (incluida la reanimaci\u00f3n) por s\u00ed mismo? Se elegir\u00e1 a una persona autorizada de la siguiente lista en orden prioritario: Si no tiene instrucciones anticipadas, solo las [&hellip;]<\/p>\n","protected":false},"author":6721,"featured_media":0,"parent":2649,"menu_order":11,"comment_status":"closed","ping_status":"closed","template":"","meta":{"_acf_changed":false,"_genesis_hide_title":false,"_genesis_hide_breadcrumbs":false,"_genesis_hide_singular_image":false,"_genesis_hide_footer_widgets":false,"_genesis_custom_body_class":"","_genesis_custom_post_class":"","_genesis_layout":"","footnotes":""},"topic":[],"typeofcare":[],"language":[],"class_list":{"0":"post-2694","1":"page","2":"type-page","3":"status-publish","5":"entry"},"acf":[],"featured_image_src":null,"featured_image_src_square":null,"_links":{"self":[{"href":"https:\/\/www.caringinfo.org\/es\/wp-json\/wp\/v2\/pages\/2694","targetHints":{"allow":["GET"]}}],"collection":[{"href":"https:\/\/www.caringinfo.org\/es\/wp-json\/wp\/v2\/pages"}],"about":[{"href":"https:\/\/www.caringinfo.org\/es\/wp-json\/wp\/v2\/types\/page"}],"author":[{"embeddable":true,"href":"https:\/\/www.caringinfo.org\/es\/wp-json\/wp\/v2\/users\/6721"}],"replies":[{"embeddable":true,"href":"https:\/\/www.caringinfo.org\/es\/wp-json\/wp\/v2\/comments?post=2694"}],"version-history":[{"count":0,"href":"https:\/\/www.caringinfo.org\/es\/wp-json\/wp\/v2\/pages\/2694\/revisions"}],"up":[{"embeddable":true,"href":"https:\/\/www.caringinfo.org\/es\/wp-json\/wp\/v2\/pages\/2649"}],"wp:attachment":[{"href":"https:\/\/www.caringinfo.org\/es\/wp-json\/wp\/v2\/media?parent=2694"}],"wp:term":[{"taxonomy":"topic","embeddable":true,"href":"https:\/\/www.caringinfo.org\/es\/wp-json\/wp\/v2\/topic?post=2694"},{"taxonomy":"typeofcare","embeddable":true,"href":"https:\/\/www.caringinfo.org\/es\/wp-json\/wp\/v2\/typeofcare?post=2694"},{"taxonomy":"language","embeddable":true,"href":"https:\/\/www.caringinfo.org\/es\/wp-json\/wp\/v2\/language?post=2694"}],"curies":[{"name":"wp","href":"https:\/\/api.w.org\/{rel}","templated":true}]}}