{"id":2698,"date":"2021-04-26T18:01:37","date_gmt":"2021-04-26T22:01:37","guid":{"rendered":"https:\/\/www.caringinfo.org\/?page_id=2698"},"modified":"2023-10-09T11:00:15","modified_gmt":"2023-10-09T15:00:15","slug":"que-es-brindar-cuidados","status":"publish","type":"page","link":"https:\/\/www.caringinfo.org\/es\/planificar\/como-brindar-cuidados\/que-es-brindar-cuidados\/","title":{"rendered":"\u00bfQu\u00e9 es brindar cuidados?"},"content":{"rendered":"\n<p class=\"is-style-large\">Tarde o temprano, la mayor\u00eda de las personas desempe\u00f1ar\u00e1n el papel de cuidadores. M\u00e1s de 53 millones de personas brindaron cuidados no remunerados en los EE. UU. durante 2020, de acuerdo con AARP. Muchos nunca nos imaginamos en ese papel, solo sucedi\u00f3. Para algunos, fue debido a un accidente o a una enfermedad grave de una persona que les importa, para otros, se debi\u00f3 al deterioro gradual de dicha persona. Para algunos, esa persona es una pareja, para otros un padre o madre, para otros un amigo, o incluso el amigo de un amigo. Cuando se quiere (o necesita) recibir ayuda, las personas se ofrecen a ayudar.<\/p>\n\n\n\n<p>CaringInfo puede orientarle para que obtenga recursos no solo para ayudarle a ayudar a alguien m\u00e1s, sino a usted mismo.<\/p>\n\n\n\n<h2 class=\"wp-block-heading\" id=\"overview\">Resumen sobre qu\u00e9 es brindar cuidados<\/h2>\n\n\n\n<p>La <a href=\"https:\/\/www.caregiveraction.org\" target=\"_blank\" rel=\"noreferrer noopener\">Caregiver Action Network<\/a> describe cuatro tipos b\u00e1sicos de cuidadores, que con frecuencia se empalman.<\/p>\n\n\n\n<ul class=\"wp-block-list\">\n<li><strong>Cuidadores en caso de crisis<\/strong>: Son las personas que llegan de manera inesperada al papel debido a una enfermedad grave o emergencia.<\/li>\n\n\n\n<li><strong>Cuidadores a largo plazo<\/strong>: Cuidan de alguien con una enfermedad cr\u00f3nica o demencia, por ejemplo.<\/li>\n\n\n\n<li><strong>Cuidadores a distancia<\/strong>: Son los hijos u otras personas que viven lejos, pero que se sienten y son responsables de los cuidados.<\/li>\n\n\n\n<li><strong>Cuidadores con m\u00faltiples ocupaciones:<\/strong> Son aquellas personas que tienen otras obligaciones de tiempo completo, como un trabajo demandante o hijos peque\u00f1os, por lo que est\u00e1n especialmente presionadas con el tiempo.<\/li>\n<\/ul>\n\n\n\n<p>Este papel puede (y con frecuencia as\u00ed sucede) convertirse en otro trabajo en horas extra.&nbsp;<\/p>\n\n\n\n<p>Brindar cuidados incluye actividades entrelazadas como las siguientes:<\/p>\n\n\n\n<ul class=\"wp-block-list\">\n<li><strong>Brindar cuidados a una persona<\/strong>, incluidos los cuidados f\u00edsicos y emocionales (por ejemplo, escuchar, hablar y dar tranquilidad), y servicios para ayudar a satisfacer las necesidades f\u00edsicas y emocionales, como comprar comida o llevarle a las citas m\u00e9dicas.<\/li>\n\n\n\n<li><strong>Dar mantenimiento al entorno f\u00edsico inmediato en el que vive la persona,<\/strong> como lavar la ropa de cama, limpiar, encargarse de la jardiner\u00eda, pagar las cuentas e impuestos.<\/li>\n\n\n\n<li><strong>Fomentar las conexiones y relaciones de la persona,<\/strong> como comunicarse con la familia y amigos, invitar a otras personas y facilitar las llamadas telef\u00f3nicas.<\/li>\n\n\n\n<li><strong>Brindar cuidados administrativos<\/strong> se refiere a todas las horas dedicadas (en espera y otras) para tratar con las compa\u00f1\u00edas de seguros, los sistemas de atenci\u00f3n m\u00e9dica y los consultorios m\u00e9dicos.<\/li>\n\n\n\n<li>Los <strong>autocuidados<\/strong> por lo general no se incluyen en las listas de actividades para brindar cuidados, pero, en muchas maneras, estos permiten que se realice todo lo dem\u00e1s.<\/li>\n<\/ul>\n\n\n\n<h2 class=\"wp-block-heading\">Los c\u00edrculos para brindar cuidados<\/h2>\n\n\n\n<p>Con frecuencia, se muestran c\u00edrculos de cuidadores con el paciente en el centro, la familia y el c\u00edrculo cercano al lado, y los c\u00edrculos siguientes respaldan a las personas m\u00e1s cercanas al paciente. T\u00f3mese un momento para pensar en d\u00f3nde se encuentra y sepa que todos son importantes.<\/p>\n\n\n<div class=\"wp-block-image\">\n<figure class=\"aligncenter size-full is-resized\"><img loading=\"lazy\" decoding=\"async\" src=\"https:\/\/www.caringinfo.org\/wp-content\/uploads\/diagram-caregiving-rings_es.png\" alt=\"El diagrama muestra la red de cuidadores. A la derecha hay un c\u00edrculo con la palabra \u201cpaciente\u201d en medio y, a partir de ah\u00ed, sigue el c\u00edrculo de la \u201cfamilia y c\u00edrculo cercano\u201d del paciente, los \u201camigos\u201d, y los \u201cgrupos comunitarios y de apoyo\u201d. Cada c\u00edrculo est\u00e1 en un gradiente p\u00farpura. Hay unas flechas que atraviesan los c\u00edrculos y se\u00f1alan la palabra \u201cpaciente\u201d. En la esquina inferior izquierda, hay una etiqueta que dice \u201cm\u00e9dicos y otros proveedores\u201d con l\u00edneas que se\u00f1alan las palabras \u201cpaciente\u201d y \u201cfamilia y c\u00edrculo cercano\u201d del paciente.\" class=\"wp-image-3257\" style=\"width:512px;height:430px\" width=\"512\" height=\"430\" srcset=\"https:\/\/www.caringinfo.org\/wp-content\/uploads\/diagram-caregiving-rings_es.png 875w, https:\/\/www.caringinfo.org\/wp-content\/uploads\/diagram-caregiving-rings_es-300x252.png 300w, https:\/\/www.caringinfo.org\/wp-content\/uploads\/diagram-caregiving-rings_es-107x90.png 107w, https:\/\/www.caringinfo.org\/wp-content\/uploads\/diagram-caregiving-rings_es-768x646.png 768w\" sizes=\"auto, (max-width: 512px) 100vw, 512px\" \/><\/figure>\n<\/div>\n\n\n<p>Brindar cuidados puede ser extenuante, frustrante y simplemente muy dif\u00edcil. Tambi\u00e9n puede descubrir un gran sentimiento de satisfacci\u00f3n, alegr\u00edas inesperadas, humor compartido y momentos cari\u00f1osos de intimidad Todo coexiste.<\/p>\n\n\n\n<h2 class=\"wp-block-heading\" id=\"como-empezar\">C\u00f3mo empezar como cuidador<\/h2>\n\n\n\n<p>Le presentamos algunas sugerencias simples y pr\u00e1cticas para empezar:<\/p>\n\n\n\n<ul class=\"wp-block-list\">\n<li><strong>T\u00f3mese el tiempo para <a href=\"https:\/\/www.caringinfo.org\/es\/planificar\/como-brindar-cuidados\/como-tomarse-el-tiempo-para-escuchar-como-cuidador\/\">escuchar a la persona<\/a> de la que cuida y a los <a href=\"https:\/\/www.caringinfo.org\/es\/planificar\/como-brindar-cuidados\/como-tomarse-el-tiempo-para-escuchar-como-cuidador\/\">m\u00e9dicos<\/a>.<\/strong>&nbsp;Entienda, lo mejor que pueda, lo que se le pide y c\u00f3mo puede responder. Es importante volver a evaluar la situaci\u00f3n de vez en cuando, ya que todo cambia con el tiempo.<\/li>\n\n\n\n<li><strong>Esc\u00fachese a usted mismo y comun\u00edquese para obtener apoyo e informaci\u00f3n.<\/strong> Hay grupos de apoyo en persona y en l\u00ednea para la mayor\u00eda de las situaciones. Puede ayudarle mucho hablar con otras personas que est\u00e1n pasando por lo mismo. Todos se brindar\u00e1n apoyo y compartir\u00e1n consejos.<\/li>\n\n\n\n<li><strong>Organ\u00edcese.<\/strong> La cantidad de cosas que debe hacer puede parecer completamente abrumadora. Hacer una lista puede hacer que todo sea m\u00e1s manejable. Piense en qui\u00e9n puede ayudar con eso. \u00bfHay alguien que sea muy bueno con las finanzas o tratando con las compa\u00f1\u00edas de seguros, o que pueda comprar comida y cocinar?&nbsp;<\/li>\n\n\n\n<li><strong>Aprenda sobre todos los <a href=\"\/es\/recursos\/\">recursos<\/a> que le pueden ayudar.<\/strong> El Internet est\u00e1 lleno de informaci\u00f3n y le recomendaremos algunos sitios \u00fatiles.<\/li>\n<\/ul>\n\n\n\n<p><a href=\"https:\/\/www.caringinfo.org\/es\/planificar\/como-brindar-cuidados\/como-prepararse-y-organizarse-para-convertirse-en-cuidador\/\">Prepararse usted mismo y organizarse<\/a> le ayudar\u00e1 con la transici\u00f3n para convertirse en cuidador.<\/p>\n","protected":false},"excerpt":{"rendered":"<p>Obtenga un resumen sobre qu\u00e9 es brindar cuidados y que no est\u00e1 solo como cuidador. Obtenga consejos sobre c\u00f3mo empezar como cuidador.<\/p>\n","protected":false},"author":6721,"featured_media":0,"parent":2646,"menu_order":1,"comment_status":"closed","ping_status":"closed","template":"","meta":{"_acf_changed":false,"_genesis_hide_title":false,"_genesis_hide_breadcrumbs":false,"_genesis_hide_singular_image":false,"_genesis_hide_footer_widgets":false,"_genesis_custom_body_class":"","_genesis_custom_post_class":"","_genesis_layout":"","footnotes":""},"topic":[],"typeofcare":[],"language":[],"class_list":{"0":"post-2698","1":"page","2":"type-page","3":"status-publish","5":"entry"},"acf":[],"featured_image_src":null,"featured_image_src_square":null,"_links":{"self":[{"href":"https:\/\/www.caringinfo.org\/es\/wp-json\/wp\/v2\/pages\/2698","targetHints":{"allow":["GET"]}}],"collection":[{"href":"https:\/\/www.caringinfo.org\/es\/wp-json\/wp\/v2\/pages"}],"about":[{"href":"https:\/\/www.caringinfo.org\/es\/wp-json\/wp\/v2\/types\/page"}],"author":[{"embeddable":true,"href":"https:\/\/www.caringinfo.org\/es\/wp-json\/wp\/v2\/users\/6721"}],"replies":[{"embeddable":true,"href":"https:\/\/www.caringinfo.org\/es\/wp-json\/wp\/v2\/comments?post=2698"}],"version-history":[{"count":0,"href":"https:\/\/www.caringinfo.org\/es\/wp-json\/wp\/v2\/pages\/2698\/revisions"}],"up":[{"embeddable":true,"href":"https:\/\/www.caringinfo.org\/es\/wp-json\/wp\/v2\/pages\/2646"}],"wp:attachment":[{"href":"https:\/\/www.caringinfo.org\/es\/wp-json\/wp\/v2\/media?parent=2698"}],"wp:term":[{"taxonomy":"topic","embeddable":true,"href":"https:\/\/www.caringinfo.org\/es\/wp-json\/wp\/v2\/topic?post=2698"},{"taxonomy":"typeofcare","embeddable":true,"href":"https:\/\/www.caringinfo.org\/es\/wp-json\/wp\/v2\/typeofcare?post=2698"},{"taxonomy":"language","embeddable":true,"href":"https:\/\/www.caringinfo.org\/es\/wp-json\/wp\/v2\/language?post=2698"}],"curies":[{"name":"wp","href":"https:\/\/api.w.org\/{rel}","templated":true}]}}