{"id":2699,"date":"2021-04-26T23:13:17","date_gmt":"2021-04-27T03:13:17","guid":{"rendered":"https:\/\/www.caringinfo.org\/?page_id=2699"},"modified":"2025-04-01T08:26:06","modified_gmt":"2025-04-01T12:26:06","slug":"como-elegir-y-buscar-cuidados-paliativos","status":"publish","type":"page","link":"https:\/\/www.caringinfo.org\/es\/tipos-de-cuidados\/los-cuidados-paliativos\/como-elegir-y-buscar-cuidados-paliativos\/","title":{"rendered":"C\u00f3mo elegir y buscar cuidados paliativos"},"content":{"rendered":"\n<p class=\"is-style-large\">Uno de los puntos fuertes de los cuidados paliativos es que reconocen el lado humano de la enfermedad. Si le han diagnosticado una enfermedad grave o una enfermedad que limita su vida, los cuidados paliativos pueden hacer que su vida, y la de quienes lo cuidan, sea mucho m\u00e1s f\u00e1cil. Los cuidados paliativos tambi\u00e9n pueden ser una buena opci\u00f3n si padece una enfermedad grave que ha provocado m\u00faltiples hospitalizaciones o visitas a urgencias durante el a\u00f1o anterior.  <\/p>\n\n\n\n<p>Si sus familiares tambi\u00e9n necesitan ayuda, los cuidados paliativos pueden proporcionarles informaci\u00f3n sobre su situaci\u00f3n y apoyarlos como cuidadores. <a href=\"https:\/\/www.caringinfo.org\/es\/planificar\/como-hablar-sobre-enfermedades-graves-y-cuidados\/como-hablar-con-sus-medicos-y-otros-proveedores-de-atencion-medica\/\">Hable con su m\u00e9dico sobre sus necesidades.<\/a><\/p>\n\n\n\n<h2 class=\"wp-block-heading\" id=\"ask\">\u00bfC\u00f3mo solicito cuidados paliativos?<\/h2>\n\n\n\n<p>Pedir cuidados paliativos puede resultar abrumador, sobre todo si no est\u00e1 seguro de c\u00f3mo iniciar la conversaci\u00f3n o de si su m\u00e9dico est\u00e1 familiarizado con el tema. A continuaci\u00f3n, le ofrecemos un guion sencillo y una serie de preguntas que lo ayudar\u00e1n a guiar sus conversaciones. <\/p>\n\n\n\n<h3 class=\"wp-block-heading\">C\u00f3mo iniciar la conversaci\u00f3n:<\/h3>\n\n\n\n<ul class=\"wp-block-list\">\n<li>\u00abDoctor, he estado pensando en mi salud y en mis objetivos de atenci\u00f3n. Me gustar\u00eda centrarme en controlar mis s\u00edntomas y mejorar mi calidad de vida, y estoy interesado en explorar opciones de cuidados paliativos. \u00bfPodemos hablar de c\u00f3mo podr\u00eda funcionar eso para m\u00ed?\u00bb<\/li>\n<\/ul>\n\n\n\n<h3 class=\"wp-block-heading\">Preguntas clave:<\/h3>\n\n\n\n<ul class=\"wp-block-list\">\n<li><strong>\u00bfQu\u00e9 son los cuidados paliativos y son una opci\u00f3n para m\u00ed?<\/strong>\n<ul class=\"wp-block-list\">\n<li>Si su proveedor no est\u00e1 familiarizado con los cuidados paliativos, expl\u00edquele que se centran en aliviar los s\u00edntomas y mejorar la comodidad, junto con cualquier otro tratamiento.<\/li>\n<\/ul>\n<\/li>\n\n\n\n<li><strong>\u00bfPuede ayudarme a controlar los s\u00edntomas?<\/strong>\n<ul class=\"wp-block-list\">\n<li>Puede tratarse de dolor, disnea, n\u00e1useas, fatiga o problemas emocionales, como ansiedad o depresi\u00f3n.<\/li>\n<\/ul>\n<\/li>\n\n\n\n<li><strong>\u00bfC\u00f3mo pueden ayudarme los cuidados paliativos mientras contin\u00fao con otros tratamientos?<\/strong>\n<ul class=\"wp-block-list\">\n<li>Aclare que los cuidados paliativos pueden proporcionarse junto con los tratamientos curativos y que no son solo para la atenci\u00f3n al final de la vida.<\/li>\n<\/ul>\n<\/li>\n\n\n\n<li><strong>\u00bfPuede derivarme a un especialista o equipo de cuidados paliativos?<\/strong>\n<ul class=\"wp-block-list\">\n<li>Pregunte si hay un equipo de cuidados paliativos disponible, ya sea en el hospital o en la comunidad, o si pueden derivarlo a uno.<\/li>\n<\/ul>\n<\/li>\n\n\n\n<li><strong>\u00bfC\u00f3mo ayudar\u00e1n los cuidados paliativos a mi familia y cuidadores?<\/strong>\n<ul class=\"wp-block-list\">\n<li>Mencione que desea apoyo no solo para usted, sino tambi\u00e9n para su familia, sobre todo para afrontar los retos emocionales y pr\u00e1cticos de los cuidados.<\/li>\n<\/ul>\n<\/li>\n\n\n\n<li><strong>\u00bfQu\u00e9 puedo esperar de los cuidados paliativos en cuanto a la comunicaci\u00f3n y la toma de decisiones?<\/strong>\n<ul class=\"wp-block-list\">\n<li>Pregunte acerca de las conversaciones peri\u00f3dicas sobre sus objetivos respecto de los cuidados, las instrucciones anticipadas y el apoyo que recibir\u00e1 para tomar decisiones dif\u00edciles.<\/li>\n<\/ul>\n<\/li>\n<\/ul>\n\n\n\n<h3 class=\"wp-block-heading\">Para pacientes con acceso limitado a especialistas o si no hay especialistas disponibles:<\/h3>\n\n\n\n<ul class=\"wp-block-list\">\n<li>\u00abAunque no haya un equipo de cuidados paliativos aqu\u00ed, \u00bfpodemos centrarnos en formas de manejar mejor mis s\u00edntomas y tener conversaciones continuas sobre mis objetivos respecto de los cuidados?\u00bb<\/li>\n<\/ul>\n\n\n\n<p>Este guion puede ayudar a abrir la puerta para discutir los cuidados paliativos y guiar la conversaci\u00f3n para asegurar que su tratamiento se alinea con sus valores y prioridades.<\/p>\n\n\n\n<h2 class=\"wp-block-heading\">\u00bfQu\u00e9 hago si no dispongo de servicios especializados en cuidados paliativos?<\/h2>\n\n\n\n<p>Si usted o su ser querido no disponen de servicios especializados en cuidados paliativos, puede adoptar un enfoque de \u00abh\u00e1galo usted mismo\u00bb centr\u00e1ndose en el tratamiento de los s\u00edntomas. Esto podr\u00eda significar el uso de medicamentos de venta libre para el dolor o las n\u00e1useas y el empleo de t\u00e9cnicas como la respiraci\u00f3n acompasada para la disnea. <\/p>\n\n\n\n<p>D\u00e9 prioridad a la comunicaci\u00f3n abierta con su m\u00e9dico de atenci\u00f3n primaria y su familia para establecer los objetivos de los cuidados, cree <a href=\"https:\/\/www.caringinfo.org\/es\/planificar\/instrucciones-anticipadas\/\">instrucciones anticipadas<\/a> basadas en sus objetivos y deseos, y gestione las necesidades emocionales y espirituales a trav\u00e9s de la atenci\u00f3n plena, los grupos de apoyo o el clero local.<\/p>\n\n\n\n<p>Forme un equipo de cuidados con familiares, amigos y proveedores de atenci\u00f3n m\u00e9dica, y realice un seguimiento de los s\u00edntomas para poder realizar los ajustes necesarios. Utilice los recursos de la comunidad para obtener ayuda y centrarse en la comodidad y la calidad de vida creando un entorno de apoyo, manteni\u00e9ndose en contacto con los seres queridos y buscando atenci\u00f3n de emergencia si aparecen s\u00edntomas graves. <\/p>\n\n\n\n<h2 class=\"wp-block-heading\">\u00bfC\u00f3mo puedo encontrar un proveedor de cuidados paliativos?<\/h2>\n\n\n\n<p>Para informaci\u00f3n espec\u00edfica en su \u00e1rea, consulte a su m\u00e9dico o llame a su hospital u hospicio local. Muchos hospicios ofrecen programas de cuidados paliativos. <\/p>\n\n\n\n<p><a href=\"https:\/\/allianceforcareathome.org\/find-a-provider\/?_google_map=17.120751%2C-146.060982%2C52.147589%2C-69.156685\" target=\"_blank\" rel=\"noreferrer noopener\">Utilice el mapa interactivo de la National Alliance for Care at Home<\/a> para encontrar un proveedor en su zona. Otro recurso es <a href=\"https:\/\/getpalliativecare.org\/\" target=\"_blank\" rel=\"noreferrer noopener\">el sitio web GetPalliativeCare.org<\/a>, que tambi\u00e9n cuenta con <a href=\"https:\/\/getpalliativecare.org\/provider-directory\/\" target=\"_blank\" rel=\"noreferrer noopener\">un directorio de proveedores<\/a>. <\/p>\n","protected":false},"excerpt":{"rendered":"<p>Si le diagnosticaron una enfermedad<br \/>\ngrave o una afecci\u00f3n que limita la<br \/>\nesperanza de vida, los cuidados<br \/>\npaliativos pueden ser la opci\u00f3n adecuada<br \/>\npara usted. Sepa qu\u00e9 preguntas debe<br \/>\nhacer a su m\u00e9dico.<\/p>\n","protected":false},"author":6721,"featured_media":0,"parent":2620,"menu_order":1,"comment_status":"closed","ping_status":"closed","template":"","meta":{"_acf_changed":true,"_genesis_hide_title":false,"_genesis_hide_breadcrumbs":false,"_genesis_hide_singular_image":false,"_genesis_hide_footer_widgets":false,"_genesis_custom_body_class":"","_genesis_custom_post_class":"","_genesis_layout":"","footnotes":""},"topic":[],"typeofcare":[],"language":[],"class_list":{"0":"post-2699","1":"page","2":"type-page","3":"status-publish","5":"entry"},"acf":[],"featured_image_src":null,"featured_image_src_square":null,"_links":{"self":[{"href":"https:\/\/www.caringinfo.org\/es\/wp-json\/wp\/v2\/pages\/2699","targetHints":{"allow":["GET"]}}],"collection":[{"href":"https:\/\/www.caringinfo.org\/es\/wp-json\/wp\/v2\/pages"}],"about":[{"href":"https:\/\/www.caringinfo.org\/es\/wp-json\/wp\/v2\/types\/page"}],"author":[{"embeddable":true,"href":"https:\/\/www.caringinfo.org\/es\/wp-json\/wp\/v2\/users\/6721"}],"replies":[{"embeddable":true,"href":"https:\/\/www.caringinfo.org\/es\/wp-json\/wp\/v2\/comments?post=2699"}],"version-history":[{"count":0,"href":"https:\/\/www.caringinfo.org\/es\/wp-json\/wp\/v2\/pages\/2699\/revisions"}],"up":[{"embeddable":true,"href":"https:\/\/www.caringinfo.org\/es\/wp-json\/wp\/v2\/pages\/2620"}],"wp:attachment":[{"href":"https:\/\/www.caringinfo.org\/es\/wp-json\/wp\/v2\/media?parent=2699"}],"wp:term":[{"taxonomy":"topic","embeddable":true,"href":"https:\/\/www.caringinfo.org\/es\/wp-json\/wp\/v2\/topic?post=2699"},{"taxonomy":"typeofcare","embeddable":true,"href":"https:\/\/www.caringinfo.org\/es\/wp-json\/wp\/v2\/typeofcare?post=2699"},{"taxonomy":"language","embeddable":true,"href":"https:\/\/www.caringinfo.org\/es\/wp-json\/wp\/v2\/language?post=2699"}],"curies":[{"name":"wp","href":"https:\/\/api.w.org\/{rel}","templated":true}]}}