{"id":2700,"date":"2021-04-26T23:12:29","date_gmt":"2021-04-27T03:12:29","guid":{"rendered":"https:\/\/www.caringinfo.org\/?page_id=2700"},"modified":"2024-04-10T11:33:10","modified_gmt":"2024-04-10T15:33:10","slug":"medicare","status":"publish","type":"page","link":"https:\/\/www.caringinfo.org\/es\/planificar\/asuntos-financieros\/medicare\/","title":{"rendered":"\u00bfC\u00f3mo ayuda Medicare con los cuidados para una enfermedad grave?"},"content":{"rendered":"\n<p class=\"is-style-large\">Medicare proporciona cobertura para las poblaciones que se describen a continuaci\u00f3n, mucho antes de que surjan enfermedades graves o problemas al final de la vida. Sin embargo, el programa que ha elegido puede o no funcionar tan bien para usted cuando se trata de una enfermedad grave. Es importante comprender cu\u00e1les son los diversos programas de Medicare y c\u00f3mo funcionar\u00edan en su circunstancia particular. Para ayudarle a determinar cu\u00e1l es la mejor opci\u00f3n para usted, a continuaci\u00f3n describimos los diversos programas junto con sus ventajas y desventajas, as\u00ed como los problemas que debe tener en cuenta al tomar sus decisiones.<\/p>\n\n\n\n<p>Medicare es un programa de seguro financiado a nivel federal que proporciona cobertura de salud a las personas de 65 a\u00f1os en adelante o si tienen menos de 65 a\u00f1os, pero padecen alguna discapacidad. La cobertura de Medicare est\u00e1 disponible independientemente de sus ingresos e incluye un beneficio de hospicio definido. Los programas de Medicare Advantage son programas todo en uno similares a la atenci\u00f3n administrada, que pueden o no incluir servicios de hospicio. Los Programas de Cuidado Todo Incluido para Personas Mayores (Programs of All-inclusive Care for the Elderly, PACE) es un programa de Medicare y <a href=\"https:\/\/www.caringinfo.org\/es\/planificar\/asuntos-financieros\/medicaid\/\">Medicaid<\/a> que ayuda a las personas a satisfacer sus necesidades de atenci\u00f3n m\u00e9dica en la comunidad en lugar de ir a un hogar de ancianos u otro centro de atenci\u00f3n. Los beneficios var\u00edan entre programas y estados, por lo que es aconsejable comprender lo que est\u00e1 disponible para usted.<\/p>\n\n\n\n<p>Medicare es para las siguientes personas:<\/p>\n\n\n\n<ul class=\"wp-block-list\">\n<li>Personas de 65 a\u00f1os en adelante<\/li>\n\n\n\n<li>Algunas personas j\u00f3venes con discapacidades<\/li>\n\n\n\n<li>Personas con enfermedad renal terminal (una falla renal permanente que requiere di\u00e1lisis o un trasplante, llamado en ocasiones enfermedad renal en etapa final [End-Stage Renal Disease, ESRD])<\/li>\n<\/ul>\n\n\n\n<h2 class=\"wp-block-heading\">Estos son cinco datos importantes sobre Medicare:<\/h2>\n\n\n\n<ol class=\"wp-block-list\" start=\"1\">\n<li>Algunas personas reciben Medicare autom\u00e1ticamente y otras tienen que inscribirse. Es posible que tenga que inscribirse si tiene 65 a\u00f1os (o casi 65) y no recibe Seguro Social.<\/li>\n\n\n\n<li>Hay ciertas fechas al a\u00f1o en las que puede registrarse o cambiar lo que recibe en su cobertura.<\/li>\n\n\n\n<li>Si se registra para la Parte B de Medicare cuando es elegible por primera vez, puede evitar una penalizaci\u00f3n.<\/li>\n\n\n\n<li>Puede elegir c\u00f3mo recibe su cobertura de Medicare.<\/li>\n\n\n\n<li>Es posible obtener ayuda con los costos de Medicare.<\/li>\n<\/ol>\n\n\n\n<h2 class=\"wp-block-heading\">\u00bfCu\u00e1les son las partes de Medicare?<\/h2>\n\n\n\n<p>Las diferentes partes de Medicare ayudan a cubrir servicios espec\u00edficos:<\/p>\n\n\n\n<ul class=\"wp-block-list\">\n<li><strong>Parte A de Medicare<\/strong> (seguro hospitalario): la <br>Parte A cubre las hospitalizaciones, los cuidados en un <a href=\"https:\/\/www.caringinfo.org\/es\/planificar\/como-encontrar-opciones-de-cuidados-fuera-del-hogar\/centros-de-enfermeria-especializada\/\">centro de enfermer\u00eda especializada<\/a>, <a href=\"https:\/\/www.caringinfo.org\/es\/tipos-de-cuidados\/cuidados-de-hospicio\/\">los cuidados de hospicio<\/a> y algunos servicios de atenci\u00f3n m\u00e9dica en el hogar.<\/li>\n\n\n\n<li><strong>Parte B de Medicare<\/strong> (seguro m\u00e9dico): la <br>Parte B cubre ciertos servicios m\u00e9dicos, cuidados para pacientes ambulatorios, suministros m\u00e9dicos y servicios preventivos.<\/li>\n\n\n\n<li><strong>Parte C de Medicare (tambi\u00e9n conocida como Medicare Advantage)<\/strong><\/li>\n\n\n\n<li><strong>Parte D<\/strong> (cobertura de medicamentos recetados): la <br>Parte D de Medicare ayuda a cubrir los costos de los medicamentos recetados (incluidas muchas vacunas recomendadas).<\/li>\n<\/ul>\n\n\n\n<p>Con Medicare, tiene opciones para recibir su cobertura. Hay dos formas principales:<\/p>\n\n\n\n<ul class=\"wp-block-list\">\n<li><strong>Original Medicare<\/strong>: Original Medicare paga la mayor parte (pero no todos) de los costos de los servicios y suministros de atenci\u00f3n m\u00e9dica cubiertos.<\/li>\n\n\n\n<li><strong>Medicare Advantage<\/strong>: Medicare Advantage (MA) es una alternativa \u00abtodo en uno\u00bb a Original Medicare. Estos planes \u00abcombinados\u00bb incluyen la Parte A, la Parte B y, por lo general, la Parte D. MA est\u00e1 sujeta a la regulaci\u00f3n de los Centros de Servicios de Medicare y Medicaid (Centers for Medicare &amp; Medicaid Services, CMS) y Medicare paga una tarifa fija por cada paciente inscrito Las tarifas se ajustan en funci\u00f3n de la gravedad de la enfermedad.<\/li>\n\n\n\n<li><strong>Seguro complementario de Medicare (tambi\u00e9n conocido como planes Medigap)<\/strong>: Estos planes cubren algunos de los deducibles, coseguros y copagos de Original Medicare. <a href=\"https:\/\/www.medicare.gov\/medigap-supplemental-insurance-plans\/#\/m\/?year=2023&amp;lang=en\" target=\"_blank\" rel=\"noreferrer noopener\">Los CMS ofrecen un sitio para encontrar y comparar estos planes<\/a>.<\/li>\n<\/ul>\n\n\n\n<h2 class=\"wp-block-heading\" id=\"medicare-advantage\">\u00bfQu\u00e9 es Medicare Advantage y qu\u00e9 cubre?<\/h2>\n\n\n\n<p>Los planes de Medicare Advantage a menudo son ofrecidos por entidades con fines de lucro, generalmente planes de seguro como United HealthCare, Humana y Cigna. Las entidades sin fines de lucro, como Kaiser Permanente y Blue Cross\/Blue Shield, tambi\u00e9n ofrecen planes de Medicare Advantage.<\/p>\n\n\n\n<p>Los planes de Medicare Advantage funcionan como planes de atenci\u00f3n m\u00e9dica administrada: limitan la red de m\u00e9dicos que usted puede consultar, requieren una referencia para consultar a un especialista y necesitan autorizaci\u00f3n previa para ciertos servicios. Son atractivos porque los planes a menudo ofrecen servicios dentales y \u00f3pticos, as\u00ed como membres\u00edas en gimnasios como parte del plan sin costo alguno para el afiliado. A veces ofrecen pagar la totalidad o parte de la prima de la Parte B de Medicare que se deduce de los cheques del Seguro Social. Esto a menudo se anuncia como que el plan <em>\u00abaumentar\u00e1 su Seguro Social\u00bb<\/em>.<\/p>\n\n\n\n<p>La popularidad de Medicare Advantage est\u00e1 aumentando. En 2022, alrededor del 45% de los beneficiarios de Medicare se inscribieron en estos planes, y estos planes est\u00e1n muy comercializados. <a href=\"https:\/\/www.medicarerights.org\/medicare-watch\/2022\/11\/10\/report-examines-complaints-about-medicare-advantage-marketing\" target=\"_blank\" rel=\"noreferrer noopener\">Sin embargo, han sido objeto de escrutinio federal por pr\u00e1cticas de comercializaci\u00f3n enga\u00f1osas<\/a>.<\/p>\n\n\n\n<p>Pueden cambiar los beneficios, las reglas y la red de proveedores anualmente, y lo hacen. Las empresas obtienen ganancias de la diferencia entre lo que pagan los CMS y el costo de su atenci\u00f3n.<\/p>\n\n\n\n<p><a href=\"https:\/\/www.bu.edu\/sph\/news\/articles\/2015\/nonprofit-medicare-advantage-plans-rated-higher-in-quality-than-for-profit-plans\/\" target=\"_blank\" rel=\"noreferrer noopener\">En general, los afiliados est\u00e1n m\u00e1s satisfechos con los planes de Medicare Advantage sin fines de lucro que con los planes con fines de lucro<\/a>.<\/p>\n\n\n\n<h2 class=\"wp-block-heading\">\u00bfCu\u00e1l es la diferencia entre Original Medicare y Medicare Advantage?<\/h2>\n\n\n\n<p>Una diferencia importante entre Original Medicare y Medicare Advantage es que Medicare Advantage es un sistema de pago por uso.<\/p>\n\n\n\n<p>Con Original Medicare y el seguro complementario de Medicare, usted paga la mayor parte de sus costos m\u00e9dicos principales por adelantado a trav\u00e9s de las primas mensuales del seguro. Hacerlo le permite presupuestar sus costos de atenci\u00f3n m\u00e9dica.<\/p>\n\n\n\n<p>Cuando tiene Medicare Advantage, paga la mayor\u00eda de sus costos de atenci\u00f3n m\u00e9dica cuando utiliza los servicios, despu\u00e9s de pagar su prima mensual de la Parte B de Medicare (que el plan Medicare Advantage puede reembolsar parcial o completamente) y una prima adicional para el plan (si corresponde). Esto significa:<\/p>\n\n\n\n<ul class=\"wp-block-list\">\n<li>Si consulta a su m\u00e9dico de atenci\u00f3n primaria por un problema, usted paga un copago.<\/li>\n\n\n\n<li>Si su m\u00e9dico lo refiere a un especialista, usted paga otro copago.<\/li>\n\n\n\n<li>Si su especialista le pide pruebas de laboratorio o pruebas de diagn\u00f3stico, usted tambi\u00e9n paga un copago por cada una de ellas.<\/li>\n<\/ul>\n\n\n\n<p>Actualmente, el gasto m\u00e1ximo de su bolsillo se establece en 7,500 d\u00f3lares al a\u00f1o.<\/p>\n\n\n\n<p>Por esta raz\u00f3n, es muy dif\u00edcil presupuestar los costos de la atenci\u00f3n m\u00e9dica. Esta es una de las principales desventajas de los planes de Medicare Advantage.<\/p>\n\n\n\n<p>Es importante recordar que:<\/p>\n\n\n\n<ol class=\"wp-block-list\" start=\"1\">\n<li>Los planes de Medicare Advantage no son gratuitos (incluso aquellos con una prima de cero d\u00f3lares).<\/li>\n\n\n\n<li>Si se inscribe en un plan de Medicare Advantage, debe seguir pagando su prima de la Parte B de Medicare.<\/li>\n\n\n\n<li>Si su ingreso anual es superior a una cierta cantidad, puede pagar una Cantidad Ajustada Relacionada con los Ingresos (Income Related Adjusted Amount, IRMAA) con base en su ingreso bruto ajustado por el Servicio de Impuestos sobre la Renta (Internal Revenue Service, IRS) de hace dos a\u00f1os.<\/li>\n\n\n\n<li>Las primas de Medicare se ajustan anualmente.<\/li>\n\n\n\n<li>Adem\u00e1s de las primas mensuales, pagar\u00e1 los deducibles, copagos y coseguros descritos en el resumen de beneficios de su plan.<\/li>\n<\/ol>\n\n\n\n<p>Examine con cuidado la letra peque\u00f1a del plan Medicare Advantage para asegurarse de que satisfaga sus necesidades, no solo cuando est\u00e9 relativamente sano, sino tambi\u00e9n si se enferma.<\/p>\n\n\n\n<p><a href=\"https:\/\/www.medicare.gov\/what-medicare-covers\" target=\"_blank\" rel=\"noreferrer noopener\">Aprenda sobre la cobertura de Medicare en Medicare.gov<\/a>.<\/p>\n\n\n\n<h2 class=\"wp-block-heading\" id=\"hospice\">\u00bfMedicare cubre los cuidados de hospicio?<\/h2>\n\n\n\n<p><a href=\"https:\/\/www.medicare.gov\/coverage\/hospice-care\" target=\"_blank\" rel=\"noreferrer noopener\">Original Medicare ha cubierto los servicios de hospicio desde 1982<\/a>. La informaci\u00f3n detallada est\u00e1 disponible en el <a href=\"https:\/\/www.cms.gov\/Medicare\/Medicare-Fee-for-Service-Payment\/Hospice\" target=\"_blank\" rel=\"noreferrer noopener\">sitio web de los CMS<\/a> en ingl\u00e9s y en espa\u00f1ol.<\/p>\n\n\n\n<p>Medicare tambi\u00e9n pagar\u00e1 a un m\u00e9dico de cuidados de hospicio para que d\u00e9 consulta a pacientes con enfermedades terminales que a\u00fan no reciben cuidados de hospicio. La consulta, que podr\u00eda realizarse en un hospital, <a href=\"https:\/\/www.caringinfo.org\/es\/planificar\/como-encontrar-opciones-de-cuidados-fuera-del-hogar\/elegir-un-hogar-para-adultos-mayores\/\">hogar de ancianos<\/a>, otro centro o en el hogar, puede incluir una evaluaci\u00f3n del dolor, as\u00ed como asesoramiento sobre las opciones de atenci\u00f3n y la planificaci\u00f3n anticipada de la atenci\u00f3n.<\/p>\n\n\n\n<p>Uno de los aspectos m\u00e1s importantes del beneficio de hospicio es su cobertura de medicamentos relacionados con enfermedades terminales, que est\u00e1n cubiertas con un copago de no m\u00e1s de cinco d\u00f3lares. Esto por s\u00ed solo puede ahorrarle a una familia una gran cantidad de dinero, ya que los analg\u00e9sicos son extremadamente caros.<\/p>\n\n\n\n<p><a href=\"https:\/\/www.medicare.gov\/what-medicare-covers\/what-part-a-covers\/how-hospice-works\" target=\"_blank\" rel=\"noreferrer noopener\">Los beneficios de cuidados de hospicio est\u00e1n disponibles para las personas inscritas en los planes de Medicare Advantage<\/a>, y algunos planes de Medicare Advantage ahora incluyen servicios de cuidados de hospicio. Consulte con el proveedor del plan para saber si brindan servicios de hospicio.<\/p>\n\n\n\n<h2 class=\"wp-block-heading\" id=\"palliative-care\">\u00bfMedicare cubre los cuidados paliativos?<\/h2>\n\n\n\n<p>No existe un programa estandarizado para <a href=\"https:\/\/www.caringinfo.org\/es\/tipos-de-cuidados\/los-cuidados-paliativos\/\">cuidados paliativos<\/a> como el que existe para los cuidados de hospicio.<\/p>\n\n\n\n<p>Original Medicare pagar\u00e1 los beneficios habituales y algunos planes de Medicare Advantage pueden tener un programa de cuidados paliativos. Consulte a su m\u00e9dico para saber qu\u00e9 hay disponible. (Fuente: <a href=\"https:\/\/getpalliativecare.org\/part-medicare-medicaid-understanding-covered\/\" target=\"_blank\" rel=\"noreferrer noopener\">Get Palliative Care<\/a>)<\/p>\n\n\n\n<h2 class=\"wp-block-heading\" id=\"prescriptions\">\u00bfMedicare puede ayudarme con el costo de mis tratamientos m\u00e9dicos y medicamentos recetados?<\/h2>\n\n\n\n<p>Medicare tiene varios programas para ayudarle con los costos. <a href=\"https:\/\/www.medicare.gov\/basics\/costs\/help\" target=\"_blank\" rel=\"noreferrer noopener\">Visite su sitio web<\/a> para aprender m\u00e1s.<\/p>\n\n\n\n<h2 class=\"wp-block-heading\" id=\"pace\">\u00bfQu\u00e9 es el programa PACE?<\/h2>\n\n\n\n<p>Programs of All-inclusive Care for the Elderly (PACE) es un programa de Medicare y Medicaid que ayuda a las personas a satisfacer sus necesidades de atenci\u00f3n m\u00e9dica en la comunidad, en lugar de acudir a un centro de cuidados u otros centros. Con PACE, tiene un equipo de profesionales de atenci\u00f3n m\u00e9dica que trabajan con usted y su familia. Puede tener Medicare o Medicaid, o ambos, para unirse a PACE.&nbsp;PACE solo est\u00e1 disponible en algunos estados que ofrecen PACE con Medicaid. <a href=\"https:\/\/www.medicare.gov\/plan-compare\/#\/pace\" target=\"_blank\" rel=\"noreferrer noopener\">Consulte el sitio web de PACE<\/a> para ver si hay un programa PACE en su \u00e1rea.&nbsp;<\/p>\n\n\n\n<p>Medicare puede proporcionar algo de ayuda cuando recibe atenci\u00f3n que no se le brinda en su hogar, pero tiene algunas reglas y limitaciones. <a href=\"https:\/\/www.caringinfo.org\/es\/planificar\/como-encontrar-opciones-de-cuidados-fuera-del-hogar\/\">Obtenga m\u00e1s informaci\u00f3n en nuestra secci\u00f3n C\u00f3mo encontrar atenci\u00f3n fuera del hogar<\/a>.<\/p>\n","protected":false},"excerpt":{"rendered":"<p>Medicare es un programa de seguro fundado a nivel federal que proporciona cobertura de salud a las personas de 65 a\u00f1os en adelante o si tienen menos de 65 a\u00f1os, pero padecen alguna discapacidad. Aprenda sobre su beneficio definido de cuidados de hospicio.<\/p>\n","protected":false},"author":6721,"featured_media":0,"parent":2629,"menu_order":4,"comment_status":"closed","ping_status":"closed","template":"","meta":{"_acf_changed":false,"_genesis_hide_title":false,"_genesis_hide_breadcrumbs":false,"_genesis_hide_singular_image":false,"_genesis_hide_footer_widgets":false,"_genesis_custom_body_class":"","_genesis_custom_post_class":"","_genesis_layout":"","footnotes":""},"topic":[120],"typeofcare":[],"language":[],"class_list":{"0":"post-2700","1":"page","2":"type-page","3":"status-publish","5":"topic-asuntos-financieros","6":"entry"},"acf":[],"featured_image_src":null,"featured_image_src_square":null,"_links":{"self":[{"href":"https:\/\/www.caringinfo.org\/es\/wp-json\/wp\/v2\/pages\/2700","targetHints":{"allow":["GET"]}}],"collection":[{"href":"https:\/\/www.caringinfo.org\/es\/wp-json\/wp\/v2\/pages"}],"about":[{"href":"https:\/\/www.caringinfo.org\/es\/wp-json\/wp\/v2\/types\/page"}],"author":[{"embeddable":true,"href":"https:\/\/www.caringinfo.org\/es\/wp-json\/wp\/v2\/users\/6721"}],"replies":[{"embeddable":true,"href":"https:\/\/www.caringinfo.org\/es\/wp-json\/wp\/v2\/comments?post=2700"}],"version-history":[{"count":0,"href":"https:\/\/www.caringinfo.org\/es\/wp-json\/wp\/v2\/pages\/2700\/revisions"}],"up":[{"embeddable":true,"href":"https:\/\/www.caringinfo.org\/es\/wp-json\/wp\/v2\/pages\/2629"}],"wp:attachment":[{"href":"https:\/\/www.caringinfo.org\/es\/wp-json\/wp\/v2\/media?parent=2700"}],"wp:term":[{"taxonomy":"topic","embeddable":true,"href":"https:\/\/www.caringinfo.org\/es\/wp-json\/wp\/v2\/topic?post=2700"},{"taxonomy":"typeofcare","embeddable":true,"href":"https:\/\/www.caringinfo.org\/es\/wp-json\/wp\/v2\/typeofcare?post=2700"},{"taxonomy":"language","embeddable":true,"href":"https:\/\/www.caringinfo.org\/es\/wp-json\/wp\/v2\/language?post=2700"}],"curies":[{"name":"wp","href":"https:\/\/api.w.org\/{rel}","templated":true}]}}