{"id":2746,"date":"2021-05-11T21:26:30","date_gmt":"2021-05-12T01:26:30","guid":{"rendered":"https:\/\/www.caringinfo.org\/?page_id=2746"},"modified":"2025-11-19T15:03:06","modified_gmt":"2025-11-19T20:03:06","slug":"tennessee","status":"publish","type":"page","link":"https:\/\/www.caringinfo.org\/es\/planificar\/instrucciones-anticipadas\/por-estado\/tennessee\/","title":{"rendered":"Formularios de instrucciones anticipadas para Tennessee"},"content":{"rendered":"\n<p>Las instrucciones anticipadas son un documento legalmente vinculante que da instrucciones sobre su atenci\u00f3n m\u00e9dica en caso de que usted ya no sea capaz de comunicar esas decisiones por s\u00ed mismo. Las leyes e instrucciones son diferentes en cada estado. <a href=\"https:\/\/www.caringinfo.org\/es\/planificar\/instrucciones-anticipadas\/que-son-las-instrucciones-anticipadas\/\">Aprenda m\u00e1s sobre los fundamentos de las instrucciones anticipadas y la planificaci\u00f3n de cuidados anticipados.<\/a><\/p>\n\n\n\n<p>A continuaci\u00f3n, encontrar\u00e1 la plantilla de las instrucciones anticipadas para Tennessee.<\/p>\n\n\n\n<div class=\"wp-block-group section-download-ctas\"><div class=\"wp-block-group__inner-container is-layout-constrained wp-block-group-is-layout-constrained\">\n<div class=\"wp-block-buttons is-layout-flex wp-block-buttons-is-layout-flex\">\n<div class=\"wp-block-button\"><a class=\"wp-block-button__link wp-element-button\" href=\"https:\/\/www.caringinfo.org\/wp-content\/uploads\/Tennessee_Spanish.pdf\" target=\"_blank\" rel=\"noreferrer noopener\">Descargar las instrucciones anticipadas en espa\u00f1ol<\/a><\/div>\n<\/div>\n\n\n\n<div class=\"wp-block-buttons is-layout-flex wp-block-buttons-is-layout-flex\">\n<div class=\"wp-block-button\"><a class=\"wp-block-button__link wp-element-button\" href=\"https:\/\/www.caringinfo.org\/wp-content\/uploads\/Tennessee.pdf\" target=\"_blank\" rel=\"noreferrer noopener\">Descargar las instrucciones anticipadas en ingl\u00e9s<\/a><\/div>\n<\/div>\n\n\n\n<div style=\"height:16px\" aria-hidden=\"true\" class=\"wp-block-spacer\"><\/div>\n<\/div><\/div>\n\n\n\n<div class=\"wp-block-group\"><div class=\"wp-block-group__inner-container is-layout-flow wp-block-group-is-layout-flow\">\n<h2 class=\"wp-block-heading\">Pasos a seguir para descargar la plantilla de instrucciones anticipadas<\/h2>\n\n\n\n<ul class=\"wp-block-list\">\n<li>Para abrir un PDF, se necesita un software como Adobe Acrobat Reader o Vista Previa en MacOS.<\/li>\n\n\n\n<li>Si ya cuenta con este software instalado en su computadora, haga clic en su estado para continuar.<\/li>\n\n\n\n<li>Debido a los requisitos de formato e impresi\u00f3n, para algunos estados aparecer\u00e1 una hoja en blanco en la primera p\u00e1gina de Acrobat Reader. Esto no significa que el documento no se carg\u00f3 de manera correcta. <\/li>\n\n\n\n<li>Use la barra de navegaci\u00f3n del software para ir a la siguiente p\u00e1gina.<\/li>\n<\/ul>\n\n\n\n<p><strong>Una vez que haya descargado la instrucci\u00f3n anticipada de su estado<\/strong>, t\u00f3mese el tiempo necesario para considerar qu\u00e9 deseos quiere que los dem\u00e1s reconozcan. <a href=\"https:\/\/www.caringinfo.org\/es\/planificar\/instrucciones-anticipadas\/como-crear-sus-instrucciones-anticipadas\/\">Tenemos algunas pautas que pueden ayudarlo a crear su instrucci\u00f3n anticipada.<\/a> <\/p>\n\n\n\n<div style=\"height:12px\" aria-hidden=\"true\" class=\"wp-block-spacer\"><\/div>\n\n\n\n<div class=\"wp-block-group ci-block-cta-alert\"><div class=\"wp-block-group__inner-container is-layout-constrained wp-block-group-is-layout-constrained\">\n<h3 class=\"wp-block-heading\">No env\u00ede sus Instrucciones anticipadas por correo a Alliance<\/h3>\n\n\n\n<p><strong>Una vez que lo complete<\/strong>, <a data-type=\"page\" data-id=\"473\" href=\"https:\/\/www.caringinfo.org\/es\/planificar\/instrucciones-anticipadas\/como-guardar-y-recuperar-sus-instrucciones-anticipadas\/\">guarde e imprima el formulario, o almac\u00e9nelo de forma digital<\/a>. Si lo llena a mano, deber\u00e1 escanear el formulario y guardarlo en todos los lugares que pueda, incluido su tel\u00e9fono <\/p>\n\n\n\n<p><strong>Debe compartirlas con:<\/strong><\/p>\n\n\n\n<ul class=\"wp-block-list\">\n<li>su representante de atenci\u00f3n m\u00e9dica,<\/li>\n\n\n\n<li>sus m\u00e9dicos, y<\/li>\n\n\n\n<li>cualquier persona que desee que conozca sus decisiones.<\/li>\n<\/ul>\n\n\n\n<p>Para m\u00e1s informaci\u00f3n sobre c\u00f3mo compartir sus Instrucciones anticipadas, <a href=\"https:\/\/www.caringinfo.org\/es\/blog\/como-dar-a-conocer-sus-deseos-de-atencion-medica-y-opciones-medicas\/\" data-type=\"post\" data-id=\"3412\">puede leer nuestra publicaci\u00f3n en el blog sobre c\u00f3mo comunicar sus deseos y decisiones m\u00e9dicas<\/a>.<\/p>\n<\/div><\/div>\n<\/div><\/div>\n\n\n\n<h2 class=\"wp-block-heading\">\u00bfQu\u00e9 sucede si no tiene instrucciones anticipadas para Tennessee y no puede hablar por s\u00ed mismo?<\/h2>\n\n\n\n<p>El proveedor de atenci\u00f3n m\u00e9dica identifica a un sustituto.<\/p>\n\n\n\n<p>Un sustituto debe ser un adulto con las siguientes caracter\u00edsticas:<\/p>\n\n\n\n<ol class=\"wp-block-list\">\n<li>Ha demostrado tener cuidados y preocupaciones especiales por el paciente<\/li>\n\n\n\n<li>Est\u00e1 familiarizado con los valores personales del paciente<\/li>\n\n\n\n<li>Tiene una disponibilidad razonable<\/li>\n\n\n\n<li>Est\u00e1 dispuesto a brindar servicio<\/li>\n<\/ol>\n\n\n\n<p>El proveedor de atenci\u00f3n m\u00e9dica podr\u00eda proceder en el siguiente orden prioritario:<\/p>\n\n\n\n<ol class=\"wp-block-list\">\n<li>Un c\u00f3nyuge, a menos que est\u00e9n separados legalmente<\/li>\n\n\n\n<li>Un hijo adulto<\/li>\n\n\n\n<li>Alguno de los padres<\/li>\n\n\n\n<li>Alg\u00fan hermano adulto<\/li>\n\n\n\n<li>Cualquier otro familiar<\/li>\n\n\n\n<li>Cualquier otra persona que cumpla los requisitos para actuar como sustituto<\/li>\n<\/ol>\n\n\n\n<p>Se deber\u00e1n considerar los siguientes criterios al determinar qui\u00e9n est\u00e1 mejor calificado para actuar como sustituto:<\/p>\n\n\n\n<ol class=\"wp-block-list\">\n<li>Si el sustituto propuesto parece estar, de manera razonable, mejor facultado para tomar decisiones, ya sea de conformidad con los deseos conocidos del paciente o en su mejor inter\u00e9s<\/li>\n\n\n\n<li>El contacto regular del sustituto propuesto con el paciente antes y durante la enfermedad incapacitante<\/li>\n\n\n\n<li>Los cuidados y preocupaciones demostrados del sustituto propuesto<\/li>\n\n\n\n<li>La disponibilidad del sustituto propuesto para participar en contactos cara a cara con los proveedores de atenci\u00f3n m\u00e9dica a fin de participar por completo en el proceso de la toma de decisiones<\/li>\n<\/ol>\n\n\n\n<p>Si no hay un sustituto disponible, el proveedor de atenci\u00f3n m\u00e9dica deber\u00e1 tomar la decisi\u00f3n tras consultar con un comit\u00e9 de \u00e9tica institucional u otro m\u00e9dico.<\/p>\n\n\n\n<p>El proveedor de atenci\u00f3n m\u00e9dica o un empleado de este no puede actuar como sustituto del paciente (con excepci\u00f3n de un familiar designado).<\/p>\n\n\n\n<p><em>De conformidad con el C\u00f3digo de Tennessee (TN Code) \u00a768-11-1806.<\/em><\/p>\n\n\n\n<p><strong>Tome en cuenta que, en muchos estados<\/strong>, hay requisitos diferentes en relaci\u00f3n con los menores de edad, tipos de tratamiento espec\u00edficos (como atenci\u00f3n para la salud mental o investigaciones m\u00e9dicas) o mujeres embarazadas. Estas disposiciones m\u00e1s espec\u00edficas van m\u00e1s all\u00e1 del enfoque de esta informaci\u00f3n. Algunos estados tambi\u00e9n permiten la designaci\u00f3n oral de un agente. El prop\u00f3sito de esta informaci\u00f3n es ayudarle a planificar con anticipaci\u00f3n en caso de que despu\u00e9s no le sea posible tomar decisiones por s\u00ed mismo, por lo que no incluye las designaciones orales.<\/p>\n\n\n\n<p>A continuaci\u00f3n, <a href=\"https:\/\/www.caringinfo.org\/es\/planificar\/instrucciones-anticipadas\/como-guardar-y-recuperar-sus-instrucciones-anticipadas\/\">obtenga m\u00e1s informaci\u00f3n sobre c\u00f3mo almacenar su instrucci\u00f3n anticipada para poder recuperarla f\u00e1cilmente<\/a>.<\/p>\n","protected":false},"excerpt":{"rendered":"<p>Cree sus instrucciones anticipadas de atenci\u00f3n m\u00e9dica para Tennessee mediante nuestra plantilla e instrucciones gratuitas en PDF. Aprenda qui\u00e9n puede tomar decisiones por usted en Tennessee.<\/p>\n","protected":false},"author":6721,"featured_media":0,"parent":2649,"menu_order":44,"comment_status":"closed","ping_status":"closed","template":"","meta":{"_acf_changed":false,"_genesis_hide_title":false,"_genesis_hide_breadcrumbs":false,"_genesis_hide_singular_image":false,"_genesis_hide_footer_widgets":false,"_genesis_custom_body_class":"","_genesis_custom_post_class":"","_genesis_layout":"","footnotes":""},"topic":[],"typeofcare":[],"language":[],"class_list":{"0":"post-2746","1":"page","2":"type-page","3":"status-publish","5":"entry"},"acf":[],"featured_image_src":null,"featured_image_src_square":null,"_links":{"self":[{"href":"https:\/\/www.caringinfo.org\/es\/wp-json\/wp\/v2\/pages\/2746","targetHints":{"allow":["GET"]}}],"collection":[{"href":"https:\/\/www.caringinfo.org\/es\/wp-json\/wp\/v2\/pages"}],"about":[{"href":"https:\/\/www.caringinfo.org\/es\/wp-json\/wp\/v2\/types\/page"}],"author":[{"embeddable":true,"href":"https:\/\/www.caringinfo.org\/es\/wp-json\/wp\/v2\/users\/6721"}],"replies":[{"embeddable":true,"href":"https:\/\/www.caringinfo.org\/es\/wp-json\/wp\/v2\/comments?post=2746"}],"version-history":[{"count":0,"href":"https:\/\/www.caringinfo.org\/es\/wp-json\/wp\/v2\/pages\/2746\/revisions"}],"up":[{"embeddable":true,"href":"https:\/\/www.caringinfo.org\/es\/wp-json\/wp\/v2\/pages\/2649"}],"wp:attachment":[{"href":"https:\/\/www.caringinfo.org\/es\/wp-json\/wp\/v2\/media?parent=2746"}],"wp:term":[{"taxonomy":"topic","embeddable":true,"href":"https:\/\/www.caringinfo.org\/es\/wp-json\/wp\/v2\/topic?post=2746"},{"taxonomy":"typeofcare","embeddable":true,"href":"https:\/\/www.caringinfo.org\/es\/wp-json\/wp\/v2\/typeofcare?post=2746"},{"taxonomy":"language","embeddable":true,"href":"https:\/\/www.caringinfo.org\/es\/wp-json\/wp\/v2\/language?post=2746"}],"curies":[{"name":"wp","href":"https:\/\/api.w.org\/{rel}","templated":true}]}}