{"id":2757,"date":"2021-05-22T13:13:22","date_gmt":"2021-05-22T17:13:22","guid":{"rendered":"https:\/\/www.caringinfo.org\/?page_id=2757"},"modified":"2024-03-01T16:43:04","modified_gmt":"2024-03-01T21:43:04","slug":"su-derecho-a-la-privacidad","status":"publish","type":"page","link":"https:\/\/www.caringinfo.org\/es\/planificar\/sus-derechos\/su-derecho-a-la-privacidad\/","title":{"rendered":"Su derecho a la privacidad"},"content":{"rendered":"\n<p class=\"is-style-large\">Su informaci\u00f3n m\u00e9dica es privada y no deber\u00e1 compartirse m\u00e1s all\u00e1 de los profesionales m\u00e9dicos que le proporcionan cuidados.<\/p>\n\n\n\n<h2 class=\"wp-block-heading\">La privacidad de los expedientes m\u00e9dicos<\/h2>\n\n\n\n<p>Tiene derecho a mantener privados sus expedientes m\u00e9dicos, tal como se explica en el sitio web del <a href=\"https:\/\/www.hhs.gov\/hipaa\/for-individuals\/guidance-materials-for-consumers\/index.html\" target=\"_blank\" rel=\"noreferrer noopener\">Departamento de Salud y Servicios Humanos de los EE. UU.<\/a> A veces, las personas con las que interact\u00faa podr\u00edan malentender o exagerar las restricciones de la Ley de Portabilidad y Responsabilidad de Seguros M\u00e9dicos (Health Insurance Portability and Accountability Act, HIPAA). Tanto usted como sus personas designadas tienen derecho a acceder a sus expedientes m\u00e9dicos y a hablar con sus m\u00e9dicos. Es posible que necesite proporcionar una verificaci\u00f3n por escrito para la persona designada a fin de que pueda hablar o trabajar en su nombre.<\/p>\n\n\n\n<p>Tambi\u00e9n tiene un derecho general a la privacidad, que consiste en que su estado m\u00e9dico no se hable en \u00e1reas p\u00fablicas donde otras personas puedan escucharlo. La mayor\u00eda de los profesionales m\u00e9dicos son sensibles a esto, pero es posible que deba record\u00e1rselos.<\/p>\n\n\n\n<h2 class=\"wp-block-heading\">Confidencialidad<\/h2>\n\n\n\n<p>Su m\u00e9dico tiene un compromiso de no divulgar la informaci\u00f3n que usted le proporcione con nadie que no est\u00e9 directamente involucrado en su atenci\u00f3n m\u00e9dica. Sin embargo, la realidad es que muchas personas tienen acceso rutinario y leg\u00edtimo a sus expedientes. Es posible que tenga varios m\u00e9dicos, enfermeros y personal de apoyo en cada turno, y que vea a un terapeuta, nutricionista o farmac\u00f3logo, por mencionar algunos.<\/p>\n\n\n\n<p>Sin embargo, los pacientes demandan y esperan de manera leg\u00edtima que haya confidencialidad en muchas \u00e1reas de su tratamiento. En general, es posible que se le pida su consentimiento antes de ser fotografiado o para que otras personas no relacionadas con su caso (como estudiantes m\u00e9dicos) observen un procedimiento m\u00e9dico. Tiene derecho a negarse a ver a cualquier persona que no est\u00e9 relacionada con un hospital. Tiene derecho a que haya una persona de su mismo g\u00e9nero presente durante un examen f\u00edsico que realice una persona del g\u00e9nero opuesto. Tiene derecho a negarse a ver a personas relacionadas con el hospital que no est\u00e9n directamente involucradas con sus cuidados y tratamientos (como trabajadores sociales y capellanes). Y tiene derecho a que se proteja que se hagan p\u00fablicos los detalles de su afecci\u00f3n.<\/p>\n\n\n\n<div class=\"wp-block-group ci-block-cta-alert\"><div class=\"wp-block-group__inner-container is-layout-flow wp-block-group-is-layout-flow\">\n<h2 class=\"wp-block-heading\">Si considera que no se est\u00e1n respetando sus derechos<\/h2>\n\n\n\n<p>Primero, hable con su m\u00e9dico. Con frecuencia, los problemas pueden solucionarse de manera r\u00e1pida y f\u00e1cil si todos est\u00e1n dispuestos a hacerlo. Si esto no resulta satisfactorio, la mayor\u00eda de los hospitales tienen defensores de los pacientes o mediadores que pueden ayudarle si tiene problemas. Pueden ayudarle con el proceso para registrar una queja, si corresponde. Muchos estados tienen una oficina de defensa para los problemas de cuidados a largo plazo. El Departamento de Salud o el Departamento de Seguros de su estado tambi\u00e9n podr\u00edan ayudarle. Asimismo, los <a href=\"http:\/\/cms.gov\" target=\"_blank\" rel=\"noreferrer noopener\">Centros de Medicare y Medicaid<\/a> tienen varias ubicaciones para registrar quejas.<\/p>\n\n\n\n<p><strong>Si considera que se violaron sus derechos civiles,<\/strong> <a href=\"https:\/\/www.hhs.gov\/civil-rights\/index.html#\" target=\"_blank\" rel=\"noreferrer noopener\">visite el sitio web de Salud y Servicios Humanos (Health and Human Services, HHS) sobre derechos civiles y atenci\u00f3n m\u00e9dica<\/a> para aprender m\u00e1s y posiblemente presentar una queja.<\/p>\n<\/div><\/div>\n","protected":false},"excerpt":{"rendered":"<p>Su informaci\u00f3n m\u00e9dica es privada y no deber\u00e1 compartirse m\u00e1s all\u00e1 de los profesionales m\u00e9dicos que le proporcionan cuidados. Aprenda m\u00e1s sobre la privacidad y confidencialidad. <\/p>\n","protected":false},"author":6721,"featured_media":0,"parent":2630,"menu_order":3,"comment_status":"closed","ping_status":"closed","template":"","meta":{"_acf_changed":false,"_genesis_hide_title":false,"_genesis_hide_breadcrumbs":false,"_genesis_hide_singular_image":false,"_genesis_hide_footer_widgets":false,"_genesis_custom_body_class":"","_genesis_custom_post_class":"","_genesis_layout":"","footnotes":""},"topic":[117],"typeofcare":[],"language":[],"class_list":{"0":"post-2757","1":"page","2":"type-page","3":"status-publish","5":"topic-derechos","6":"entry"},"acf":[],"featured_image_src":null,"featured_image_src_square":null,"_links":{"self":[{"href":"https:\/\/www.caringinfo.org\/es\/wp-json\/wp\/v2\/pages\/2757","targetHints":{"allow":["GET"]}}],"collection":[{"href":"https:\/\/www.caringinfo.org\/es\/wp-json\/wp\/v2\/pages"}],"about":[{"href":"https:\/\/www.caringinfo.org\/es\/wp-json\/wp\/v2\/types\/page"}],"author":[{"embeddable":true,"href":"https:\/\/www.caringinfo.org\/es\/wp-json\/wp\/v2\/users\/6721"}],"replies":[{"embeddable":true,"href":"https:\/\/www.caringinfo.org\/es\/wp-json\/wp\/v2\/comments?post=2757"}],"version-history":[{"count":0,"href":"https:\/\/www.caringinfo.org\/es\/wp-json\/wp\/v2\/pages\/2757\/revisions"}],"up":[{"embeddable":true,"href":"https:\/\/www.caringinfo.org\/es\/wp-json\/wp\/v2\/pages\/2630"}],"wp:attachment":[{"href":"https:\/\/www.caringinfo.org\/es\/wp-json\/wp\/v2\/media?parent=2757"}],"wp:term":[{"taxonomy":"topic","embeddable":true,"href":"https:\/\/www.caringinfo.org\/es\/wp-json\/wp\/v2\/topic?post=2757"},{"taxonomy":"typeofcare","embeddable":true,"href":"https:\/\/www.caringinfo.org\/es\/wp-json\/wp\/v2\/typeofcare?post=2757"},{"taxonomy":"language","embeddable":true,"href":"https:\/\/www.caringinfo.org\/es\/wp-json\/wp\/v2\/language?post=2757"}],"curies":[{"name":"wp","href":"https:\/\/api.w.org\/{rel}","templated":true}]}}