{"id":2758,"date":"2021-05-22T13:25:50","date_gmt":"2021-05-22T17:25:50","guid":{"rendered":"https:\/\/www.caringinfo.org\/?page_id=2758"},"modified":"2024-05-29T10:37:00","modified_gmt":"2024-05-29T14:37:00","slug":"tiene-derecho-a-recibir-cuidados-que-respeten-sus-deseos","status":"publish","type":"page","link":"https:\/\/www.caringinfo.org\/es\/planificar\/sus-derechos\/tiene-derecho-a-recibir-cuidados-que-respeten-sus-deseos\/","title":{"rendered":"Tiene derecho a recibir cuidados que respeten sus deseos"},"content":{"rendered":"\n<p class=\"is-style-large\">La Ley de Autodeterminaci\u00f3n del Paciente (Patient Self-Determination Act, PSDA) se aprob\u00f3 en 1990. La PSDA reafirma el derecho de la legislaci\u00f3n com\u00fan de la autodeterminaci\u00f3n, seg\u00fan lo garantiza la Decimocuarta Enmienda a la Constituci\u00f3n de los Estados Unidos. B\u00e1sicamente, esto significa que usted, como la persona que recibe cuidados, tiene derecho a tomar decisiones, as\u00ed como elegir el tipo y el nivel de atenci\u00f3n m\u00e9dica que le gustar\u00eda y que no le gustar\u00eda recibir.<\/p>\n\n\n\n<h2 class=\"wp-block-heading\" id=\"recibir-atencion\">El derecho a recibir atenci\u00f3n y suspenderla<\/h2>\n\n\n\n<p>En una emergencia, un paciente tiene derecho a recibir tratamiento, sin importar su capacidad de pago. Si una situaci\u00f3n podr\u00eda resultar en la muerte, una lesi\u00f3n grave o una discapacidad en caso de no tratarse de manera oportuna, se trata de una emergencia. Tanto los hospitales p\u00fablicos como privados tienen la obligaci\u00f3n de proporcionar atenci\u00f3n m\u00e9dica a una persona que sufre una emergencia. Los hospitales no pueden negarse a tratar a posibles pacientes por motivos de raza, religi\u00f3n, origen nacional, o negarse a tratar a alguien con VIH o sida.<\/p>\n\n\n\n<p>No hay un derecho universal para ser admitido en un hospital cuando no se trata de una emergencia. En esos casos, los derechos de admisi\u00f3n depender\u00e1n del hospital espec\u00edfico, pero basar los criterios de admisi\u00f3n en la capacidad de pago est\u00e1 muy limitado por los estatutos, regulaciones y decisiones jur\u00eddicas.<\/p>\n\n\n\n<p>Una vez que un paciente sea admitido en un hospital, tiene derecho a retirarse en cualquier momento, incluso si el paciente no ha pagado la factura o si desea retirarse en contra del consejo m\u00e9dico (con excepci\u00f3n de algunas enfermedades contagiosas).<\/p>\n\n\n\n<p>Un m\u00e9dico familiarizado con la afecci\u00f3n del paciente determina cuando ya est\u00e1 listo para el alta y firma una orden escrita para tal fin. Si el paciente no est\u00e1 de acuerdo con una decisi\u00f3n de alta m\u00e9dica, tiene derecho a solicitar una consulta con otro m\u00e9dico antes de que se efect\u00fae la orden. La decisi\u00f3n del alta debe basarse \u00fanicamente en la afecci\u00f3n m\u00e9dica del paciente y no en la falta de pago de las facturas m\u00e9dicas.<\/p>\n\n\n\n<p>Las organizaciones de cuidados administrados (como Medicare Advantage) pueden rechazar la autorizaci\u00f3n de tratamientos caros o experimentales, o de tratamientos proporcionados fuera de la red de m\u00e9dicos aprobados. Muchos estados han establecido regulaciones que exigen un proceso para apelar al rechazo de beneficios.&nbsp;<\/p>\n\n\n\n<h2 class=\"wp-block-heading\" id=\"consentimiento\">El derecho a otorgar su consentimiento y el consentimiento informado<\/h2>\n\n\n\n<p>El consentimiento debe ser voluntario, competente e informado. El consentimiento debe otorgarse de manera verbal, por escrita o mediante acciones. El consentimiento se asume en casos de emergencia o circunstancias no anticipadas.<\/p>\n\n\n\n<p>Para que sea voluntario, el proceso de consentimiento debe:<\/p>\n\n\n\n<ul class=\"wp-block-list\">\n<li>Estar libre del uso de la fuerza, fraudes, enga\u00f1os o coerci\u00f3n<\/li>\n\n\n\n<li>Incluir el derecho a negarse o revocarse sin afectar la atenci\u00f3n m\u00e9dica futura del paciente<\/li>\n\n\n\n<li>Incluir el derecho a hacer preguntas y negociar algunos aspectos del tratamiento<\/li>\n<\/ul>\n\n\n\n<p>Para ser competente, una persona debe ser capaz de entender la naturaleza, el grado y las consecuencias de un curso de tratamiento propuesto. Algunos factores pueden hacer que un paciente sea incapaz de proporcionar un consentimiento competente, ya sea de manera temporal o permanente. Por ejemplo:<\/p>\n\n\n\n<ul class=\"wp-block-list\">\n<li>Enfermedad mental o retraso<\/li>\n\n\n\n<li>Intoxicaci\u00f3n por drogas o alcohol<\/li>\n\n\n\n<li>Estado mental alterado<\/li>\n\n\n\n<li>Lesi\u00f3n cerebral<\/li>\n\n\n\n<li>Ser demasiado joven para tomar decisiones de manera legal con respecto a la atenci\u00f3n m\u00e9dica<\/li>\n<\/ul>\n\n\n\n<p>Para otorgar un consentimiento informado, la informaci\u00f3n debe presentarse en un idioma que el paciente pueda entender y debe incluir lo siguiente:<\/p>\n\n\n\n<ul class=\"wp-block-list\">\n<li>Una descripci\u00f3n del tratamiento o procedimiento recomendado<\/li>\n\n\n\n<li>Una descripci\u00f3n de los riesgos y beneficios, en particular al explorar el riesgo de una discapacidad corporal grave o la muerte<\/li>\n\n\n\n<li>Una descripci\u00f3n de los tratamientos alternativos, as\u00ed como de sus riesgos y beneficios<\/li>\n\n\n\n<li>Los resultados probables en caso de que no se reciba ning\u00fan tratamiento<\/li>\n\n\n\n<li>La probabilidad de tener \u00e9xito y la definici\u00f3n de lo que el m\u00e9dico quiere decir con \u201c\u00e9xito\u201d<\/li>\n\n\n\n<li>La duraci\u00f3n y los desaf\u00edos de la recuperaci\u00f3n<\/li>\n\n\n\n<li>Cualquier otra informaci\u00f3n que, por lo general, otros m\u00e9dicos calificados proporcionen a los pacientes en esta situaci\u00f3n<\/li>\n<\/ul>\n\n\n\n<h2 class=\"wp-block-heading\" id=\"instrucciones-anticipadas\">El derecho a que se sigan sus instrucciones anticipadas<\/h2>\n\n\n\n<p>La PSDA exige que todas las agencias de atenci\u00f3n m\u00e9dica (hospitales, centros de cuidados a largo plazo y agencias de salud en el hogar) que reciben reembolsos de Medicare y Medicaid pregunten si usted tiene instrucciones anticipadas.<\/p>\n\n\n\n<p>Por lo general, los proveedores de atenci\u00f3n m\u00e9dica tienen la estricta obligaci\u00f3n de respetar sus deseos registrados relacionados con la atenci\u00f3n m\u00e9dica, en caso de que quede incapacitado. Asimismo, si sus <a href=\"https:\/\/www.caringinfo.org\/es\/blog\/instruccion-anticipada-frente-a-testamento-en-vida-cual-necesita\/\">instrucciones anticipadas o testamento vital<\/a> designan a alguien como el agente legal a cargo de su atenci\u00f3n m\u00e9dica (llamado <a href=\"https:\/\/www.caringinfo.org\/es\/planificar\/instrucciones-anticipadas\/como-elegir-a-un-agente-de-atencion-medica\/\">agente de atenci\u00f3n m\u00e9dica<\/a>), los m\u00e9dicos y otros proveedores m\u00e9dicos tambi\u00e9n tendr\u00e1n la obligaci\u00f3n de seguir sus \u00f3rdenes y decisiones con respecto a su atenci\u00f3n m\u00e9dica. Las <a href=\"https:\/\/www.caringinfo.org\/es\/planificar\/instrucciones-anticipadas\/\">instrucciones anticipadas<\/a> son documentos con reconocimiento legal; sin embargo, hay algunas situaciones en las que su m\u00e9dico o proveedor de atenci\u00f3n m\u00e9dica puede ir en contra de los deseos que estableci\u00f3 en sus instrucciones de atenci\u00f3n m\u00e9dica. Los proveedores de atenci\u00f3n m\u00e9dica pueden tomar esta decisi\u00f3n en los siguientes casos:<\/p>\n\n\n\n<ul class=\"wp-block-list\">\n<li>Las instrucciones toman decisiones que van en contra de la conciencia del m\u00e9dico o el proveedor de servicios m\u00e9dicos a nivel individual.<\/li>\n\n\n\n<li>Las instrucciones establecen una pol\u00edtica que va en contra de las pol\u00edticas del hospital u otra instituci\u00f3n m\u00e9dica con base en la conciencia.<\/li>\n\n\n\n<li>Las instrucciones incluyen decisiones que resultar\u00edan en una atenci\u00f3n m\u00e9dica ineficiente o piden que los proveedores de atenci\u00f3n m\u00e9dica adopten est\u00e1ndares de atenci\u00f3n m\u00e9dica que violan los est\u00e1ndares del proveedor, hospital u otra instituci\u00f3n m\u00e9dica.<\/li>\n<\/ul>\n\n\n\n<p>Sin embargo, incluso si estos factores est\u00e1n presentes, esto no significa que su m\u00e9dico o proveedor de atenci\u00f3n m\u00e9dica pueda simplemente ignorar sus instrucciones de atenci\u00f3n m\u00e9dica. En su lugar, si su m\u00e9dico o proveedor de atenci\u00f3n m\u00e9dica piensa que ir\u00e1 en contra de los deseos e instrucciones establecidos en sus instrucciones de atenci\u00f3n m\u00e9dica, o en contra de las \u00f3rdenes de su agente de atenci\u00f3n m\u00e9dica, deber\u00e1 informarle de inmediato a usted o a su agente. Cuando esto ocurre, usted o su agente tendr\u00e1 la opci\u00f3n de tomar medidas para que se le transfiera con otro m\u00e9dico o a otro centro m\u00e9dico donde sus deseos e instrucciones se respeten. Si su m\u00e9dico o proveedor de atenci\u00f3n m\u00e9dica se niega a hacerlo y aun as\u00ed va en contra de sus deseos y \u00f3rdenes, el m\u00e9dico podr\u00eda ser responsable de da\u00f1os en su contra.<\/p>\n\n\n\n<p>Conforme se consolidan m\u00e1s sistemas de atenci\u00f3n m\u00e9dica, los hospitales con afiliaciones religiosas podr\u00edan dominar la regi\u00f3n. Las pol\u00edticas de estas instituciones podr\u00edan afectar su acceso a los cuidados y que se sigan sus deseos establecidos. Aseg\u00farese de preguntarles al m\u00e9dico y otros proveedores de atenci\u00f3n m\u00e9dica si se respetar\u00e1n sus instrucciones anticipadas espec\u00edficas o deseos de atenci\u00f3n m\u00e9dica. De lo contrario, <strong>tiene derecho a cambiar de m\u00e9dico, farmac\u00e9utico, hospital o cualquier otro proveedor<\/strong>.<\/p>\n\n\n\n<h2 class=\"wp-block-heading\" id=\"cambio-de-medico\">El derecho a cambiar de m\u00e9dico, hospital u hospicio si lo desea<\/h2>\n\n\n\n<p>Tiene derecho a cambiar de m\u00e9dico, hospital u hospicio si lo desea. No es \u00fatil tomar esta decisi\u00f3n con poca seriedad, pero tiene ese derecho si no siente que est\u00e9 recibiendo los cuidados que quiere o necesita. El beneficio de cuidados de hospicio espec\u00edfico en Medicare est\u00e1ndar establece lo siguiente:<\/p>\n\n\n\n<ul class=\"wp-block-list\">\n<li>Puede obtener cuidados de hospicio durante dos periodos de beneficios de 90 d\u00edas, seguidos de un n\u00famero ilimitado de periodos de beneficios de 60 d\u00edas.<\/li>\n\n\n\n<li>Tiene derecho a cambiar de proveedor de cuidados de hospicio una vez durante cada periodo de beneficios.<\/li>\n<\/ul>\n\n\n\n<p>Algunos planes de Medicare Advantage ahora incluyen beneficios de cuidados de hospicio en su oferta. Si tiene necesidades espec\u00edficas con respecto a los cuidados de hospicio, como la afiliaci\u00f3n religiosa, deber\u00e1 verificar si su plan de Medicare Advantage incluir\u00e1 ese tipo de hospicios. En general, los hospicios no tienen una afiliaci\u00f3n religiosa, y proporcionan capellanes y otros consejeros espirituales de todos los credos y para personas no creyentes. Sin embargo, para los interesados, el <a href=\"http:\/\/nijh.org\/\" target=\"_blank\" rel=\"noreferrer noopener\">National Institute for Jewish Hospice<\/a> ofrece capacitaci\u00f3n y acreditaci\u00f3n para proporcionar servicios de una manera culturalmente sensible. Otros hospicios se identifican como cat\u00f3licos. Si estos servicios espec\u00edficos son importantes para usted, planifique con anticipaci\u00f3n para asegurarse de recibir lo que desea.<\/p>\n\n\n\n<div class=\"wp-block-group ci-block-cta-alert\"><div class=\"wp-block-group__inner-container is-layout-flow wp-block-group-is-layout-flow\">\n<h2 class=\"wp-block-heading\">Si considera que no se est\u00e1n respetando sus derechos<\/h2>\n\n\n\n<p>Primero, hable con su m\u00e9dico. Con frecuencia, los problemas pueden solucionarse de manera r\u00e1pida y f\u00e1cil si todos est\u00e1n dispuestos a hacerlo. Si esto no resulta satisfactorio, la mayor\u00eda de los hospitales tienen defensores de los pacientes o mediadores que pueden ayudarle si tiene problemas. Pueden ayudarle con el proceso para registrar una queja, si corresponde. Muchos estados tienen una oficina de defensa para los problemas de cuidados a largo plazo. El Departamento de Salud o el Departamento de Seguros de su estado tambi\u00e9n podr\u00edan ayudarle. Asimismo, los <a href=\"http:\/\/cms.gov\" target=\"_blank\" rel=\"noreferrer noopener\">Centros de Medicare y Medicaid<\/a> tienen varias ubicaciones para registrar quejas.<\/p>\n\n\n\n<p><strong>Si considera que se violaron sus derechos civiles,<\/strong> <a href=\"https:\/\/www.hhs.gov\/civil-rights\/index.html#\" target=\"_blank\" rel=\"noreferrer noopener\">visite el sitio web de Salud y Servicios Humanos (Health and Human Services, HHS) sobre derechos civiles y atenci\u00f3n m\u00e9dica<\/a> para aprender m\u00e1s y posiblemente presentar una queja.<\/p>\n<\/div><\/div>\n\n\n\n<p>Es <a href=\"https:\/\/www.caringinfo.org\/es\/blog\/como-dar-a-conocer-sus-deseos-de-atencion-medica-y-opciones-medicas\/\">importante que documente sus deseos m\u00e9dicos<\/a>, no solo en el final de la vida, sino tambi\u00e9n en cualquier etapa de ella, de una manera que sea comprensible y vinculante; CaringInfo est\u00e1 aqu\u00ed para ayudarlo a entender <a href=\"https:\/\/www.caringinfo.org\/es\/blog\/tipos-de-documentos-para-dar-a-conocer-los-deseos-de-atencion-medica\/\">los tipos de documentos que necesitar\u00e1<\/a>.<\/p>\n","protected":false},"excerpt":{"rendered":"<p>Al recibir cuidados, tiene derecho a elegir y tomar decisiones sobre el tipo de cuidados que recibe, su m\u00e9dico, entre otras cosas. Aprenda m\u00e1s.<\/p>\n","protected":false},"author":6721,"featured_media":0,"parent":2630,"menu_order":2,"comment_status":"closed","ping_status":"closed","template":"","meta":{"_acf_changed":false,"_genesis_hide_title":false,"_genesis_hide_breadcrumbs":false,"_genesis_hide_singular_image":false,"_genesis_hide_footer_widgets":false,"_genesis_custom_body_class":"","_genesis_custom_post_class":"","_genesis_layout":"","footnotes":""},"topic":[117],"typeofcare":[],"language":[],"class_list":{"0":"post-2758","1":"page","2":"type-page","3":"status-publish","5":"topic-derechos","6":"entry"},"acf":[],"featured_image_src":null,"featured_image_src_square":null,"_links":{"self":[{"href":"https:\/\/www.caringinfo.org\/es\/wp-json\/wp\/v2\/pages\/2758","targetHints":{"allow":["GET"]}}],"collection":[{"href":"https:\/\/www.caringinfo.org\/es\/wp-json\/wp\/v2\/pages"}],"about":[{"href":"https:\/\/www.caringinfo.org\/es\/wp-json\/wp\/v2\/types\/page"}],"author":[{"embeddable":true,"href":"https:\/\/www.caringinfo.org\/es\/wp-json\/wp\/v2\/users\/6721"}],"replies":[{"embeddable":true,"href":"https:\/\/www.caringinfo.org\/es\/wp-json\/wp\/v2\/comments?post=2758"}],"version-history":[{"count":0,"href":"https:\/\/www.caringinfo.org\/es\/wp-json\/wp\/v2\/pages\/2758\/revisions"}],"up":[{"embeddable":true,"href":"https:\/\/www.caringinfo.org\/es\/wp-json\/wp\/v2\/pages\/2630"}],"wp:attachment":[{"href":"https:\/\/www.caringinfo.org\/es\/wp-json\/wp\/v2\/media?parent=2758"}],"wp:term":[{"taxonomy":"topic","embeddable":true,"href":"https:\/\/www.caringinfo.org\/es\/wp-json\/wp\/v2\/topic?post=2758"},{"taxonomy":"typeofcare","embeddable":true,"href":"https:\/\/www.caringinfo.org\/es\/wp-json\/wp\/v2\/typeofcare?post=2758"},{"taxonomy":"language","embeddable":true,"href":"https:\/\/www.caringinfo.org\/es\/wp-json\/wp\/v2\/language?post=2758"}],"curies":[{"name":"wp","href":"https:\/\/api.w.org\/{rel}","templated":true}]}}