{"id":2759,"date":"2021-05-22T13:36:04","date_gmt":"2021-05-22T17:36:04","guid":{"rendered":"https:\/\/www.caringinfo.org\/?page_id=2759"},"modified":"2023-10-09T13:41:33","modified_gmt":"2023-10-09T17:41:33","slug":"su-derecho-a-conocer-los-costos","status":"publish","type":"page","link":"https:\/\/www.caringinfo.org\/es\/planificar\/sus-derechos\/su-derecho-a-conocer-los-costos\/","title":{"rendered":"Su derecho a conocer los costos"},"content":{"rendered":"\n<p class=\"is-style-large\">Hay un esfuerzo en curso para hacer que los precios de los servicios de atenci\u00f3n m\u00e9dica sean m\u00e1s accesibles para el p\u00fablico.<\/p>\n\n\n\n<p><a href=\"https:\/\/www.fairhealthconsumer.org\" target=\"_blank\" rel=\"noreferrer noopener\">Fair Health Consumer<\/a> es un sitio web en el que puede buscar los precios de muchos servicios y procedimientos m\u00e9dicos y dentales. Los Centros de Medicare y Medicaid explican que se implement\u00f3 <a href=\"https:\/\/www.cms.gov\/hospital-price-transparency\" target=\"_blank\" rel=\"noreferrer noopener\">una norma federal reciente<\/a> en enero de 2021, la cual exige que los hospitales incluyan el precio que cobran por al menos 300 servicios \u201cadquiribles\u201d y que se explique en un lenguaje f\u00e1cil de entender. Tome en cuenta que estos precios con frecuencia no se encuentran en las b\u00fasquedas rutinarias de Internet y que es posible que necesite visitar el sitio web del hospital de inter\u00e9s espec\u00edfico para conocerlos. La lista de precios debe incluir el precio en efectivo con descuento, los precios con negociaciones espec\u00edficas para el pagador, y los precios m\u00ednimos y m\u00e1ximos negociados no identificables.&nbsp;<\/p>\n\n\n\n<h2 class=\"wp-block-heading\">Derechos relacionados con el seguro<\/h2>\n\n\n\n<p>Si est\u00e1 buscando la carta de derechos de un seguro, podr\u00eda interesarle esta informaci\u00f3n disponible del Departamento de Salud y Servicios Humanos:<\/p>\n\n\n\n<ul class=\"wp-block-list\">\n<li>Los derechos y responsabilidades de un paciente, de conformidad con la Ley del Cuidado de Salud a Bajo Precio, se encuentran en el <a href=\"https:\/\/www.healthcare.gov\/how-does-the-health-care-law-protect-me\/\" target=\"_blank\" rel=\"noreferrer noopener\">sitio web HealthCare.gov<\/a>.<\/li>\n\n\n\n<li>Sus derechos de Medicare se explican en el <a href=\"http:\/\/www.medicare.gov\/claims-and-appeals\/medicare-rights\/medicare-rights-overview.html\" target=\"_blank\" rel=\"noreferrer noopener\">sitio web de Medicare<\/a>.&nbsp;<\/li>\n<\/ul>\n\n\n\n<p>Cada estado tambi\u00e9n cuenta con un Departamento de Seguros, el cual es un buen recurso para las preguntas sobre sus derechos y la presentaci\u00f3n de quejas.<\/p>\n\n\n\n<div class=\"wp-block-group ci-block-cta-alert\"><div class=\"wp-block-group__inner-container is-layout-flow wp-block-group-is-layout-flow\">\n<h2 class=\"wp-block-heading\">Si considera que no se est\u00e1n respetando sus derechos<\/h2>\n\n\n\n<p>Primero, hable con su m\u00e9dico. Con frecuencia, los problemas pueden solucionarse de manera r\u00e1pida y f\u00e1cil si todos est\u00e1n dispuestos a hacerlo. Si esto no resulta satisfactorio, la mayor\u00eda de los hospitales tienen defensores de los pacientes o mediadores que pueden ayudarle si tiene problemas. Pueden ayudarle con el proceso para registrar una queja, si corresponde. Muchos estados tienen una oficina de defensa para los problemas de cuidados a largo plazo. El Departamento de Salud o el Departamento de Seguros de su estado tambi\u00e9n podr\u00edan ayudarle. Asimismo, los <a href=\"http:\/\/cms.gov\" target=\"_blank\" rel=\"noreferrer noopener\">Centros de Medicare y Medicaid<\/a> tienen varias ubicaciones para registrar quejas.<\/p>\n\n\n\n<p><strong>Si considera que se violaron sus derechos civiles,<\/strong> <a href=\"https:\/\/www.hhs.gov\/civil-rights\/index.html#\" target=\"_blank\" rel=\"noreferrer noopener\">visite el sitio web de Salud y Servicios Humanos (Health and Human Services, HHS) sobre derechos civiles y atenci\u00f3n m\u00e9dica<\/a> para aprender m\u00e1s y posiblemente presentar una queja.<\/p>\n<\/div><\/div>\n","protected":false},"excerpt":{"rendered":"<p>Tiene derecho a conocer sus costos de atenci\u00f3n m\u00e9dica. Aprenda sobre el esfuerzo para hacer que los precios de los servicios de atenci\u00f3n m\u00e9dica sean m\u00e1s accesibles para usted.<\/p>\n","protected":false},"author":6721,"featured_media":0,"parent":2630,"menu_order":5,"comment_status":"closed","ping_status":"closed","template":"","meta":{"_acf_changed":false,"_genesis_hide_title":false,"_genesis_hide_breadcrumbs":false,"_genesis_hide_singular_image":false,"_genesis_hide_footer_widgets":false,"_genesis_custom_body_class":"","_genesis_custom_post_class":"","_genesis_layout":"","footnotes":""},"topic":[117],"typeofcare":[],"language":[],"class_list":{"0":"post-2759","1":"page","2":"type-page","3":"status-publish","5":"topic-derechos","6":"entry"},"acf":[],"featured_image_src":null,"featured_image_src_square":null,"_links":{"self":[{"href":"https:\/\/www.caringinfo.org\/es\/wp-json\/wp\/v2\/pages\/2759","targetHints":{"allow":["GET"]}}],"collection":[{"href":"https:\/\/www.caringinfo.org\/es\/wp-json\/wp\/v2\/pages"}],"about":[{"href":"https:\/\/www.caringinfo.org\/es\/wp-json\/wp\/v2\/types\/page"}],"author":[{"embeddable":true,"href":"https:\/\/www.caringinfo.org\/es\/wp-json\/wp\/v2\/users\/6721"}],"replies":[{"embeddable":true,"href":"https:\/\/www.caringinfo.org\/es\/wp-json\/wp\/v2\/comments?post=2759"}],"version-history":[{"count":0,"href":"https:\/\/www.caringinfo.org\/es\/wp-json\/wp\/v2\/pages\/2759\/revisions"}],"up":[{"embeddable":true,"href":"https:\/\/www.caringinfo.org\/es\/wp-json\/wp\/v2\/pages\/2630"}],"wp:attachment":[{"href":"https:\/\/www.caringinfo.org\/es\/wp-json\/wp\/v2\/media?parent=2759"}],"wp:term":[{"taxonomy":"topic","embeddable":true,"href":"https:\/\/www.caringinfo.org\/es\/wp-json\/wp\/v2\/topic?post=2759"},{"taxonomy":"typeofcare","embeddable":true,"href":"https:\/\/www.caringinfo.org\/es\/wp-json\/wp\/v2\/typeofcare?post=2759"},{"taxonomy":"language","embeddable":true,"href":"https:\/\/www.caringinfo.org\/es\/wp-json\/wp\/v2\/language?post=2759"}],"curies":[{"name":"wp","href":"https:\/\/api.w.org\/{rel}","templated":true}]}}