{"id":2870,"date":"2022-03-03T10:26:40","date_gmt":"2022-03-03T15:26:40","guid":{"rendered":"https:\/\/www.caringinfo.org\/?page_id=2870"},"modified":"2026-01-20T19:18:51","modified_gmt":"2026-01-21T00:18:51","slug":"como-proporcionar-cuidados-y-administrar-la-deuda-medica-durante-una-enfermedad-grave","status":"publish","type":"page","link":"https:\/\/www.caringinfo.org\/es\/planificar\/asuntos-financieros\/como-proporcionar-cuidados-y-administrar-la-deuda-medica-durante-una-enfermedad-grave\/","title":{"rendered":"C\u00f3mo proporcionar cuidados y administrar la deuda m\u00e9dica durante una enfermedad grave"},"content":{"rendered":"\n<p class=\"is-style-large\">Si usted o alguien a quien cuida est\u00e1 teniendo dificultades con la deuda m\u00e9dica, es importante saber que no est\u00e1 solo. Muchas personas no son capaces de mantener el ritmo de los costos de una enfermedad cr\u00f3nica o grave y los cuidados. CaringInfo le ayudar\u00e1 a obtener la informaci\u00f3n necesaria a fin de tomar las mejores decisiones para sus circunstancias.<\/p>\n\n\n\n<h2 class=\"wp-block-heading\">\u00bfQu\u00e9 es en realidad la deuda m\u00e9dica?<\/h2>\n\n\n\n<p>La deuda m\u00e9dica se define como los costos m\u00e9dicos que las personas no pueden pagar por adelantado o despu\u00e9s de recibir cuidados. La deuda m\u00e9dica alta se define como una deuda que excede el 20 % de los ingresos anuales de un hogar. Incluso con un seguro m\u00e9dico, se puede acumular una deuda significativa debido a los copagos, deducibles y gastos no cubiertos por el seguro, <a href=\"https:\/\/www.caringinfo.org\/es\/planificar\/asuntos-financieros\/medicare\/\">Medicare<\/a> o <a href=\"https:\/\/www.caringinfo.org\/es\/planificar\/asuntos-financieros\/medicaid\/\">Medicaid<\/a>.<\/p>\n\n\n\n<h2 class=\"wp-block-heading\" id=\"who\">\u00bfQui\u00e9n tiene deudas m\u00e9dicas?<\/h2>\n\n\n\n<p>En 2017, el 19 % de los hogares en los EE. UU. ten\u00edan deudas m\u00e9dicas, de los cuales la mitad deb\u00eda m\u00e1s de $2,000 (fuente: <a href=\"https:\/\/www.census.gov\/library\/stories\/2021\/04\/who-had-medical-debt-in-united-states.html\" target=\"_blank\" rel=\"noreferrer noopener\">Oficina del Censo de los Estados Unidos<\/a>). De conformidad con la <a href=\"https:\/\/www.census.gov\/programs-surveys\/sipp.html\" target=\"_blank\" rel=\"noreferrer noopener\">Encuesta de Ingresos y Participaci\u00f3n en Programas de la Oficina del Censo<\/a> que realiza el gobierno de los EE. UU., la lista de las personas con mayor probabilidad de tener una deuda m\u00e9dica es la siguiente:<\/p>\n\n\n\n<ul class=\"wp-block-list\">\n<li>hogares con hijos menores de 18 a\u00f1os<\/li>\n\n\n\n<li>hogares de personas negras e hispanas<\/li>\n\n\n\n<li>hogares del sur y del Medio Oeste<\/li>\n\n\n\n<li>hogares con menos de 65 a\u00f1os de edad<\/li>\n\n\n\n<li>hogares con un miembro con buena o mala salud, una discapacidad o que fue hospitalizado<\/li>\n<\/ul>\n\n\n\n<p>Aunque solo el 4 % de los hogares tienen una deuda m\u00e9dica, algunos son considerablemente m\u00e1s propensos a caer en esta categor\u00eda (fuente: <a href=\"https:\/\/www.census.gov\/library\/stories\/2021\/04\/who-had-medical-debt-in-united-states.html\" target=\"_blank\" rel=\"noreferrer noopener\">Oficina del Censo de los Estados Unidos<\/a>):<\/p>\n\n\n\n<ul class=\"wp-block-list\">\n<li>hogares por debajo del nivel nacional de pobreza<\/li>\n\n\n\n<li>quienes son incapaces de pagar la renta o la hipoteca<\/li>\n\n\n\n<li>quienes tienen un valor neto negativo o en ceros<\/li>\n\n\n\n<li>quienes no tienen cobertura del seguro m\u00e9dico o es parcial<\/li>\n\n\n\n<li>quienes tienen un miembro en estado de pobreza o con buena salud<\/li>\n<\/ul>\n\n\n\n<p>Las facturas m\u00e9dicas son la causa n\u00famero uno informada de las bancarrotas en los EE. UU. (fuente: <a href=\"https:\/\/www.thebalance.com\/medical-bankruptcy-statistics-4154729\" target=\"_blank\" rel=\"noreferrer noopener\">The Balance<\/a>).<\/p>\n\n\n\n<h2 class=\"wp-block-heading\" id=\"administrar\">\u00bfC\u00f3mo puedo empezar a administrar las deudas m\u00e9dicas?<\/h2>\n\n\n\n<p>T\u00f3mese un momento y organ\u00edcese. Aunque esto puede ser estresante, es importante que se asegure de tener un panorama lo m\u00e1s claro posible de la deuda m\u00e9dica.<\/p>\n\n\n\n<h3 class=\"wp-block-heading\">Primero deber\u00e1 verificar si tiene esta deuda<\/h3>\n\n\n\n<ul class=\"wp-block-list\">\n<li><strong>Revise las facturas con atenci\u00f3n.<\/strong> Revise que sus facturas sean correctas y escriba cualquier pregunta que tenga. Por ejemplo, revise la fecha de servicio para asegurarse de que s\u00ed haya recibido tratamiento ese d\u00eda y que los tratamientos incluidos sean correctos. Para las facturas m\u00e1s complicadas, comun\u00edquese con el proveedor para obtener una factura desglosada a fin de que pueda ver cu\u00e1nto le cobraron por cada procedimiento. <a href=\"https:\/\/www.aarp.org\/espanol\/dinero\/creditos-y-deuda\/info-2025\/identifica-errores-facturas-medicas.html\" target=\"_blank\" rel=\"noreferrer noopener\">AARP tiene informaci\u00f3n sobre c\u00f3mo revisar las facturas m\u00e9dicas<\/a>.<\/li>\n\n\n\n<li><strong>Revise su seguro m\u00e9dico<\/strong> y aseg\u00farese de que su m\u00e9dico o proveedor tenga la informaci\u00f3n correcta. Esto puede ser un proceso largo, pero alertar a los proveedores sobre posibles errores y hacer preguntas a tiempo puede ser muy ben\u00e9fico.<\/li>\n\n\n\n<li><strong>Obtenga y conserve la documentaci\u00f3n durante su revisi\u00f3n.<\/strong> Si necesita disputar una factura, env\u00edele al proveedor un aviso escrito con una copia de todos los documentos de respaldo que haya reunido. No env\u00ede sus originales.<\/li>\n<\/ul>\n\n\n\n<p><strong>Si es un <a href=\"https:\/\/www.caringinfo.org\/es\/planificar\/asuntos-financieros\/como-proporcionar-cuidados-financieros\/\">cuidador financiero<\/a><\/strong>, aseg\u00farese de tener un poder notarial, si es necesario, y que est\u00e9 autorizado para hablar con los m\u00e9dicos y otros proveedores.<\/p>\n\n\n\n<h3 class=\"wp-block-heading\">Despu\u00e9s<strong>, <\/strong>obtenga ayuda y apoyo para entender las facturas y la cobertura del seguro<\/h3>\n\n\n\n<p>Hay recursos en l\u00ednea que pueden ayudarle a entender mejor las facturas y c\u00f3mo interpretarlas:<\/p>\n\n\n\n<ul class=\"wp-block-list\">\n<li><a href=\"https:\/\/www.thebalance.com\/understanding-your-health-insurance-bill-4584422,\" target=\"_blank\" rel=\"noreferrer noopener\">Understanding Your Health Insurance and Medical Bills<\/a> (C\u00f3mo entender sus facturas y su seguro m\u00e9dico) de The Balance<\/li>\n\n\n\n<li><a href=\"https:\/\/www.medicalbillingandcoding.org\/health-insurance-guide\/understanding-medical-bills\" target=\"_blank\" rel=\"noreferrer noopener\">Understanding Medical Bills<\/a> (C\u00f3mo entender sus facturas m\u00e9dicas) de Medical Billing &amp; Coding Certification<\/li>\n\n\n\n<li><a href=\"https:\/\/www.aarp.org\/espanol\/dinero\/creditos-y-deuda\/info-2025\/identifica-errores-facturas-medicas.html\">C\u00f3mo detectar errores en las facturas m\u00e9dicas de AARP<\/a><\/li>\n<\/ul>\n\n\n\n<p>Para hablar con alguien y recibir ayuda, puede comunicarse con un defensor de facturas m\u00e9dicas o un abogado de los pacientes especializado en facturas m\u00e9dicas. Hay servicios sin fines de lucro y espec\u00edficos de cada estado, as\u00ed como servicios que requieren el pago de cuotas. Puede aprender m\u00e1s con estos recursos:<\/p>\n\n\n\n<ul class=\"wp-block-list\">\n<li>Sin fines de lucro: <a href=\"https:\/\/www.patientadvocate.org\/\" target=\"_blank\" rel=\"noreferrer noopener\">The Patient Advocate Foundation<\/a>, <a href=\"https:\/\/advoconnection.com\/non-profit-organizations\/\" target=\"_blank\" rel=\"noreferrer noopener\">A list from Adovcate Connection<\/a><\/li>\n\n\n\n<li>Ejemplo espec\u00edfico de un estado: <a href=\"https:\/\/www.calmba.org\/#:~:text=California%20Medical%20Billing%20Advocates%20(CALMBA,before%20they%20become%20crippling%20debt\" target=\"_blank\" rel=\"noreferrer noopener\">California<\/a><\/li>\n\n\n\n<li>De pago: <a href=\"https:\/\/www.healthgrades.com\/right-care\/patient-advocate\/do-you-need-a-medical-billing-advocate\" target=\"_blank\" rel=\"noreferrer noopener\">Information from Healthgrades<\/a><\/li>\n<\/ul>\n\n\n\n<p><strong>Tambi\u00e9n debe saber que puede hablar con el m\u00e9dico, el proveedor del servicio o el hospital sobre un plan de pagos.<\/strong> Un plan de pagos puede ayudarle a reducir la deuda m\u00e9dica con el tiempo sin afectar demasiado otras necesidades m\u00e9dicas durante una enfermedad grave o cuidados. Al hablar con el proveedor, tambi\u00e9n puede cubrir los siguientes temas:<\/p>\n\n\n\n<ul class=\"wp-block-list\">\n<li>\u00bfNegociar\u00e1n las tarifas con usted?<\/li>\n\n\n\n<li>\u00bfCu\u00e1l es la tasa contratada para el procedimiento o servicio, y puede aplicarse a la factura?<\/li>\n\n\n\n<li>\u00bfSe le puede cobrar el m\u00ednimo que se cobra para un procedimiento determinado debido a la situaci\u00f3n financiera actual a la que se enfrenta?<\/li>\n<\/ul>\n\n\n\n<p>Los sistemas de salud ofrecen asistencia para pagar las facturas, lo cual con frecuencia se centra en los ingresos y las circunstancias del paciente. Nunca est\u00e1 de m\u00e1s preguntar.<\/p>\n\n\n\n<h2 class=\"wp-block-heading\" id=\"protecciones\">\u00bfQu\u00e9 protecciones tengo ante las deudas m\u00e9dicas?<\/h2>\n\n\n\n<p>Durante los \u00faltimos a\u00f1os, los gobiernos e instituciones finalmente reconocieron que muchos estadounidenses estaban siendo castigados de manera injusta en sus informes crediticios debido a la deuda m\u00e9dica. La naturaleza urgente e inesperada de la deuda m\u00e9dica no refleja de manera correcta el valor crediticio real de una persona. <a href=\"https:\/\/files.consumerfinance.gov\/f\/201405_cfpb_report_data-point_medical-debt-credit-scores.pdf\" target=\"_blank\" rel=\"noreferrer noopener\">Un estudio de CFPB<\/a> mostr\u00f3 que uno de cada cinco informes crediticios conten\u00eda una deuda m\u00e9dica que distorsionaba la posici\u00f3n crediticia del consumidor.<\/p>\n\n\n\n<p>En 2017, la Ley de Informes de Cr\u00e9ditos Justos se aprob\u00f3 y exige que las agencias de informes crediticios permitan un periodo de gracia de 180 d\u00edas antes de incluir la deuda m\u00e9dica en los informes.<\/p>\n\n\n\n<h3 class=\"wp-block-heading\">Informes crediticios y deuda m\u00e9dica<\/h3>\n\n\n\n<p>La ley les concede a los pacientes un periodo intermedio para disputar ciertos cargos antes de que aparezcan en su informe crediticio, as\u00ed como tiempo a fin de buscar asistencia financiera para las facturas m\u00e9dicas (fuente: <a href=\"https:\/\/www.debt.org\/medical\/financial-help-medical-bills\/\" target=\"_blank\" rel=\"noreferrer noopener\">Debt.org<\/a>). Asimismo, cualquier factura m\u00e9dica sin pagar en un informe crediticio que despu\u00e9s pague el seguro m\u00e9dico deber\u00e1 eliminarse del informe. Eso evita las puntuaciones negativas que permanecen y reducen la puntuaci\u00f3n crediticia de la persona a quien se le factur\u00f3.<\/p>\n\n\n\n<p>El nuevo modelo de puntuaci\u00f3n de The Fair Isaac Corporation, <a href=\"https:\/\/www.fico.com\/sites\/default\/files\/inline-files\/FICO_Score_9_4054PS_EN_Final.pdf\" target=\"_blank\" rel=\"noreferrer noopener\">FICO Score 9<\/a>, minimiza el impacto de la deuda m\u00e9dica. La puntuaci\u00f3n crediticia de la persona con deuda no se afectar\u00e1 de manera tan grave para las deudas m\u00e9dicas pagadas y las deudas m\u00e9dicas en despachos de cobranzas (fuente: <a href=\"https:\/\/www.debt.org\/medical\/collections\/\" target=\"_blank\" rel=\"noreferrer noopener\">Debt.org<\/a>), como podr\u00eda suceder con las deudas m\u00e1s tradicionales.<\/p>\n\n\n\n<h3 class=\"wp-block-heading\">Despachos de cobranzas de las deudas y deudas m\u00e9dicas<\/h3>\n\n\n\n<p><a href=\"https:\/\/library.nclc.org\/comprehensive-new-fdcpa-regulation-f-takes-effect-november-30#:~:text=Regulation%20F%20requires%20debt%20collectors,specific%20mode%20of%20electronic%20communication\" target=\"_blank\" rel=\"noreferrer noopener\">La nueva regulaci\u00f3n de la Oficina para la Protecci\u00f3n Financiera del Consumidor<\/a> entr\u00f3 en vigor de manera reciente. La nueva Regulaci\u00f3n F, que CFPB explica que forma parte de la <a href=\"https:\/\/www.consumerfinance.gov\/rules-policy\/final-rules\/debt-collection-practices-regulation-f-2020-12\/\" target=\"_blank\" rel=\"noreferrer noopener\">Ley de Pr\u00e1cticas Justas en el Cobro de Deudas<\/a>, limita las facultades de los despachos de cobranzas para contactar a las personas (fuente: <a href=\"https:\/\/www.consumer.ftc.gov\/articles\/debt-collection-faqs\" target=\"_blank\" rel=\"noreferrer noopener\">FTC.gov<\/a>).<\/p>\n\n\n\n<p>Los despachos de cobranzas deben divulgar un m\u00e9todo razonablemente simple y gratuito para excluirse de un medio de comunicaci\u00f3n en particular, por ejemplo, los mensajes de texto o las llamadas telef\u00f3nicas. Asimismo, deben notificar a una persona antes de enviar su informaci\u00f3n al bur\u00f3 de cr\u00e9dito. Tienen prohibido usar las redes sociales para comunicarse con usted.<\/p>\n\n\n\n<p>Algunas leyes estatales, como las de <a href=\"https:\/\/www.acainternational.org\/news\/california-joins-ranks-of-states-with-new-medical-debt-collection-laws\" target=\"_blank\" rel=\"noreferrer noopener\">California<\/a>, ofrecen m\u00e1s protecciones que las normas federales.<\/p>\n\n\n\n<p>Hay estatutos de limitaciones, lo que significa que hay un periodo de tiempo limitado para cobrar la deuda despu\u00e9s de haber incurrido en ella (fuente: <a href=\"https:\/\/www.consumerfinance.gov\/ask-cfpb\/what-is-a-statute-of-limitations-on-a-debt-en-1389\/\">CFPB<\/a>), lo cual aplica para todas las deudas, y que, por lo general, tienen un plazo m\u00e1s corto para las deudas m\u00e9dicas. El periodo de tiempo exacto var\u00eda seg\u00fan el estado. <a href=\"https:\/\/www.thebalance.com\/state-by-state-list-of-statute-of-limitations-on-debt-960881\" target=\"_blank\" rel=\"noreferrer noopener\">The Balance ofrece un desglose del periodo de tiempo de cada estado<\/a>.<\/p>\n\n\n\n<p><strong>Es importante conocer las leyes en su estado<\/strong>, ya que, si hace un pago despu\u00e9s del vencimiento del plazo, podr\u00eda empezar a correr el tiempo de nuevo.<\/p>\n\n\n\n<p>La Comisi\u00f3n Federal de Comercio ha reunido <a href=\"https:\/\/www.consumer.ftc.gov\/articles\/debt-collection-faqs\" target=\"_blank\" rel=\"noreferrer noopener\">una lista de preguntas frecuentes sobre sus derechos<\/a>.<\/p>\n\n\n\n<h2 class=\"wp-block-heading\">\u00bfLos pr\u00e9stamos y las tarjetas de cr\u00e9dito son una buena opci\u00f3n cuando la deuda m\u00e9dica es abrumadora?<\/h2>\n\n\n\n<p>Podr\u00eda elegir recibir un pr\u00e9stamo personal, una tarjeta de cr\u00e9dito con 0 % de inter\u00e9s o una tarjeta de cr\u00e9dito m\u00e9dica. Tome en cuenta que cada una de estas opciones tiene sus contras y podr\u00eda escalar la deuda m\u00e9dica a una deuda regular del consumidor.<\/p>\n\n\n\n<p>La deuda m\u00e9dica tiene ciertas normas y protecciones para el consumidor, pero la deuda regular del consumidor no. Si no puede pagar el saldo de una deuda regular del consumidor antes de que le cobren los intereses, puede ser muy costosa. <a href=\"https:\/\/www.nerdwallet.com\/article\/finance\/pay-medical-debt\" target=\"_blank\" rel=\"noreferrer noopener\">NerdWallet<\/a> y <a href=\"https:\/\/www.experian.com\/blogs\/ask-experian\/how-can-i-get-out-of-medical-debt\/\" target=\"_blank\" rel=\"noreferrer noopener\">Experian<\/a> hablan con mayor detalle sobre estos m\u00e9todos de consolidaci\u00f3n de las deudas.<\/p>\n\n\n\n<p>Si est\u00e1 considerando pedir un pr\u00e9stamo o usar tarjetas de cr\u00e9dito, hablar sobre las opciones de planes de pago con los proveedores podr\u00eda ser un mejor primer paso.<\/p>\n\n\n\n<h2 class=\"wp-block-heading\">\u00bfLa bancarrota es una opci\u00f3n cuando la deuda m\u00e9dica es abrumadora?<\/h2>\n\n\n\n<p>No existe la bancarrota m\u00e9dica, pero la deuda m\u00e9dica podr\u00eda manejarse mediante los procedimientos de bancarrota regulares (fuente: <a href=\"https:\/\/www.experian.com\/blogs\/ask-experian\/can-you-declare-bankruptcy-on-medical-bills\/\" target=\"_blank\" rel=\"noreferrer noopener\">Experian<\/a>).<\/p>\n\n\n\n<p>Aseg\u00farese de capacitarse sobre los procesos de bancarrota antes de tomar una decisi\u00f3n. Puede obtener ayuda en l\u00ednea mediante servicios como <a href=\"https:\/\/upsolve.org\/\" target=\"_blank\" rel=\"noreferrer noopener\">Upsolve<\/a> o al consultar con un abogado en su \u00e1rea.<\/p>\n\n\n\n<p>C\u00f3mo encontrar un abogado en su \u00e1rea:<\/p>\n\n\n\n<ul class=\"wp-block-list\">\n<li>Las direcciones de los sitios web de todas las barras estatales est\u00e1n <a href=\"https:\/\/generalbar.com\/State.aspx\" target=\"_blank\" rel=\"noreferrer noopener\">disponibles en l\u00ednea en generalbar.com<\/a>.<\/li>\n\n\n\n<li>Algunos estados incluyen la ayuda legal gratuita disponible, por ejemplo, <a href=\"https:\/\/www.calbar.ca.gov\/Public\/Need-Legal-Help\/Free-Legal-Help\">California en calbar.gov<\/a>.<\/li>\n\n\n\n<li>Encuentre ayuda legal para cada estado en <a href=\"https:\/\/www.lawhelp.org\/find-help\" target=\"_blank\" rel=\"noreferrer noopener\">LawHelp.org<\/a>.<\/li>\n<\/ul>\n\n\n\n<h2 class=\"wp-block-heading\">Recuerde crear un poder notarial financiero<\/h2>\n\n\n\n<p>Ya sea que se est\u00e9 preparando para la deuda m\u00e9dica o para administrar la deuda existente, no olvide <a href=\"https:\/\/www.caringinfo.org\/es\/planificar\/instrucciones-anticipadas\/poderes-notariales-y-cuidados\/\">ejecutar un poder notarial<\/a>, y revise con frecuencia la informaci\u00f3n m\u00e1s reciente y las regulaciones sobre los <a href=\"https:\/\/www.caringinfo.org\/es\/planificar\/asuntos-financieros\/como-proporcionar-cuidados-financieros\/\">cuidados financieros<\/a>.<\/p>\n","protected":false},"excerpt":{"rendered":"<p>Muchas personas tienen que administrar la deuda m\u00e9dica mientras intentan mantenerse al d\u00eda con los costos de una enfermedad cr\u00f3nica o grave y los cuidados.<\/p>\n","protected":false},"author":6721,"featured_media":0,"parent":2629,"menu_order":2,"comment_status":"closed","ping_status":"closed","template":"","meta":{"_acf_changed":false,"_genesis_hide_title":false,"_genesis_hide_breadcrumbs":false,"_genesis_hide_singular_image":false,"_genesis_hide_footer_widgets":false,"_genesis_custom_body_class":"","_genesis_custom_post_class":"","_genesis_layout":"","footnotes":""},"topic":[],"typeofcare":[],"language":[],"class_list":{"0":"post-2870","1":"page","2":"type-page","3":"status-publish","5":"entry"},"acf":[],"featured_image_src":null,"featured_image_src_square":null,"_links":{"self":[{"href":"https:\/\/www.caringinfo.org\/es\/wp-json\/wp\/v2\/pages\/2870","targetHints":{"allow":["GET"]}}],"collection":[{"href":"https:\/\/www.caringinfo.org\/es\/wp-json\/wp\/v2\/pages"}],"about":[{"href":"https:\/\/www.caringinfo.org\/es\/wp-json\/wp\/v2\/types\/page"}],"author":[{"embeddable":true,"href":"https:\/\/www.caringinfo.org\/es\/wp-json\/wp\/v2\/users\/6721"}],"replies":[{"embeddable":true,"href":"https:\/\/www.caringinfo.org\/es\/wp-json\/wp\/v2\/comments?post=2870"}],"version-history":[{"count":0,"href":"https:\/\/www.caringinfo.org\/es\/wp-json\/wp\/v2\/pages\/2870\/revisions"}],"up":[{"embeddable":true,"href":"https:\/\/www.caringinfo.org\/es\/wp-json\/wp\/v2\/pages\/2629"}],"wp:attachment":[{"href":"https:\/\/www.caringinfo.org\/es\/wp-json\/wp\/v2\/media?parent=2870"}],"wp:term":[{"taxonomy":"topic","embeddable":true,"href":"https:\/\/www.caringinfo.org\/es\/wp-json\/wp\/v2\/topic?post=2870"},{"taxonomy":"typeofcare","embeddable":true,"href":"https:\/\/www.caringinfo.org\/es\/wp-json\/wp\/v2\/typeofcare?post=2870"},{"taxonomy":"language","embeddable":true,"href":"https:\/\/www.caringinfo.org\/es\/wp-json\/wp\/v2\/language?post=2870"}],"curies":[{"name":"wp","href":"https:\/\/api.w.org\/{rel}","templated":true}]}}