{"id":2942,"date":"2023-06-28T13:51:17","date_gmt":"2023-06-28T17:51:17","guid":{"rendered":"https:\/\/www.caringinfo.org\/choosing-an-assisted-living-facility\/"},"modified":"2023-10-23T10:34:24","modified_gmt":"2023-10-23T14:34:24","slug":"centro-de-vida-asistida","status":"publish","type":"page","link":"https:\/\/www.caringinfo.org\/es\/planificar\/como-encontrar-opciones-de-cuidados-fuera-del-hogar\/centro-de-vida-asistida\/","title":{"rendered":"C\u00f3mo elegir un centro de vida asistida"},"content":{"rendered":"\n<p class=\"is-style-large\">Los centros de vida asistida, tambi\u00e9n conocidos como centros de atenci\u00f3n residencial, brindan a los adultos mayores y a las personas que no lo son que requieren apoyo adicional, atenci\u00f3n y supervisi\u00f3n no m\u00e9dicas; son adecuados para personas que necesitan ayuda con las actividades diarias, pero que son capaces de mantener cierto nivel de independencia. Un centro de vida asistida puede sentirse y parecerse a la vida en un departamento, pero cuenta con personal en el lugar para ayudar con tareas como el cuidado personal, la administraci\u00f3n de recetas m\u00e9dicas, las tareas dom\u00e9sticas y la lavander\u00eda, las comidas, las actividades sociales y la atenci\u00f3n de emergencia las 24 horas. Sin embargo, no proporcionan el nivel de ayuda m\u00e9dica o de enfermer\u00eda que proporcionar\u00eda un hogar para adultos mayores.<\/p>\n\n\n\n<p>Por lo general, existen varios niveles de atenci\u00f3n (normalmente con una escala de tarifas variable), con l\u00edmites en la atenci\u00f3n, que se puede proporcionar. Es posible que los residentes que necesiten m\u00e1s atenci\u00f3n tengan que trasladarse a un hogar para adultos mayores o pagar de forma privada atenci\u00f3n externa adicional, si el centro lo permite.<\/p>\n\n\n\n<h2 class=\"wp-block-heading\">Cu\u00e1ndo trasladarse a un centro de vida asistida<\/h2>\n\n\n\n<p>Un indicio de que una persona puede necesitar cambiar la vida independiente o la atenci\u00f3n en el hogar, es cuando requiere m\u00e1s ayuda de la que puede proporcionarse a s\u00ed misma, o de la que puede obtener de familiares, amigos y otras personas.<\/p>\n\n\n\n<p>\u00bfCu\u00e1les son algunas se\u00f1ales de que una persona puede necesitar trasladarse a un centro de vida asistida? Las se\u00f1ales pueden ser grandes o sutiles. \u00bfHay suficiente comida en casa? \u00bfSe est\u00e1 consumiendo? \u00bfSe est\u00e1n tomando los medicamentos? \u00bfLa casa a\u00fan est\u00e1 limpia, ordenada y en buen estado?<\/p>\n\n\n\n<p>Algunas veces las se\u00f1ales son sutiles: una persona se siente sola y tal vez deprimida y no tiene la energ\u00eda para hacer algo al respecto. Se requiere mucha energ\u00eda para administrar un hogar, incluso un hogar de una sola persona, y las personas se cansan.<\/p>\n\n\n\n<p>Estar solo la mayor parte del tiempo es una receta para la depresi\u00f3n en los adultos mayores. <a href=\"https:\/\/www.helpguide.org\/articles\/depression\/depression-in-older-adults.htm\" target=\"_blank\" rel=\"noreferrer noopener\">HelpGuide ofrece informaci\u00f3n sobre c\u00f3mo detectar la depresi\u00f3n en los adultos mayores<\/a>. Tener una vida social activa es esencial para la salud y la felicidad. El aspecto social de la vida asistida puede ser un gran beneficio para los adultos mayores y para quienes no solo son. Los centros que son los adecuados ofrecen una variedad de actividades sociales y recreativas; adem\u00e1s, el entorno comunitario tambi\u00e9n brinda la oportunidad de hacer nuevos amigos. <\/p>\n\n\n\n<p>Encontrar\u00e1 un resumen \u00fatil de los centros y programas de vida asistida en el <a href=\"https:\/\/www.ahcancal.org\/Assisted-Living\/Consumer-Resources\/Pages\/default.aspx\" target=\"_blank\" rel=\"noreferrer noopener\">sitio web de la American Health Care Association\/National Center for Assisted Living<\/a>.<\/p>\n\n\n\n<h2 class=\"wp-block-heading\">\u00bfQui\u00e9n paga la vida asistida?<\/h2>\n\n\n\n<p>Normalmente, los residentes son quienes pagan los centros de vida asistida. Los costos de las comunidades de vida asistida var\u00edan considerablemente, y dependen del tama\u00f1o de las habitaciones, las instalaciones, los servicios que se prestan y de la ubicaci\u00f3n. Es importante calcular el costo aproximado, as\u00ed como entender lo que ocurrir\u00eda si se agotan los fondos personales.<\/p>\n\n\n\n<p>Diversas <a href=\"https:\/\/acl.gov\/ltc\/costs-and-who-pays\/who-pays-long-term-care\" target=\"_blank\" rel=\"noreferrer noopener\">p\u00f3lizas de seguro m\u00e9dico privado y de atenci\u00f3n a largo plazo<\/a> incluyen cobertura de vida asistida o de atenci\u00f3n residencial. Existe una opci\u00f3n integrada en algunas <a href=\"https:\/\/acl.gov\/ltc\/costs-and-who-pays\/who-pays-long-term-care\/using-life-insurance-to-pay-for-long-term-care\" target=\"_blank\" rel=\"noreferrer noopener\">p\u00f3lizas de seguro de vida,<\/a> la cual permite que el titular reciba un anticipo libre de impuestos sobre el beneficio por fallecimiento mientras a\u00fan vive con el fin de ayudar a pagar las necesidades de atenci\u00f3n a largo plazo. Sin embargo, la mayor\u00eda de los costos de los centros de vida asistida se pagan con las finanzas personales de los residentes o de sus familias.<\/p>\n\n\n\n<h3 class=\"wp-block-heading\">\u00bfLos centros de vida asistida aceptan Medicaid y Medicare?<\/h3>\n\n\n\n<p>Si bien <a href=\"https:\/\/www.caringinfo.org\/es\/planificar\/asuntos-financieros\/medicare\/\">Medicare<\/a> no cubre la vida asistida, algunos servicios de atenci\u00f3n medica pueden estar disponibles en circunstancias espec\u00edficas y limitadas.\u00a0<\/p>\n\n\n\n<p>El programa Seguridad de Ingreso Suplementario puede cubrir algunos gastos, y algunos centros pueden participar en programas de subvenciones o en el programa <a href=\"https:\/\/www.caringinfo.org\/es\/planificar\/asuntos-financieros\/medicaid\/\">Medicaid;<\/a> algunos tambi\u00e9n pueden ofrecer programas internos de asistencia. La administraci\u00f3n del centro de vida asistida debe responder sus preguntas sobre los programas de asistencia disponibles.<\/p>\n\n\n\n<p>En determinadas circunstancias, los veteranos y sus c\u00f3nyuges pueden ser elegibles para recibir beneficios que les ayuden a pagar parte de la atenci\u00f3n en una comunidad de vida asistida. Para obtener m\u00e1s informaci\u00f3n sobre el programa <a href=\"https:\/\/www.va.gov\/pension\/aid-attendance-housebound\/\" target=\"_blank\" rel=\"noreferrer noopener\">Ayuda y Asistencia de la Administraci\u00f3n de Veteranos<\/a> visite&nbsp;<a href=\"http:\/\/www.va.gov\/\" target=\"_blank\" rel=\"noreferrer noopener\">www.VA.gov<\/a>&nbsp;o comun\u00edquese con su oficina regional de asuntos para veteranos (Veteran Affairs, VA).<\/p>\n\n\n\n<h2 class=\"wp-block-heading\">Qu\u00e9 hay que tener en cuenta al momento de elegir un centro de vida asistida<\/h2>\n\n\n\n<p>Es una buena idea visitar un centro varias veces a distintas horas del d\u00eda, si es posible; al menos una de estas visitas debe ocurrir sin que d\u00e9 aviso al centro de dicha visita.<\/p>\n\n\n\n<p>Los centros deben proporcionar a los consumidores de forma voluntaria informaci\u00f3n relevante sobre las tarifas b\u00e1sicas, las tarifas espec\u00edficas por servicios adicionales, los niveles de ocupaci\u00f3n, la dotaci\u00f3n de personal y la propiedad. Obtener esta informaci\u00f3n es fundamental para elegir la comunidad de vida asistida o de atenci\u00f3n residencial adecuada.<\/p>\n\n\n\n<p>Cuando se recopile informaci\u00f3n, estas son algunas de las preguntas que deben plantearse al momento de evaluar una comunidad de vida asistida:<\/p>\n\n\n\n<ul class=\"wp-block-list\">\n<li>\u00bfCu\u00e1l es el costo?, \u00bfse paga mensualmente?, \u00bfhay una cuota de admisi\u00f3n?<\/li>\n\n\n\n<li>\u00bfCu\u00e1les son las credenciales, las certificaciones y el estado de la licencia del personal y del centro?<\/li>\n\n\n\n<li>\u00bfQu\u00e9 servicios, de atenci\u00f3n m\u00e9dica y de otro tipo, se incluyen en el costo mensual?<\/li>\n\n\n\n<li>\u00bfSe pueden contratar servicios externos?<\/li>\n\n\n\n<li>\u00bfEl seguro, Medicaid o Medicare cubre alguno de los costos para vivir en dicho centro?<\/li>\n\n\n\n<li>\u00bfQu\u00e9 actividades sociales y recreativas se ofrecen a los residentes?<\/li>\n\n\n\n<li>\u00bfHay televisi\u00f3n de paga?, \u00bfqui\u00e9n hace el pago?<\/li>\n\n\n\n<li>\u00bfCu\u00e1l es el plan y el horario de comidas?<\/li>\n\n\n\n<li>\u00bfC\u00f3mo se cumplen las necesidades diet\u00e9ticas y de atenci\u00f3n espec\u00edficas?<\/li>\n\n\n\n<li>\u00bfUn residente puede elegir su propio m\u00e9dico y administrar su propio plan de atenci\u00f3n?<\/li>\n\n\n\n<li>\u00bfExiste la entrega y distribuci\u00f3n de medicamentos?<\/li>\n\n\n\n<li>\u00bfQu\u00e9 tipo de medidas de seguridad, por ejemplo, un plan de emergencia en caso de incendio, existen y c\u00f3mo gestiona las emergencias el personal?<\/li>\n\n\n\n<li>\u00bfQu\u00e9 tipo de personal est\u00e1 disponible? \u00bfHay personal las 24 horas del d\u00eda?<\/li>\n\n\n\n<li>\u00bfCu\u00e1l es el nivel m\u00e1ximo y m\u00ednimo de atenci\u00f3n que un residente puede recibir?<\/li>\n\n\n\n<li>\u00bfLos familiares de los residentes pueden visitarlos y pasar la noche en el lugar donde viven?<\/li>\n\n\n\n<li>\u00bfUn residente puede vivir ah\u00ed el resto de su vida?<\/li>\n\n\n\n<li>\u00bfCon cu\u00e1les centros de cuidados de hospicio trabaja?, \u00bfest\u00e1n abiertos a otro centro si as\u00ed lo prefiere el residente?<\/li>\n\n\n\n<li>\u00bfHay alguna situaci\u00f3n en la que el residente tenga que mudarse?<\/li>\n<\/ul>\n\n\n\n<p><a href=\"https:\/\/www.caringinfo.org\/es\/planificar\/como-encontrar-opciones-de-cuidados-fuera-del-hogar\/entender-las-alternativas-para-la-atencion-en-casa\/\" target=\"_blank\" rel=\"noreferrer noopener\">Obtenga m\u00e1s informaci\u00f3n sobre otros aspectos que hay que tener en cuenta al momento de trasladar la atenci\u00f3n fuera del hogar.<\/a><\/p>\n\n\n\n<h2 class=\"wp-block-heading\">Requisitos y normas de los centros de vida asistida<\/h2>\n\n\n\n<p>Los centros de servicios de Medicare y Medicaid (Centers for Medicare and Medicaid Services, CMS) no regulan los centros de vida asistida; no existen normas ni inspecciones federales como en el caso de los hogares para adultos mayores, que a menudo paga Medicare. En general, cada estado autoriza los centros de vida asistida. La mejor forma de obtener informaci\u00f3n sobre las reglas, normas  y concesi\u00f3n de licencias de los centros de vida asistida de su estado es visitar el sitio web del departamento de salud p\u00fablica y servicios humanos de su estado. Algunos estados, como California, exigen extensos requisitos para la concesi\u00f3n de licencias. (Fuente: <a href=\"https:\/\/www.cdss.ca.gov\/inforesources\/senior-care-licensing\" target=\"_blank\" rel=\"noreferrer noopener\">Departamento de Servicios Sociales de California<\/a>)<\/p>\n\n\n\n<p>Los centros para el control y la prevenci\u00f3n de enfermedades (Centers for Disease Control and Prevention, CDC) tambi\u00e9n establecen <a href=\"https:\/\/www.cdc.gov\/longtermcare\/index.html\" target=\"_blank\" rel=\"noreferrer noopener\">directrices para evitar la propagaci\u00f3n de infecciones en centros de atenci\u00f3n a largo plazo,<\/a> como los hogares para adultos mayores y centros de vida asistida.<\/p>\n\n\n\n<h2 class=\"wp-block-heading\">Otras alternativas a la atenci\u00f3n en el hogar<\/h2>\n\n\n\n<p>Dependiendo de sus necesidades o de las de su ser querido, y del nivel de independencia, podr\u00eda valer la pena explorar otras alternativas a la atenci\u00f3n en el hogar. Inf\u00f3rmese sobre las siguientes opciones:<\/p>\n\n\n\n<ul class=\"wp-block-list\">\n<li><a href=\"https:\/\/www.caringinfo.org\/es\/planificar\/como-encontrar-opciones-de-cuidados-fuera-del-hogar\/comunidades-de-cuidados-continuos-para-jubilados\/\">Comunidades de atenci\u00f3n continua para jubilados (CCRC)<\/a><\/li>\n\n\n\n<li><a href=\"https:\/\/www.caringinfo.org\/es\/planificar\/como-encontrar-opciones-de-cuidados-fuera-del-hogar\/elegir-un-hogar-para-adultos-mayores\/\">Hogares para adultos mayores<\/a><\/li>\n\n\n\n<li><a href=\"https:\/\/www.caringinfo.org\/es\/planificar\/como-encontrar-opciones-de-cuidados-fuera-del-hogar\/centros-de-enfermeria-especializada\/\">Centros de enfermer\u00eda especializada<\/a><\/li>\n<\/ul>\n","protected":false},"excerpt":{"rendered":"<p>Obtenga informaci\u00f3n sobre las caracter\u00edsticas espec\u00edficas de los centros de vida asistida, cu\u00e1l es el costo, qu\u00e9 preguntas hacer, cu\u00e1ndo es el momento de trasladarse y m\u00e1s.<\/p>\n","protected":false},"author":6721,"featured_media":0,"parent":2945,"menu_order":3,"comment_status":"closed","ping_status":"closed","template":"","meta":{"_acf_changed":false,"_genesis_hide_title":false,"_genesis_hide_breadcrumbs":false,"_genesis_hide_singular_image":false,"_genesis_hide_footer_widgets":false,"_genesis_custom_body_class":"","_genesis_custom_post_class":"","_genesis_layout":"","footnotes":""},"topic":[154],"typeofcare":[],"language":[],"class_list":{"0":"post-2942","1":"page","2":"type-page","3":"status-publish","5":"topic-como-encontrar-opciones-de-cuidados-fuera-del-hogar","6":"entry"},"acf":[],"featured_image_src":null,"featured_image_src_square":null,"_links":{"self":[{"href":"https:\/\/www.caringinfo.org\/es\/wp-json\/wp\/v2\/pages\/2942","targetHints":{"allow":["GET"]}}],"collection":[{"href":"https:\/\/www.caringinfo.org\/es\/wp-json\/wp\/v2\/pages"}],"about":[{"href":"https:\/\/www.caringinfo.org\/es\/wp-json\/wp\/v2\/types\/page"}],"author":[{"embeddable":true,"href":"https:\/\/www.caringinfo.org\/es\/wp-json\/wp\/v2\/users\/6721"}],"replies":[{"embeddable":true,"href":"https:\/\/www.caringinfo.org\/es\/wp-json\/wp\/v2\/comments?post=2942"}],"version-history":[{"count":0,"href":"https:\/\/www.caringinfo.org\/es\/wp-json\/wp\/v2\/pages\/2942\/revisions"}],"up":[{"embeddable":true,"href":"https:\/\/www.caringinfo.org\/es\/wp-json\/wp\/v2\/pages\/2945"}],"wp:attachment":[{"href":"https:\/\/www.caringinfo.org\/es\/wp-json\/wp\/v2\/media?parent=2942"}],"wp:term":[{"taxonomy":"topic","embeddable":true,"href":"https:\/\/www.caringinfo.org\/es\/wp-json\/wp\/v2\/topic?post=2942"},{"taxonomy":"typeofcare","embeddable":true,"href":"https:\/\/www.caringinfo.org\/es\/wp-json\/wp\/v2\/typeofcare?post=2942"},{"taxonomy":"language","embeddable":true,"href":"https:\/\/www.caringinfo.org\/es\/wp-json\/wp\/v2\/language?post=2942"}],"curies":[{"name":"wp","href":"https:\/\/api.w.org\/{rel}","templated":true}]}}