{"id":2943,"date":"2023-06-28T13:50:36","date_gmt":"2023-06-28T17:50:36","guid":{"rendered":"https:\/\/www.caringinfo.org\/continuing-care-retirement-community\/"},"modified":"2023-10-22T15:47:54","modified_gmt":"2023-10-22T19:47:54","slug":"comunidades-de-cuidados-continuos-para-jubilados","status":"publish","type":"page","link":"https:\/\/www.caringinfo.org\/es\/planificar\/como-encontrar-opciones-de-cuidados-fuera-del-hogar\/comunidades-de-cuidados-continuos-para-jubilados\/","title":{"rendered":"C\u00f3mo elegir una comunidad de cuidados continuos para jubilados"},"content":{"rendered":"\n<p class=\"is-style-large\">Las comunidades de cuidados continuos para jubilados (CCRC) son comunidades dise\u00f1adas para atender a adultos mayores, desde su jubilaci\u00f3n hasta el final de la vida. Este tipo de atenci\u00f3n tambi\u00e9n se conoce como envejecimiento en el lugar o \u00abasistencia vital\u00bb. (Fuente: <a href=\"https:\/\/health.usnews.com\/wellness\/articles\/whats-the-best-age-to-move-into-a-ccrc\" target=\"_blank\" rel=\"noreferrer noopener\">U.S. News &amp; World Report<\/a>)<\/p>\n\n\n\n<p class=\"is-style-large\">A diferencia de la <a href=\"https:\/\/www.caringinfo.org\/es\/planificar\/como-encontrar-opciones-de-cuidados-fuera-del-hogar\/centro-de-vida-asistida\/\">vida asistida<\/a> un adulto mayor puede permanecer en una comunidad de cuidados continuos para jubilados a medida que sus necesidades aumentan. Si se encuentra en un <a href=\"https:\/\/www.caringinfo.org\/es\/planificar\/como-encontrar-opciones-de-cuidados-fuera-del-hogar\/centro-de-vida-asistida\/\">centro de vida asistida<\/a>, es posible que tenga que trasladarse a otro establecimiento a medida que sus necesidades de cuidados aumentan.<\/p>\n\n\n\n<p>Una comunidad de cuidados continuos para jubilados puede tener departamentos o casas individuales, un centro de vida independiente, un centro de vida asistida y un centro de enfermer\u00eda. Significa que es posible que los adultos mayores no tienen que preocuparse por mudarse o buscar nuevos cuidados a medida que envejecen y el nivel de cuidados que necesitan aumenta. De acuerdo con sus necesidades, se traslada a una persona de un sitio del \u00abcampus\u00bb a otro. Las personas pueden no requerir cuidados hasta solicitar cuidados de enfermer\u00eda las 24 horas del d\u00eda, los cuales atienden necesidades m\u00e9dicas y de cuidado personal. Tambi\u00e9n pueden ofrecerse comidas, actividades recreativas y servicio dom\u00e9stico seg\u00fan la ubicaci\u00f3n del \u00abcampus\u00bb. Una gran ventaja de las CCRC es que se puede formar y mantener una comunidad con el paso del tiempo.<\/p>\n\n\n\n<p>Las personas interesadas en las CCRC pueden considerar mudarse a una comunidad en cualquier momento a partir de los 65 a\u00f1os, aunque tendr\u00e1n que ser capaces de moverse y vivir de forma independiente cuando lo hagan. (Fuente: <a href=\"https:\/\/health.usnews.com\/wellness\/articles\/whats-the-best-age-to-move-into-a-ccrc\" target=\"_blank\" rel=\"noreferrer noopener\">U.S. News &amp; World Report<\/a>)<\/p>\n\n\n\n<h2 class=\"wp-block-heading\">\u00bfC\u00f3mo se paga una comunidad de cuidados continuos para jubilados?<\/h2>\n\n\n\n<p>El pago de una comunidad de cuidados continuos para jubilados es privado. Normalmente, la persona paga una cantidad inicial y, posteriormente, una cuota mensual.<\/p>\n\n\n\n<h2 class=\"wp-block-heading\">C\u00f3mo entender el modelo de negocio de una comunidad de cuidados continuos para jubilados<\/h2>\n\n\n\n<p>Es importante entender el modelo de negocio de una posible opci\u00f3n de CCRC. Tradicionalmente, las CCRC se gestionaban como organizaciones sin fin de lucro, aunque hoy en d\u00eda algunas comunidades de cuidados continuos para jubilados son gestionadas por instituciones con fines de lucro. Esta diferencia es importante debido a que, si una CCRC es una organizaci\u00f3n con fines de lucro, desear\u00e1 saber de qu\u00e9 manera le afectar\u00eda a usted y a su contrato una posible venta del negocio.<\/p>\n\n\n\n<p>Por ejemplo, si la CCRC se vende a un nuevo propietario, podr\u00eda posiblemente anular los contratos de los residentes o dar lugar a una renegociaci\u00f3n de las condiciones de los contratos ya existentes.<\/p>\n\n\n\n<p>Al igual que con cualquier contrato, lea la letra peque\u00f1a y aseg\u00farese de entender lo que est\u00e1 aceptando. Si lo desea, puede consultar a un abogado o a un asesor financiero para determinar si es conveniente para usted, y para asegurarse de que cualquier contrato que usted o un ser querido firme sea confiable. Tenga cuidado e investigue. <a href=\"https:\/\/www.kiplinger.com\/article\/retirement\/t010-c000-s002-how-to-shop-continuing-care-retirement-community.html\">Kiplinger ofrece un art\u00edculo con m\u00e1s informaci\u00f3n sobre c\u00f3mo elegir una comunidad de cuidados continuos para jubilado<\/a><a href=\"https:\/\/www.kiplinger.com\/article\/retirement\/t010-c000-s002-how-to-shop-continuing-care-retirement-community.html\" target=\"_blank\" rel=\"noreferrer noopener\">s<\/a>.<\/p>\n\n\n\n<p>Algunas CCRC incluyen cl\u00e1usulas en sus contratos sobre la posibilidad de que recupere o no su dinero si decide que, despu\u00e9s de todo, no es la opci\u00f3n adecuada. Algunos ofrecen un reembolso total hasta unos meses despu\u00e9s de mudarse; otros tienen l\u00edmites m\u00e1s estrictos. Por eso es tan importante leer todo el contrato.<\/p>\n\n\n\n<h2 class=\"wp-block-heading\">Qu\u00e9 hay que tener en cuenta al momento de elegir una comunidad de cuidados continuos para jubilados<\/h2>\n\n\n\n<p>Preguntas que hay que tener en cuenta antes de comprometerse mediante un contrato de comunidad de cuidados continuos para jubilados.<\/p>\n\n\n\n<ol class=\"wp-block-list\">\n<li>\u00bfCu\u00e1l es la trayectoria y la experiencia de la CCRC? Averig\u00fce si est\u00e1n patrocinadas por un grupo sin fines de lucro o por una iglesia, y si ese patrocinador tiene realmente alg\u00fan control legal o responsabilidad financiera sobre la CCRC.<\/li>\n\n\n\n<li>\u00bfEst\u00e1n todos los niveles de cuidados autorizados o certificados por el estado y regulados por una organizaci\u00f3n privada de acreditaci\u00f3n de normas de atenci\u00f3n reconocidas?<\/li>\n\n\n\n<li>\u00bfC\u00f3mo est\u00e1 conformado el personal de la CCRC y est\u00e1 acreditado?<\/li>\n\n\n\n<li>\u00bfCu\u00e1les son todas las cuotas que cobra la CCRC y a cu\u00e1nto ascienden? Pregunte sobre las cuotas de entrada, las cuotas mensuales y c\u00f3mo pueden variar en funci\u00f3n del estado civil o el nivel de cuidados.<\/li>\n\n\n\n<li>En dichas cuotas, \u00bfqu\u00e9 servicios se incluyen y qu\u00e9 otros se excluyen o tienen un costo adicional?<\/li>\n\n\n\n<li>\u00bfPueden cambiarse los alojamientos si no cumplen las expectativas o las necesidades? \u00bfY pueden decorarse para que se sientan como en casa?<\/li>\n\n\n\n<li>\u00bfQu\u00e9 tipo de medidas de seguridad, por ejemplo, un plan de emergencia en caso de incendio, existen y c\u00f3mo gestiona las emergencias el personal?<\/li>\n\n\n\n<li>\u00bfCu\u00e1l es el proceso de evaluaci\u00f3n y admisi\u00f3n del establecimiento y qui\u00e9n realiza dicha evaluaci\u00f3n?<\/li>\n\n\n\n<li>\u00bfPuede una persona elegir a su propio m\u00e9dico y gestionar su propio plan de cuidados?<\/li>\n\n\n\n<li>\u00bfQui\u00e9n decide si una persona necesita que se le proporcionen m\u00e1s cuidados y cu\u00e1ndo es el momento?<\/li>\n\n\n\n<li>\u00bfQui\u00e9n paga la atenci\u00f3n m\u00e9dica? \u00bfMedicare, Medicaid, un seguro privado?<\/li>\n\n\n\n<li>\u00bfQu\u00e9 ocurre si se produce una lesi\u00f3n dentro del establecimiento?<\/li>\n\n\n\n<li>\u00bfQu\u00e9 derechos tienen los residentes a participar en la gesti\u00f3n y en los c\u00f3digos de conducta del establecimiento?<\/li>\n\n\n\n<li>\u00bfCu\u00e1les son las normas de conducta y las normas de funcionamiento de la CCRC y qu\u00e9 ocurre si se incumple una norma?<\/li>\n\n\n\n<li>\u00bfCu\u00e1les son los motivos de desalojo y existe el derecho de apelaci\u00f3n?<\/li>\n<\/ol>\n\n\n\n<p>Las preguntas anteriores son una adaptaci\u00f3n de <a href=\"https:\/\/www.amazon.com\/exec\/obidos\/ASIN\/0812929373\/qid%3D980969715\/103-0142078-3772674\" target=\"_blank\" rel=\"noreferrer noopener\">The American Bar Association Legal Guide<\/a> (La Gu\u00eda jur\u00eddica de la American Bar Association) de Charles P. Sabatino, et al., Times Books, Copyright \u00a9 1998 de la American Bar Association. El libro contiene muchas m\u00e1s preguntas detalladas que puede hacer a las CCRC mientras planifica sus cuidados fuera del hogar.<\/p>\n\n\n\n<h2 class=\"wp-block-heading\">Otras alternativas a la atenci\u00f3n en el hogar<\/h2>\n\n\n\n<p>Existen adem\u00e1s, otras opciones de centros de atenci\u00f3n que puede considerar:<\/p>\n\n\n\n<ul class=\"wp-block-list\">\n<li><a href=\"https:\/\/www.caringinfo.org\/es\/planificar\/como-encontrar-opciones-de-cuidados-fuera-del-hogar\/centro-de-vida-asistida\/\">Centros de vida asistida<\/a><\/li>\n\n\n\n<li><a href=\"https:\/\/www.caringinfo.org\/es\/planificar\/como-encontrar-opciones-de-cuidados-fuera-del-hogar\/elegir-un-hogar-para-adultos-mayores\/\">Hogares para adultos mayores<\/a><\/li>\n\n\n\n<li><a href=\"https:\/\/www.caringinfo.org\/es\/planificar\/como-encontrar-opciones-de-cuidados-fuera-del-hogar\/centros-de-enfermeria-especializada\/\">Centros de enfermer\u00eda especializada<\/a><\/li>\n<\/ul>\n","protected":false},"excerpt":{"rendered":"<p>Las comunidades de cuidados continuos para jubilados (CCRC) son comunidades dise\u00f1adas para atender a adultos mayores, desde su jubilaci\u00f3n hasta el final de la vida. Este tipo de atenci\u00f3n tambi\u00e9n se conoce como envejecimiento en el lugar o \u00abasistencia vital\u00bb. (Fuente: U.S. News &amp; World Report) A diferencia de la vida asistida un adulto mayor [&hellip;]<\/p>\n","protected":false},"author":6721,"featured_media":0,"parent":2945,"menu_order":2,"comment_status":"closed","ping_status":"closed","template":"","meta":{"_acf_changed":false,"_genesis_hide_title":false,"_genesis_hide_breadcrumbs":false,"_genesis_hide_singular_image":false,"_genesis_hide_footer_widgets":false,"_genesis_custom_body_class":"","_genesis_custom_post_class":"","_genesis_layout":"","footnotes":""},"topic":[154],"typeofcare":[],"language":[],"class_list":{"0":"post-2943","1":"page","2":"type-page","3":"status-publish","5":"topic-como-encontrar-opciones-de-cuidados-fuera-del-hogar","6":"entry"},"acf":[],"featured_image_src":null,"featured_image_src_square":null,"_links":{"self":[{"href":"https:\/\/www.caringinfo.org\/es\/wp-json\/wp\/v2\/pages\/2943","targetHints":{"allow":["GET"]}}],"collection":[{"href":"https:\/\/www.caringinfo.org\/es\/wp-json\/wp\/v2\/pages"}],"about":[{"href":"https:\/\/www.caringinfo.org\/es\/wp-json\/wp\/v2\/types\/page"}],"author":[{"embeddable":true,"href":"https:\/\/www.caringinfo.org\/es\/wp-json\/wp\/v2\/users\/6721"}],"replies":[{"embeddable":true,"href":"https:\/\/www.caringinfo.org\/es\/wp-json\/wp\/v2\/comments?post=2943"}],"version-history":[{"count":0,"href":"https:\/\/www.caringinfo.org\/es\/wp-json\/wp\/v2\/pages\/2943\/revisions"}],"up":[{"embeddable":true,"href":"https:\/\/www.caringinfo.org\/es\/wp-json\/wp\/v2\/pages\/2945"}],"wp:attachment":[{"href":"https:\/\/www.caringinfo.org\/es\/wp-json\/wp\/v2\/media?parent=2943"}],"wp:term":[{"taxonomy":"topic","embeddable":true,"href":"https:\/\/www.caringinfo.org\/es\/wp-json\/wp\/v2\/topic?post=2943"},{"taxonomy":"typeofcare","embeddable":true,"href":"https:\/\/www.caringinfo.org\/es\/wp-json\/wp\/v2\/typeofcare?post=2943"},{"taxonomy":"language","embeddable":true,"href":"https:\/\/www.caringinfo.org\/es\/wp-json\/wp\/v2\/language?post=2943"}],"curies":[{"name":"wp","href":"https:\/\/api.w.org\/{rel}","templated":true}]}}