{"id":2945,"date":"2023-06-28T13:40:11","date_gmt":"2023-06-28T17:40:11","guid":{"rendered":"https:\/\/www.caringinfo.org\/finding-care-outside-of-the-home\/"},"modified":"2023-10-23T07:54:06","modified_gmt":"2023-10-23T11:54:06","slug":"como-encontrar-opciones-de-cuidados-fuera-del-hogar","status":"publish","type":"page","link":"https:\/\/www.caringinfo.org\/es\/planificar\/como-encontrar-opciones-de-cuidados-fuera-del-hogar\/","title":{"rendered":"C\u00f3mo encontrar opciones de cuidados fuera del hogar"},"content":{"rendered":"\n<div class=\"wp-block-genesis-blocks-gb-columns ci-section ci-section-topic-intro gb-layout-columns-2 gb-2-col-equal alignwide\"><div class=\"gb-layout-column-wrap gb-block-layout-column-gap-2 gb-is-responsive-column\">\n<div class=\"wp-block-genesis-blocks-gb-column gb-block-layout-column\"><div class=\"gb-block-layout-column-inner\">\n<p class=\"has-large-font-size\">Las opciones a los cuidados en el hogar, o \u00abcuidados fuera del hogar\u00bb se refieren a los centros que ofrecen a los residentes un nivel de apoyo continuo que puede no ser posible cuando los cuidados se reciben en el hogar. CaringInfo est\u00e1 aqu\u00ed para ayudarle a entender las opciones que existen a los cuidados en el hogar. Explore esta secci\u00f3n para conocer las opciones de \u00abcuidados que no se prestan en el hogar\u00bb y consideraciones importantes sobre los cuidados al paciente, de modo que pueda tomar las decisiones correctas en el momento oportuno.<\/p>\n\n\n\t<div id=\"ci-list-subtopics-block_1046cbc2965c3f99658c15efa6058bc5\" class=\"ci-block-list-subtopics\">\n\t\t<p><strong>En esta secci\u00f3n, usted encontrar\u00e1 informaci\u00f3n sobre:<\/strong><\/p>\n\t\t<ul>\n\t\t<li><a href=\"https:\/\/www.caringinfo.org\/es\/planificar\/como-encontrar-opciones-de-cuidados-fuera-del-hogar\/entender-las-alternativas-para-la-atencion-en-casa\/\">Qu\u00e9 aspectos hay que tener en cuenta al momento de planificar alternativas a la atenci\u00f3n en el hogar<\/a><\/li><li><a href=\"https:\/\/www.caringinfo.org\/es\/planificar\/como-encontrar-opciones-de-cuidados-fuera-del-hogar\/comunidades-de-cuidados-continuos-para-jubilados\/\">C\u00f3mo elegir una comunidad de cuidados continuos para jubilados<\/a><\/li><li><a href=\"https:\/\/www.caringinfo.org\/es\/planificar\/como-encontrar-opciones-de-cuidados-fuera-del-hogar\/centro-de-vida-asistida\/\">C\u00f3mo elegir un centro de vida asistida<\/a><\/li><li><a href=\"https:\/\/www.caringinfo.org\/es\/planificar\/como-encontrar-opciones-de-cuidados-fuera-del-hogar\/elegir-un-hogar-para-adultos-mayores\/\">C\u00f3mo elegir y pagar un hogar para adultos mayores<\/a><\/li><li><a href=\"https:\/\/www.caringinfo.org\/es\/planificar\/como-encontrar-opciones-de-cuidados-fuera-del-hogar\/centros-de-enfermeria-especializada\/\">Lo qu\u00e9 hay que saber sobre los centros de enfermer\u00eda especializada y sobre la forma en que se reciben los servicios de enfermer\u00eda especializada<\/a><\/li>\t\t<\/ul>\n\t<\/div>\n\t<\/div><\/div>\n\n\n\n<div class=\"wp-block-genesis-blocks-gb-column topic-intro-image gb-block-layout-column\"><div class=\"gb-block-layout-column-inner\">\n<figure class=\"wp-block-image size-large\"><img loading=\"lazy\" decoding=\"async\" width=\"1024\" height=\"728\" src=\"https:&#47;&#x2f;&#119;&#x77;&#119;&#x2e;&#99;&#x61;&#114;&#x69;&#110;&#x67;i&#x6e;f&#x6f;&#46;&#x6f;r&#x67;\/&#x77;p&#45;&#x63;&#111;&#x6e;&#116;&#x65;&#110;&#x74;&#47;&#x75;&#112;&#x6c;&#111;&#x61;d&#x73;\/&#x63;a&#x72;e&#x6e;o&#x74;a&#116;&#x68;&#111;&#x6d;&#101;&#x2d;&#107;&#x65;&#121;&#x40;&#50;&#x78;&#45;&#x31;0&#x32;4&#x78;7&#x32;8&#x2e;p&#x6e;g\" alt=\"Una persona pensando en las opciones a los cuidados en el hogar.\" class=\"wp-image-2911\" srcset=\"https:\/\/www&#46;caringinfo&#46;org\/wp-&#99;&#111;&#110;&#116;&#101;&#110;&#116;&#47;&#117;&#112;&#108;&#111;&#97;&#100;&#115;&#47;&#99;&#97;&#114;&#101;&#110;&#111;&#116;&#97;&#116;&#104;&#111;&#109;&#101;&#45;&#107;&#x65;&#x79;&#x40;&#x32;&#x78;&#x2d;&#x31;&#x30;&#x32;&#x34;&#x78;&#x37;&#x32;&#x38;&#x2e;&#x70;&#x6e;&#x67; 1024w, https:&#47;&#x2f;w&#x77;&#x77;&#46;&#x63;a&#x72;&#x69;&#110;&#x67;i&#x6e;&#x66;&#111;&#x2e;o&#x72;&#x67;&#47;&#x77;p&#x2d;&#x63;&#111;&#x6e;t&#x65;&#x6e;&#116;&#x2f;u&#x70;&#x6c;&#111;&#x61;d&#x73;&#x2f;&#99;&#x61;r&#x65;&#x6e;&#111;&#x74;a&#x74;&#x68;&#111;&#x6d;e&#x2d;&#x6b;&#101;&#x79;&#64;&#x32;&#x78;&#45;&#x33;0&#x30;&#x78;&#50;&#x31;3&#x2e;&#x70;&#110;&#x67; 300w, https:&#x2f;&#x2f;&#x77;&#x77;&#x77;&#x2e;&#x63;&#x61;&#x72;&#x69;&#x6e;&#x67;&#x69;&#x6e;&#x66;&#x6f;&#x2e;&#x6f;&#x72;&#x67;&#x2f;&#x77;&#x70;&#x2d;&#x63;&#x6f;&#x6e;&#x74;&#x65;&#x6e;&#x74;&#x2f;&#x75;&#x70;&#x6c;&#x6f;&#x61;&#x64;&#x73;&#x2f;&#x63;&#x61;&#x72;&#x65;&#110;&#111;&#116;&#97;&#116;&#104;&#111;&#109;&#101;&#45;&#107;&#101;&#121;&#64;&#50;&#120;&#45;&#49;&#50;&#55;&#120;&#57;&#48;&#46;&#112;&#110;&#103; 127w, https:\/\/www&#46;caring&#105;&#110;&#102;&#111;&#46;&#111;&#114;&#103;&#47;&#119;&#112;&#45;&#99;&#111;&#110;&#x74;&#x65;&#x6e;&#x74;&#x2f;&#x75;&#x70;&#x6c;&#x6f;&#x61;&#x64;&#x73;&#x2f;&#x63;&#x61;&#x72;&#x65;&#x6e;&#x6f;&#x74;&#x61;&#x74;&#x68;ome-key&#64;2x-7&#54;&#56;&#120;&#53;&#52;&#54;&#46;&#112;&#110;&#103; 768w, https:&#x2f;&#47;w&#x77;&#x77;&#46;c&#x61;&#x72;&#105;n&#x67;&#105;n&#x66;&#x6f;&#46;o&#x72;&#x67;&#47;w&#x70;&#45;&#99;&#x6f;&#x6e;&#116;e&#x6e;&#x74;&#47;u&#x70;&#108;&#111;a&#x64;&#115;\/&#x63;&#x61;&#114;e&#x6e;&#x6f;&#116;a&#x74;&#104;o&#x6d;&#x65;&#45;k&#x65;&#x79;&#64;2&#x78;&#45;&#49;&#x35;&#x33;&#54;x&#x31;&#x30;&#57;2&#x2e;&#x70;&#110;g 1536w, https:&#x2f;&#x2f;&#x77;&#x77;&#x77;&#x2e;&#x63;&#x61;&#x72;&#x69;&#x6e;&#x67;&#x69;&#x6e;&#x66;&#x6f;&#x2e;&#x6f;&#x72;&#x67;&#x2f;&#x77;&#x70;&#x2d;&#x63;&#x6f;&#x6e;&#x74;&#x65;&#x6e;&#x74;&#x2f;&#x75;&#x70;&#x6c;&#x6f;&#x61;&#x64;&#x73;&#x2f;&#x63;&#x61;&#x72;&#x65;&#110;&#111;&#116;&#97;&#116;&#104;&#111;&#109;&#101;&#45;&#107;&#101;&#121;&#64;&#50;&#120;&#46;&#112;&#110;&#103; 1800w\" sizes=\"auto, (max-width: 1024px) 100vw, 1024px\" \/><\/figure>\n<\/div><\/div>\n<\/div><\/div>\n\n\n\n<div class=\"wp-block-genesis-blocks-gb-container alignwide ci-section ci-section-topic-block gb-block-container\"><div class=\"gb-container-inside\"><div class=\"gb-container-content\">\n<h2 class=\"wp-block-heading\">Qu\u00e9 hay que tener en cuenta cuando se buscan opciones a los cuidados en el hogar<\/h2>\n\n\n\n<div class=\"wp-block-genesis-blocks-gb-columns gb-layout-columns-2 gb-2-col-wideright alignwide\"><div class=\"gb-layout-column-wrap gb-block-layout-column-gap-2 gb-is-responsive-column\">\n<div class=\"wp-block-genesis-blocks-gb-column gb-block-layout-column\"><div class=\"gb-block-layout-column-inner\">\n<figure class=\"wp-block-image size-full\"><img loading=\"lazy\" decoding=\"async\" width=\"1800\" height=\"1280\" src=\"https:&#47;&#x2f;w&#119;&#x77;&#46;&#x63;a&#114;&#x69;n&#x67;&#x69;&#110;&#x66;o&#46;&#x6f;r&#x67;&#x2f;&#119;&#x70;-&#99;&#x6f;&#110;&#x74;e&#110;&#x74;\/&#117;&#x70;&#108;&#x6f;a&#100;&#x73;\/&#x63;&#x61;&#114;&#x65;n&#111;&#x74;a&#x74;&#x68;&#111;&#x6d;e&#45;&#x6d;&#111;&#x76;i&#110;&#x67;&#64;&#x32;&#x78;&#46;&#x70;n&#103;\" alt=\"Dos personas hablan de trasladar los cuidados fuera del hogar. Un globo de di\u00e1logo con el dibujo de un cami\u00f3n de mudanzas.\" class=\"wp-image-2919\" srcset=\"https:&#x2f;&#x2f;&#119;w&#x77;&#x2e;&#x63;&#97;r&#x69;&#x6e;&#x67;&#105;n&#x66;&#x6f;&#x2e;&#111;r&#x67;&#x2f;&#x77;&#112;-&#x63;&#x6f;&#x6e;&#116;e&#x6e;&#x74;&#x2f;&#117;p&#x6c;&#x6f;&#x61;&#100;s&#x2f;&#x63;&#x61;&#114;e&#x6e;&#x6f;&#x74;&#97;t&#x68;&#x6f;&#x6d;&#101;-&#x6d;&#x6f;&#x76;&#105;n&#x67;&#x40;&#x32;&#120;&#46;&#x70;&#x6e;&#x67; 1800w, https:&#x2f;\/&#x77;&#119;w&#x2e;&#99;&#x61;&#x72;i&#x6e;&#103;i&#x6e;&#102;&#x6f;&#46;o&#x72;&#103;\/&#x77;&#112;&#x2d;&#99;o&#x6e;&#116;&#x65;&#x6e;t&#x2f;&#117;p&#x6c;&#111;&#x61;&#x64;s&#x2f;&#99;a&#x72;&#101;&#x6e;&#111;t&#x61;&#116;&#x68;&#x6f;m&#x65;&#45;m&#x6f;&#118;&#x69;&#x6e;g&#x40;&#50;x&#x2d;&#51;&#x30;&#48;x&#x32;&#49;3&#x2e;&#112;&#x6e;&#103; 300w, https:\/&#47;&#x77;&#x77;&#x77;&#46;&#99;&#x61;&#x72;&#x69;n&#103;&#x69;&#x6e;&#x66;o&#46;&#x6f;&#x72;&#x67;\/&#119;&#x70;&#x2d;&#x63;o&#110;&#x74;&#x65;&#x6e;t&#47;&#x75;&#x70;&#x6c;o&#97;&#x64;&#x73;&#x2f;c&#97;&#x72;&#x65;&#x6e;o&#116;&#x61;&#x74;&#x68;o&#109;&#x65;&#x2d;&#x6d;o&#118;&#x69;&#x6e;&#x67;&#64;&#50;&#x78;&#x2d;&#x31;0&#50;&#x34;&#x78;&#x37;2&#56;&#x2e;&#x70;&#x6e;g 1024w, https:\/\/www&#46;caring&#105;&#110;&#102;&#111;&#46;&#111;&#114;&#103;&#47;&#119;&#112;&#45;&#99;&#111;&#110;&#x74;&#x65;&#x6e;&#x74;&#x2f;&#x75;&#x70;&#x6c;&#x6f;&#x61;&#x64;&#x73;&#x2f;&#x63;&#x61;&#x72;&#x65;&#x6e;&#x6f;&#x74;&#x61;&#x74;&#x68;ome-moving&#64;2&#120;&#45;&#49;&#50;&#55;&#120;&#57;&#48;&#46;&#112;&#110;&#103; 127w, https:\/&#47;&#119;&#x77;&#x77;&#x2e;ca&#114;&#105;&#x6e;&#x67;&#x69;n&#102;&#111;&#46;&#x6f;&#x72;&#x67;\/&#119;&#112;&#x2d;&#x63;&#x6f;nt&#101;&#110;&#x74;&#x2f;&#x75;p&#108;&#111;&#97;&#x64;&#x73;&#x2f;c&#97;&#114;&#x65;&#x6e;&#x6f;ta&#116;&#104;&#x6f;&#x6d;&#x65;-&#109;&#111;&#118;&#x69;&#x6e;&#x67;&#64;&#50;&#120;&#x2d;&#x37;&#x36;8x&#53;&#52;&#x36;&#x2e;&#x70;n&#103; 768w, https:&#47;\/&#x77;w&#x77;&#46;&#x63;a&#x72;&#105;&#x6e;&#103;&#x69;&#110;&#x66;&#111;&#46;&#111;r&#x67;\/&#x77;p&#x2d;&#99;&#x6f;&#110;&#x74;&#101;&#x6e;&#116;&#x2f;&#117;p&#108;o&#x61;d&#x73;\/&#x63;&#97;&#x72;&#101;&#x6e;&#111;&#x74;&#97;&#x74;&#104;o&#x6d;e&#x2d;m&#x6f;v&#x69;&#110;&#x67;&#64;&#x32;&#120;&#x2d;&#49;&#x35;&#51;6&#x78;1&#x30;9&#x32;&#46;&#x70;&#110;&#x67; 1536w\" sizes=\"auto, (max-width: 1800px) 100vw, 1800px\" \/><\/figure>\n<\/div><\/div>\n\n\n\n<div class=\"wp-block-genesis-blocks-gb-column gb-block-layout-column\"><div class=\"gb-block-layout-column-inner\">\n<p>Puede haber varias razones para considerar el traslado de un paciente que previamente ha recibido cuidados en el hogar a un establecimiento diferente. Las decisiones no tienen que ver con el lugar donde se prestar\u00e1n los cuidados, sino con las necesidades del paciente en su d\u00eda a d\u00eda.<\/p>\n\n\n\t<div id=\"ci-list-subtopics-block_9ce8fa18b58670ace75df8aeec567af3\" class=\"ci-block-list-content-of-interest\">\n\t\t<p><strong>Inf\u00f3rmese sobre las siguientes opciones:<\/strong><\/p>\n\t\t<ul>\n\t\t\t\t\t<li><a href=\"https:\/\/www.caringinfo.org\/planning\/finding-care-outside-of-the-home\/understanding-alternatives-to-in-home-care\/\" class=\"button\">\u00bfPor d\u00f3nde hay que empezar cuando se consideran los cuidados fuera del hogar?<\/a><\/li>\t\n\t\t\t\t\t<li><a href=\"https:\/\/www.caringinfo.org\/planning\/finding-care-outside-of-the-home\/understanding-alternatives-to-in-home-care\/#hablar-sobre-el-traslado\" class=\"button\">\u00bfDe qu\u00e9 forma puedo hablar sobre el traslado de los cuidados fuera del hogar con mi ser querido? <\/a><\/li>\t\n\t\t\t\t\t<li><a href=\"https:\/\/www.caringinfo.org\/planning\/finding-care-outside-of-the-home\/understanding-alternatives-to-in-home-care\/#preguntas\" class=\"button\">\u00bfCu\u00e1les son las preguntas clave que debo hacer para encontrar la opci\u00f3n de cuidados adecuada? <\/a><\/li>\t\n\t\t\t\t\t<li><a href=\"https:\/\/www.caringinfo.org\/planning\/finding-care-outside-of-the-home\/understanding-alternatives-to-in-home-care\/#acojedor\" class=\"button\">\u00bfC\u00f3mo puedo encontrar establecimientos que acojan a la comunidad LGBTQ+? <\/a><\/li>\t\n\t\t\t\t<\/ul>\n\t<\/div>\n\t<\/div><\/div>\n<\/div><\/div>\n<\/div><\/div><\/div>\n\n\n\n<div class=\"wp-block-genesis-blocks-gb-container alignwide ci-section ci-section-topic-block gb-block-container\"><div class=\"gb-container-inside\"><div class=\"gb-container-content\">\n<h2 class=\"wp-block-heading\">\u00bfCu\u00e1les son las opciones a los cuidados en el hogar?<\/h2>\n\n\n\n<div class=\"wp-block-genesis-blocks-gb-columns gb-layout-columns-2 gb-2-col-wideright alignwide\"><div class=\"gb-layout-column-wrap gb-block-layout-column-gap-2 gb-is-responsive-column\">\n<div class=\"wp-block-genesis-blocks-gb-column gb-block-layout-column\"><div class=\"gb-block-layout-column-inner\">\n<figure class=\"wp-block-image size-large\"><img loading=\"lazy\" decoding=\"async\" width=\"1024\" height=\"728\" src=\"https:&#x2f;&#x2f;&#119;&#119;w&#x2e;&#x63;&#x61;&#114;&#105;n&#x67;&#x69;&#x6e;&#102;&#111;&#46;&#x6f;&#x72;&#x67;&#47;&#119;p&#x2d;&#x63;&#x6f;&#110;te&#x6e;&#x74;&#x2f;&#117;pl&#x6f;&#x61;&#100;&#115;\/c&#x61;&#x72;&#101;&#110;ot&#x61;&#x74;&#104;&#111;m&#x65;&#x2d;&#x72;&#101;&#115;e&#x61;&#x72;&#x63;&#104;&#64;2&#x78;&#x2d;&#x31;&#48;&#50;4&#x78;&#x37;&#x32;&#56;&#46;p&#x6e;&#x67;\" alt=\"Una persona buscando opciones a los cuidados en el hogar.\" class=\"wp-image-2923\" srcset=\"https:&#x2f;&#x2f;&#x77;&#x77;&#x77;&#x2e;&#x63;&#x61;&#x72;&#x69;&#x6e;&#x67;&#x69;&#x6e;&#102;&#111;&#46;&#111;&#114;&#103;&#47;&#119;&#112;&#45;&#99;ontent\/u&#x70;&#x6c;&#x6f;&#x61;&#x64;&#x73;&#x2f;&#x63;&#x61;&#x72;&#x65;&#x6e;&#x6f;&#x74;&#x61;&#116;&#104;&#111;&#109;&#101;&#45;&#114;&#101;&#115;&#101;arch&#64;2x-&#x31;&#x30;&#x32;&#x34;&#x78;&#x37;&#x32;&#x38;&#x2e;&#x70;&#x6e;&#x67; 1024w, https:&#x2f;&#x2f;&#x77;&#x77;&#x77;&#x2e;&#x63;&#x61;&#x72;&#x69;&#x6e;&#x67;&#x69;&#x6e;&#102;&#111;&#46;&#111;&#114;&#103;&#47;&#119;&#112;&#45;&#99;ontent\/u&#x70;&#x6c;&#x6f;&#x61;&#x64;&#x73;&#x2f;&#x63;&#x61;&#x72;&#x65;&#x6e;&#x6f;&#x74;&#x61;&#116;&#104;&#111;&#109;&#101;&#45;&#114;&#101;&#115;&#101;arch&#64;2x-&#x33;&#x30;&#x30;&#x78;&#x32;&#x31;&#x33;&#x2e;&#x70;&#x6e;&#x67; 300w, https:&#x2f;\/&#x77;&#119;&#x77;&#46;c&#x61;&#114;&#x69;&#110;g&#x69;&#110;&#x66;&#111;&#46;&#x6f;r&#x67;&#47;&#x77;&#x70;-&#x63;&#111;&#x6e;&#116;e&#x6e;&#116;&#x2f;&#117;p&#x6c;o&#x61;&#100;s&#x2f;c&#x61;&#114;&#x65;&#110;o&#x74;&#97;&#x74;&#104;o&#x6d;&#101;&#x2d;&#114;e&#x73;e&#x61;&#114;&#x63;&#x68;&#64;&#x32;&#120;&#x2d;&#49;2&#x37;&#120;&#x39;&#48;&#46;&#x70;&#110;&#x67; 127w, https:\/\/www&#46;caring&#105;&#110;&#102;&#111;&#46;&#111;&#114;&#103;&#47;&#119;&#112;&#45;&#99;&#111;&#110;&#x74;&#x65;&#x6e;&#x74;&#x2f;&#x75;&#x70;&#x6c;&#x6f;&#x61;&#x64;&#x73;&#x2f;&#x63;&#x61;&#x72;&#x65;&#x6e;&#x6f;&#x74;&#x61;&#x74;&#x68;ome-research&#64;&#50;&#120;&#45;&#55;&#54;&#56;&#120;&#53;&#52;&#54;&#46;&#112;&#110;&#103; 768w, https:&#47;&#47;&#x77;w&#119;&#x2e;&#x63;a&#114;&#x69;&#x6e;g&#105;&#x6e;f&#111;&#x2e;&#x6f;r&#103;&#x2f;&#x77;p&#45;&#x63;o&#110;&#x74;&#x65;n&#116;&#x2f;&#x75;p&#108;&#x6f;&#x61;&#100;&#115;&#x2f;c&#97;&#x72;&#x65;n&#111;&#x74;&#x61;t&#104;&#x6f;m&#101;&#x2d;&#x72;e&#115;&#x65;&#x61;r&#99;&#x68;&#64;&#50;&#120;&#x2d;1&#53;&#x33;&#x36;x&#49;&#x30;&#x39;&#50;&#46;&#x70;n&#103; 1536w, https:&#x2f;&#47;&#x77;&#x77;w&#x2e;&#99;a&#x72;&#105;n&#x67;&#105;&#x6e;&#x66;o&#x2e;&#111;r&#x67;&#47;w&#x70;&#45;&#x63;&#x6f;&#110;&#x74;&#x65;n&#x74;&#47;u&#x70;&#108;o&#x61;&#100;&#x73;&#x2f;c&#x61;&#114;e&#x6e;&#111;t&#x61;&#116;&#x68;&#x6f;&#109;&#x65;&#x2d;r&#x65;&#115;e&#x61;&#114;c&#x68;&#64;&#x32;&#x78;&#46;&#x70;&#110;g 1800w\" sizes=\"auto, (max-width: 1024px) 100vw, 1024px\" \/><\/figure>\n<\/div><\/div>\n\n\n\n<div class=\"wp-block-genesis-blocks-gb-column gb-block-layout-column\"><div class=\"gb-block-layout-column-inner\">\n<p>Existen diversos tipos de establecimientos que proporcionan cuidados fuera del hogar. Los hogares para adultos mayores son solo una de estas opciones que est\u00e1 disponible para ayudar a los cuidadores y a los pacientes. Algunas opciones pueden tener mejores servicios para adultos mayores independientes; otras, sin embargo, pueden tener mejores servicios para cuidados intensivos.<\/p>\n\n\n\t<div id=\"ci-list-subtopics-block_12e0ed8cfec79eb122cdb58345b20951\" class=\"ci-block-list-content-of-interest\">\n\t\t<p><strong>Inf\u00f3rmese sobre las siguientes opciones:<\/strong><\/p>\n\t\t<ul>\n\t\t\t\t\t<li><a href=\"https:\/\/www.caringinfo.org\/planning\/finding-care-outside-of-the-home\/continuing-care-retirement-community\/\" class=\"button\">\u00bfQu\u00e9 son las comunidades de cuidados continuos para jubilados? <\/a><\/li>\t\n\t\t\t\t\t<li><a href=\"https:\/\/www.caringinfo.org\/planning\/finding-care-outside-of-the-home\/choosing-an-assisted-living-facility\/\" class=\"button\">\u00bfCu\u00e1les son las diferencias entre los centros de vida asistida y los hogares para adultos mayores? <\/a><\/li>\t\n\t\t\t\t\t<li><a href=\"https:\/\/www.caringinfo.org\/planning\/finding-care-outside-of-the-home\/nursing-homes\/\" class=\"button\">\u00bfQu\u00e9 servicios ofrecen los hogares para adultos mayores? <\/a><\/li>\t\n\t\t\t\t\t<li><a href=\"https:\/\/www.caringinfo.org\/es\/planificar\/como-encontrar-opciones-de-cuidados-fuera-del-hogar\/elegir-un-hogar-para-adultos-mayores\/#hospicio\" class=\"button\">\u00bfLos hogares para adultos mayores proporcionan cuidados de hospicio? <\/a><\/li>\t\n\t\t\t\t<\/ul>\n\t<\/div>\n\t<\/div><\/div>\n<\/div><\/div>\n<\/div><\/div><\/div>\n\n\n\n<div class=\"wp-block-genesis-blocks-gb-container alignwide ci-section ci-section-topic-block gb-block-container\"><div class=\"gb-container-inside\"><div class=\"gb-container-content\">\n<h2 class=\"wp-block-heading\">\u00bfQu\u00e9 es un centro de enfermer\u00eda especializada?<\/h2>\n\n\n\n<div class=\"wp-block-genesis-blocks-gb-columns gb-layout-columns-2 gb-2-col-wideright alignwide\"><div class=\"gb-layout-column-wrap gb-block-layout-column-gap-2 gb-is-responsive-column\">\n<div class=\"wp-block-genesis-blocks-gb-column gb-block-layout-column\"><div class=\"gb-block-layout-column-inner\">\n<figure class=\"wp-block-image size-large\"><img loading=\"lazy\" decoding=\"async\" width=\"1024\" height=\"728\" src=\"https:&#x2f;&#x2f;&#119;ww&#x2e;&#x63;&#97;&#114;i&#x6e;&#x67;&#105;&#110;f&#x6f;&#x2e;&#x6f;&#114;g\/&#x77;&#x70;&#45;&#99;o&#x6e;&#x74;&#101;&#110;t&#x2f;&#x75;&#112;&#108;o&#x61;&#x64;&#x73;&#47;ca&#x72;&#x65;&#110;&#111;t&#x61;&#x74;&#104;&#111;m&#x65;&#x2d;&#115;&#110;f&#x40;&#x32;&#x78;&#45;10&#x32;&#x34;&#120;&#55;2&#x38;&#x2e;&#112;&#110;g\" alt=\"Un m\u00e9dico habla con un paciente en su cama.\" class=\"wp-image-2926\" srcset=\"https:\/&#47;&#x77;&#x77;w&#46;&#x63;&#x61;r&#105;&#110;&#x67;&#x69;n&#102;&#x6f;&#x2e;o&#114;&#x67;&#x2f;w&#112;&#45;&#x63;&#x6f;n&#116;&#x65;&#x6e;t&#47;&#x75;&#x70;l&#111;&#97;&#x64;&#x73;\/&#99;&#x61;&#x72;e&#110;&#x6f;&#x74;a&#116;&#104;&#x6f;&#x6d;e&#45;&#x73;&#x6e;f&#64;&#x32;&#x78;-&#49;&#48;&#x32;&#x34;x&#55;&#x32;&#x38;&#46;&#112;&#x6e;&#x67; 1024w, https:&#x2f;&#47;&#119;&#x77;&#x77;&#46;&#99;&#x61;&#x72;&#105;&#110;&#x67;&#x69;&#110;&#102;&#x6f;&#x2e;&#111;&#114;&#x67;&#x2f;&#119;&#112;&#x2d;&#x63;&#111;&#110;&#x74;&#x65;&#110;&#116;&#x2f;&#x75;&#112;&#108;&#x6f;&#x61;&#100;&#115;&#x2f;&#x63;&#97;&#114;&#x65;&#x6e;&#111;&#116;&#x61;&#x74;&#104;&#111;&#x6d;&#x65;&#45;&#115;&#x6e;&#x66;&#64;&#50;&#x78;&#x2d;&#51;&#48;&#x30;&#x78;&#50;&#49;&#x33;&#x2e;&#112;&#110;&#x67; 300w, https:&#x2f;&#x2f;&#x77;&#x77;&#119;&#46;&#99;ar&#x69;&#x6e;&#x67;&#x69;&#x6e;&#102;&#111;&#46;or&#x67;&#x2f;&#x77;&#x70;&#x2d;&#99;&#111;&#110;te&#x6e;&#x74;&#x2f;&#x75;&#x70;&#108;&#111;&#97;ds&#x2f;&#x63;&#x61;&#x72;&#x65;&#110;&#111;&#116;at&#x68;&#x6f;&#x6d;&#x65;&#x2d;&#115;&#110;&#102;&#64;2&#x78;&#x2d;&#x31;&#x32;&#x37;&#120;&#57;&#48;&#46;p&#x6e;&#x67; 127w, https:&#x2f;&#47;w&#x77;&#119;&#46;&#x63;&#97;r&#x69;&#110;g&#x69;&#110;f&#x6f;&#x2e;o&#x72;&#x67;&#47;&#x77;&#x70;&#45;&#x63;&#x6f;&#110;t&#x65;&#110;t&#x2f;&#117;p&#x6c;&#111;a&#x64;&#115;\/&#x63;&#x61;r&#x65;&#x6e;&#111;&#x74;&#x61;&#116;&#x68;&#x6f;&#109;e&#x2d;&#115;n&#x66;&#64;2&#x78;&#45;7&#x36;&#56;x&#x35;&#x34;6&#x2e;&#x70;&#110;&#x67; 768w, https:\/&#47;&#x77;&#x77;w&#46;&#x63;&#x61;r&#105;&#x6e;&#x67;i&#110;&#x66;&#x6f;&#46;&#111;&#x72;&#x67;\/&#119;&#112;&#x2d;&#x63;o&#110;&#x74;&#x65;n&#116;&#x2f;&#x75;p&#108;&#x6f;&#x61;d&#115;&#x2f;&#x63;a&#114;&#x65;&#x6e;o&#116;&#97;&#x74;&#x68;o&#109;&#x65;&#x2d;s&#110;&#x66;&#x40;2&#120;&#x2d;&#x31;5&#51;&#x36;&#x78;1&#48;&#x39;&#x32;&#46;&#112;&#110;&#x67; 1536w, https:&#x2f;&#x2f;&#x77;&#x77;&#x77;&#x2e;&#x63;&#x61;&#x72;&#x69;&#x6e;&#x67;&#x69;&#x6e;&#x66;&#x6f;&#x2e;&#x6f;&#x72;&#x67;&#x2f;&#x77;&#x70;&#x2d;&#x63;&#x6f;&#x6e;&#x74;&#x65;&#x6e;&#x74;&#x2f;&#x75;&#x70;&#x6c;&#x6f;&#x61;&#x64;&#x73;&#x2f;&#x63;&#x61;&#x72;&#x65;&#x6e;&#x6f;&#x74;&#x61;&#x74;&#x68;&#x6f;&#x6d;&#x65;&#x2d;&#x73;&#x6e;&#x66;&#x40;&#x32;&#x78;&#x2e;&#x70;&#x6e;&#x67; 1800w\" sizes=\"auto, (max-width: 1024px) 100vw, 1024px\" \/><\/figure>\n<\/div><\/div>\n\n\n\n<div class=\"wp-block-genesis-blocks-gb-column gb-block-layout-column\"><div class=\"gb-block-layout-column-inner\">\n<p>Un centro de enfermer\u00eda especializada brinda residencia temporal a pacientes que siguen un tratamiento de rehabilitaci\u00f3n m\u00e9dicamente necesario. Pueden encontrarse en el mismo edificio que los hogares para adultos mayores, lo que puede causar confusi\u00f3n cuando se habla de opciones de cuidados. Conozca las diferencias entre los servicios que prestan los centros de enfermer\u00eda especializada y los hogares para adultos mayores para poder tomar una decisi\u00f3n informada.<\/p>\n\n\n\t<div id=\"ci-list-subtopics-block_7fb01faf11aa37d61474a611fd483d07\" class=\"ci-block-list-content-of-interest\">\n\t\t<p><strong>Inf\u00f3rmese sobre las siguientes opciones:<\/strong><\/p>\n\t\t<ul>\n\t\t\t\t\t<li><a href=\"https:\/\/www.caringinfo.org\/planning\/finding-care-outside-of-the-home\/skilled-nursing-facilities\/\" class=\"button\">\u00bfCu\u00e1l es la diferencia entre un centro de enfermer\u00eda especializada y un hogar para adultos mayores? <\/a><\/li>\t\n\t\t\t\t\t<li><a href=\"https:\/\/www.caringinfo.org\/planning\/finding-care-outside-of-the-home\/skilled-nursing-facilities\/#pago\" class=\"button\">\u00bfC\u00f3mo se pagan los cuidados de enfermer\u00eda especializada? <\/a><\/li>\t\n\t\t\t\t<\/ul>\n\t<\/div>\n\t<\/div><\/div>\n<\/div><\/div>\n<\/div><\/div><\/div>\n","protected":false},"excerpt":{"rendered":"<p>Las opciones a los cuidados en el hogar, o \u00abcuidados fuera del hogar\u00bb, se refieren a los establecimientos que ofrecen a los residentes un nivel de apoyo continuo que puede no ser posible cuando los cuidados se reciben en el hogar.<\/p>\n","protected":false},"author":6721,"featured_media":0,"parent":2625,"menu_order":2,"comment_status":"closed","ping_status":"closed","template":"template-page-topic.php","meta":{"_acf_changed":false,"_genesis_hide_title":false,"_genesis_hide_breadcrumbs":false,"_genesis_hide_singular_image":false,"_genesis_hide_footer_widgets":false,"_genesis_custom_body_class":"","_genesis_custom_post_class":"","_genesis_layout":"","footnotes":""},"topic":[154],"typeofcare":[],"language":[],"class_list":{"0":"post-2945","1":"page","2":"type-page","3":"status-publish","5":"topic-como-encontrar-opciones-de-cuidados-fuera-del-hogar","6":"entry"},"acf":[],"featured_image_src":null,"featured_image_src_square":null,"_links":{"self":[{"href":"https:\/\/www.caringinfo.org\/es\/wp-json\/wp\/v2\/pages\/2945","targetHints":{"allow":["GET"]}}],"collection":[{"href":"https:\/\/www.caringinfo.org\/es\/wp-json\/wp\/v2\/pages"}],"about":[{"href":"https:\/\/www.caringinfo.org\/es\/wp-json\/wp\/v2\/types\/page"}],"author":[{"embeddable":true,"href":"https:\/\/www.caringinfo.org\/es\/wp-json\/wp\/v2\/users\/6721"}],"replies":[{"embeddable":true,"href":"https:\/\/www.caringinfo.org\/es\/wp-json\/wp\/v2\/comments?post=2945"}],"version-history":[{"count":0,"href":"https:\/\/www.caringinfo.org\/es\/wp-json\/wp\/v2\/pages\/2945\/revisions"}],"up":[{"embeddable":true,"href":"https:\/\/www.caringinfo.org\/es\/wp-json\/wp\/v2\/pages\/2625"}],"wp:attachment":[{"href":"https:\/\/www.caringinfo.org\/es\/wp-json\/wp\/v2\/media?parent=2945"}],"wp:term":[{"taxonomy":"topic","embeddable":true,"href":"https:\/\/www.caringinfo.org\/es\/wp-json\/wp\/v2\/topic?post=2945"},{"taxonomy":"typeofcare","embeddable":true,"href":"https:\/\/www.caringinfo.org\/es\/wp-json\/wp\/v2\/typeofcare?post=2945"},{"taxonomy":"language","embeddable":true,"href":"https:\/\/www.caringinfo.org\/es\/wp-json\/wp\/v2\/language?post=2945"}],"curies":[{"name":"wp","href":"https:\/\/api.w.org\/{rel}","templated":true}]}}