{"id":3425,"date":"2024-04-08T12:45:59","date_gmt":"2024-04-08T16:45:59","guid":{"rendered":"https:\/\/www.caringinfo.org\/?page_id=3425"},"modified":"2024-04-08T12:46:10","modified_gmt":"2024-04-08T16:46:10","slug":"derechos-de-los-residentes-de-hogares-para-adultos-mayores","status":"publish","type":"page","link":"https:\/\/www.caringinfo.org\/es\/planificar\/sus-derechos\/derechos-de-los-residentes-de-hogares-para-adultos-mayores\/","title":{"rendered":"Derechos de los residentes de hogares para adultos mayores"},"content":{"rendered":"\n<p class=\"is-style-large\">De acuerdo con las leyes federales y estatales, los residentes de hogares para adultos mayores tienen ciertos derechos garantizados.<\/p>\n\n<p><a href=\"https:\/\/www.cms.gov\/nursing-homes\/patients-caregivers\/residents-rights-quality-care\" target=\"_blank\" rel=\"noreferrer noopener\">Los Centros para Servicios de Medicare y Medicaid (Centers for Medicare and Medicaid Services, CMS)<\/a> han definido en la siguiente lista los derechos de los residentes en los hogares para adultos mayores certificados por Medicare o Medicaid.<\/p>\n\n<p>Los residentes de hogares para adultos mayores tienen derecho a:<\/p>\n\n<ul class=\"wp-block-list\">\n<li>Ser tratados con respeto<\/li>\n\n\n\n<li>Participar en actividades<\/li>\n\n\n\n<li>Estar libres de discriminaci\u00f3n<\/li>\n\n\n\n<li>Estar libres de abuso y negligencia<\/li>\n\n\n\n<li>Estar libres de restricciones<\/li>\n\n\n\n<li>Presentar quejas<\/li>\n\n\n\n<li>Obtener atenci\u00f3n m\u00e9dica adecuada<\/li>\n\n\n\n<li>Hacer que su representante sea notificado de sus necesidades de atenci\u00f3n o cambios en la atenci\u00f3n<\/li>\n\n\n\n<li>Obtener informaci\u00f3n sobre servicios y tarifas<\/li>\n\n\n\n<li>Gestionar su propio dinero<\/li>\n\n\n\n<li>Obtener privacidad, propiedad y arreglos de vivienda adecuados<\/li>\n\n\n\n<li>Pasar tiempo con los visitantes<\/li>\n\n\n\n<li>Recibir servicios sociales<\/li>\n\n\n\n<li>Salir del hogar para adultos mayores<\/li>\n\n\n\n<li>Tener protecci\u00f3n contra transferencias o altas injustas<\/li>\n\n\n\n<li>Formar o participar en grupos de residentes<\/li>\n\n\n\n<li>Hacer que su familia y amigos se involucren en su atenci\u00f3n<\/li>\n<\/ul>\n\n<p><a href=\"https:\/\/www.cms.gov\/about-cms\/what-we-do\/nursing-homes\/patients-caregivers\/rights-quality-care\" target=\"_blank\" rel=\"noreferrer noopener\">Los Centros de Servicios de Medicare y Medicaid tienen m\u00e1s informaci\u00f3n sobre los derechos de los residentes de hogares para adultos mayores<\/a> y c\u00f3mo se protege la calidad de la atenci\u00f3n.<\/p>\n\n<p>Los estados pueden tener diferentes definiciones de abuso de ancianos, por lo que los derechos pueden variar de un estado a otro. <a href=\"https:\/\/www.findlaw.com\/injury\/torts-and-personal-injuries\/nursing-home-laws-by-state.html\" target=\"_blank\" rel=\"noreferrer noopener\">FindLaw ha reunido esas definiciones y leyes<\/a>, junto con enlaces a oficinas de Servicios de Protecci\u00f3n de Adultos espec\u00edficas del estado. Tenga en cuenta las definiciones en el estado donde vive el residente.<\/p>\n\n<h2 class=\"wp-block-heading\">C\u00f3mo presentar una queja<\/h2>\n\n<p>Si se violan los derechos de un residente o se sospecha abuso de ancianos, en general lo mejor es hablar con el personal y la administraci\u00f3n del hogar para adultos mayores. Al hablar con el personal y la administraci\u00f3n, sea espec\u00edfico acerca de cu\u00e1l es el problema y, si es posible, trabajen juntos para encontrar una soluci\u00f3n. <\/p>\n\n<p>Los hogares para adultos mayores est\u00e1n obligados a tener un director m\u00e9dico; esta persona tambi\u00e9n puede ser un recurso para obtener reparaci\u00f3n. Si no se llega a un acuerdo con el hogar para adultos mayores directamente, cada estado y <a href=\"https:\/\/theconsumervoice.org\/get_help\" target=\"_blank\" rel=\"noreferrer noopener\">muchas localidades tienen un defensor de atenci\u00f3n a largo plazo con quien pueden comunicarse el residente, su cuidador o su representante local<\/a>. <\/p>\n\n<p><a href=\"https:\/\/qioprogram.org\/locate-your-bfcc-qio\" target=\"_blank\" rel=\"noreferrer noopener\">Los CMS recomiendan ponerse en contacto con un Beneficiario y Organizaci\u00f3n de Mejoramiento de la Calidad de la Atenci\u00f3n Centrada en la Familia (Beneficiary and Faily Centered Care Quality Improvement Organization, BFCC-QIO)<\/a> para que el asunto pueda manejarse correctamente.<\/p>\n\n<p>Adem\u00e1s, las oficinas estatales y locales de Servicios de Protecci\u00f3n para Adultos pueden ayudar a superar las barreras legales o de otro tipo que puedan surgir al presentar una queja. Est\u00e1n disponibles aqu\u00ed: <a href=\"https:\/\/www.napsa-now.org\/help-in-your-area\" target=\"_blank\" rel=\"noreferrer noopener\">https:\/\/www.napsa-now.org\/help-in-your-area<\/a>).  <\/p>\n\n<p>Encuentre recursos generales adicionales a trav\u00e9s del <a href=\"https:\/\/ncea.acl.gov\/\" target=\"_blank\" rel=\"noreferrer noopener\">Centro Nacional de Abuso de Ancianos<\/a> y <a href=\"https:\/\/eldercare.acl.gov\/Public\/Index.aspx\" target=\"_blank\" rel=\"noreferrer noopener\">el Localizador de Atenci\u00f3n para Ancianos<\/a>.<\/p>\n\n<p>Existen varios sitios web para dar a conocer el tema de \u00ababuso en hogares para adultos mayores\u00bb. Tenga en cuenta que, aunque pueden contener informaci\u00f3n sobre los derechos de los residentes de hogares para adultos mayores y el abuso de ancianos, tambi\u00e9n pueden ser estrategias de marketing de abogados interesados principalmente en tomar medidas legales. <\/p>\n\n<p>Si se han agotado todos los esfuerzos para solucionar el problema, quiz\u00e1 sea sensato contratar a este tipo de abogado; sin embargo, es posible que no sea la primera y mejor opci\u00f3n.<\/p>\n\n<h2 class=\"wp-block-heading\">C\u00f3mo buscar quejas y rendimientos de los hogares para adultos mayores<\/h2>\n\n<p><a href=\"https:\/\/www.medicare.gov\/care-compare\/?providerType=NursingHome\" target=\"_blank\" rel=\"noreferrer noopener\">Medicare ofrece un servicio llamado Care Compare<\/a>, donde se eval\u00faan los hogares para adultos mayores con base en las pautas establecidas por los CMS. Las quejas presentadas contra un hogar de adultos mayores pueden considerarse en su calificaci\u00f3n. Esto puede ayudar con la b\u00fasqueda de un hogar de calidad para adultos mayores en el \u00e1rea de un paciente.  <\/p>\n\n<p>Los hogares para adultos mayores tambi\u00e9n se someten a encuestas estatales si eligen participar en los programas federales de los CMS. Los inspectores estatales ofrecen una certificaci\u00f3n cuando realizan al menos una encuesta sobre el C\u00f3digo de Seguridad de la Vida, una encuesta de Salud Est\u00e1ndar y una encuesta de Preparaci\u00f3n para Emergencias. Si se descubre que un hogar para adultos mayores no cumple con las normas, el gobierno estatal puede imponer sanciones.   <a href=\"https:\/\/www.medicare.gov\/care-compare\/resources\/resources-and-information#nursing-home-state-websites\" target=\"_blank\" rel=\"noreferrer noopener\">Puede encontrar informaci\u00f3n sobre estas sanciones en sitios web estatales.<\/a><\/p>\n\n<p>Elegir y pagar por un hogar para adultos mayores pueden ser procesos confusos. Hemos recopilado recursos e informaci\u00f3n a considerar cuando se selecciona un hogar para adultos mayores. <a href=\"https:\/\/www.caringinfo.org\/es\/planificar\/como-encontrar-opciones-de-cuidados-fuera-del-hogar\/elegir-un-hogar-para-adultos-mayores\/\">Visite nuestra secci\u00f3n Encontrar cuidado fuera del hogar para obtener m\u00e1s informaci\u00f3n.<\/a> <\/p>\n","protected":false},"excerpt":{"rendered":"<p>De acuerdo con las leyes federales y estatales, los residentes de hogares para adultos mayores tienen ciertos derechos garantizados. Obtenga m\u00e1s informaci\u00f3n sobre los derechos y protecciones de los residentes de hogares para adultos mayores seg\u00fan la ley federal y estatal, y qu\u00e9 hacer si sospecha violaciones o abuso de ancianos. <\/p>\n","protected":false},"author":6721,"featured_media":0,"parent":2630,"menu_order":1,"comment_status":"closed","ping_status":"closed","template":"","meta":{"_acf_changed":false,"_genesis_hide_title":false,"_genesis_hide_breadcrumbs":false,"_genesis_hide_singular_image":false,"_genesis_hide_footer_widgets":false,"_genesis_custom_body_class":"","_genesis_custom_post_class":"","_genesis_layout":"","footnotes":""},"topic":[154],"typeofcare":[],"language":[],"class_list":{"0":"post-3425","1":"page","2":"type-page","3":"status-publish","5":"topic-como-encontrar-opciones-de-cuidados-fuera-del-hogar","6":"entry"},"acf":[],"featured_image_src":null,"featured_image_src_square":null,"_links":{"self":[{"href":"https:\/\/www.caringinfo.org\/es\/wp-json\/wp\/v2\/pages\/3425","targetHints":{"allow":["GET"]}}],"collection":[{"href":"https:\/\/www.caringinfo.org\/es\/wp-json\/wp\/v2\/pages"}],"about":[{"href":"https:\/\/www.caringinfo.org\/es\/wp-json\/wp\/v2\/types\/page"}],"author":[{"embeddable":true,"href":"https:\/\/www.caringinfo.org\/es\/wp-json\/wp\/v2\/users\/6721"}],"replies":[{"embeddable":true,"href":"https:\/\/www.caringinfo.org\/es\/wp-json\/wp\/v2\/comments?post=3425"}],"version-history":[{"count":0,"href":"https:\/\/www.caringinfo.org\/es\/wp-json\/wp\/v2\/pages\/3425\/revisions"}],"up":[{"embeddable":true,"href":"https:\/\/www.caringinfo.org\/es\/wp-json\/wp\/v2\/pages\/2630"}],"wp:attachment":[{"href":"https:\/\/www.caringinfo.org\/es\/wp-json\/wp\/v2\/media?parent=3425"}],"wp:term":[{"taxonomy":"topic","embeddable":true,"href":"https:\/\/www.caringinfo.org\/es\/wp-json\/wp\/v2\/topic?post=3425"},{"taxonomy":"typeofcare","embeddable":true,"href":"https:\/\/www.caringinfo.org\/es\/wp-json\/wp\/v2\/typeofcare?post=3425"},{"taxonomy":"language","embeddable":true,"href":"https:\/\/www.caringinfo.org\/es\/wp-json\/wp\/v2\/language?post=3425"}],"curies":[{"name":"wp","href":"https:\/\/api.w.org\/{rel}","templated":true}]}}