{"id":3530,"date":"2025-01-09T12:56:13","date_gmt":"2025-01-09T17:56:13","guid":{"rendered":"https:\/\/www.caringinfo.org\/?page_id=3530"},"modified":"2025-01-11T17:30:25","modified_gmt":"2025-01-11T22:30:25","slug":"estafadores-financieros","status":"publish","type":"page","link":"https:\/\/www.caringinfo.org\/es\/planificar\/asuntos-financieros\/estafadores-financieros\/","title":{"rendered":"Proteja a las personas que est\u00e1n bajo su cuidado de los estafadores financieros (y qu\u00e9 hacer si ya han sido v\u00edctimas)"},"content":{"rendered":"\n<p class=\"is-style-large\">Usted est\u00e1 inmerso en las tareas de cuidado (consultas m\u00e9dicas, transporte, comunicaci\u00f3n), actividades diversas que son tan importantes. Ahora, a\u00f1ada a esto la necesidad de pensar en las personas malintencionadas que quieren aprovecharse de su posici\u00f3n vulnerable para cometer abiertamente un fraude financiero. Es decir, \u00bfno est\u00e1 haciendo ya suficiente? \u00a1Claro que s\u00ed!   <\/p>\n\n\n\n<p>Desafortunadamente, hay personas en el mundo a las que no solo no les importa su situaci\u00f3n, sino que abusar\u00edan de la informaci\u00f3n personal de otras personas si llegaran a tenerla en sus manos.<\/p>\n\n\n\n<p>En la actualidad, existen una gran cantidad de filtraciones de datos y los datos personales de todo tipo terminan en las manos equivocadas, sin que sea culpa alguna de la v\u00edctima. Desde <a href=\"https:\/\/ocrportal.hhs.gov\/ocr\/breach\/breach_report.jsf\" target=\"_blank\" rel=\"noreferrer noopener\">los proveedores de atenci\u00f3n m\u00e9dica<\/a> hasta <a href=\"https:\/\/www.americanbanker.com\/news\/data-breach-affects-57-000-bank-of-america-accounts\" target=\"_blank\" rel=\"noreferrer noopener\">los bancos<\/a>, muchas de las instituciones de las que dependemos en nuestra vida diaria est\u00e1n siendo v\u00edctimas de filtraciones de datos. Por lo tanto, todos deben proteger sus datos a nivel personal y no ser complacientes.  <\/p>\n\n\n\n<p>Lamentablemente, los delincuentes se dirigen espec\u00edficamente a las personas mayores, que a menudo tienen buenos puntajes crediticios y activos.<\/p>\n\n\n\n<p>Entonces, \u00bfqu\u00e9 puede hacer de manera proactiva para evitar que alguien lo estafe a usted o a la persona que est\u00e1 cuidando? \u00bfQu\u00e9 puede hacer cuando eso ha sucedido y debe lidiar con las consecuencias? Aqu\u00ed encontrar\u00e1 medidas espec\u00edficas que los cuidadores pueden tomar para prevenir estafas o fraudes.  <\/p>\n\n\n\n<h2 class=\"wp-block-heading\">Acceder a informes crediticios<\/h2>\n\n\n\n<p>La Oficina para la Protecci\u00f3n Financiera del Consumidor es una agencia del Gobierno de los EE. UU. que se asegura de que los bancos, prestamistas y otras compa\u00f1\u00edas financieras lo traten de manera justa. <a href=\"https:\/\/www.consumerfinance.gov\/\" target=\"_blank\" rel=\"noreferrer noopener\">Mantiene un sitio web muy \u00fatil<\/a> que cubre pr\u00e1cticamente todos los aspectos de los asuntos financieros de los consumidores. El sitio web contiene informaci\u00f3n no solo sobre c\u00f3mo protegerse a uno mismo, sino tambi\u00e9n sobre c\u00f3mo proteger a otra persona. <\/p>\n\n\n\n<p>Hemos hablado sobre las tareas de cuidado financiero en otra secci\u00f3n del sitio web y enfatizamos la importancia de tener <a href=\"https:\/\/www.caringinfo.org\/es\/planificar\/instrucciones-anticipadas\/poderes-notariales-y-cuidados\/#financial\">un poder notarial financiero<\/a> si est\u00e1 actuando en nombre de otra persona. Tener un poder notarial financiero es a\u00fan m\u00e1s importante cuando se trata de lidiar con las consecuencias de un robo de identidad o fraude. <\/p>\n\n\n\n<p>Si va a monitorear el cr\u00e9dito y lidiar con problemas de fraude de otra persona, considere usar una direcci\u00f3n de correo electr\u00f3nico secundaria propia o configurar una direcci\u00f3n de correo electr\u00f3nico espec\u00edficamente para esas transacciones. Si utiliza su direcci\u00f3n de correo electr\u00f3nico principal para iniciar sesi\u00f3n, recibir\u00e1 muchos mensajes de estas agencias, entidades y servicios relacionados. Es mucho m\u00e1s claro y menos confuso utilizar una direcci\u00f3n de correo electr\u00f3nico distinta a la de su correo electr\u00f3nico principal. Debe monitorear y bloquear sus propios archivos de cr\u00e9dito, por lo que deber\u00e1 registrarse en todas las agencias en su propio nombre y probablemente desee utilizar su direcci\u00f3n de correo electr\u00f3nico principal para sus cuentas propias.   <\/p>\n\n\n\n<h2 class=\"wp-block-heading\">Obtener y revisar un informe crediticio<\/h2>\n\n\n\n<p>Un informe crediticio es parte de los registros del historial financiero de una persona. Por lo general, incluye al menos el historial de pago de cr\u00e9ditos, pr\u00e9stamos, deuda actual, historial de quiebras y registros de demandas. Tambi\u00e9n incluye datos personales como direcciones actuales y anteriores, n\u00fameros de tel\u00e9fono y el nombre del c\u00f3nyuge. Los datos son enviados por bancos, compa\u00f1\u00edas hipotecarias y otras instituciones (<a href=\"https:\/\/files.consumerfinance.gov\/f\/documents\/cfpb_consumer-reporting-companies-list_2024.pdf\" target=\"_blank\" rel=\"noreferrer noopener\">son m\u00e1s de las que imagina<\/a>); algunos de ellos tambi\u00e9n se extraen simplemente de la web.    <\/p>\n\n\n\n<p>Lo que est\u00e1 en su informe crediticio puede ser correcto o no. A veces se ingresa informaci\u00f3n de alguien con un nombre similar, a veces la informaci\u00f3n ya no es correcta y, a veces, encontrar\u00e1 que alguien ha obtenido cr\u00e9dito fraudulentamente en su nombre. Por eso es importante que acceda a los informes crediticios y los revise.  <\/p>\n\n\n\n<p>Esta tarea se hace m\u00e1s dif\u00edcil, ya que hay tres agencias de cr\u00e9dito que recopilan informaci\u00f3n sobre las personas y generan informes crediticios: Experian, Transunion y Equifax. La informaci\u00f3n puede no ser id\u00e9ntica en todas ellas, por lo que debe revisar y corregir, si es necesario, la informaci\u00f3n de cada una de ellas. <\/p>\n\n\n\n<p>Tenga en cuenta que un informe crediticio es diferente a una puntuaci\u00f3n crediticia. Un informe crediticio contiene los elementos que hemos descrito anteriormente; una puntuaci\u00f3n crediticia es un n\u00famero calculado que se supone que refleja su solvencia crediticia. La informaci\u00f3n de su informe crediticio afecta su puntuaci\u00f3n crediticia, por lo que es importante verificar que toda la informaci\u00f3n de su informe crediticio sea correcta. <a href=\"https:\/\/www.usa.gov\/credit\" target=\"_blank\" rel=\"noreferrer noopener\">El Gobierno federal tiene un excelente sitio web que aclara qu\u00e9 son los informes y las puntuaciones crediticios y c\u00f3mo gestionarlos<\/a>.  <\/p>\n\n\n\n<p>Por ley federal, usted puede obtener un informe crediticio gratuito cada a\u00f1o. Desde la pandemia, eso se ha ampliado a uno por semana. Existe un sitio oficial para obtener los informes gratuitos a <a href=\"https:\/\/www.annualcreditreport.com\/index.action\" target=\"_blank\" rel=\"noreferrer noopener\">AnnualCreditReport.com<\/a> y puede acceder a los tres informes desde all\u00ed. Tambi\u00e9n puede ingresar a <a href=\"https:\/\/consumer.ftc.gov\/articles\/free-credit-reports\" target=\"_blank\" rel=\"noreferrer noopener\">FTC.gov<\/a> y hacer clic en el enlace al sitio de informes gratuitos.    <\/p>\n\n\n\n<p>Tenga cuidado, ya que existen muchos sitios web falsos parecidos al oficial que pretenden ofrecer informes de cr\u00e9dito \u201cgratuitos\u201d. Si le piden un n\u00famero de tarjeta de cr\u00e9dito, est\u00e1 en el sitio equivocado. En el sitio oficial, le pedir\u00e1n su informaci\u00f3n personal, incluido su n\u00famero de Seguro Social, as\u00ed que preste atenci\u00f3n a la URL y aseg\u00farese de estar en el sitio aut\u00e9ntico. Luego, puede obtener informes de cualquiera o todas las agencias para revisarlos e imprimirlos si lo desea. Si existen errores que desea corregir (tambi\u00e9n llamados disputas), debe iniciar sesi\u00f3n en esa agencia espec\u00edfica, de lo que hablaremos m\u00e1s adelante.    <\/p>\n\n\n\n<h2 class=\"wp-block-heading\">Lidiar con las agencias de cr\u00e9dito<\/h2>\n\n\n\n<p>Como ya se ha mencionado, existen tres agencias de cr\u00e9dito: Experian, Transunion y Equifax. Para realizar cambios en un informe, es necesario registrarse en cada una de ellas individualmente. <\/p>\n\n\n\n<p>Para registrarse para los servicios gratuitos de cada agencia, puede ingresar en:<\/p>\n\n\n\n<ul class=\"wp-block-list\">\n<li><a href=\"https:\/\/usa.experian.com\/\" target=\"_blank\" rel=\"noreferrer noopener\">Experian<\/a>,<\/li>\n\n\n\n<li><a href=\"https:\/\/service.transunion.com\/\" target=\"_blank\" rel=\"noreferrer noopener\">Transunion,<\/a><\/li>\n\n\n\n<li><a href=\"https:\/\/my.equifax.com\/\" target=\"_blank\" rel=\"noreferrer noopener\">My Equifax<\/a>.<\/li>\n<\/ul>\n\n\n\n<p>Por ley, est\u00e1n obligados a proporcionarle, de forma gratuita, acceso a su registro, la capacidad de disputar su contenido, la capacidad de bloquear y desbloquear el acceso a sus registros crediticios y la capacidad de colocar una alerta de fraude. Lo hacen, pero no lo hacen f\u00e1cil. En los sitios web aparecer\u00e1n muchas instrucciones que lo dirigir\u00e1n a alg\u00fan tipo de servicio pago que brindan. Es posible que desee esos servicios, as\u00ed que lea sobre ellos e inscr\u00edbase si lo desea, pero no tiene que inscribirse para obtener informes de cr\u00e9dito u otros servicios clave.   <\/p>\n\n\n\n<p>Una vez que se haya registrado e iniciado sesi\u00f3n en el sitio web de una agencia, puede revisar y presentar disputas como se indica. Cuando est\u00e9 autorizado por <a href=\"https:\/\/www.caringinfo.org\/es\/planificar\/instrucciones-anticipadas\/poderes-notariales-y-cuidados\/\">un poder notarial<\/a>, puede registrarse, supervisar y disputar en nombre de otra persona. Esto es muy \u00fatil si est\u00e1 cuidando a alguien con demencia u otro problema cognitivo que afecta la comunicaci\u00f3n.  <\/p>\n\n\n\n<h3 class=\"wp-block-heading\">Ser minucioso en su revisi\u00f3n<\/h3>\n\n\n\n<p>Cuando revise los informes para comprobar su exactitud, no solo verifique su propia informaci\u00f3n, sino que tambi\u00e9n busque elementos que no sean suyos, como direcciones, n\u00fameros de tel\u00e9fono o tarjetas de cr\u00e9dito incorrectos, o pr\u00e9stamos que no son suyos, ya sea que se hayan ingresado por error o se hayan abierto de manera fraudulenta. Puede disputar elementos en l\u00ednea y cargar documentos de respaldo si es necesario. Si lo desea, y le recomendamos que lo haga, puede bloquear su registro crediticio y el de la persona que est\u00e1 cuidando.  <\/p>\n\n\n\n<h2 class=\"wp-block-heading\">Bloquear el cr\u00e9dito para usted y las personas bajo su cuidado<\/h2>\n\n\n\n<p>Cuando coloca un bloqueo de seguridad, los acreedores no pueden acceder a su informe crediticio. Esto les impedir\u00e1 aprobar nuevas cuentas de cr\u00e9dito a su nombre, ya sean fraudulentas o leg\u00edtimas. Puede enviar su solicitud en l\u00ednea, por tel\u00e9fono o por correo. Un bloqueo de cr\u00e9dito permanece vigente hasta que usted elija levantarlo. Los bloqueos no afectan ninguna l\u00ednea de cr\u00e9dito que ya tenga abierta.    <\/p>\n\n\n\n<p>Para permitir que los prestamistas y otras compa\u00f1\u00edas vuelvan a acceder a sus archivos de cr\u00e9dito para crear nuevas cuentas, deber\u00e1 levantar su bloqueo de cr\u00e9dito.<\/p>\n\n\n\n<p>Debe solicitar el bloqueo de su registro crediticio en cada una de las tres agencias por separado. Es posible que le den un n\u00famero de identificaci\u00f3n personal (PIN) que necesitar\u00e1 para desbloquearlo. No lo pierda. Nuevamente, por ley, las agencias est\u00e1n obligadas a bloquear su historial crediticio en el plazo de un d\u00eda h\u00e1bil si lo solicita por tel\u00e9fono o en l\u00ednea (tres d\u00edas h\u00e1biles si lo hace por correo). Las solicitudes de desbloqueo deben ser atendidas en el plazo de una hora si lo pide por tel\u00e9fono o en l\u00ednea (tres d\u00edas h\u00e1biles si lo hace por correo).    <\/p>\n\n\n\n<p>Le recomendamos que mantenga los bloqueos en las 3 agencias y que simplemente los elimine cuando necesite espec\u00edficamente abrir una nueva l\u00ednea de cr\u00e9dito, como cuando compre un auto, tome una hipoteca o solicite cr\u00e9dito para consumo. Vuelva a solicitar los bloqueos inmediatamente despu\u00e9s. Esto no genera ninguna desventaja y s\u00ed una gran ventaja: una cosa menos de la que preocuparse.  <\/p>\n\n\n\n<h2 class=\"wp-block-heading\">Monitorear informes crediticios<\/h2>\n\n\n\n<p>Los detalles var\u00edan seg\u00fan el estado, pero todos los estados exigen que las entidades que han sufrido una filtraci\u00f3n de datos notifiquen a las personas cuya informaci\u00f3n personal identificable fue accedida y al menos tres estados exigen que se ofrezca monitoreo crediticia por un m\u00ednimo de un a\u00f1o.<\/p>\n\n\n\n<p>Por lo general, recibir\u00e1 una carta que le informar\u00e1 sobre la filtraci\u00f3n que afect\u00f3 a sus datos y le informar\u00e1 c\u00f3mo registrarse en el servicio de monitoreo. Conserve esta carta, ya que puede necesitarla m\u00e1s adelante para documentar lo sucedido. Si no ha bloqueado sus registros crediticios, h\u00e1galo de inmediato y reg\u00edstrese en el servicio de monitoreo.  <\/p>\n\n\n\n<p>Por m\u00e1s ocupado que est\u00e9, no ignore esta advertencia. Los datos filtrados a menudo terminan en la web, donde las organizaciones criminales siempre est\u00e1n buscando datos personales que puedan piratear. <\/p>\n\n\n\n<p>Los servicios de monitoreo requerir\u00e1n que se registre y proporcione la informaci\u00f3n de identificaci\u00f3n que conten\u00eda la carta que recibi\u00f3.<\/p>\n\n\n\n<p>Si bien a veces los servicios de monitoreo tienen nombres similares a las agencias de cr\u00e9dito y, de hecho, pueden ser de su propiedad, necesitar\u00e1 credenciales de inicio de sesi\u00f3n independientes. Por ejemplo, Experian, Experian ID Works y Experian My Financial Expert son entidades independientes con inicios de sesi\u00f3n independientes, aunque todas sean propiedad de Experian. <\/p>\n\n\n\n<p>Debido a que las agencias no se comunican bien entre s\u00ed, es posible que deba realizar m\u00faltiples llamadas telef\u00f3nicas y cargar los mismos documentos varias veces. Por lo general, una agencia le proporcionar\u00e1 una revisi\u00f3n mensual de la actividad relacionada con sus datos, as\u00ed como alertas especiales. Por ejemplo, si alguien intenta abrir una cuenta con su informaci\u00f3n, a medida que ocurren esos eventos. En general, puede adaptar las notificaciones seg\u00fan sus necesidades espec\u00edficas.   <\/p>\n\n\n\n<p><strong>No ignore las alertas, por muy ocupado que est\u00e9.<\/strong><\/p>\n\n\n\n<p>Con un poder notarial financiero, puede abrir la cuenta y realizar el monitoreo para otra persona. Si necesita hablar con alguien de la empresa de monitoreo en nombre de otra persona, tenga a mano su poder notarial. Deber\u00e1 cargarlo en su sistema antes de que puedan hablar con usted. Si la persona a la que est\u00e1 cuidando puede hablar por tel\u00e9fono, la empresa puede estar dispuesta a aceptar una confirmaci\u00f3n verbal de su condici\u00f3n de portavoz.   <\/p>\n\n\n\n<h2 class=\"wp-block-heading\" id=\"identidad\">Alguien ha obtenido cr\u00e9dito usando su identidad, \u00bfahora qu\u00e9?<\/h2>\n\n\n\n<p>Si alguien ha logrado abrir una cuenta de cr\u00e9dito usando sus datos personales o los de la persona que usted cuida, hay una serie de pasos que puede seguir en su nombre y en el de la otra persona:<\/p>\n\n\n\n<ul class=\"wp-block-list\">\n<li>Bloquee inmediatamente el archivo de cr\u00e9dito en las tres agencias de cr\u00e9dito.<\/li>\n\n\n\n<li>Coloque una alerta de fraude en el archivo de una de las tres agencias. Cuando coloca una alerta de fraude en una agencia, est\u00e1n obligadas por ley a compartir esa informaci\u00f3n con las otras dos para que se comuniquen entre s\u00ed. La alerta de fraude notifica a las compa\u00f1\u00edas que est\u00e1n realizando consultas para abrir una cuenta que deben sospechar especialmente de la persona que intenta abrir la cuenta. Una alerta de fraude es v\u00e1lida por un a\u00f1o en circunstancias normales y usted debe tener una raz\u00f3n real para sospechar que se ha producido un fraude para solicitarla.   <\/li>\n\n\n\n<li>Obtenga toda la informaci\u00f3n que pueda sobre la instituci\u00f3n que ha emitido el cr\u00e9dito fraudulento. Por lo general, el elemento de su informe incluye al menos un n\u00famero de tel\u00e9fono de la instituci\u00f3n emisora, por ejemplo, Home Depot, Citibank, Apple u otra instituci\u00f3n grande. <\/li>\n\n\n\n<li>Si tiene un servicio de monitoreo de cr\u00e9dito, comun\u00edquese con ellos y cu\u00e9nteles lo que sucedi\u00f3. Le enviar\u00e1n informaci\u00f3n sobre qu\u00e9 hacer a continuaci\u00f3n y pueden ser \u00fatiles para lidiar con las agencias de cr\u00e9dito. <\/li>\n\n\n\n<li>Si no est\u00e1 inscrito en un servicio de monitoreo de cr\u00e9dito y la entidad cuyos datos han sido filtrados no le ofrecido ese servicio, inscr\u00edbase en uno. La mayor\u00eda de los servicios monitorean los datos de varias personas por la tarifa de membres\u00eda. El costo es m\u00ednimo en comparaci\u00f3n con la tranquilidad que se obtiene.  <\/li>\n\n\n\n<li>Visite <a href=\"http:\/\/www.identitytheft.gov\" target=\"_blank\" rel=\"noreferrer noopener\">www.IdentityTheft.gov<\/a> y presente un informe. Este sitio tiene mucha informaci\u00f3n muy buena sobre la prevenci\u00f3n del robo de identidad y los pasos a seguir cuando ocurre. Despu\u00e9s de ingresar su informaci\u00f3n, el sitio generar\u00e1 su informe, as\u00ed como una lista personalizada de pasos a seguir para recuperarse. Puede descargar sus informes, que pueden resultar \u00fatiles para tratar con las agencias de cr\u00e9dito y la instituci\u00f3n que emiti\u00f3 el cr\u00e9dito fraudulento.   <\/li>\n\n\n\n<li>Haga una denuncia policial. Organ\u00edcese para poder contar su historia de manera concisa y ordenada. Pida una copia de la denuncia y rev\u00edsela para comprobar su precisi\u00f3n. Realice modificaciones si es necesario. La denuncia policial es muy \u00fatil para documentar su caso tanto en la instituci\u00f3n que emiti\u00f3 el cr\u00e9dito fraudulento como con las agencias de cr\u00e9dito.    <\/li>\n\n\n\n<li>P\u00f3ngase en contacto con la instituci\u00f3n emisora y dispute la cuenta. Puede que esto sea frustrante, ya que se el sistema de mensajes telef\u00f3nicos automatizados le pedir\u00e1 repetidamente el n\u00famero de cuenta, que, como usted no abri\u00f3 la cuenta, no tiene. Simplemente insista en decir \u201crepresentante\u201d o presione el 0 y eventualmente hablar\u00e1 con una persona real. Es posible que le soliciten documentaci\u00f3n adicional, como el informe de IdentityTheft.gov o una denuncia policial, as\u00ed como documentaci\u00f3n de su identidad o su autoridad para hablar en nombre de otra persona antes de darle una respuesta. Curiosamente, incluso en 2024 algunas instituciones financieras solo aceptan documentos por fax o correo postal. En ese caso, si tiene muchas p\u00e1ginas, le recomendamos que las env\u00ede por correo prioritario de USPS con seguimiento. Solicite por escrito que cierren la cuenta y la eliminen (adem\u00e1s de cualquier informaci\u00f3n asociada, como n\u00fameros de tel\u00e9fono y direcciones) de su archivo de cr\u00e9dito en las tres agencias.      <\/li>\n\n\n\n<li>Siga monitoreando su informe de cr\u00e9dito. Si los delincuentes lograron abrir una cuenta fraudulenta y cargar una gran cantidad de dinero, ver\u00e1 que su puntaje crediticio baja. Cuando la cuenta fraudulenta se elimine, su puntaje crediticio deber\u00eda recuperarse.  <\/li>\n<\/ul>\n\n\n\n<p>Existen medidas y alertas adicionales que puede realizar o colocar. En <a href=\"http:\/\/www.reportfraud.ftc.gov\" target=\"_blank\" rel=\"noreferrer noopener\">www.ReportFraud.ftc.gov<\/a> y <a href=\"http:\/\/www.identitytheft.gov\" target=\"_blank\" rel=\"noreferrer noopener\">www.IdentityTheft.gov<\/a> puede consultar informaci\u00f3n adicional sobre los pasos que debe seguir. En general, cuanto m\u00e1s r\u00e1pido pueda implementar estos pasos, mejor.  <\/p>\n\n\n\n<p>Sabemos que lidiar con fraudes y estafas financieras se sentir\u00e1 como \u00abla gota que rebalsa el vaso cuando ya est\u00e1 abarcando demasiadas cosas, y probablemente exhausto, por cuidar a otra persona.<\/p>\n\n\n\n<p>Es \u00fatil dividir el proceso en pasos y realizar unos pocos cada vez. Por ejemplo, reserve las llamadas telef\u00f3nicas para un d\u00eda en el que no est\u00e9 totalmente agotado y enojado por la estafa. Las personas con las que hablar\u00e1 no cometieron la filtraci\u00f3n ni usaron su informaci\u00f3n de manera fraudulenta. Ni siquiera escribieron los procesos y procedimientos que hacen que todo sea tan dif\u00edcil y frustrante de manejar. Si les explica las circunstancias con paciencia, pueden ayudarlo, y bajo ninguna circunstancia mejorar\u00e1 su situaci\u00f3n si les grita&#8230; sin importar cu\u00e1nto le gustar\u00eda hacerlo.    <\/p>\n\n\n\n<h2 class=\"wp-block-heading\">Alguien ha accedido fraudulentamente a una cuenta bancaria, \u00bfahora qu\u00e9?<\/h2>\n\n\n\n<p>Cuando la informaci\u00f3n personal no est\u00e1 en la web, los estafadores no solo pueden intentar usarla para obtener cr\u00e9dito en nombre de una persona, sino que tambi\u00e9n pueden intentar (y a veces lo logran) acceder directamente a la cuenta bancaria de esa persona.<\/p>\n\n\n\n<p>Un tipo de acceso fraudulento directo es mediante ACH. ACH significa c\u00e1mara de compensaci\u00f3n automatizada, una red inform\u00e1tica que permite las transferencias electr\u00f3nicas de fondos (EFT) entre instituciones financieras. Una vez que los estafadores tienen su n\u00famero de cuenta y n\u00famero de ruta bancaria, transfieren dinero desde su cuenta a donde ellos lo indiquen. Por lo tanto, es muy importante monitorear sus saldos y transacciones bancarias de forma regular. La mejor manera de hacerlo es tener credenciales en l\u00ednea establecidas con el banco.    <\/p>\n\n\n\n<p>Un cuidador puede tener acceso en l\u00ednea a la cuenta bancaria de otra persona si es copropietario de la cuenta o si tiene <a href=\"https:\/\/www.caringinfo.org\/es\/planificar\/instrucciones-anticipadas\/poderes-notariales-y-cuidados\/\">un poder notarial financiero duradero<\/a>. En ambos casos, es mejor establecer sus propias credenciales y no usar las de la persona que est\u00e1 cuidando. Si tiene acceso en l\u00ednea, puede configurar alertas para las transacciones. <a href=\"https:\/\/www.caringinfo.org\/es\/planificar\/asuntos-financieros\/como-proporcionar-cuidados-financieros\/\">Consulte la secci\u00f3n de tareas de cuidado financiero para obtener m\u00e1s detalles<\/a>.  <\/p>\n\n\n\n<p>Si una cuenta bancaria se vio afectada por un fraude mediante ACH, deber\u00e1 ir al banco y presentar una disputa por cada transacci\u00f3n fraudulenta. Lleve consigo su poder notarial. Si ha presentado una denuncia policial, lleve tambi\u00e9n una copia. El banco le recomendar\u00e1 que cierre la cuenta afectada o la cambie a \u201csolo cr\u00e9dito\u201d, lo que significa que se puede depositar dinero (como el Seguro Social o una pensi\u00f3n) pero no se puede retirar sin su permiso personal con verificaci\u00f3n de identidad. Deber\u00e1 transferir los fondos a una nueva cuenta y configurar nuevamente los pagos autom\u00e1ticos de facturas.    <\/p>\n\n\n\n<p>Existen otras formas creativas en las que los delincuentes intentar\u00e1n estafarlo si han podido acceder a sus datos personales. <a href=\"https:\/\/www.aarp.org\/money\/scams-fraud\/about-fraud-watch-network\/\" target=\"_blank\" rel=\"noreferrer noopener\">AARP ha establecido una red de vigilancia de fraudes<\/a> que lo puede ayudar a mantenerse informado.<\/p>\n\n\n\n<p>CaringInfo le sugiere que <a href=\"https:\/\/www.caringinfo.org\/es\/planificar\/como-hablar-sobre-enfermedades-graves-y-cuidados\/\">comparta esta informaci\u00f3n con tantos amigos y familiares como sea posible<\/a>. Muchas personas no saben c\u00f3mo bloquear su cr\u00e9dito y, por lo tanto, siguen siendo vulnerables cuando no tienen por qu\u00e9 serlo. Es posible que los cuidadores tampoco se den cuenta de lo importante que es tener <a href=\"https:\/\/www.caringinfo.org\/es\/planificar\/instrucciones-anticipadas\/poderes-notariales-y-cuidados\/\">un poder notarial duradero<\/a> para poder actuar en nombre de la persona que est\u00e1n cuidando en caso de que ocurra un fraude.  <\/p>\n","protected":false},"excerpt":{"rendered":"<p>Usted est\u00e1 inmerso en las tareas de cuidado (consultas m\u00e9dicas, transporte, comunicaci\u00f3n), actividades diversas que son tan importantes. Ahora, a\u00f1ada a esto la necesidad de pensar en las personas malintencionadas que quieren aprovecharse de su posici\u00f3n vulnerable para cometer abiertamente un fraude financiero. Es decir, \u00bfno est\u00e1 haciendo ya suficiente? \u00a1Claro que s\u00ed! Desafortunadamente, hay [&hellip;]<\/p>\n","protected":false},"author":6721,"featured_media":0,"parent":2629,"menu_order":5,"comment_status":"closed","ping_status":"closed","template":"","meta":{"_acf_changed":true,"_genesis_hide_title":false,"_genesis_hide_breadcrumbs":false,"_genesis_hide_singular_image":false,"_genesis_hide_footer_widgets":false,"_genesis_custom_body_class":"","_genesis_custom_post_class":"","_genesis_layout":"","footnotes":""},"topic":[120,116],"typeofcare":[],"language":[],"class_list":{"0":"post-3530","1":"page","2":"type-page","3":"status-publish","5":"topic-asuntos-financieros","6":"topic-como-brindar-cuidados","7":"entry"},"acf":[],"featured_image_src":null,"featured_image_src_square":null,"_links":{"self":[{"href":"https:\/\/www.caringinfo.org\/es\/wp-json\/wp\/v2\/pages\/3530","targetHints":{"allow":["GET"]}}],"collection":[{"href":"https:\/\/www.caringinfo.org\/es\/wp-json\/wp\/v2\/pages"}],"about":[{"href":"https:\/\/www.caringinfo.org\/es\/wp-json\/wp\/v2\/types\/page"}],"author":[{"embeddable":true,"href":"https:\/\/www.caringinfo.org\/es\/wp-json\/wp\/v2\/users\/6721"}],"replies":[{"embeddable":true,"href":"https:\/\/www.caringinfo.org\/es\/wp-json\/wp\/v2\/comments?post=3530"}],"version-history":[{"count":0,"href":"https:\/\/www.caringinfo.org\/es\/wp-json\/wp\/v2\/pages\/3530\/revisions"}],"up":[{"embeddable":true,"href":"https:\/\/www.caringinfo.org\/es\/wp-json\/wp\/v2\/pages\/2629"}],"wp:attachment":[{"href":"https:\/\/www.caringinfo.org\/es\/wp-json\/wp\/v2\/media?parent=3530"}],"wp:term":[{"taxonomy":"topic","embeddable":true,"href":"https:\/\/www.caringinfo.org\/es\/wp-json\/wp\/v2\/topic?post=3530"},{"taxonomy":"typeofcare","embeddable":true,"href":"https:\/\/www.caringinfo.org\/es\/wp-json\/wp\/v2\/typeofcare?post=3530"},{"taxonomy":"language","embeddable":true,"href":"https:\/\/www.caringinfo.org\/es\/wp-json\/wp\/v2\/language?post=3530"}],"curies":[{"name":"wp","href":"https:\/\/api.w.org\/{rel}","templated":true}]}}