{"id":3619,"date":"2025-07-09T17:29:30","date_gmt":"2025-07-09T21:29:30","guid":{"rendered":"https:\/\/www.caringinfo.org\/?page_id=3619"},"modified":"2025-07-09T18:22:39","modified_gmt":"2025-07-09T22:22:39","slug":"como-contratar-cuidadores-a-domicilio-legalmente","status":"publish","type":"page","link":"https:\/\/www.caringinfo.org\/es\/planificar\/cuidados-en-el-hogar\/como-contratar-cuidadores-a-domicilio-legalmente\/","title":{"rendered":"C\u00f3mo contratar cuidadores a domicilio\u2026 legalmente"},"content":{"rendered":"\n<p class=\"is-style-large\">Si decide contratar directamente a cuidadores a domicilio, usted ser\u00e1 un empleador y estar\u00e1 sujeto a las leyes laborales y los impuestos de su estado. Esto puede incluir la acumulaci\u00f3n de subsidios por enfermedad, descansos obligatorios, pago de horas extras y otros elementos, as\u00ed como las leyes y los requisitos del Gobierno federal. <\/p>\n\n\n\n<p class=\"is-style-large\">Hemos recopilado informaci\u00f3n esencial para que usted pueda comprender los requisitos y las responsabilidades de ser un empleador con empleados que brindan cuidados.<\/p>\n\n\n\n<h2 class=\"wp-block-heading\">Aseg\u00farese de cumplir con las leyes fiscales estatales y locales<\/h2>\n\n\n\n<p><a href=\"https:\/\/www.care.com\/hp\/nanny-taxes-by-state\/\" target=\"_blank\" rel=\"noreferrer noopener\"><a href=\"https:\/\/www.care.com\/hp\/nanny-taxes-by-state\/\" target=\"_blank\" rel=\"noreferrer noopener\">Care.com ha reunido un directorio de todas las leyes y los impuestos de todos los estados<\/a>.<\/a> Parece mucho, y al principio lo es, pero con el tiempo, se vuelve mucho m\u00e1s f\u00e1cil. Algunas personas se sienten tentadas a pagar a los cuidadores a domicilio como contratistas independientes a trav\u00e9s de formularios 1099, sin deducir impuestos a los empleados ni pagar impuestos al empleador. Sin embargo, el Gobierno federal ha determinado sistem\u00e1ticamente que los cuidadores a domicilio deben ser tratados como empleados W-2 (fuente: <a href=\"https:\/\/www.care.com\/hp\/the-problem-with-hiring-a-senior-caregiver-as-an-independent-contractor\/\" target=\"_blank\" rel=\"noreferrer noopener\">Care.com<\/a>).<\/p>\n\n\n\n<p>Cumplir con las leyes laborales y fiscales de su estado puede resultar una carga, pero no cumplirlas es riesgoso. Algunos abogados se ganan la vida persiguiendo a empleadores dom\u00e9sticos por \u201crobo de salarios\u201d y por otras violaciones de las leyes estatales. Haber cumplido la ley y tener buenos antecedentes son su mejor defensa contra tales reclamos. Si ha pagado a su cuidador a domicilio fuera de una n\u00f3mina, en efectivo o de otra manera \u00abfuera del sistema\u00bb, se expone no solo a demandas por parte de sus cuidadores y abogados, sino tambi\u00e9n a multas del Gobierno estatal y federal.   <\/p>\n\n\n\n<h2 class=\"wp-block-heading\" id=\"acuerdos-de-cuidado-personal\">Creaci\u00f3n de acuerdos de cuidado personal<\/h2>\n\n\n\n<p>Le recomendamos que tenga un acuerdo escrito con el cuidador que emplea. <strong>Esto es especialmente importante si el cuidador es un miembro de la familia.<\/strong><\/p>\n\n\n\n<p>Un acuerdo escrito no solo aclarar\u00e1 las expectativas, sino que tambi\u00e9n ser\u00e1 \u00fatil si m\u00e1s adelante se solicita Medicaid. Sin el acuerdo escrito, Medicaid puede considerar el dinero pagado como si lo hubiera regalado, lo que puede afectar la elegibilidad. <\/p>\n\n\n\n<p><a href=\"https:\/\/archrespite.org\/caregiver-resources\/how-do-i-get-paid-to-be-a-family-caregiver\" target=\"_blank\" rel=\"noreferrer noopener\">ARCH Family Respite Network ha preparado un art\u00edculo \u00fatil sobre diversos m\u00e9todos para recibir pago como cuidador familiar.<\/a><\/p>\n\n\n\n<p>Si <a href=\"https:\/\/www.caringinfo.org\/es\/planificar\/cuidados-en-el-hogar\/encontrar-un-cuidador\/#administradores-de-cuidados-geriatricos\">un administrador de cuidados geri\u00e1tricos<\/a> lo est\u00e1 ayudando, es posible que tenga una plantilla de acuerdo que le guste usar al administrador. <a href=\"https:\/\/www.caregiver.org\/resource\/personal-care-agreements\/\" target=\"_blank\" rel=\"noreferrer noopener\">La Family Caregiver Alliance ha detallado los elementos de un buen acuerdo de cuidado<\/a>, que incluye una discusi\u00f3n sobre la contrataci\u00f3n de familiares como cuidadores. <a href=\"https:\/\/www.medicaidplanningassistance.org\/personal-care-agreements\/\" target=\"_blank\" rel=\"noreferrer noopener\">El American Council on Aging tambi\u00e9n brinda informaci\u00f3n \u00fatil.<\/a><\/p>\n\n\n\n<p><a href=\"https:\/\/www.poppinspayroll.com\/docs\/Sample-Caregiver-Contract.pdf\" target=\"_blank\" rel=\"noreferrer noopener\">Tambi\u00e9n hay ejemplos de acuerdos disponibles en l\u00ednea.<\/a><\/p>\n\n\n\n<h3 class=\"wp-block-heading\">Realizar verificaciones de antecedentes es esencial<\/h3>\n\n\n\n<p><a href=\"https:\/\/www.caringinfo.org\/es\/planificar\/cuidados-en-el-hogar\/encontrar-un-cuidador\/\">Si contrata a alguien a trav\u00e9s de una agencia o con la ayuda de un administrador de cuidados geri\u00e1tricos<\/a>, compruebe que se haya realizado una verificaci\u00f3n de antecedentes y en qu\u00e9 consisti\u00f3 dicha verificaci\u00f3n. Si lo va a contratar directamente, le recomendamos encarecidamente que realice una verificaci\u00f3n de antecedentes, ya sea usted mismo o contratando a otros. <a href=\"https:\/\/www.caregiver.org\/resource\/background-checking-resources-help\/\" target=\"_blank\" rel=\"noreferrer noopener\">La Family Caregiver Alliance ha compilado un recurso detallado sobre verificaciones de antecedentes.<\/a><\/p>\n\n\n\n<p>Como m\u00ednimo, debe verificar al menos tres referencias, dos de las cuales deben ser empleadores anteriores; ver una identificaci\u00f3n con fotograf\u00eda y, si la persona conducir\u00e1 en su nombre, su licencia de conducir (verifique con el DMV la validez y su registro); y verificar las credenciales, si las hay. Tambi\u00e9n es recomendable realizar verificaciones de antecedentes penales y crediticios. <\/p>\n\n\n\n<p><a href=\"https:\/\/iprospectcheck.com\/caregiver-background-checks\" target=\"_blank\" rel=\"noreferrer noopener\">Existen muchos servicios disponibles en l\u00ednea para realizar verificaciones de antecedentes de cuidadores a domicilio, uno de los cuales ha elaborado una buena descripci\u00f3n general.<\/a> Los costos generalmente var\u00edan entre 10 y 100 d\u00f3lares, dependiendo del monto del cheque.<\/p>\n\n\n\n<p>Este proceso puede parecer abrumador, por lo que puede ser sensato contratar a profesionales. Sin embargo, realizar una verificaci\u00f3n de antecedentes es muy importante, ya que el cuidador estar\u00e1 en su hogar y ser\u00e1 responsable de una persona vulnerable. <\/p>\n\n\n\n<h3 class=\"wp-block-heading\">Gesti\u00f3n de n\u00f3minas<\/h3>\n\n\n\n<p>Si usted es un empleador, necesitar\u00e1 un n\u00famero de identificaci\u00f3n de empleador (EIN) federal y, en algunos estados, un EIN estatal. Puede solicitarlos usted mismo, o algunos servicios de n\u00f3mina lo ayudar\u00e1n a obtenerlos.  <a href=\"https:\/\/www.sba.gov\/business-guide\/launch-your-business\/get-federal-state-tax-id-numbers\" target=\"_blank\" rel=\"noreferrer noopener\">La Agencia Federal de Peque\u00f1os Negocios tiene una gu\u00eda para obtener un EIN federal y un EIN estatal por su cuenta.<\/a><\/p>\n\n\n\n<p>Existen muchos servicios de n\u00f3mina disponibles, y algunos se especializan en los cuidados en el hogar, como <a href=\"https:\/\/www.care.com\/homepay\" target=\"_blank\" rel=\"noreferrer noopener\">MyHomePay.com<\/a>, propiedad de Care.com. Otros, como <a href=\"https:\/\/www.surepayroll.com\" target=\"_blank\" rel=\"noreferrer noopener\">Surepayroll<\/a>, propiedad de Paychex, o <a href=\"https:\/\/www.gusto.com\" target=\"_blank\" rel=\"noreferrer noopener\">Gusto<\/a>, atienden tanto a empleadores privados como a peque\u00f1as empresas. <\/p>\n\n\n\n<p>En general, los servicios de n\u00f3mina cobran una tarifa fija por mes y luego por cada empleado. Pueden cobrar cargos adicionales por determinados informes. Aseg\u00farese de obtener el plan completo de tarifas antes de inscribirse.  <\/p>\n\n\n\n<p>Los mejores servicios de n\u00f3mina ofrecen las siguientes caracter\u00edsticas:<\/p>\n\n\n\n<ul class=\"wp-block-list\">\n<li>Pagos mediante dep\u00f3sito directo<\/li>\n\n\n\n<li>Presentaci\u00f3n y pago de impuestos sobre la n\u00f3mina<\/li>\n\n\n\n<li>Autoservicio y autoincorporaci\u00f3n de empleados<\/li>\n\n\n\n<li>Informes b\u00e1sicos<\/li>\n\n\n\n<li>Actualizaciones autom\u00e1ticas de cumplimiento<\/li>\n\n\n\n<li>Generar formularios W-2 de fin de a\u00f1o<\/li>\n\n\n\n<li>Calcular horas extras y deducciones fiscales<\/li>\n\n\n\n<li>Cumplir con las leyes laborales estatales y locales<\/li>\n<\/ul>\n\n\n\n<p><a href=\"https:\/\/www.irs.gov\/forms-pubs\/about-schedule-h-form-1040\" target=\"_blank\" rel=\"noreferrer noopener\">Usted deber\u00e1 presentar el anexo H si pag\u00f3 salarios a un empleado dom\u00e9stico como parte de su declaraci\u00f3n de impuestos federales del formulario 1040.<\/a> Como se mencion\u00f3, consulte a su asesor de impuestos sobre la posible deducci\u00f3n de los gastos de atenci\u00f3n directa.<\/p>\n\n\n\n<p>Todo esto puede parecer desalentador, pero una vez coordinado, realmente puede funcionar sin problemas. Una de las principales ventajas de contratar directamente a un cuidador a domicilio es que ninguna agencia se lleva hasta el 50 % del salario por hora que usted paga a sus cuidadores. <\/p>\n\n\n\n<p>Ya sea que utilice una agencia o contrate directamente a un cuidador a domicilio, ambos enfoques funcionan, y ambos tienen ventajas y desventajas. <a href=\"https:\/\/www.caringinfo.org\/es\/planificar\/cuidados-en-el-hogar\/encontrar-un-cuidador\/\">T\u00f3mese el tiempo para investigar el tipo de ayuda que necesita para poder tomar las decisiones que mejor se adapten a sus necesidades.<\/a><\/p>\n","protected":false},"excerpt":{"rendered":"<p>Contratar directamente cuidadores a domicilio tiene algunas ventajas, pero requiere tiempo y preparaci\u00f3n adicionales. Aprenda c\u00f3mo los impuestos estatales y locales, las verificaciones de antecedentes, y la n\u00f3mina son aspectos que debe tener en cuenta. <\/p>\n","protected":false},"author":6721,"featured_media":0,"parent":3629,"menu_order":6,"comment_status":"closed","ping_status":"closed","template":"","meta":{"_acf_changed":false,"_genesis_hide_title":false,"_genesis_hide_breadcrumbs":false,"_genesis_hide_singular_image":false,"_genesis_hide_footer_widgets":false,"_genesis_custom_body_class":"","_genesis_custom_post_class":"","_genesis_layout":"","footnotes":""},"topic":[197],"typeofcare":[],"language":[],"class_list":{"0":"post-3619","1":"page","2":"type-page","3":"status-publish","5":"topic-cuidados-en-el-hogar","6":"entry"},"acf":[],"featured_image_src":null,"featured_image_src_square":null,"_links":{"self":[{"href":"https:\/\/www.caringinfo.org\/es\/wp-json\/wp\/v2\/pages\/3619","targetHints":{"allow":["GET"]}}],"collection":[{"href":"https:\/\/www.caringinfo.org\/es\/wp-json\/wp\/v2\/pages"}],"about":[{"href":"https:\/\/www.caringinfo.org\/es\/wp-json\/wp\/v2\/types\/page"}],"author":[{"embeddable":true,"href":"https:\/\/www.caringinfo.org\/es\/wp-json\/wp\/v2\/users\/6721"}],"replies":[{"embeddable":true,"href":"https:\/\/www.caringinfo.org\/es\/wp-json\/wp\/v2\/comments?post=3619"}],"version-history":[{"count":0,"href":"https:\/\/www.caringinfo.org\/es\/wp-json\/wp\/v2\/pages\/3619\/revisions"}],"up":[{"embeddable":true,"href":"https:\/\/www.caringinfo.org\/es\/wp-json\/wp\/v2\/pages\/3629"}],"wp:attachment":[{"href":"https:\/\/www.caringinfo.org\/es\/wp-json\/wp\/v2\/media?parent=3619"}],"wp:term":[{"taxonomy":"topic","embeddable":true,"href":"https:\/\/www.caringinfo.org\/es\/wp-json\/wp\/v2\/topic?post=3619"},{"taxonomy":"typeofcare","embeddable":true,"href":"https:\/\/www.caringinfo.org\/es\/wp-json\/wp\/v2\/typeofcare?post=3619"},{"taxonomy":"language","embeddable":true,"href":"https:\/\/www.caringinfo.org\/es\/wp-json\/wp\/v2\/language?post=3619"}],"curies":[{"name":"wp","href":"https:\/\/api.w.org\/{rel}","templated":true}]}}