{"id":3620,"date":"2025-07-09T17:29:29","date_gmt":"2025-07-09T21:29:29","guid":{"rendered":"https:\/\/www.caringinfo.org\/?page_id=3620"},"modified":"2026-01-20T18:37:05","modified_gmt":"2026-01-20T23:37:05","slug":"como-pagar-por-la-atencion-medica-en-el-hogar","status":"publish","type":"page","link":"https:\/\/www.caringinfo.org\/es\/planificar\/cuidados-en-el-hogar\/como-pagar-por-la-atencion-medica-en-el-hogar\/","title":{"rendered":"C\u00f3mo pagar por la atenci\u00f3n m\u00e9dica en el hogar"},"content":{"rendered":"\n<p class=\"is-style-large\">La pregunta de c\u00f3mo pagar el apoyo de cuidados en el hogar puede ser una de las barreras m\u00e1s desalentadoras a la hora de iniciar el proceso de b\u00fasqueda de un cuidador.<\/p>\n\n\n\n<p class=\"is-style-large\">Como hemos hablado en <a href=\"https:\/\/www.caringinfo.org\/es\/planificar\/cuidados-en-el-hogar\/\">nuestros recursos de cuidados en el hogar<\/a>, existe una amplia variedad de servicios proporcionados en diferentes niveles de experiencia que est\u00e1n disponibles para ayudarlo a usted y a su ser querido en el hogar. As\u00ed como <a href=\"https:\/\/www.caringinfo.org\/es\/planificar\/cuidados-en-el-hogar\/tipos-de-cuidadores-domiciliarios\/\">existen muchas opciones diferentes para los tipos de cuidadores<\/a>, tambi\u00e9n hay numerosas formas de pagar por el cuidado, incluido Medicare, Medicaid, seguros privados de cuidado y gastos de bolsillo, cada uno con limitaciones o requisitos espec\u00edficos.<\/p>\n\n\n\n<p class=\"is-style-large\">Hemos recopilado informaci\u00f3n sobre diferentes opciones y recursos adicionales para que usted determine la mejor manera de pagar por los cuidados en el hogar que necesita.<\/p>\n\n\n\n<p><a href=\"#gastos-de-bolsillo\">La mayor\u00eda de las veces, las personas pagan la ayuda en el hogar de su propio bolsillo<\/a>. Sin embargo, existen algunas formas en las que usted puede recibir servicios cubiertos.<\/p>\n\n\n\n<p>Medicare pagar\u00e1 ciertos servicios de cuidados por un tiempo limitado. Medicaid tiene programas de exenci\u00f3n que pagar\u00e1n algunos cuidados en el hogar. Algunas p\u00f3lizas de seguro de cuidados a largo plazo pagar\u00e1n seg\u00fan sus condiciones. Y la VA tiene programas para pagar la ayuda en el hogar.    <a href=\"https:\/\/benefitscheckup.org\/\" target=\"_blank\" rel=\"noreferrer noopener\">Si no tiene claro para qu\u00e9 beneficios puede calificar, visite Verificaci\u00f3n de beneficios.<\/a><\/p>\n\n\n\n<p>AARP tambi\u00e9n ha compilado <a href=\"https:\/\/www.aarp.org\/caregiving\/financial-legal\/info-2017\/afford-a-homecare-worker\/\" target=\"_blank\" rel=\"noreferrer noopener\">un art\u00edculo \u00fatil sobre diversas fuentes de pago para cuidadores domiciliarios<\/a>.<\/p>\n\n\n\n<p>Un programa que puede ser \u00fatil para comprender varias fuentes de pago es el Programa de Asesoramiento y Defensa de Seguros de Salud (HICAP). El HICAP ayuda a personas y a familias que tienen problemas con Medicare y otras inquietudes relacionadas con el seguro de salud. M\u00e1s de 500 consejeros voluntarios capacitados y registrados brindan informaci\u00f3n objetiva sobre Medicare, seguro complementario de Medicare, atenci\u00f3n administrada, planificaci\u00f3n de atenci\u00f3n a largo plazo y seguro de salud. La educaci\u00f3n comunitaria, el asesoramiento individual y algunos servicios legales son administrados a trav\u00e9s <a href=\"https:\/\/eldercare.acl.gov\/Public\/About\/Aging_Network\/AAA.aspx\" target=\"_blank\" rel=\"noreferrer noopener\">de las agencias de \u00e1rea<\/a> para el envejecimiento.   <\/p>\n\n\n\n<p>Los consejeros del HICAP est\u00e1n disponibles para citas en una amplia gama de entornos, como agencias de \u00e1rea para el envejecimiento, centros para personas mayores, centros de nutrici\u00f3n para personas mayores, bibliotecas, hospitales y centros comunitarios. Los consejeros tambi\u00e9n pueden visitar a personas confinadas a sus hogares que no pueden acudir a un centro. <\/p>\n\n\n\n<p>Su agencia local del HICAP puede proporcionarle una copia gratuita de \u00abCuidando el ma\u00f1ana, una gu\u00eda para consumidores sobre cuidados a largo plazo\u00bb del HICAP. Llame a su HICAP local al 800-434-0222. <\/p>\n\n\n\n<h2 class=\"wp-block-heading\" id=\"medicare\">Medicare y atenci\u00f3n m\u00e9dica en el hogar<\/h2>\n\n\n\n<p>Medicare paga para que usted reciba servicios de atenci\u00f3n m\u00e9dica en su hogar si cumple con ciertos criterios de elegibilidad y si los servicios se consideran razonables y necesarios para el tratamiento de su enfermedad o lesi\u00f3n. <a href=\"https:\/\/www.medicare.gov\/publications\/10969-medicare-and-home-health-care.pdf\" target=\"_blank\" rel=\"noreferrer noopener\">Este folleto de los Centros de Servicios de Medicare y Medicaid (CMS) proporciona orientaci\u00f3n sobre la elegibilidad, los servicios cubiertos y la elecci\u00f3n de una agencia certificada por los CMS.<\/a><\/p>\n\n\n\n<p>Usted es elegible para que Medicare pague la atenci\u00f3n m\u00e9dica en el hogar si:<\/p>\n\n\n\n<ul class=\"wp-block-list\">\n<li>su m\u00e9dico certific\u00f3 que necesita atenci\u00f3n de enfermer\u00eda especializada u otros servicios especializados, como fisioterapia;<\/li>\n\n\n\n<li>la agencia de atenci\u00f3n m\u00e9dica en el hogar que lo atiende est\u00e1 certificada por Medicare;<\/li>\n\n\n\n<li>su m\u00e9dico certifica que usted est\u00e1 confinado a su hogar;<\/li>\n\n\n\n<li>fue atendido recientemente por su m\u00e9dico.<\/li>\n<\/ul>\n\n\n\n<p>Por lo general, usted no cumplir\u00e1 con los requisitos si necesita atenci\u00f3n de enfermer\u00eda especializada a tiempo completo durante un per\u00edodo <em>prolongado<\/em>. Sin embargo, usted puede tener m\u00e1s de un per\u00edodo de atenci\u00f3n de 30 d\u00edas. El beneficio de atenci\u00f3n m\u00e9dica en el hogar de Medicare solo paga por los servicios que recibe de la agencia de atenci\u00f3n m\u00e9dica en el hogar certificada por Medicare. Realizar\u00e1n un pago a la agencia de atenci\u00f3n m\u00e9dica en el hogar por los servicios cubiertos que reciba durante cada per\u00edodo de atenci\u00f3n de 30 d\u00edas. Es posible que otros servicios y equipos m\u00e9dicos a\u00fan est\u00e9n cubiertos como parte de sus otros beneficios de Medicare.    <\/p>\n\n\n\n<p>Medicare no paga por lo siguiente:<\/p>\n\n\n\n<ul class=\"wp-block-list\">\n<li>Atenci\u00f3n en el hogar las 24 horas del d\u00eda<\/li>\n\n\n\n<li>Comidas entregadas a domicilio<\/li>\n\n\n\n<li>Servicios como compras, limpieza y lavander\u00eda<\/li>\n\n\n\n<li>Cuidado personal como ba\u00f1arse, vestirse y usar el ba\u00f1o cuando es el \u00fanico cuidado que necesita<\/li>\n<\/ul>\n\n\n\n<p>Hable con su m\u00e9dico o agencia de atenci\u00f3n m\u00e9dica en el hogar si tiene preguntas sobre si ciertos servicios est\u00e1n cubiertos. Las agencias de atenci\u00f3n m\u00e9dica en el hogar deben entregarle un aviso por escrito antes de brindarle un servicio o suministro que Medicare probablemente no cubrir\u00e1.  <a href=\"https:\/\/www.medicare.gov\/publications\/10969-medicare-and-home-health-care.pdf\" target=\"_blank\" rel=\"noreferrer noopener\">Consulte el folleto de Medicare para obtener m\u00e1s detalles.<\/a><\/p>\n\n\n\n<p>Usted puede encontrar <a href=\"https:\/\/www.medicare.gov\/care-compare\/#search\" target=\"_blank\" rel=\"noreferrer noopener\">una agencia de atenci\u00f3n m\u00e9dica en el hogar aprobada por Medicare consultando &#8216;Home Health Compare&#8217;<\/a> y <a href=\"https:\/\/www.caringinfo.org\/es\/planificar\/cuidados-en-el-hogar\/encontrar-un-cuidador\/#local\">a trav\u00e9s de las agencias locales que discutimos anteriormente<\/a>.<\/p>\n\n\n\n<p><a href=\"https:\/\/allianceforcareathome.org\/find-a-provider\/?_agency_type=home-health\">El directorio Buscar un proveedor de Alliance<\/a> tambi\u00e9n ofrece una base de datos completa de miles de agencias de atenci\u00f3n m\u00e9dica en el hogar certificadas. Busque proveedores de atenci\u00f3n m\u00e9dica en el hogar en su \u00e1rea y revise sus perfiles para ver si aceptan Medicare como tipo de pago. <\/p>\n\n\n\n<p>Sin embargo, <strong>tenga en cuenta<\/strong> que, si usted tiene un plan Medicare Advantage u otro plan de salud de Medicare, es posible que deba obtener servicios de atenci\u00f3n m\u00e9dica en el hogar de agencias con las que su plan tenga contrato. Comun\u00edquese con el administrador de su plan para obtener m\u00e1s informaci\u00f3n. <\/p>\n\n\n\n<p>Si tiene preguntas sobre sus beneficios o cobertura de atenci\u00f3n m\u00e9dica en el hogar de Medicare, y cuenta con Medicare Original, <a href=\"https:\/\/www.medicare.gov\" target=\"_blank\" rel=\"noreferrer noopener\">visite Medicare.gov<\/a> o llame al 1-800-MEDICARE (1-800-633-4227). Si est\u00e1 cubierto por un plan Medicare Advantage o por otro plan de salud de Medicare, llame a su plan. Tambi\u00e9n puede llamar o visitar el sitio web del programa de asistencia de seguros de su estado si tiene preguntas sobre Medicare y sobre Medicaid. Encuentre la informaci\u00f3n de su estado visitando o llamando al sitio web del Programa Estatal de Asistencia sobre Seguros de Salud (SHIP) (https:\/\/www.shiphelp.org\/) o llame al 1-877-839-2675. Tambi\u00e9n puede comunicarse con el HICAP como se mencion\u00f3 anteriormente.    <\/p>\n\n\n\n<h2 class=\"wp-block-heading\" id=\"medicaid\">Medicaid y atenci\u00f3n m\u00e9dica en el hogar<\/h2>\n\n\n\n<p>Si bien Medicare es un programa de seguro de salud apoyado por el Gobierno federal para personas de 65 a\u00f1os o m\u00e1s, o menores de 65 a\u00f1os con ciertas necesidades, Medicaid es un programa conjunto federal y estatal para ayudar a quienes tienen ingresos limitados.<\/p>\n\n\n\n<p>Debido a que Medicaid es una asociaci\u00f3n entre el Gobierno federal y los estados, los programas de Medicaid var\u00edan de un estado a otro. En general, los programas de Medicaid ofrecen apoyo para personas mayores en el hogar, y los servicios pueden variar desde tareas dom\u00e9sticas ligeras hasta cuidados especializados.  <a href=\"https:\/\/www.medicaidplanningassistance.org\/in-home-care\/\" target=\"_blank\" rel=\"noreferrer noopener\">El American Council on Aging ha recopilado informaci\u00f3n muy \u00fatil sobre los programas de Medicaid que apoyan los servicios de cuidados en el hogar.<\/a><\/p>\n\n\n\n<p>Para saber qu\u00e9 servicios de atenci\u00f3n m\u00e9dica en el hogar pueden obtener apoyo financiero, deber\u00e1 visitar Medicaid.gov. All\u00ed podr\u00e1 realizar lo siguiente: <\/p>\n\n\n\n<ul class=\"wp-block-list\">\n<li><a href=\"https:\/\/www.medicaid.gov\/state-overviews\/state-profiles\/index.html\" target=\"_blank\" rel=\"noreferrer noopener\">Obtener una descripci\u00f3n general de lo que ofrece su estado<\/a><\/li>\n\n\n\n<li><a href=\"https:\/\/www.medicaid.gov\/eligibility\/index.html\" target=\"_blank\" rel=\"noreferrer noopener\">Explorar la elegibilidad para usted o para las personas bajo su cuidado<\/a><\/li>\n\n\n\n<li>Encontrar informaci\u00f3n de contacto de las oficinas de Medicaid en su \u00e1rea.<\/li>\n<\/ul>\n\n\n\n<h2 class=\"wp-block-heading\" id=\"va\">Beneficios de la VA para los cuidados en el hogar<\/h2>\n\n\n\n<p>La Administraci\u00f3n de Veteranos (VA) tiene varios programas que apoyan a los veteranos y a sus cuidadores en el hogar. Estos programas abarcan desde cuidados de asistencia dom\u00e9stica y de ayudantes de atenci\u00f3n m\u00e9dica en el hogar hasta atenci\u00f3n primaria en el hogar y m\u00e1s. <\/p>\n\n\n\n<p>Visite <a href=\"https:\/\/www.va.gov\/GERIATRICS\/pages\/Home_and_Community_Based_Services.asp\" target=\"_blank\" rel=\"noreferrer noopener\">el sitio web de Servicios en la Comunidad y el Hogar de la VA para obtener m\u00e1s informaci\u00f3n<\/a> o <a href=\"https:\/\/www.va.gov\/find-locations\" target=\"_blank\" rel=\"noreferrer noopener\">busque una ubicaci\u00f3n de la VA cerca de usted<\/a> y ll\u00e1melos.<\/p>\n\n\n\n<h2 class=\"wp-block-heading\" id=\"long-term-care\">P\u00f3lizas de seguro de cuidados a largo plazo<\/h2>\n\n\n\n<p>Las p\u00f3lizas de seguro de cuidados a largo plazo est\u00e1n dise\u00f1adas para ayudar a cubrir los costos de los servicios que el seguro m\u00e9dico, Medicare y Medicaid no cubren. Esto puede incluir ayuda con actividades diarias como comer y ba\u00f1arse, as\u00ed como tambi\u00e9n ayuda con los costos de cuidado profesional en el hogar. Estas p\u00f3lizas suelen estar basadas en primas, como otros tipos de seguros centrados en la salud.  <\/p>\n\n\n\n<p>Verifique si usted tiene una p\u00f3liza de seguro de cuidados a largo plazo y, si la tiene, <strong>l\u00e9ala cuidadosamente<\/strong>. Algunas p\u00f3lizas de seguro de cuidados a largo plazo pagar\u00e1n la ayuda de cuidado en el hogar si se cumplen los requisitos de la p\u00f3liza. Las p\u00f3lizas pueden especificar cu\u00e1nta ayuda puede recibir y pueden requerir el uso de sus agencias aprobadas. Por ejemplo, muchas p\u00f3lizas antiguas solo cubrir\u00e1n los costos de cuidados en residencias de ancianos. Otras p\u00f3lizas cubrir\u00e1n los costos de ayudantes de atenci\u00f3n m\u00e9dica en el hogar, pero a una tarifa que no ha seguido el ritmo de la inflaci\u00f3n (fuente: <a href=\"https:\/\/kffhealthnews.org\/news\/article\/dying-broke-why-long-term-care-insurance-falls-short\/\" target=\"_blank\" rel=\"noreferrer noopener\">KFF Health News<\/a>).    <\/p>\n\n\n\n<p>Si est\u00e1 considerando comprar un seguro a largo plazo, investigue de la misma forma como lo har\u00eda al comprar un seguro de salud.<\/p>\n\n\n\n<p><a href=\"https:\/\/www.insurance.ca.gov\/01-consumers\/105-type\/95-guides\/05-health\/01-ltc\/ltc-insurance.cfm\" target=\"_blank\" rel=\"noreferrer noopener\">El Departamento de Seguros de California ha preparado una descripci\u00f3n general \u00fatil de seguros a largo plazo para consumidores,<\/a> la cual contiene buena informaci\u00f3n sin importar d\u00f3nde viva. <a href=\"https:\/\/www.aarp.org\/caregiving\/financial-legal\/info-2021\/understanding-long-term-care-insurance.html\" target=\"_blank\" rel=\"noreferrer noopener\">AARP tambi\u00e9n tiene una gu\u00eda para tomar una decisi\u00f3n informada sobre cuidados a largo plazo<\/a>.<\/p>\n\n\n\n<h2 class=\"wp-block-heading\" id=\"beneficio-por-muerte\">Beneficio por muerte acelerado de un seguro de vida<\/h2>\n\n\n\n<p>Los beneficios por muerte acelerados (ADB) existen para ayudar a las personas con enfermedades terminales con seguro de vida a acceder a una parte de su beneficio por muerte antes de que fallezcan (fuente: <a href=\"https:\/\/www.investopedia.com\/what-is-life-insurance-with-living-benefits-8606326\" target=\"_blank\" rel=\"noreferrer noopener\">Investopedia<\/a>). La intenci\u00f3n es utilizar el dinero para ayudar a cubrir la atenci\u00f3n m\u00e9dica y los costos relacionados. A cambio, se reduce el importe del beneficio total por muerte.  <\/p>\n\n\n\n<p><a href=\"https:\/\/www.investopedia.com\/articles\/personal-finance\/013114\/closer-look-accelerated-benefit-riders.asp\" target=\"_blank\" rel=\"noreferrer noopener\">Puede agregar una cl\u00e1usula adicional de beneficio por muerte acelerado a su seguro de vida.<\/a> Una cl\u00e1usula adicional es una cobertura o beneficio suplementario adjunto a una p\u00f3liza de seguro. Con muchos aseguradoras, una cl\u00e1usula de beneficio por muerte acelerado (ADB) estar\u00e1 incluida en una p\u00f3liza de seguro de vida sin costo adicional. Tenga en cuenta lo siguiente: <\/p>\n\n\n\n<ul class=\"wp-block-list\">\n<li>Para calificar para un beneficio por muerte acelerado, el titular de una p\u00f3liza debe proporcionar prueba de que padece una enfermedad cr\u00f3nica o terminal.<\/li>\n\n\n\n<li>Los ADB generalmente no est\u00e1n sujetos a impuestos como ingresos, pero esto puede depender del estado donde reside el titular de la p\u00f3liza.<\/li>\n\n\n\n<li>Puede ser posible pedir prestado dinero de una p\u00f3liza de seguro de vida en lugar de recibir los beneficios en una suma global. Vale la pena considerar los efectos que esto puede tener sobre la planificaci\u00f3n patrimonial y sobre los costos futuros. <\/li>\n<\/ul>\n\n\n\n<p>Si tiene un seguro de vida y est\u00e1 interesado en este beneficio, aseg\u00farese de comunicarse con su agente o compa\u00f1\u00eda de seguros. A veces, este beneficio est\u00e1 disponible aunque no est\u00e9 expl\u00edcitamente indicado en la p\u00f3liza del asegurado, por lo que vale la pena preguntar al respecto. <\/p>\n\n\n\n<h2 class=\"wp-block-heading\" id=\"gastos-de-bolsillo\">Gastos de bolsillo<\/h2>\n\n\n\n<p>Contratar a alguien que proporcione atenci\u00f3n m\u00e9dica en el hogar es costoso. <a href=\"https:\/\/www.carescout.com\/cost-of-care\" target=\"_blank\" rel=\"noreferrer noopener\">Care Scout ha creado una calculadora que puede ayudarlo a obtener una estimaci\u00f3n de los costos del cuidado<\/a>. Para usar la calculadora, introduzca su ubicaci\u00f3n y el tipo y la cantidad de cuidado que requiere. La calculadora le dar\u00e1 una estimaci\u00f3n de sus costos actuales y futuros. Esto puede ser extremadamente \u00fatil en su proceso de planificaci\u00f3n.   <\/p>\n\n\n\n<p>Si ha contratado a sus cuidadores a trav\u00e9s de una agencia, <a href=\"https:\/\/www.caringinfo.org\/es\/planificar\/cuidados-en-el-hogar\/encontrar-un-cuidador\/\">deber\u00e1 pagarle directamente a la agencia de atenci\u00f3n m\u00e9dica en el hogar<\/a>. Una agencia debe darle su lista de servicios y precios para que pueda armar un presupuesto. Recuerde que las necesidades de cuidados tienden a aumentar con el tiempo.<\/p>\n\n\n\n<p><a href=\"https:\/\/www.caringinfo.org\/es\/planificar\/cuidados-en-el-hogar\/encontrar-un-cuidador\/#agencias\">Pregunte a la agencia si los cuidadores que le env\u00edan son empleados de la agencia y si la agencia se encarga de los asuntos fiscales.<\/a> En caso contrario, aclare cu\u00e1les son sus responsabilidades, preferiblemente por escrito.<\/p>\n\n\n\n<p>Quienes est\u00e9n considerando contar con cuidados en el hogar a largo plazo deber\u00edan evaluar sus opciones: contratar cuidadores directamente o utilizar una agencia. A corto plazo, si es probable que se necesiten cuidados durante menos de seis meses, quiz\u00e1 tenga m\u00e1s sentido recurrir a una agencia. <\/p>\n\n\n\n<p>Sin embargo, si es probable que se necesiten cuidados durante m\u00e1s de seis meses, <a href=\"https:\/\/www.care.com\/hp\/private-employment-or-senior-care-agency\/\" target=\"_blank\" rel=\"noreferrer noopener\">el pago privado puede resultar m\u00e1s barato que una agencia<\/a>.<\/p>\n\n\n\n<p>Cuando consideren el empleo privado, las familias deben tener en cuenta el costo de los impuestos, el seguro de compensaci\u00f3n laboral, el uso de un servicio de impuestos y n\u00f3mina, y <a href=\"https:\/\/www.care.com\/hp\/senior-care-tax-breaks\/\" target=\"_blank\" rel=\"noreferrer noopener\">los posibles ahorros derivados de diversos beneficios fiscales<\/a>. En determinadas circunstancias, por ejemplo, si los cuidados son necesarios por razones m\u00e9dicas, los costos directos de los cuidados pueden ser deducibles de impuestos. <\/p>\n\n\n\n<div id=\"ci-card-promo-in-article-block_9018b461da4f0a9d47ee84ceb0a64cc3\" class=\"ci-card ci-card-link ci-block-card-promo-in-article alignright\">\n\t<a href=\"https:\/\/www.caringinfo.org\/es\/planificar\/cuidados-en-el-hogar\/como-contratar-cuidadores-a-domicilio-legalmente\/\">\n\t\t<div class=\"card-header\"><i class=\"card-icon far fa-fw fa-circle-info\" aria-hidden=\"true\"><\/i><div class=\"card-title\">C\u00f3mo contratar cuidadores a domicilio\u2026 legalmente<\/div><\/div>\n\t\t<div class=\"card-teaser\">Obtenga m\u00e1s informaci\u00f3n sobre qu\u00e9 preparar al convertirse en empleador de cuidadores a domicilio<\/div>\n\t\t<div class=\"card-cta-icon\"><i class=\"fa-solid fa-circle-location-arrow fa-fw fa-lg fa-rotate-by\" style=\"--fa-rotate-angle: 45deg;\"><\/i><\/div>\n\t<\/a>\n<\/div>\n\n\n<p>Hemos hablado de las m\u00faltiples opciones para pagar los servicios de cuidados en el hogar. Mientras piensa en qu\u00e9 opciones funcionan mejor para sus necesidades, considere combinar varios m\u00e9todos siempre que sea posible. Es posible que una \u00fanica soluci\u00f3n no cubra todos sus costos, por lo que conocer todas las opciones disponibles puede aumentar sus posibilidades de encontrar el plan \u00f3ptimo.  <\/p>\n\n\n\n<p>Cuando busque la ayuda que necesita, es posible que pueda trabajar con agencias o administradores de cuidados geri\u00e1tricos para que lo ayuden a determinar el mejor m\u00e9todo de pago. <a href=\"https:\/\/www.caringinfo.org\/es\/planificar\/cuidados-en-el-hogar\/encontrar-un-cuidador\/\">Obtenga m\u00e1s informaci\u00f3n sobre c\u00f3mo encontrar la ayuda que necesita.<\/a><\/p>\n","protected":false},"excerpt":{"rendered":"<p>Pagar por servicios de cuidados en el hogar puede ser confuso y abrumador. Queremos ayudarlo a explorar sus opciones, incluidos Medicare, Medicaid y seguros de atenci\u00f3n privada. <\/p>\n","protected":false},"author":6721,"featured_media":0,"parent":3629,"menu_order":5,"comment_status":"closed","ping_status":"closed","template":"","meta":{"_acf_changed":true,"_genesis_hide_title":false,"_genesis_hide_breadcrumbs":false,"_genesis_hide_singular_image":false,"_genesis_hide_footer_widgets":false,"_genesis_custom_body_class":"","_genesis_custom_post_class":"","_genesis_layout":"","footnotes":""},"topic":[197],"typeofcare":[],"language":[],"class_list":{"0":"post-3620","1":"page","2":"type-page","3":"status-publish","5":"topic-cuidados-en-el-hogar","6":"entry"},"acf":[],"featured_image_src":null,"featured_image_src_square":null,"_links":{"self":[{"href":"https:\/\/www.caringinfo.org\/es\/wp-json\/wp\/v2\/pages\/3620","targetHints":{"allow":["GET"]}}],"collection":[{"href":"https:\/\/www.caringinfo.org\/es\/wp-json\/wp\/v2\/pages"}],"about":[{"href":"https:\/\/www.caringinfo.org\/es\/wp-json\/wp\/v2\/types\/page"}],"author":[{"embeddable":true,"href":"https:\/\/www.caringinfo.org\/es\/wp-json\/wp\/v2\/users\/6721"}],"replies":[{"embeddable":true,"href":"https:\/\/www.caringinfo.org\/es\/wp-json\/wp\/v2\/comments?post=3620"}],"version-history":[{"count":0,"href":"https:\/\/www.caringinfo.org\/es\/wp-json\/wp\/v2\/pages\/3620\/revisions"}],"up":[{"embeddable":true,"href":"https:\/\/www.caringinfo.org\/es\/wp-json\/wp\/v2\/pages\/3629"}],"wp:attachment":[{"href":"https:\/\/www.caringinfo.org\/es\/wp-json\/wp\/v2\/media?parent=3620"}],"wp:term":[{"taxonomy":"topic","embeddable":true,"href":"https:\/\/www.caringinfo.org\/es\/wp-json\/wp\/v2\/topic?post=3620"},{"taxonomy":"typeofcare","embeddable":true,"href":"https:\/\/www.caringinfo.org\/es\/wp-json\/wp\/v2\/typeofcare?post=3620"},{"taxonomy":"language","embeddable":true,"href":"https:\/\/www.caringinfo.org\/es\/wp-json\/wp\/v2\/language?post=3620"}],"curies":[{"name":"wp","href":"https:\/\/api.w.org\/{rel}","templated":true}]}}