{"id":3625,"date":"2025-07-09T17:29:29","date_gmt":"2025-07-09T21:29:29","guid":{"rendered":"https:\/\/www.caringinfo.org\/?page_id=3625"},"modified":"2025-07-09T18:18:11","modified_gmt":"2025-07-09T22:18:11","slug":"encontrar-un-cuidador","status":"publish","type":"page","link":"https:\/\/www.caringinfo.org\/es\/planificar\/cuidados-en-el-hogar\/encontrar-un-cuidador\/","title":{"rendered":"Encontrar un cuidador: Agencias de cuidados en el hogar vs. profesionales de cuidados independientes"},"content":{"rendered":"\n<p class=\"is-style-large\">Una vez que haya tomado la decisi\u00f3n de contar con apoyo para el cuidado en el hogar y haya investigado los distintos tipos de profesionales de cuidados o de atenci\u00f3n m\u00e9dica en el hogar que pueden ser apropiados para su situaci\u00f3n, \u00a1el siguiente paso es encontrar esa ayuda! Este proceso puede ser muy desconcertante. Aqu\u00ed est\u00e1n nuestras recomendaciones para encontrar ayuda confiable.  <\/p>\n\n\n\n<h2 class=\"wp-block-heading\">Boca a boca<\/h2>\n\n\n\n<p>Su familia, amigos, vecinos, asociados y proveedores de atenci\u00f3n m\u00e9dica actuales son excelentes fuentes de recomendaciones para buscar apoyo para el cuidado en el hogar. Su c\u00edrculo \u00edntimo ya se ha ganado su confianza y tendr\u00e1 experiencia de primera mano para hablar de confiabilidad y competencia. <\/p>\n\n\n\n<p>Si el paciente ha estado en el hospital, el planificador de altas del centro tambi\u00e9n puede ser \u00fatil.<\/p>\n\n\n\n<p>Recuerde que, si usted decide contratar directamente a un cuidador recomendado boca a boca (<em>no<\/em> a trav\u00e9s de una agencia), <a href=\"#administradores-de-cuidados-geriatricos\">le conviene realizar una verificaci\u00f3n de antecedentes y obtener m\u00faltiples referencias<\/a>.<\/p>\n\n\n\n<h3 class=\"wp-block-heading\">La importancia de las verificaciones de antecedentes y de las referencias<\/h3>\n\n\n\n<p>Facebook, Nextdoor y sitios similares a menudo contienen publicaciones o grupos comunitarios que ofrecen servicios de cuidado. En nuestra opini\u00f3n, las redes sociales pueden ser desde un recurso valioso hasta el \u201csalvaje Oeste\u201d. Lamentablemente, las redes sociales son una v\u00eda para los estafadores en l\u00ednea, e incluso las personas que t\u00e9cnicamente no son estafadoras pueden no ser necesariamente seguras.  <\/p>\n\n\n\n<p>La persona que usted contrate para que sea cuidador a domicilio estar\u00e1 en su casa, cuidando a una persona vulnerable que usted ama, y potencialmente tendr\u00e1 acceso a informaci\u00f3n privada y confidencial. <a href=\"https:\/\/www.caringinfo.org\/es\/blog\/como-encontrar-en-internet-ayuda-local-y-relevante-para-el-cuidado\/\">Hemos proporcionado algunas pautas sobre c\u00f3mo buscar recursos locales<\/a>, pero seguimos manteniendo nuestro consejo de realizar una verificaci\u00f3n de antecedentes exhaustiva y de verificar todas las referencias.<\/p>\n\n\n\n<h2 class=\"wp-block-heading\" id=\"local\">Centros locales para personas mayores y organizaciones de servicios para el envejecimiento<\/h2>\n\n\n\n<p>Los recursos comunitarios, como los departamentos de salud locales, los centros para adultos mayores y <a href=\"https:\/\/eldercare.acl.gov\/public\/resources\/topic\/Caregiver.aspx\" target=\"_blank\" rel=\"noreferrer noopener\">las agencias de \u00e1rea para el envejecimiento<\/a> (espec\u00edficamente <a href=\"https:\/\/acl.gov\/programs\/aging-and-disability-networks\/aging-and-disability-resource-centers\" target=\"_blank\" rel=\"noreferrer noopener\">sus centros de recursos para el envejecimiento y la discapacidad<\/a>), pueden ser muy \u00fatiles para conectarlo con cuidadores de confianza. Muchas agencias locales tienen redes extensas y pueden recomendar profesionales calificados. Adem\u00e1s, <a href=\"https:\/\/acl.gov\/programs\/aging-and-disability-networks\/centers-independent-living\" target=\"_blank\" rel=\"noreferrer noopener\">los centros para la vida independiente<\/a> (CIL) generalmente mantienen un directorio de cuidadores y de asistentes de cuidado personal. <a href=\"https:\/\/www.ilru.org\/projects\/cil-net\/cil-center-and-association-directory\" target=\"_blank\" rel=\"noreferrer noopener\">Puede encontrar su CIL local aqu\u00ed.<\/a>  <\/p>\n\n\n\n<p><a href=\"https:\/\/caregiver.org\" target=\"_blank\" rel=\"noreferrer noopener\">La Family Caregiver Alliance<\/a> ofrece mucha informaci\u00f3n \u00fatil, incluido <a href=\"https:\/\/www.caregiver.org\/connecting-caregivers\/services-by-state\/\" target=\"_blank\" rel=\"noreferrer noopener\">un listado estado por estado de recursos, centros y organizaciones disponibles<\/a>.<\/p>\n\n\n\n<h2 class=\"wp-block-heading\">Plataformas en l\u00ednea para la b\u00fasqueda de cuidadores<\/h2>\n\n\n\n<p>Sitios web como <a href=\"https:\/\/www.care.com\/\" target=\"_blank\" rel=\"noreferrer noopener\">Care.com<\/a>, <a href=\"https:\/\/caregivers.com\/\" target=\"_blank\" rel=\"noreferrer noopener\">Caregivers.com<\/a> y <a href=\"https:\/\/agingcare.com\" target=\"_blank\" rel=\"noreferrer noopener\">AgingCare.com<\/a> funcionan como servicios de conexi\u00f3n para personas que buscan cuidadores y proveedores de servicios m\u00e9dicos en el hogar. Puede especificar su ubicaci\u00f3n, la descripci\u00f3n del trabajo y las calificaciones. A veces, estos servicios han realizado verificaciones de antecedentes, pero aseg\u00farese de comprobarlo. Tenga en cuenta que le pedir\u00e1n su informaci\u00f3n de contacto, incluido el n\u00famero de tel\u00e9fono y el correo electr\u00f3nico. AgingCare.com es propiedad de A Place for Mom y comparte su informaci\u00f3n de la misma manera, <a href=\"https:\/\/www.caringinfo.org\/es\/planificar\/como-encontrar-opciones-de-cuidados-fuera-del-hogar\/entender-las-alternativas-para-la-atencion-en-casa\/\">por lo que revisar la pol\u00edtica de privacidad de cualquier servicio antes de proporcionar su informaci\u00f3n personal es sin duda lo correcto.<\/a>    <\/p>\n\n\n\n<h2 class=\"wp-block-heading\" id=\"agencias\">B\u00fasquedas en l\u00ednea de agencias<\/h2>\n\n\n\n<p>Para encontrar agencias de cuidados en el hogar en su \u00e1rea que proporcionen cuidados en el hogar, <a href=\"https:\/\/www.caringinfo.org\/es\/blog\/como-encontrar-en-internet-ayuda-local-y-relevante-para-el-cuidado\/\">una b\u00fasqueda confiable en Internet siempre es buena opci\u00f3n<\/a>. Encontrar\u00e1 no solo agencias locales, sino tambi\u00e9n franquicias locales de cadenas nacionales como Right at Home, Home Instead, BrightStar Care, Senior Helpers y m\u00e1s. Algunas agencias solo proporcionan cuidadores personales, otras brindan atenci\u00f3n m\u00e9dica en el hogar, y algunas brindan una combinaci\u00f3n de ambas opciones.<\/p>\n\n\n\n<p>Cuando contacte a una agencia de cuidados en el hogar (o de atenci\u00f3n m\u00e9dica en el hogar) que encuentre a trav\u00e9s de una b\u00fasqueda, aseg\u00farese de preguntar lo siguiente: <\/p>\n\n\n\n<ul class=\"wp-block-list\">\n<li>acerca de las calificaciones de los cuidadores que ofrece, <\/li>\n\n\n\n<li>si ha realizado verificaciones de antecedentes,<\/li>\n\n\n\n<li>si los cuidadores tienen licencia y est\u00e1n asegurados, <\/li>\n\n\n\n<li>si la agencia es el <em>empleador registrado<\/em> o <a href=\"https:\/\/www.caringinfo.org\/es\/planificar\/cuidados-en-el-hogar\/como-contratar-cuidadores-a-domicilio-legalmente\/\">si lo ser\u00e1 usted<\/a>,<\/li>\n\n\n\n<li>si est\u00e1 certificada por Medicare o por Medicaid.<\/li>\n<\/ul>\n\n\n\n<p>Adem\u00e1s, es una muy buena idea utilizar aqu\u00ed el \u201cboca a boca\u201d y pedir referencias de pacientes y de familiares que hayan utilizado la agencia. Si bien las franquicias pueden tener un renombre nacional, aun as\u00ed se gestionan localmente, y la calidad del servicio puede variar. <\/p>\n\n\n\n<h3 class=\"wp-block-heading\">Informaci\u00f3n sobre agencias certificadas por Medicare o por Medicaid<\/h3>\n\n\n\n<p>Cualquier agencia de cuidados en el hogar que est\u00e9 <a href=\"https:\/\/www.cms.gov\/medicare\/health-safety-standards\/guidance-for-laws-regulations\/home-health-agencies\/home-health-providers\" target=\"_blank\" rel=\"noreferrer noopener\">certificada por Medicare o por Medicaid<\/a> est\u00e1 sujeta a estrictas regulaciones federales con respecto a las calificaciones de los cuidadores, los est\u00e1ndares de pr\u00e1ctica y el mantenimiento de registros. El Centro de Servicios de Medicare y Medicaid (CMS) requiere que las agencias mantengan documentaci\u00f3n de que se han cumplido todos los est\u00e1ndares de certificaci\u00f3n de Medicare. <\/p>\n\n\n\n<p>Algunos estados tienen poca o ninguna regulaci\u00f3n sobre los proveedores de atenci\u00f3n domiciliaria no m\u00e9dica. Muchos estados exigen que una organizaci\u00f3n de cuidados en el hogar cumpla ciertos requisitos y est\u00e9 autorizada por ese estado. <\/p>\n\n\n\n<p>Cualquier agencia que est\u00e9 certificada por el CMS tambi\u00e9n deber\u00e1 tener licencia en los estados en que opera. Generalmente, usted puede encontrar informaci\u00f3n sobre los requisitos de su estado (que para los ayudantes incluyen aspectos como una verificaci\u00f3n de antecedentes irreprochable, una licencia de conducir v\u00e1lida y una certificaci\u00f3n de habilidades) en el sitio web del Departamento de Salud de su estado; a menudo, tambi\u00e9n encontrar\u00e1 all\u00ed un directorio de organizaciones de cuidados en el hogar con licencia En ausencia de licencias estatales o de la certificaci\u00f3n del CMS, las agencias determinan por s\u00ed mismas las calificaciones, la formaci\u00f3n y los servicios.  <\/p>\n\n\n\n<p><strong><a href=\"https:\/\/caringinfo2.wpengine.com\/planning\/planning-for-in-home-care\/how-to-pay-for-home-health-care\/\">Si prev\u00e9 que Medicare o Medicaid pagar\u00e1n alguna parte de los cuidados en el hogar<\/a>, debe utilizar una agencia certificada por el Centro de Servicios de Medicare y Medicaid.<\/strong><\/p>\n\n\n\n<h4 class=\"wp-block-heading\">Usar los requisitos para ayudantes de atenci\u00f3n m\u00e9dica en el hogar certificados por Medicare como punto de partida para las preguntas<\/h4>\n\n\n\n<p>Incluso si la agencia de atenci\u00f3n m\u00e9dica en el hogar que usted elija no est\u00e1 certificada por el CMS, puede ser \u00fatil utilizar los requisitos para los ayudantes de atenci\u00f3n m\u00e9dica en el hogar certificados por Medicare para que pueda preguntar qu\u00e9 calificaciones exige la agencia y qu\u00e9 capacitaci\u00f3n proporciona.<\/p>\n\n\n\n<p>Para estar certificado por Medicare, un ayudante de salud en el hogar debe:<\/p>\n\n\n\n<ul class=\"wp-block-list\">\n<li>Haber completado al menos 75 horas de capacitaci\u00f3n, incluido un m\u00ednimo de 16 horas de capacitaci\u00f3n en el aula seguidas de un m\u00ednimo de 16 horas de capacitaci\u00f3n pr\u00e1ctica supervisada.<\/li>\n\n\n\n<li>Haber aprobado una evaluaci\u00f3n de competencia.<\/li>\n\n\n\n<li>Estar al d\u00eda en el registro de ayudantes de enfermer\u00eda. <\/li>\n\n\n\n<li>Tener 12 horas de capacitaci\u00f3n en servicio durante cada per\u00edodo de 12 meses.<\/li>\n\n\n\n<li>Participar en programas de capacitaci\u00f3n que se centren en las habilidades necesarias para brindar atenci\u00f3n de calidad y que capaciten a los ayudantes para observar, comunicar e informar sobre el estado del paciente a la familia, la agencia y los dem\u00e1s cuidadores. <\/li>\n<\/ul>\n\n\n\n<p>Es importante preguntar sobre las calificaciones, las habilidades especializadas y las responsabilidades de cada agencia para comprender a qu\u00e9 est\u00e1ndares se adhieren. Los requisitos certificados por Medicare le proporcionan una lista de preguntas para comenzar su investigaci\u00f3n. <\/p>\n\n\n\n<p><a href=\"https:\/\/www.caringinfo.org\/es\/planificar\/cuidados-en-el-hogar\/tipos-de-cuidadores-domiciliarios\/\">Obtenga m\u00e1s informaci\u00f3n sobre las responsabilidades de los ayudantes de atenci\u00f3n m\u00e9dica en el hogar y de otros tipos de profesionales de cuidados en el hogar.<\/a><\/p>\n\n\n\n<h2 class=\"wp-block-heading\" id=\"administradores-de-cuidados-geriatricos\">Administradores de cuidados geri\u00e1tricos<\/h2>\n\n\n\n<p>Tambi\u00e9n puede tener acceso a un profesional cuya funci\u00f3n es evaluar y organizar el tipo adecuado de cuidados en el hogar, y ayudar a crear planes de cuidados con usted. Estos profesionales pueden ayudarlo a quitarse parte del peso de encima en momentos estresantes. <\/p>\n\n\n\n<p>Este maravilloso servicio tiene muchos nombres: Asesor certificado de personas mayores, administrador de cuidados geri\u00e1tricos, geront\u00f3logo o profesional del cuidado para la vida durante el envejecimiento. Los llamaremos \u00abadministradores de cuidados geri\u00e1tricos\u00bb para simplificar. <\/p>\n\n\n\n<p>Un administrador de cuidados geri\u00e1tricos puede evaluar las necesidades y coordinar los cuidados; encontrar y entrevistar cuidadores, y realizar verificaciones de antecedentes de estos; hacer referencias a otros proveedores; identificar programas para los que los pacientes o las familias pueden calificar; responder preguntas; servir como enlace con familiares lejanos; y brindar defensa y asesoramiento generales. Para los cuidadores ocupados, particularmente los hijos que viven lejos de los padres a los que cuidan, los administradores de cuidados geri\u00e1tricos pueden ser verdaderamente un salvavidas para la salud mental.  <a href=\"https:\/\/www.aarp.org\/caregiving\/basics\/info-2020\/geriatric-care-manager.html\" target=\"_blank\" rel=\"noreferrer noopener\">Este art\u00edculo de AARP proporciona m\u00e1s informaci\u00f3n.<\/a><\/p>\n\n\n\n<p>Los administradores de cuidados geri\u00e1tricos pueden encontrarse a trav\u00e9s de recomendaciones boca a boca, los recursos locales que hemos descrito o <a href=\"https:\/\/www.aginglifecare.org\/\" target=\"_blank\" rel=\"noreferrer noopener\">el directorio de su asociaci\u00f3n profesional: Aging Life Care<\/a>.<\/p>\n\n\n\n<p>Los administradores de cuidados geri\u00e1tricos a menudo adoptan esta funci\u00f3n como una segunda etapa de su carrera, habiendo comenzado como profesionales de la salud o como trabajadores sociales. Frecuentemente, mantienen certificaciones en su campo original. <\/p>\n\n\n\n<p>Tres organizaciones sin fines de lucro \u2015 <a href=\"https:\/\/ccmcertification.org\/\" target=\"_blank\" rel=\"noreferrer noopener\">la Comisi\u00f3n para la Certificaci\u00f3n de Administradores de Casos<\/a> en Mount Laurel, Nueva Jersey; <a href=\"https:\/\/www.naccm.net\/\" target=\"_blank\" rel=\"noreferrer noopener\">la Academia Nacional de Administradores de Cuidados Certificados<\/a> en Tucson, Arizona; y <a href=\"https:\/\/www.socialworkers.org\/\" target=\"_blank\" rel=\"noreferrer noopener\">la Asociaci\u00f3n Nacional de Trabajadores Sociales<\/a> en Washington D. C. \u2015 ofrecen programas de certificaci\u00f3n. Todas requieren t\u00edtulos especializados, experiencia y haber aprobado un examen. <\/p>\n\n\n\n<p><strong>Ning\u00fan plan de Medicare, Medicaid, Medigap o Medicare Advantage paga por el servicio de los administradores de cuidados geri\u00e1tricos.<\/strong> Algunos planes de seguro de cuidados a largo plazo pueden pagar, al igual que algunos programas de asistencia a los empleados. Los administradores de cuidados geri\u00e1tricos cobran por hora, y sus servicios pueden resultar costosos. Obtenga referencias, verifique sus credenciales y hable sobre los costos estimados de antemano.  <\/p>\n\n\n\n<p><a href=\"https:\/\/www.ncoa.org\/article\/how-do-i-find-a-good-caregiver-a-step-by-step-guide\/\" target=\"_blank\" rel=\"noreferrer noopener\">Para obtener informaci\u00f3n adicional sobre c\u00f3mo encontrar un cuidador, consulte la \u00fatil gu\u00eda paso a paso publicada por el Consejo Nacional sobre el Envejecimiento.<\/a><\/p>\n\n\n\n<h2 class=\"wp-block-heading\">Resumen de las formas de encontrar cuidados en el hogar<\/h2>\n\n\n\n<figure class=\"wp-block-table alignwide\"><table><thead><tr><th>Fuente de b\u00fasqueda de cuidados en el hogar remunerados<\/th><th>Ejemplos<\/th><th>Servicios<\/th><th>Pros y contras<\/th><th>Responsabilidad de la fuente<\/th><th>Su responsabilidad<\/th><\/tr><\/thead><tbody><tr><td>Boca a boca<\/td><td>Amigos y familiares<\/td><td>Recomendar cuidadores<\/td><td>Recomendaci\u00f3n personal, no sistem\u00e1tica<\/td><td>Ninguna<\/td><td>Verificaci\u00f3n de antecedentes, contrato del cuidador, n\u00f3mina e impuestos<\/td><\/tr><tr><td>Recomendaciones de fuentes locales<\/td><td>Agencia de \u00e1rea para el envejecimiento Centro para personas mayores Centro local para la vida independiente<\/td><td>Recomendaciones de fuentes locales<\/td><td>Conocen el panorama local.<\/td><td>Ninguna<\/td><td>Verificaci\u00f3n de antecedentes, contrato del cuidador, n\u00f3mina e impuestos<\/td><\/tr><tr><td>Aplicaciones\/sitios web<\/td><td>Care.com, Caregivers.com<\/td><td>Conectan con cuidadores disponibles. Pueden ofrecer servicio de n\u00f3mina: Homepay.com.<\/td><td>Cuidadores disponibles, pueden tener referencias\/deben crear una cuenta, comparten informaci\u00f3n personal.<\/td><td>Generalmente, realizan una verificaci\u00f3n de antecedentes.<\/td><td>Contrato del cuidador, n\u00f3mina e impuestos.<\/td><\/tr><tr><td>Profesionales del campo<\/td><td>Administrador de cuidados geri\u00e1tricos, administrador de cuidados para la vida durante el envejecimiento, profesional del cuidado para la vida durante el envejecimiento, geront\u00f3logo <\/td><td>Asesoran sobre el plan de cuidados. Los servicios pueden incluir la publicaci\u00f3n de anuncios y la selecci\u00f3n de cuidadores, verificaciones de antecedentes, la incorporaci\u00f3n de una empresa de n\u00f3mina, la programaci\u00f3n de cuidadores, y consultas continuas a medida que cambian las necesidades. <\/td><td>Plan de cuidados personalizado, mayor control, aportes continuos, pueden contratar directamente a cuidadores si lo desean con la certeza de que han sido verificados\/pagar a un profesional adem\u00e1s de a los cuidadores.<\/td><td>Tareas acordadas, incluido un contrato de cuidados con cada cuidador, mantener registros de sus actividades y comunicarse con los cuidadores y con usted.<\/td><td>Determinar qui\u00e9n es el empleador de los cuidadores, comunicarse claramente con los profesionales.<\/td><\/tr><tr><td>Agencias: acompa\u00f1amiento y cuidado personal<br><br>Agencias: atenci\u00f3n m\u00e9dica en el hogar<br><br>Agencias: atenci\u00f3n m\u00e9dica personal y atenci\u00f3n m\u00e9dica en el hogar<\/td><td>Right at Home<br><br>Home Instead<br><br>BrightStar Care<br><br>Senior Helpers<\/td><td>Proporcionan cuidadores en el hogar. Algunos ofrecen consultas a domicilio y planificaci\u00f3n de cuidados. <\/td><td>Los cuidadores est\u00e1n verificados, a menudo est\u00e1n asegurados; pueden ofrecer capacitaci\u00f3n; la agencia es responsable del cumplimiento de la ley estatal y de los impuestos\/costoso; la agencia toma hasta el 50 % de la tarifa por hora; no se tiene tanto control sobre qui\u00e9n viene.<\/td><td>Verificaci\u00f3n de antecedentes, validaci\u00f3n de credenciales, puede ser el empleador registrado, es responsable de los impuestos y de la presentaci\u00f3n de informes.<\/td><td>Verificar que la agencia est\u00e9 certificada por Medicare o por Medicaid si esos programas pagar\u00e1n la atenci\u00f3n domiciliaria. Verificaci\u00f3n del estado laboral de los cuidadores: \u00bfusted o la agencia? <\/td><\/tr><tr><td>Asociaciones de proveedores<\/td><td>La National Alliance for Care at Home<\/td><td>Proporciona un directorio de agencias miembros.<\/td><td>Los proveedores incluidos en el directorio garantizan brindar cuidados de alta calidad; el directorio no es exhaustivo, y algunos proveedores en su \u00e1rea podr\u00edan no estar incluidos.<\/td><td>Miembros de la National Alliance for Care at Home<\/td><td>Finding a provider in your area, cEncontrar un proveedor en su \u00e1rea, confirmar que ofrecen el tipo de cuidados en el hogar que usted necesita y contactar al proveedor para determinar la elegibilidad para los cuidados, si corresponde.onfirming they offer the type of home care you need, and contacting the provider to determine eligibility for care, if applicable.<\/td><\/tr><\/tbody><\/table><\/figure>\n\n\n\n<div class=\"wp-block-buttons is-layout-flex wp-block-buttons-is-layout-flex\">\n<div class=\"wp-block-button\"><a class=\"wp-block-button__link wp-element-button\" href=\"https:\/\/www.caringinfo.org\/wp-content\/uploads\/caringinfo-summary-find-in-home-care_es.pdf\" target=\"_blank\" rel=\"noreferrer noopener\">Descargue este resumen<\/a><\/div>\n<\/div>\n\n\n\n<h2 class=\"wp-block-heading\">Alliance puede ayudarlo a encontrar la asistencia que necesita<\/h2>\n\n\n\n<p><a href=\"https:\/\/allianceforcareathome.org\/\">La National Alliance for Care at Home (Alliance)<\/a> es la asociaci\u00f3n profesional m\u00e1s grande del pa\u00eds que representa a los proveedores de cuidados en el hogar. <a href=\"https:\/\/allianceforcareathome.org\/find-a-provider\/?_google_map=5.245127%2C-129.713326%2C58.984508%2C-85.504341\">Mantenemos un directorio en el que se pueden buscar nuestros miembros, denominado \u201cBuscar un proveedor\u201d<\/a>. Esta base de datos incluye proveedores de cuidados en el hogar privados, <a href=\"https:\/\/www.medicaid.gov\/medicaid\/home-community-based-services\/index.html\" target=\"_blank\" rel=\"noreferrer noopener\">HCBS de Medicaid<\/a>, atenci\u00f3n m\u00e9dica en el hogar, cuidados paliativos y cuidados de hospicio, todos los cuales garantizan brindar cuidados de alta calidad. Utilice Buscar un proveedor aplicando el filtro por tipo de cuidados para buscar un proveedor en su \u00e1rea. <\/p>\n\n\n\n<p>Comprender los costos de los servicios de una agencia o un profesional independiente de cuidados en el hogar, y c\u00f3mo pagarlos puede resultar tan desalentador como encontrar ese tipo de ayuda. Existen muchas opciones para pagar por los cuidados, incluidos Medicare y Medicaid. <a href=\"https:\/\/www.caringinfo.org\/es\/planificar\/cuidados-en-el-hogar\/como-pagar-por-la-atencion-medica-en-el-hogar\/\">Obtenga m\u00e1s informaci\u00f3n sobre c\u00f3mo se puede pagar por los cuidados en el hogar.<\/a><\/p>\n","protected":false},"excerpt":{"rendered":"<p>Una vez que haya decidido que es momento de contratar a un profesional de atenci\u00f3n m\u00e9dica en el hogar, deber\u00e1 encontrar a la persona o la agencia adecuadas, y evaluarlas. Descubra d\u00f3nde empezar y qui\u00e9n puede ayudarlo. <\/p>\n","protected":false},"author":6721,"featured_media":0,"parent":3629,"menu_order":4,"comment_status":"closed","ping_status":"closed","template":"","meta":{"_acf_changed":false,"_genesis_hide_title":false,"_genesis_hide_breadcrumbs":false,"_genesis_hide_singular_image":false,"_genesis_hide_footer_widgets":false,"_genesis_custom_body_class":"","_genesis_custom_post_class":"","_genesis_layout":"","footnotes":""},"topic":[197],"typeofcare":[],"language":[],"class_list":{"0":"post-3625","1":"page","2":"type-page","3":"status-publish","5":"topic-cuidados-en-el-hogar","6":"entry"},"acf":[],"featured_image_src":null,"featured_image_src_square":null,"_links":{"self":[{"href":"https:\/\/www.caringinfo.org\/es\/wp-json\/wp\/v2\/pages\/3625","targetHints":{"allow":["GET"]}}],"collection":[{"href":"https:\/\/www.caringinfo.org\/es\/wp-json\/wp\/v2\/pages"}],"about":[{"href":"https:\/\/www.caringinfo.org\/es\/wp-json\/wp\/v2\/types\/page"}],"author":[{"embeddable":true,"href":"https:\/\/www.caringinfo.org\/es\/wp-json\/wp\/v2\/users\/6721"}],"replies":[{"embeddable":true,"href":"https:\/\/www.caringinfo.org\/es\/wp-json\/wp\/v2\/comments?post=3625"}],"version-history":[{"count":0,"href":"https:\/\/www.caringinfo.org\/es\/wp-json\/wp\/v2\/pages\/3625\/revisions"}],"up":[{"embeddable":true,"href":"https:\/\/www.caringinfo.org\/es\/wp-json\/wp\/v2\/pages\/3629"}],"wp:attachment":[{"href":"https:\/\/www.caringinfo.org\/es\/wp-json\/wp\/v2\/media?parent=3625"}],"wp:term":[{"taxonomy":"topic","embeddable":true,"href":"https:\/\/www.caringinfo.org\/es\/wp-json\/wp\/v2\/topic?post=3625"},{"taxonomy":"typeofcare","embeddable":true,"href":"https:\/\/www.caringinfo.org\/es\/wp-json\/wp\/v2\/typeofcare?post=3625"},{"taxonomy":"language","embeddable":true,"href":"https:\/\/www.caringinfo.org\/es\/wp-json\/wp\/v2\/language?post=3625"}],"curies":[{"name":"wp","href":"https:\/\/api.w.org\/{rel}","templated":true}]}}