{"id":3626,"date":"2025-07-09T17:29:29","date_gmt":"2025-07-09T21:29:29","guid":{"rendered":"https:\/\/www.caringinfo.org\/?page_id=3626"},"modified":"2025-07-09T18:10:37","modified_gmt":"2025-07-09T22:10:37","slug":"tipos-de-cuidadores-domiciliarios","status":"publish","type":"page","link":"https:\/\/www.caringinfo.org\/es\/planificar\/cuidados-en-el-hogar\/tipos-de-cuidadores-domiciliarios\/","title":{"rendered":"Tipos de cuidadores domiciliarios y servicios de cuidados"},"content":{"rendered":"\n<p class=\"is-style-large\">\u00abCuidadores\u00bb es un t\u00e9rmino que puede incluir una amplia gama de personas: todas las personas, desde amigos y familiares sin capacitaci\u00f3n hasta profesionales m\u00e9dicos, pueden ser cuidadores. Si bien la mayor parte del apoyo en el hogar lo brindan familiares y amigos, se puede encontrar apoyo a trav\u00e9s de asistentes de cuidado personal, ayudantes de enfermer\u00eda y ayudantes de atenci\u00f3n m\u00e9dica en el hogar. Los enfermeros pr\u00e1cticos con licencia y los enfermeros registrados tambi\u00e9n pueden brindar servicios de cuidados en el hogar, pero es m\u00e1s probable encontrarlos en una funci\u00f3n de supervisi\u00f3n.  <\/p>\n\n\n\n<p class=\"is-style-large\">\u00bfQu\u00e9 tipo de credenciales debe buscar al seleccionar un cuidador? Sus necesidades espec\u00edficas y la situaci\u00f3n en cuesti\u00f3n deben guiar el tipo de cuidador que seleccione. <\/p>\n\n\n\n<h2 class=\"wp-block-heading\">Tipos de cuidadores<\/h2>\n\n\n\n<figure class=\"wp-block-table alignwide table-has-scale\"><table><thead><tr><th class=\"has-text-align-left\" data-align=\"left\" colspan=\"2\">No proporciona atenci\u00f3n m\u00e9dica<\/th><th class=\"has-text-align-left\" data-align=\"left\" colspan=\"4\">Puede realizar tareas m\u00e9dicas<\/th><\/tr><\/thead><tbody><tr><td class=\"has-text-align-left\" data-align=\"left\" colspan=\"2\"><em>Puede realizar tareas m\u00e9dicas<\/em><\/td><td class=\"has-text-align-right\" data-align=\"right\" colspan=\"4\"><em>Con mayor formaci\u00f3n<\/em><\/td><\/tr><tr><td class=\"has-text-align-left\" data-align=\"left\"><a href=\"#informales\">Familiares\/amigos\/cuidadores informales\/voluntarios*<\/a><\/td><td class=\"has-text-align-left\" data-align=\"left\"><a href=\"#asistentes-de-cuidado-personal\">Acompa\u00f1ante profesional\/ayudante de cuidado personal\/ayudante de cuidado en el hogar<\/a><\/td><td><a href=\"#auxiliares-de-enfermeria-certificados\">Ayudante de enfermer\u00eda\/ayudante de enfermer\u00eda certificado<\/a><\/td><td><a href=\"#ayudantes-de-atencion-medica-en-el-hogar\">Ayudantes de atenci\u00f3n m\u00e9dica en el hogar<\/a><\/td><td><a href=\"#enfermeros-practicos-con-licencia\">Enfermeros pr\u00e1cticos con licencia<\/a><\/td><td><a href=\"#enfermeros-registrados\">Enfermeros registrados<\/a><\/td><\/tr><\/tbody><tfoot><tr><td class=\"has-text-align-left\" data-align=\"left\" colspan=\"6\">* Generalmente no remunerados, el resto s\u00ed.<\/td><\/tr><\/tfoot><\/table><\/figure>\n\n\n\n<h2 class=\"wp-block-heading\" id=\"informales\">Cuidadores informales: Amigos, familiares y voluntarios<\/h2>\n\n\n\n<p>Los familiares y amigos que son cuidadores y que participan en el cuidado se conocen como \u00abcuidadores informales\u00bb porque brindan cuidados basados en una relaci\u00f3n personal con la persona que cuidan. Otros cuidadores informales (generalmente no remunerados) pueden ser amigos cercanos o vecinos que, aunque no son parte de la familia, a\u00fan brindan atenci\u00f3n o asistencia regulares. <\/p>\n\n\n\n<p>Esta categor\u00eda tambi\u00e9n incluye a los cuidadores voluntarios, que son personas que prestan servicios gratuitos, generalmente en apoyo de una organizaci\u00f3n. Ya sea ofreciendo ayuda a una persona mayor que est\u00e1 envejeciendo en su hogar a trav\u00e9s de un programa de ayuda para personas mayores o brindando apoyo a un paciente de cuidados de hospicio y a su familia, los cuidadores voluntarios brindan ayuda de manera temporal. Por lo general, habr\u00e1n recibido capacitaci\u00f3n b\u00e1sica en seguridad a trav\u00e9s de la organizaci\u00f3n en la que trabajan como voluntarios.  <\/p>\n\n\n\n<p>Si bien los cuidadores informales no realizan tareas m\u00e9dicas, son esenciales para apoyar a las personas que necesitan ayuda con <a href=\"https:\/\/www.ncbi.nlm.nih.gov\/books\/NBK470404\/\" target=\"_blank\" rel=\"noreferrer noopener\">las actividades de la vida diaria (AVD)<\/a>, incluida ayuda con la higiene personal, como ba\u00f1arse y vestirse, la preparaci\u00f3n de comidas y la movilidad. Adem\u00e1s, los cuidadores a menudo brindan compa\u00f1\u00eda, especialmente a aquellos que pueden estar aislados o vivir solos. <\/p>\n\n\n\n<p><a href=\"https:\/\/www.caringinfo.org\/es\/planificar\/como-brindar-cuidados\/que-es-brindar-cuidados\/\">Los cuidadores informales son una parte integral del sistema de cuidados en el hogar.<\/a><\/p>\n\n\n\n<h2 class=\"wp-block-heading\" id=\"formal\">Ayuda formal de acompa\u00f1antes profesionales, asistentes de cuidado personal, ayudantes y enfermeros<\/h2>\n\n\n\n<p>La ayuda formal significa ayuda que es pagada por el paciente o por su c\u00edrculo \u00edntimo, y el t\u00e9rmino generalmente connota alg\u00fan nivel de capacitaci\u00f3n formal, y a menudo credenciales, para la persona que brinda la atenci\u00f3n. <a href=\"https:\/\/caringinfo2.wpengine.com\/planning\/planning-for-in-home-care\/finding-a-carer\/\">Si se utiliza una agencia de salud a domicilio<\/a>, el cuidador es un empleado de la agencia, pero si el cuidador es contratado y pagado directamente, entonces se establece una relaci\u00f3n empleador-empleado.<\/p>\n\n\n\n<h3 class=\"wp-block-heading\" id=\"asistentes-de-cuidado-personal\">Asistentes de cuidado personal<\/h3>\n\n\n\n<p>Los asistentes de cuidado personal, o PCA, tambi\u00e9n se conocen como \u201cayudantes de cuidado personal\u201d, \u201cayudantes de cuidados en el hogar\u201d y \u201cacompa\u00f1antes profesionales\u201d. <a href=\"https:\/\/www.phinational.org\/advocacy\/personal-care-aide-training-requirements\/\" target=\"_blank\" rel=\"noreferrer noopener\">Los PCA ayudan con tareas personales no m\u00e9dicas y se rigen por pocos requisitos federales o estatales para su formaci\u00f3n.<\/a><\/p>\n\n\n\n<p>Su trabajo es apoyar la independencia y mejorar la calidad de vida de sus clientes ofreciendo servicios de cuidados en el hogar como:<\/p>\n\n\n\n<ul class=\"wp-block-list\">\n<li>Ayuda con el cuidado personal<\/li>\n\n\n\n<li>Preparaci\u00f3n de comidas<\/li>\n\n\n\n<li>Transporte a las citas m\u00e9dicas<\/li>\n\n\n\n<li>Compa\u00f1erismo<\/li>\n<\/ul>\n\n\n\n<p>Los PCA proporcionados bajo el programa de exenci\u00f3n de Medicaid de un estado deben ser de una agencia certificada por Medicaid o cumplir con los requisitos de Medicaid para ayudantes de cuidado personal en ese estado.<\/p>\n\n\n\n<h3 class=\"wp-block-heading\" id=\"auxiliares-de-enfermeria-certificados\">Auxiliares de enfermer\u00eda certificados<\/h3>\n\n\n\n<p>Un auxiliar de enfermer\u00eda certificado (CNA) es un profesional de la salud que brinda atenci\u00f3n directa a los pacientes y apoya al personal de enfermer\u00eda.<\/p>\n\n\n\n<p>Como parte de sus funciones, los CNA pueden:<\/p>\n\n\n\n<ul class=\"wp-block-list\">\n<li>Brindar apoyo f\u00edsico para ayudar a los pacientes a realizar actividades de la vida diaria, como levantarse de la cama, ba\u00f1arse, vestirse, alimentarse, ir al ba\u00f1o, caminar o hacer ejercicio.<\/li>\n\n\n\n<li>Girar o reposicionar a pacientes postrados en cama.<\/li>\n\n\n\n<li>Registrar los signos vitales y la ingesta diet\u00e9tica, as\u00ed como la producci\u00f3n de orina y heces.<\/li>\n\n\n\n<li>Ayudar con medicamentos o tratamientos seg\u00fan lo indique un profesional m\u00e9dico.<\/li>\n<\/ul>\n\n\n\n<p>En t\u00e9rminos de calificaciones, los CNA deben tener lo siguiente:<\/p>\n\n\n\n<ul class=\"wp-block-list\">\n<li>Como m\u00ednimo, un diploma de secundaria.<\/li>\n\n\n\n<li>Un programa aprobado de capacitaci\u00f3n espec\u00edfico del estado (que puede durar tan solo cuatro a ocho semanas).<\/li>\n\n\n\n<li>Una certificaci\u00f3n del estado en el que trabajan.<\/li>\n<\/ul>\n\n\n\n<p>Los programas de certificaci\u00f3n de CNA son supervisados por el Departamento de Salud o el Departamento de Salud P\u00fablica de un estado. El examen de certificaci\u00f3n incluye componentes de habilidades escritas y cl\u00ednicas. <\/p>\n\n\n\n<p>Muchos estados mantienen un registro de CNA en sus sitios web, donde se puede verificar la certificaci\u00f3n y ver si ha habido hallazgos de abuso, negligencia o apropiaci\u00f3n indebida de propiedad. Pueden trabajar en una variedad de lugares, incluidas residencias individuales, hogares de ancianos y otras instalaciones. Los auxiliares de enfermer\u00eda certificados tambi\u00e9n pueden ser empleados por un proveedor de cuidados m\u00e1s grande, como una agencia o una organizaci\u00f3n de cuidados de hospicio, que ofrece servicios de CNA.  <\/p>\n\n\n\n<h3 class=\"wp-block-heading\" id=\"ayudantes-de-atencion-medica-en-el-hogar\">Ayudantes de atenci\u00f3n m\u00e9dica en el hogar<\/h3>\n\n\n\n<p>Los ayudantes de atenci\u00f3n m\u00e9dica en el hogar cumplen una funci\u00f3n para personas que tienen necesidades m\u00e9dicas constantes pero prefieren permanecer en la comodidad de su propio hogar en lugar de mudarse a un centro de enfermer\u00eda o a un hospital. Los ayudantes de atenci\u00f3n m\u00e9dica en el hogar est\u00e1n capacitados para brindar atenci\u00f3n personal y asistencia m\u00e9dica, y pueden realizar tareas como monitorear los signos vitales, ayudar con la medicaci\u00f3n y con cambios de vendajes simples, y ayudar con ejercicios de fisioterapia. <\/p>\n\n\n\n<p>Los ayudantes de atenci\u00f3n m\u00e9dica en el hogar trabajan bajo la supervisi\u00f3n de un enfermero registrado o de un proveedor de atenci\u00f3n m\u00e9dica autorizado para garantizar que todos los aspectos m\u00e9dicos de la atenci\u00f3n de un paciente se gestionen adecuadamente.<\/p>\n\n\n\n<p>Al igual que con los auxiliares de enfermer\u00eda certificados, los requisitos var\u00edan seg\u00fan el estado (fuente: <a href=\"https:\/\/www.phinational.org\/advocacy\/home-health-aide-training-requirements-state-2016\/\" target=\"_blank\" rel=\"noreferrer noopener\">PHI<\/a>). En general, los ayudantes de atenci\u00f3n m\u00e9dica en el hogar deben: <\/p>\n\n\n\n<ul class=\"wp-block-list\">\n<li>Tener al menos diecis\u00e9is (16) a\u00f1os.<\/li>\n\n\n\n<li>Haber completado con \u00e9xito un programa de capacitaci\u00f3n espec\u00edfico del estado, que incluye un examen para evaluar los conocimientos y las habilidades del postulante relacionados con los servicios b\u00e1sicos de cuidados al paciente.<\/li>\n\n\n\n<li>No tener antecedentes penales.<\/li>\n\n\n\n<li>Tener un certificado activo de auxiliar de enfermer\u00eda certificado o una formaci\u00f3n equivalente seg\u00fan los requisitos del estado.<\/li>\n<\/ul>\n\n\n\n<h3 class=\"wp-block-heading\" id=\"enfermeros-practicos-con-licencia\">Enfermeros pr\u00e1cticos con licencia<\/h3>\n\n\n\n<p>Los enfermeros pr\u00e1cticos con licencia, tambi\u00e9n conocidos como \u201cenfermeros vocacionales con licencia\u201d, tienen m\u00e1s capacitaci\u00f3n que los ayudantes de atenci\u00f3n m\u00e9dica en el hogar y se centran en brindar asistencia m\u00e9dica, no cuidado personal. Los enfermeros pr\u00e1cticos con licencia est\u00e1n facultados para tomar signos vitales, administrar medicamentos, colocar cat\u00e9teres, curar heridas y llevar a cabo instrucciones de atenci\u00f3n m\u00e9dica creadas por el enfermero, el m\u00e9dico y otros miembros del equipo de atenci\u00f3n m\u00e9dica. <\/p>\n\n\n\n<p>Los enfermeros pr\u00e1cticos con licencia deben:<\/p>\n\n\n\n<ul class=\"wp-block-list\">\n<li>Haber obtenido un diploma de escuela secundaria o un GED.<\/li>\n\n\n\n<li>Haber completado un curso de formaci\u00f3n profesional espec\u00edfico del estado (generalmente de unos 12 meses de duraci\u00f3n).<\/li>\n\n\n\n<li>Haber aprobado el examen de licencia del Consejo Nacional para Enfermeros Pr\u00e1cticos.<\/li>\n\n\n\n<li>Tener licencia en el estado donde trabajan.<\/li>\n<\/ul>\n\n\n\n<p><strong>La licencia en todos los estados, excepto Nueva York y Pensilvania, tambi\u00e9n incluye haber pasado una verificaci\u00f3n de antecedentes.<\/strong> Al igual que con los CNA, los estados mantienen registros para que se pueda verificar la licencia activa.<\/p>\n\n\n\n<h2 class=\"wp-block-heading\" id=\"enfermeros-registrados\">Enfermeros registrados<\/h2>\n\n\n\n<p>Los enfermeros registrados (RN) son profesionales m\u00e9dicos altamente capacitados con un amplio espectro de responsabilidades. Contribuyen a los planes de cuidado de los pacientes, administran medicamentos (incluidos medicamentos intravenosos), realizan algunos procedimientos, trabajan sin supervisi\u00f3n en determinadas circunstancias y brindan asesoramiento y apoyo emocional a los pacientes. <\/p>\n\n\n\n<p>Para ser enfermero registrado, una persona debe:<\/p>\n\n\n\n<ul class=\"wp-block-list\">\n<li>Haber completado un programa de enfermer\u00eda acreditado por el estado.<\/li>\n\n\n\n<li>Haber obtenido un t\u00edtulo asociado en Enfermer\u00eda o una licenciatura en Ciencias de Enfermer\u00eda (BSN) (de dos a cuatro a\u00f1os de capacitaci\u00f3n).<\/li>\n\n\n\n<li>Haber rendido y aprobado el Examen Nacional de Licenciatura para Enfermeros Registrados (NCLEX-RN).<\/li>\n\n\n\n<li>Tener licencia en el estado donde trabajar\u00e1n. Los estados mantienen registros para que se pueda verificar la licencia activa. <\/li>\n<\/ul>\n\n\n\n<p>Algunos RN contin\u00faan especializ\u00e1ndose, por ejemplo, en tratamiento de adicciones, pediatr\u00eda, cuidados de hospicio o cuidados intensivos.<\/p>\n\n\n\n<h2 class=\"wp-block-heading\">Resumen de los tipos de servicios de cuidados en el hogar y qui\u00e9n los proporciona<\/h2>\n\n\n\n<figure class=\"wp-block-table alignwide\"><table><thead><tr><th>Cargo<\/th><th>Tambi\u00e9n llamado<\/th><th>Descripci\u00f3n del trabajo<\/th><th>C\u00f3mo encontrar<\/th><th>Calificaciones<sup>*+<\/sup><\/th><th>C\u00f3mo se regula<sup>#<\/sup><\/th><\/tr><\/thead><tbody><tr><td><strong>Acompa\u00f1antes<\/strong><\/td><td>Amigos y familiares<\/td><td>Estar ah\u00ed para usted<\/td><td>Pedir<\/td><td>Ser \u201csu\u201d gente<\/td><td>Ninguna<\/td><\/tr><tr><td><strong>Ayudantes de cuidado personal<\/strong><\/td><td>Cuidador, ayudante de cuidado en el hogar, asistente de cuidado personal, asistente de cuidado personal<\/td><td>Adem\u00e1s de ayudar con las actividades de la vida diaria (AVD), tambi\u00e9n ayudan con el cuidado del hogar, las tareas dom\u00e9sticas, la preparaci\u00f3n de comidas y la administraci\u00f3n de medicamentos.<\/td><td>Se contrata directamente, a trav\u00e9s de una agencia o mediante aplicaciones de emparejamiento.<\/td><td>Var\u00eda seg\u00fan el estado, generalmente al menos 16 a\u00f1os, ser graduado de una escuela secundaria y tener una licencia de conducir v\u00e1lida.<\/td><td>Los estados individuales pueden requerir el registro, generalmente a trav\u00e9s del Departamento de Salud, Salud P\u00fablica o Servicios Sociales.<\/td><\/tr><tr><td><strong>Auxiliares de enfermer\u00eda<\/strong><\/td><td>Auxiliar de enfermer\u00eda certificado, ayudante de enfermer\u00eda certificado, asistente de enfermer\u00eda, ayudante de enfermer\u00eda<\/td><td>Asistir con las actividades de la vida diaria (AVD), como levantarse de la cama, ba\u00f1arse, vestirse, alimentarse, ir al ba\u00f1o, caminar o hacer ejercicio; girar o reposicionar a pacientes postrados en cama; registrar los signos vitales y la ingesta diet\u00e9tica, as\u00ed como la producci\u00f3n de orina y heces; ayudar con medicamentos o tratamientos seg\u00fan las indicaciones.<\/td><td>Se contrata directamente, a trav\u00e9s de una agencia o mediante aplicaciones de emparejamiento.<\/td><td>Como m\u00ednimo, un diploma de escuela secundaria, un programa de capacitaci\u00f3n espec\u00edfico del estado y una certificaci\u00f3n estatal. El examen de certificaci\u00f3n incluye componentes de habilidades escritas y cl\u00ednicas.<\/td><td>La mayor\u00eda de estados mantienen un registro para que se pueda verificar la certificaci\u00f3n activa.<\/td><\/tr><tr><td><strong>Ayudantes de atenci\u00f3n m\u00e9dica en el hogar<\/strong><\/td><td>Ayudante de atenci\u00f3n m\u00e9dica en el hogar certificado, asistente de cuidados en el hogar, ayudante de cuidados en el hogar<\/td><td>Adem\u00e1s de ayudar con las actividades de la vida diaria, pueden realizar cuidados sencillos de heridas, lecturas de presi\u00f3n arterial y otras actividades m\u00e9dicas menores.<\/td><td>Se contrata directamente, a trav\u00e9s de una agencia o mediante aplicaciones de emparejamiento.<\/td><td>Debe completar con \u00e9xito la capacitaci\u00f3n adicional y aprobar el examen HHA despu\u00e9s de recibir la certificaci\u00f3n de CNA.<\/td><td>La mayor\u00eda de estados mantienen un registro para que se pueda verificar la certificaci\u00f3n activa.<\/td><\/tr><tr><td><strong>Enfermeros pr\u00e1cticos con licencia<\/strong><\/td><td>Enfermeros vocacionales con licencia<\/td><td>Toma signos vitales, administra medicamentos, coloca cat\u00e9teres, cura heridas y lleva a cabo instrucciones de atenci\u00f3n m\u00e9dica creadas por el enfermero, el m\u00e9dico y otros miembros del equipo de atenci\u00f3n m\u00e9dica.<\/td><td>Puede ser empleado directamente o enviado por una agencia de atenci\u00f3n m\u00e9dica en el hogar o un hospicio.<\/td><td>Tener un diploma de escuela secundaria o un GED, completar un curso de formaci\u00f3n profesional, haber aprobado el examen de licencia del Consejo Nacional para Enfermeros Pr\u00e1cticos (NCLEX- PN). <\/td><td>Los estados mantienen registros para que se pueda verificar la licencia activa.<\/td><\/tr><tr><td><strong>Enfermeros registrados<\/strong><\/td><td>&nbsp;<\/td><td>Los enfermeros registrados tienen un amplio espectro de responsabilidades: contribuir a los planes de cuidado de los pacientes, administrar medicamentos, brindar asesoramiento y apoyo emocional a los pacientes. Pueden especializarse a\u00fan m\u00e1s.<\/td><td>Puede ser empleado directamente o enviado por una agencia de atenci\u00f3n m\u00e9dica en el hogar o un hospicio.<\/td><td>Haber completado el programa de enfermer\u00eda acreditado por el estado, un t\u00edtulo t\u00e9cnico en enfermer\u00eda o haber obtenido una licenciatura en Ciencias de Enfermer\u00eda (BSN); haber rendido y aprobado el Examen Nacional de Licenciatura para Enfermeros Registrados (NCLEX-RN), y tener licencia en el estado donde trabajar\u00e1.<\/td><td>Los estados mantienen registros para que se pueda verificar la licencia activa.<\/td><\/tr><\/tbody><tfoot><tr><td colspan=\"6\">* Var\u00eda de un estado a otro. h<a href=\"https:\/\/www.ncsbn.org\/nursing-regulation\/licensure\/nurse-licensure-guidance.page\">ttps:\/\/www.ncsbn.org\/nursing-regulation\/licensure\/nurse-licensure-guidance.page<\/a><br>&#8211; Para ayudantes de cuidado personal, busque aqu\u00ed: <a href=\"https:\/\/www.phinational.org\/advocacy\/personal-care-aide-training-requirements\/\">https:\/\/www.phinational.org\/advocacy\/personal-care-aide-training-requirements\/<\/a> <br>&#8211; Para auxiliares de enfermer\u00eda certificados, busque aqu\u00ed: <a href=\"https:\/\/www.registerednursing.org\/certified-nursing-assistant\/certification\/\">https:\/\/www.registerednursing.org\/certified-nursing-assistant\/certification\/<\/a><br>&#8211; Para ayudantes de atenci\u00f3n m\u00e9dica en el hogar, busque aqu\u00ed: <a href=\"https:\/\/www.phinational.org\/advocacy\/home-health-aide-training-requirements-state-2016\/\">https:\/\/www.phinational.org\/advocacy\/home-health-aide-training-requirements-state-2016\/<\/a><br>&#8211; Para LPN, busque aqu\u00ed: <a href=\"https:\/\/www.nursingworld.org\/content-hub\/resources\/becoming-a-nurse\/how-to-become-a-licensed-practical-nurse\/\">https:\/\/www.nursingworld.org\/content-hub\/resources\/becoming-a-nurse\/how-to-become-a-licensed-practical-nurse\/<\/a><br>&#8211; Para RN, busque aqu\u00ed: <a href=\"https:\/\/nursinglicensemap.com\/\">https:\/\/nursinglicensemap.com\/<\/a><br>+ Todos los estados requieren una verificaci\u00f3n de antecedentes para registrarse o para obtener una licencia.<br># Para verificar el registro: busque en el Consejo de Salud o Departamento de Servicios Sociales de {state}. Para verificar la licencia: busque en la Junta de Enfermer\u00eda de {state}.<\/td><\/tr><\/tfoot><\/table><\/figure>\n\n\n\n<div class=\"wp-block-buttons is-layout-flex wp-block-buttons-is-layout-flex\">\n<div class=\"wp-block-button\"><a class=\"wp-block-button__link wp-element-button\" href=\"https:\/\/www.caringinfo.org\/wp-content\/uploads\/caringinfo-summary-types-in-home-carers_es.pdf\">Descargue este resumen<\/a><\/div>\n<\/div>\n\n\n\n<p>Despu\u00e9s de tomarse el tiempo para identificar el tipo de apoyo en cuidados en el hogar o de atenci\u00f3n m\u00e9dica en el hogar que necesitar\u00e1, deber\u00e1 comunicarse con varias fuentes para obtener esa ayuda. <a href=\"https:\/\/www.caringinfo.org\/es\/planificar\/cuidados-en-el-hogar\/encontrar-un-cuidador\/\">Conozca las formas en las que puede encontrar ayuda en su \u00e1rea.<\/a><\/p>\n","protected":false},"excerpt":{"rendered":"<p>Hay varias opciones en lo que respecta al tipo de cuidador de salud a domicilio disponible para usted. Conozca las diferencias entre ellos para que encuentre el que mejor se adec\u00fae a usted. <\/p>\n","protected":false},"author":6721,"featured_media":0,"parent":3629,"menu_order":3,"comment_status":"closed","ping_status":"closed","template":"","meta":{"_acf_changed":false,"_genesis_hide_title":false,"_genesis_hide_breadcrumbs":false,"_genesis_hide_singular_image":false,"_genesis_hide_footer_widgets":false,"_genesis_custom_body_class":"","_genesis_custom_post_class":"","_genesis_layout":"","footnotes":""},"topic":[197],"typeofcare":[],"language":[],"class_list":{"0":"post-3626","1":"page","2":"type-page","3":"status-publish","5":"topic-cuidados-en-el-hogar","6":"entry"},"acf":[],"featured_image_src":null,"featured_image_src_square":null,"_links":{"self":[{"href":"https:\/\/www.caringinfo.org\/es\/wp-json\/wp\/v2\/pages\/3626","targetHints":{"allow":["GET"]}}],"collection":[{"href":"https:\/\/www.caringinfo.org\/es\/wp-json\/wp\/v2\/pages"}],"about":[{"href":"https:\/\/www.caringinfo.org\/es\/wp-json\/wp\/v2\/types\/page"}],"author":[{"embeddable":true,"href":"https:\/\/www.caringinfo.org\/es\/wp-json\/wp\/v2\/users\/6721"}],"replies":[{"embeddable":true,"href":"https:\/\/www.caringinfo.org\/es\/wp-json\/wp\/v2\/comments?post=3626"}],"version-history":[{"count":0,"href":"https:\/\/www.caringinfo.org\/es\/wp-json\/wp\/v2\/pages\/3626\/revisions"}],"up":[{"embeddable":true,"href":"https:\/\/www.caringinfo.org\/es\/wp-json\/wp\/v2\/pages\/3629"}],"wp:attachment":[{"href":"https:\/\/www.caringinfo.org\/es\/wp-json\/wp\/v2\/media?parent=3626"}],"wp:term":[{"taxonomy":"topic","embeddable":true,"href":"https:\/\/www.caringinfo.org\/es\/wp-json\/wp\/v2\/topic?post=3626"},{"taxonomy":"typeofcare","embeddable":true,"href":"https:\/\/www.caringinfo.org\/es\/wp-json\/wp\/v2\/typeofcare?post=3626"},{"taxonomy":"language","embeddable":true,"href":"https:\/\/www.caringinfo.org\/es\/wp-json\/wp\/v2\/language?post=3626"}],"curies":[{"name":"wp","href":"https:\/\/api.w.org\/{rel}","templated":true}]}}