{"id":3627,"date":"2025-07-09T17:29:29","date_gmt":"2025-07-09T21:29:29","guid":{"rendered":"https:\/\/www.caringinfo.org\/?page_id=3627"},"modified":"2025-07-09T18:03:07","modified_gmt":"2025-07-09T22:03:07","slug":"preparandose-para-los-cuidadores-domiciliarios","status":"publish","type":"page","link":"https:\/\/www.caringinfo.org\/es\/planificar\/cuidados-en-el-hogar\/preparandose-para-los-cuidadores-domiciliarios\/","title":{"rendered":"Prepar\u00e1ndose para los cuidadores domiciliarios"},"content":{"rendered":"\n<p class=\"is-style-large\">Si ha estado actuando como cuidador de un ser querido y <a href=\"http:\/\/\u00bfCu\u00e1ndo es el momento de buscar ayuda con los cuidados en el hogar?\">ha tomado la decisi\u00f3n de contratar ayuda de cuidado adicional en el hogar<\/a>, ya ha dado un gran paso. Ahora, deber\u00e1 prepararse para la incorporaci\u00f3n de un cuidador domiciliario.<\/p>\n\n\n\n<p class=\"is-style-large\">Por muy bienvenida que sea la ayuda adicional, es un gran cambio tener a un relativo extra\u00f1o en su hogar. Incluso si el cuidador es una persona conocida y de confianza, es posible que quiera considerar la posibilidad de acondicionar su casa para que sea segura para el cuidador. <\/p>\n\n\n\n<p class=\"is-style-large\">Estos son los tipos de cosas que debe considerar antes de que su nuevo cuidador domiciliario comience a trabajar.<\/p>\n\n\n\n<h2 class=\"wp-block-heading\">Prepare su espacio<\/h2>\n\n\n\n<p>Haga que una habitaci\u00f3n o un \u00e1rea de la casa sea \u00absuya\u00bb. Este es un lugar donde usted puede encontrar refugio de todas las actividades de la casa. Tambi\u00e9n puede guardar all\u00ed elementos a los que preferir\u00eda que otros no tuvieran acceso, ya sean sus diarios privados o su taza de caf\u00e9 favorita. Lo ideal es que haya una puerta que pueda cerrar y tal vez m\u00fasica agradable, una alfombra para yoga o cualquier cosa que le traiga un poco de paz.   <\/p>\n\n\n\n<p>Es probable que otras personas, por muy buenas intenciones que tengan, no cuiden sus cosas tan bien como usted.<\/p>\n\n\n\n<p>Cualquier cosa que necesite limpieza en seco o un manejo especial (solo el estante superior del lavavajillas, por ejemplo) probablemente tendr\u00e1 un final prematuro si se deja afuera.<\/p>\n\n\n\n<p>Considere reemplazar los art\u00edculos delicados con art\u00edculos resistentes y lavables.<\/p>\n\n\n\n<h2 class=\"wp-block-heading\">Asegure objetos valiosos y sentimentales<\/h2>\n\n\n\n<ul class=\"wp-block-list\">\n<li>Guarde sus objetos de valor o p\u00f3ngalos, al menos, fuera de la vista. Conseguir una peque\u00f1a caja fuerte en su casa o una caja de seguridad en su banco tambi\u00e9n es una opci\u00f3n. No hay motivo para tentar al destino.  <\/li>\n\n\n\n<li>Proteja sus computadoras con contrase\u00f1a. Si conserva documentos en papel, como estados de cuenta bancarios o incluso de tarjetas de cr\u00e9dito, puede que desee colocarlos en una caja cerrada con llave o sacarlos del lugar. <\/li>\n\n\n\n<li>Guarde los objetos preciados, sean valiosos o no. Si la taza de la abuela tiene valor sentimental, gu\u00e1rdela o mu\u00e9vala a su espacio privado. <\/li>\n<\/ul>\n\n\n\n<h2 class=\"wp-block-heading\">Designe zonas especiales para las tareas de los cuidadores<\/h2>\n\n\n\n<p>Si el cuidador recoger\u00e1 su correo, especifique un lugar donde lo puede dejar para que luego usted pueda clasificarlo y recuperar los art\u00edculos importantes.<\/p>\n\n\n\n<p>Coloque una pizarra magn\u00e9tica o un tablero de corcho, donde usted y el cuidador puedan dejar cosas como notas, recibos y recordatorios. Esto complementar\u00eda una comunicaci\u00f3n m\u00e1s formal y rastreable como el correo electr\u00f3nico, pero garantiza que las cosas m\u00e1s peque\u00f1as no se pierdan. <\/p>\n\n\n\n<h2 class=\"wp-block-heading\">Aseg\u00farese de que el seguro est\u00e9 en orden<\/h2>\n\n\n\n<p>Si el cuidador va a conducir su autom\u00f3vil, aseg\u00farese de que su seguro de autom\u00f3vil cubra a los dem\u00e1s conductores. Tambi\u00e9n es una buena idea tener AAA o alg\u00fan otro programa de asistencia en carretera. Aseg\u00farese de colocar en el veh\u00edculo la matr\u00edcula, la tarjeta de seguro y la informaci\u00f3n de asistencia.  <\/p>\n\n\n\n<p>Revise su seguro de propietario o inquilino para verificar que cubrir\u00e1 a las personas que trabajan en su hogar. A menudo, es necesario a\u00f1adir una p\u00f3liza adicional. <\/p>\n\n\n\n<h2 class=\"wp-block-heading\" id=\"preparese-mentalmente\">Prep\u00e1rese mentalmente<\/h2>\n\n\n\n<p>Tener un desconocido en su espacio de manera constante y durante largos per\u00edodos de tiempo requiere algo de tiempo para acostumbrarse. En los mejores casos, la qu\u00edmica con los cuidadores es buena y se establece cierta relaci\u00f3n; como m\u00ednimo, la cortes\u00eda y la claridad ser\u00e1n suficientes. <\/p>\n\n\n\n<p>No es necesario que sea amigo de las personas en su casa; de hecho, puede ser mejor mantener las cosas en un plano m\u00e1s profesional. Si los detalles son importantes para usted, entonces sea muy claro acerca de sus expectativas para el cuidador: \u00bfqu\u00e9 quiere que haga, c\u00f3mo quiere que lo haga y cu\u00e1ndo quiere que lo haga? Por otro lado, es posible que usted se contente con dar instrucciones generales y dejar que se realicen seg\u00fan la discreci\u00f3n del cuidador. O bien, en algunos asuntos, puede que le importen los detalles y en otros no.   <\/p>\n\n\n\n<p>Su estilo personal puede guiar sus comunicaciones, siempre que exista un entendimiento mutuo entre usted y el cuidador. Siempre es una buena idea que el cuidador repita sus instrucciones para que todos est\u00e9n en sinton\u00eda. <\/p>\n\n\n\n<p>Prep\u00e1rese mental y emocionalmente para la p\u00e9rdida de privacidad y de control. Si vive en el mismo espacio que el paciente y los cuidadores, la p\u00e9rdida de privacidad es el mayor problema. Puede pedirle al cuidador que le d\u00e9 a usted y a su paciente privacidad en momentos en los que simplemente quieres pasar el rato con \u00e9l o ella. Si los cuidadores utilizan un monitor de beb\u00e9 para controlar al paciente cuando no est\u00e1n en la habitaci\u00f3n, puede desenchufarlo o darle la vuelta. Si no lo desenchufa y solo le da la vuelta, el sonido seguir\u00e1 activado.    <\/p>\n\n\n\n<p>El cuidador domiciliario estar\u00e1 presente cuando usted, su familia, su c\u00edrculo \u00edntimo y el paciente est\u00e9n interactuando. Las interacciones pueden no ser siempre ideales o incluso agradables. Todos somos simplemente humanos. Lo importante es estar presente para el paciente y para la situaci\u00f3n. Ser\u00e1 \u00fatil si puede dejar de lado la preocupaci\u00f3n de que esta nueva persona lo est\u00e1 juzgando. Tambi\u00e9n son humanos y aportan todas sus experiencias pasadas a la situaci\u00f3n. Puede que sean m\u00e1s emp\u00e1ticos de lo que cree o puede que no. Intente no dejar que eso importe: hay cosas m\u00e1s importantes que atender.       <\/p>\n\n\n\n<p>Si no vive en el lugar donde se realiza el cuidado (como la casa de sus padres), entonces la p\u00e9rdida de control puede ser el mayor problema. Unas instrucciones claras ser\u00e1n de ayuda, as\u00ed como los informes diarios de los cuidadores. Los mensajes de texto y la facilidad para enviar fotos han hecho que la gesti\u00f3n remota sea m\u00e1s sencilla, pero es posible que las cosas a\u00fan no se hagan exactamente como uno las hubiera hecho.  <\/p>\n\n\n\n<p>Elija bien sus batallas: decida qu\u00e9 es realmente importante, c\u00e9ntrese en eso y deje ir el resto. Los cuidadores aportan su propia manera de hacer las cosas, su propio bagaje personal y cultural, incluso su idioma, que puede ser diferente al suyo. La correcci\u00f3n autom\u00e1tica y el traductor de Google pueden generar informes algo divertidos, aunque a veces frustrantes. El sentido del humor es \u00fatil. Incluso aunque algo no se haga como usted esperaba, a\u00fan es posible hacerlo.    <\/p>\n\n\n\n<p>Ahora, ya ha determinado cu\u00e1les son sus necesidades y ha pensado en c\u00f3mo estar preparado para recibir ayuda en el hogar. La siguiente pregunta es: <a href=\"https:\/\/www.caringinfo.org\/es\/planificar\/cuidados-en-el-hogar\/tipos-de-cuidadores-domiciliarios\/\">\u00bfQu\u00e9 tipo de cuidador profesional domiciliario necesita?<\/a>.<\/p>\n","protected":false},"excerpt":{"rendered":"<p>Consejos pr\u00e1cticos para preparar su hogar para recibir a un cuidador domiciliario.<\/p>\n","protected":false},"author":6721,"featured_media":0,"parent":3629,"menu_order":2,"comment_status":"closed","ping_status":"closed","template":"","meta":{"_acf_changed":false,"_genesis_hide_title":false,"_genesis_hide_breadcrumbs":false,"_genesis_hide_singular_image":false,"_genesis_hide_footer_widgets":false,"_genesis_custom_body_class":"","_genesis_custom_post_class":"","_genesis_layout":"","footnotes":""},"topic":[197],"typeofcare":[],"language":[],"class_list":{"0":"post-3627","1":"page","2":"type-page","3":"status-publish","5":"topic-cuidados-en-el-hogar","6":"entry"},"acf":[],"featured_image_src":null,"featured_image_src_square":null,"_links":{"self":[{"href":"https:\/\/www.caringinfo.org\/es\/wp-json\/wp\/v2\/pages\/3627","targetHints":{"allow":["GET"]}}],"collection":[{"href":"https:\/\/www.caringinfo.org\/es\/wp-json\/wp\/v2\/pages"}],"about":[{"href":"https:\/\/www.caringinfo.org\/es\/wp-json\/wp\/v2\/types\/page"}],"author":[{"embeddable":true,"href":"https:\/\/www.caringinfo.org\/es\/wp-json\/wp\/v2\/users\/6721"}],"replies":[{"embeddable":true,"href":"https:\/\/www.caringinfo.org\/es\/wp-json\/wp\/v2\/comments?post=3627"}],"version-history":[{"count":0,"href":"https:\/\/www.caringinfo.org\/es\/wp-json\/wp\/v2\/pages\/3627\/revisions"}],"up":[{"embeddable":true,"href":"https:\/\/www.caringinfo.org\/es\/wp-json\/wp\/v2\/pages\/3629"}],"wp:attachment":[{"href":"https:\/\/www.caringinfo.org\/es\/wp-json\/wp\/v2\/media?parent=3627"}],"wp:term":[{"taxonomy":"topic","embeddable":true,"href":"https:\/\/www.caringinfo.org\/es\/wp-json\/wp\/v2\/topic?post=3627"},{"taxonomy":"typeofcare","embeddable":true,"href":"https:\/\/www.caringinfo.org\/es\/wp-json\/wp\/v2\/typeofcare?post=3627"},{"taxonomy":"language","embeddable":true,"href":"https:\/\/www.caringinfo.org\/es\/wp-json\/wp\/v2\/language?post=3627"}],"curies":[{"name":"wp","href":"https:\/\/api.w.org\/{rel}","templated":true}]}}